{"id":9932,"date":"2024-04-18T10:54:49","date_gmt":"2024-04-18T07:54:49","guid":{"rendered":"https:\/\/students.ebs.ee\/?page_id=9932"},"modified":"2024-04-18T10:58:47","modified_gmt":"2024-04-18T07:58:47","slug":"toendite-valjastamine-2","status":"publish","type":"page","link":"https:\/\/students.ebs.ee\/et\/oppetoo\/oppeinfo\/toendite-valjastamine-2\/","title":{"rendered":"T\u00f5endite v\u00e4ljastamine"},"content":{"rendered":"\n<p>\u00dclikoolist on v\u00f5imalik saada erinevaid dokumente \u00f5pingute kohta. <\/p>\n\n\n\n<p>K\u00fcsimuste korral p\u00f6\u00f6rdu&nbsp;<a href=\"mailto:info@ebs.ee\" target=\"_blank\" rel=\"noreferrer noopener\">info@ebs.ee<\/a>  <\/p>\n\n\n\n<p><\/p>\n\n\n\n<p>Kui sul on vaja dokumenti, mis t\u00f5endaks, et sa oled EBSi \u00fcli\u00f5pilane v\u00f5i v\u00e4ljav\u00f5tet \u00f5pingutest koos \u00f5ppetulemustega, siis selle saamiseks on j\u00e4rgmised v\u00f5imalused:<\/p>\n\n\n\n<ul class=\"wp-block-list\">\n<li>kui asutusele, kuhu sa soovid t\u00f5endi esitada, sobib digiallkirjastatud t\u00f5end, siis saad selle ise&nbsp;<strong>MyEBSist&nbsp;<\/strong>digitempliga alla laadida. T\u00f5endi leiad Minu konto alt T\u00f5endid, valides kas T\u00f5end v\u00f5i \u00d5pisoorituste t\u00f5end<\/li>\n\n\n\n<li>digitempliga t\u00f5endit on v\u00f5imalik alla laadida ka <a rel=\"noreferrer noopener\" href=\"https:\/\/haridusportaal.edu.ee\/\" data-type=\"URL\" data-id=\"https:\/\/haridusportaal.edu.ee\/\" target=\"_blank\">Haridusportaalist<\/a> . Sellele t\u00f5endile kuvatakse ka finantseerimise, akadeemilise puhkuse, \u00f5ppekava vahetamise ja nominaalse \u00f5ppeaja l\u00f5pu kuup\u00e4eva info, kuid mitte \u00f5ppetulemusi<\/li>\n\n\n\n<li>kui t\u00f5end peab olema paberkandjal pitsati ja allkirjaga v\u00f5i selle peale on vaja lisainfot, mida MyEBSi t\u00f5endil ei ole, siis saada oma soov aadressil <a rel=\"noreferrer noopener\" href=\"mailto:info@ebs.ee\" target=\"_blank\">info@ebs.ee<\/a>  v\u00f5i oma \u00f5ppekonsultandile<\/li>\n<\/ul>\n\n\n\n<p><\/p>\n","protected":false},"excerpt":{"rendered":"<p>\u00dclikoolist on v\u00f5imalik saada erinevaid dokumente \u00f5pingute kohta. K\u00fcsimuste korral p\u00f6\u00f6rdu&nbsp;info@ebs.ee Kui sul on vaja dokumenti, mis t\u00f5endaks, et sa oled EBSi \u00fcli\u00f5pilane v\u00f5i v\u00e4ljav\u00f5tet \u00f5pingutest koos \u00f5ppetulemustega, siis selle saamiseks on j\u00e4rgmised v\u00f5imalused:<\/p>\n","protected":false},"author":6,"featured_media":0,"parent":267,"menu_order":30,"comment_status":"closed","ping_status":"closed","template":"","meta":{"_eb_attr":"","footnotes":""},"categories":[],"semester":[],"campus":[],"class_list":["post-9932","page","type-page","status-publish","hentry"],"acf":[],"_links":{"self":[{"href":"https:\/\/students.ebs.ee\/et\/wp-json\/wp\/v2\/pages\/9932","targetHints":{"allow":["GET"]}}],"collection":[{"href":"https:\/\/students.ebs.ee\/et\/wp-json\/wp\/v2\/pages"}],"about":[{"href":"https:\/\/students.ebs.ee\/et\/wp-json\/wp\/v2\/types\/page"}],"author":[{"embeddable":true,"href":"https:\/\/students.ebs.ee\/et\/wp-json\/wp\/v2\/users\/6"}],"replies":[{"embeddable":true,"href":"https:\/\/students.ebs.ee\/et\/wp-json\/wp\/v2\/comments?post=9932"}],"version-history":[{"count":1,"href":"https:\/\/students.ebs.ee\/et\/wp-json\/wp\/v2\/pages\/9932\/revisions"}],"predecessor-version":[{"id":9950,"href":"https:\/\/students.ebs.ee\/et\/wp-json\/wp\/v2\/pages\/9932\/revisions\/9950"}],"up":[{"embeddable":true,"href":"https:\/\/students.ebs.ee\/et\/wp-json\/wp\/v2\/pages\/267"}],"wp:attachment":[{"href":"https:\/\/students.ebs.ee\/et\/wp-json\/wp\/v2\/media?parent=9932"}],"wp:term":[{"taxonomy":"category","embeddable":true,"href":"https:\/\/students.ebs.ee\/et\/wp-json\/wp\/v2\/categories?post=9932"},{"taxonomy":"semester","embeddable":true,"href":"https:\/\/students.ebs.ee\/et\/wp-json\/wp\/v2\/semester?post=9932"},{"taxonomy":"campus","embeddable":true,"href":"https:\/\/students.ebs.ee\/et\/wp-json\/wp\/v2\/campus?post=9932"}],"curies":[{"name":"wp","href":"https:\/\/api.w.org\/{rel}","templated":true}]}}