{"id":9907,"date":"2023-07-13T13:06:13","date_gmt":"2023-07-13T10:06:13","guid":{"rendered":"https:\/\/students.ebs.ee\/oppetoo\/feedback-to-courses-and-lecturers\/spring-semester-results\/"},"modified":"2025-09-16T15:36:48","modified_gmt":"2025-09-16T12:36:48","slug":"spring-semester-results","status":"publish","type":"page","link":"https:\/\/students.ebs.ee\/et\/oppetoo\/feedback-to-courses-and-lecturers\/spring-semester-results\/","title":{"rendered":"Academic year 2022\/2023 results"},"content":{"rendered":"\n<p>We&nbsp;would like to&nbsp;thank all the students who took the time to respond to the course evaluations questionnaires.<\/p>\n\n\n\n<p>We especially thank those who offered insights by&nbsp;adding&nbsp;comments, thus providing substantive feedback on both development areas and successes. The&nbsp;students\u2019&nbsp;feedback was shared with EBS management,&nbsp;Heads of the&nbsp;study&nbsp;levels and&nbsp;Heads of the programmes. Your input is invaluable as we continue to develop our courses&nbsp;and study&nbsp;programmes. <\/p>\n\n\n\n<p>In case you have any questions regarding the course evaluations and feedback please contact Head of Student Experience Liina Reimann (<a href=\"mailto:liina.reimann@ebs.ee\" target=\"_blank\" rel=\"noreferrer noopener\">liina.reimann@ebs.ee<\/a>)<\/p>\n\n\n\n<h2 class=\"wp-block-heading\">Autumn 2022 general results<\/h2>\n\n\n\n<p>The EBS course evaluations score over all programmes has also slightly increased to 6.06 out of 7.0.<\/p>\n\n\n\n<p>The average response rate was 31,08%. We are happy to see that average response rate of course-end questionnaires is over 30%. However, we hope to see increase of response rate over all study levels in the future.<\/p>\n\n\n\n<h3 class=\"wp-block-heading\">Overview of bachelor programmes<\/h3>\n\n\n\n<p>The average response rate\u00a0on bachelor\u2019s\u00a0level\u00a0was\u00a030,33%,<\/p>\n\n\n\n<p><strong>The\u00a0Entrepreneurship &amp; Business Administration<\/strong> programme\u00a0received the highest score in Autumn semester 2023 6.29 out of 7.\u00a0<\/p>\n\n\n\n<p><strong>The\u00a0International Business Admistration programme<\/strong>\u00a0received the score of 5.67 out of 7.\u00a0<\/p>\n\n\n\n<p><strong>The\u00a0Entrepreneurship in the Digital Era\u00a0programme <\/strong>(IntBEB) scored\u00a06.25 out of 7.<\/p>\n\n\n\n<h3 class=\"wp-block-heading\">Overview of master programmes<\/h3>\n\n\n\n<p>The average response rate on master&#8217;s level was 42,82%. The higest response rate was in the MA programme reaching over 50% (56.25%)<\/p>\n\n\n\n<p>The highest average scores over all the feedback questions received for<strong> MBA <\/strong>programme courses (MBA: 6.31 out of 7). <\/p>\n\n\n\n<p><strong>MBA core courses<\/strong>\u00a0received the highest score in Autumn semester 2023 6.49 out of 7.\u00a0<\/p>\n\n\n\n<p><strong>Master&#8217;s microdegrees<\/strong>\u00a0received the score of 6.06 out of 7.\u00a0<\/p>\n\n\n\n<p><strong>MA programme<\/strong> scored\u00a05.91 out of 7.<\/p>\n\n\n\n<h2 class=\"wp-block-heading\">Spring 2023 general results<\/h2>\n\n\n\n<p>The EBS course evaluations score over all programmes has also slightly increased to 6.26 out of 7.0 (with response rate 28,9%)<\/p>\n\n\n\n<h3 class=\"wp-block-heading\">Focus groups 2023<\/h3>\n\n\n\n<p>To gather additional feedback on the study programmes, learning experience and organisation of studies, we organised focus groups amongst bachelor&#8217;s and master&#8217;s students. As focus groups meetings were organised for each programme cohort, it allowed us to take more in-depth look to each study group and their experience at EBS. <\/p>\n\n\n\n<p>Many important insights and ideas were gathered for programme development. Focus groups were organised in cooperation with the Head of the Programme and Head of Study Level. Feedback shared by students is taken into account while planning for your study activities in the following semesters.<\/p>\n\n\n\n<p>Total of 43 students participated in bachelor level focus groups, 10 focus groups in total + feedback event for graduates\u200b.<\/p>\n\n\n\n<p>Total of 25 students participated in master level focus groups.<\/p>\n\n\n\n<h3 class=\"wp-block-heading\">Overview of bachelor programmes<\/h3>\n\n\n\n<p>The average response rate&nbsp;on bachelor\u2019s&nbsp;level&nbsp;was&nbsp;25,36%.<\/p>\n\n\n\n<p>Below you can find the scores for each bachelor&#8217;s programme together with the response from Head of the Programme and Head of Study level.<\/p>\n\n\n\n<p><strong>The&nbsp;Entrepreneurship &amp; Business Administration<\/strong> programme&nbsp;received the highest score in Spring semester 2023 6.32 out of 7.&nbsp;<\/p>\n\n\n\n<p><strong>The&nbsp;International Business Admistration programme<\/strong>&nbsp;received the score of 6.11 out of 7.&nbsp;<\/p>\n\n\n\n<p><strong>The&nbsp;Entrepreneurship in the Digital Era&nbsp;programme <\/strong>(IntBEB) scored&nbsp;5.64 out of 7. <\/p>\n\n\n\n<div class=\"wp-block-essential-blocks-accordion  root-eb-accordion-n3nh2ci\"><div class=\"eb-parent-wrapper eb-parent-eb-accordion-n3nh2ci \"><div class=\"eb-accordion-container eb-accordion-n3nh2ci\" data-accordion-type=\"accordion\" data-tab-icon=\"fas fa-angle-right\" data-expanded-icon=\"fas fa-angle-down\" data-transition-duration=\"500\"><div class=\"eb-accordion-inner\">\n<div class=\"wp-block-essential-blocks-accordion-item eb-accordion-item-6725mya eb-accordion-wrapper\" data-clickable=\"false\"><div class=\"eb-accordion-title-wrapper eb-accordion-title-wrapper-eb-accordion-n3nh2ci\" tabindex=\"0\"><span class=\"eb-accordion-icon-wrapper eb-accordion-icon-wrapper-eb-accordion-n3nh2ci\"><span class=\"fas fa-angle-right eb-accordion-icon\"><\/span><\/span><div class=\"eb-accordion-title-content-wrap title-content-eb-accordion-n3nh2ci\"><h3 class=\"eb-accordion-title\">Ettev\u00f5tlus ja \u00e4rijuhtimine<\/h3><\/div><\/div><div class=\"eb-accordion-content-wrapper eb-accordion-content-wrapper-eb-accordion-n3nh2ci\"><div class=\"eb-accordion-content\">\n<p class=\"has-text-align-left\" id=\"block-ea00cdd4-d656-467f-bfed-40b9ef731cca\">Head Ettev\u00f5tluse ja \u00e4rijuhtimise \u00f5ppekava \u00fcli\u00f5pilased!<\/p>\n\n\n\n<p><\/p>\n\n\n\n<p><\/p>\n\n\n\n<p><\/p>\n\n\n\n<p class=\"has-text-align-left\">T\u00e4name teid kevadsemestri kursustele antud tagasiside eest! K\u00f5igi kursuste keskmine tagasisidehinne 6,3 (7-palli skaalal) peegeldab k\u00f5rget \u00fcldist rahuolu \u00f5ppekavaga.<\/p>\n\n\n\n<p class=\"has-text-align-left\"><br><\/p>\n\n\n\n<p class=\"has-text-align-left\" id=\"block-ea00cdd4-d656-467f-bfed-40b9ef731cca\">Enim p\u00e4lvisid tunnustust \u00f5ppej\u00f5ud, kes lisaks v\u00e4ljapaistvatele erialateadmistele loovad auditooriumis positiivse \u00f5hkkonna, esitavad \u00f5ppet\u00f6\u00f6s elulisi v\u00e4ljakutseid, annavad arendavat tagasisidet ning innustavad edasi \u00f5ppima. Keskmisest madalama tagasisidehinde p\u00e4lvinud kursuste puhul t\u00f5id \u00fcli\u00f5pilased v\u00e4lja eelk\u00f5ige vajakaj\u00e4\u00e4misi kursuse \u00fclesehituses ja \u00f5ppematerjalide kvaliteedis ning ainevaldkondade seostatuses. Nimetati ka \u00f5ppej\u00f5u ebakohase suhtlemisstiili valikut.<\/p>\n\n\n\n<p class=\"has-text-align-left\" id=\"block-ea00cdd4-d656-467f-bfed-40b9ef731cca\"><br><\/p>\n\n\n\n<p class=\"has-text-align-left\" id=\"block-ea00cdd4-d656-467f-bfed-40b9ef731cca\">M\u00e4rkasime, et \u00f5ppej\u00f5ud v\u00f5ib tihtipeale p\u00e4lvida sama \u00f5ppegrupi \u00fcli\u00f5pilastelt v\u00e4ga erinevaid tagasisidehindeid, mist\u00f5ttu viisime probleemide t\u00e4psemaks tuvastamiseks \u00fcli\u00f5pilastega l\u00e4bi fookusgrupi intervjuud. Oleme tunnustanud paremaid \u00f5ppej\u00f5ude ning leppinud \u00f5ppej\u00f5ududega kokku asjakohastes parendustegevustes.<\/p>\n\n\n\n<p class=\"has-text-align-left\"><\/p>\n\n\n\n<p><\/p>\n\n\n\n<p><\/p>\n\n\n\n<p>\u00d5ppekava arendustegevuste k\u00e4igus suurendame spetsialiseerumissuundade mahtu, t\u00e4psustame iga semestri fookusteemad ning p\u00f6\u00f6rame t\u00e4helepanu \u00f5ppeainete parema seostatuse ja hindamise l\u00e4bipaistvuse tagamisele. Kaasajastame \u00f5ppeainete valikut, lisades valikainete hulka enam rahandus- ja ingliskeelseid aineid. Samuti lisandub \u00f5ppekavasse kursuseid, mis toetavad tudengi isiklikku ja professionaalset arengut nii \u00f5ppija, juhi kui ka ettev\u00f5tjana.Ilusat suvepuhkust soovides!<\/p>\n\n\n\n<p class=\"has-text-align-left\"><\/p>\n\n\n\n<p class=\"has-text-align-left\" id=\"block-ea00cdd4-d656-467f-bfed-40b9ef731cca\"><br><em>Anto Liivat                                             <br>Bakalaureuse\u00f5ppe juht    <\/em><\/p>\n\n\n\n<p><\/p>\n\n\n\n<p><\/p>\n\n\n\n<p><\/p>\n\n\n\n<p><em>Katri Kerem    <\/em><br><em>Ettev\u00f5tluse ja \u00e4rijuhtimise bakalaureuse\u014dppekava kuraator<\/em><\/p>\n<\/div><\/div><\/div>\n\n\n\n<div class=\"wp-block-essential-blocks-accordion-item eb-accordion-item-r7p75uu eb-accordion-wrapper\" data-clickable=\"false\"><div class=\"eb-accordion-title-wrapper eb-accordion-title-wrapper-eb-accordion-n3nh2ci\" tabindex=\"0\"><span class=\"eb-accordion-icon-wrapper eb-accordion-icon-wrapper-eb-accordion-n3nh2ci\"><span class=\"fas fa-angle-right eb-accordion-icon\"><\/span><\/span><div class=\"eb-accordion-title-content-wrap title-content-eb-accordion-n3nh2ci\"><h3 class=\"eb-accordion-title\">International Business Administration<\/h3><\/div><\/div><div class=\"eb-accordion-content-wrapper eb-accordion-content-wrapper-eb-accordion-n3nh2ci\"><div class=\"eb-accordion-content\">\n<p id=\"block-d383ae45-8580-47d9-8e43-3da30fb4a44e\">Dear International Business Administration programme students,<\/p>\n\n\n\n<p><\/p>\n\n\n\n<p><\/p>\n\n\n\n<p><\/p>\n\n\n\n<p id=\"block-d383ae45-8580-47d9-8e43-3da30fb4a44e\">Thank you for the feedback given! The average feedback score on the intBBA programme has risen from 5.67 in autumn 2022 to 6.11 in spring 2023. Several former issues of concern have been solved in the new version of the programme (starting from cohort 2022). In particular, first-year students have highlighted good cohesion between different courses. Students of all years appreciate interactive discussions and presentations, group assignments, case studies, simulations, real-life examples, company visits and guest lecturers.<\/p>\n\n\n\n<p><\/p>\n\n\n\n<p><\/p>\n\n\n\n<p><\/p>\n\n\n\n<p id=\"block-61d5c0b1-d18e-4e07-8f75-e2b6fa0708a1\">For courses that received a lower than average feedback score, the students primarily pointed out deficiencies in the structure of the course, the quality of study materials and transparency of assessment. They also mentioned instances of the professor&#8217;s inappropriate choice of communication style. We have agreed on specific improvement actions with the respective lecturers.<\/p>\n\n\n\n<p><\/p>\n\n\n\n<p><\/p>\n\n\n\n<p><\/p>\n\n\n\n<p id=\"block-61d5c0b1-d18e-4e07-8f75-e2b6fa0708a1\">In 2022\/23 we introduced focus group interviews that were conducted in winter and in spring both in Tallinn and in Helsinki. Such interviews provide valuable qualitative feedback and enable us to deal fast with areas of concern. Students have suggested stricter measures for fighting absenteeism. However, participation should not be graded based on just attendance but on classroom tasks, active participation in discussions, etc.<\/p>\n\n\n\n<p><\/p>\n\n\n\n<p><\/p>\n\n\n\n<p><\/p>\n\n\n\n<p id=\"block-61d5c0b1-d18e-4e07-8f75-e2b6fa0708a1\">To ensure that students would have a better understanding on how they are working towards achieving the course objective, we are working on aligning all graded course assignments more explicitly with the intended learning outcomes. To prepare students better for writing their theses, they will be introduced to topics of academic writing and referencing consistently from earlier on. <\/p>\n\n\n\n<p><\/p>\n\n\n\n<p><\/p>\n\n\n\n<p><\/p>\n\n\n\n<p id=\"block-61d5c0b1-d18e-4e07-8f75-e2b6fa0708a1\">The use of appropriate style and professional language will be assessed more systematically throughout all courses.<\/p>\n\n\n\n<p><\/p>\n\n\n\n<p><\/p>\n\n\n\n<p><\/p>\n\n\n\n<p id=\"block-61d5c0b1-d18e-4e07-8f75-e2b6fa0708a1\">You all worked hard in the past few months. May the summer vacation bring you lots of energy and joy!<\/p>\n\n\n\n<p><\/p>\n\n\n\n<p><\/p>\n\n\n\n<p><\/p>\n\n\n\n<p id=\"block-7ef8f01e-bf97-49af-89eb-d4baa2c7e3a6\"><em>Anto Liivat<\/em>                                        <\/p>\n\n\n\n<p id=\"block-cf64d57c-460d-49f6-9d72-1a607c841702\"><em>Head of Bachelor\u2019s studies<\/em>                     <\/p>\n\n\n\n<p><\/p>\n\n\n\n<p><\/p>\n\n\n\n<p><em>Aet Toots<\/em><\/p>\n\n\n\n<p id=\"block-cf64d57c-460d-49f6-9d72-1a607c841702\"><em>Head of International Business<\/em> <em>Administration programme<\/em><\/p>\n\n\n\n<p id=\"block-cf64d57c-460d-49f6-9d72-1a607c841702\"><em>                                                           <\/em><\/p>\n<\/div><\/div><\/div>\n\n\n\n<div class=\"wp-block-essential-blocks-accordion-item eb-accordion-item-bino2am eb-accordion-wrapper\" data-clickable=\"false\"><div class=\"eb-accordion-title-wrapper eb-accordion-title-wrapper-eb-accordion-n3nh2ci\" tabindex=\"0\"><span class=\"eb-accordion-icon-wrapper eb-accordion-icon-wrapper-eb-accordion-n3nh2ci\"><span class=\"fas fa-angle-right eb-accordion-icon\"><\/span><\/span><div class=\"eb-accordion-title-content-wrap title-content-eb-accordion-n3nh2ci\"><h3 class=\"eb-accordion-title\">Entrepreneurship in the Digital Era<\/h3><\/div><\/div><div class=\"eb-accordion-content-wrapper eb-accordion-content-wrapper-eb-accordion-n3nh2ci\"><div class=\"eb-accordion-content\">\n<p id=\"block-388b3a7a-c129-4082-8e63-850c05366129\">Dear Entrepreneurship in the Digital Era students,<\/p>\n\n\n\n<p><\/p>\n\n\n\n<p id=\"block-388b3a7a-c129-4082-8e63-850c05366129\">Thank you for the feedback given! We are delighted to learn about the positive aspects of the program that you have pointed out, such as the supportive study environment, inspiring lecturers and guest speakers, working with start-ups, motivational one-to-one meetings, and the value of peer interactions and self-reflection.<\/p>\n\n\n\n<p><\/p>\n\n\n\n<p id=\"block-388b3a7a-c129-4082-8e63-850c05366129\">The points raised on teaching methods, including a repetition of content, a reduction in slide-based extensive lecturing and an increase in interactive team activities, are well noted. The concerns you raised about students\u2019 attendance and punctuality are acknowledged. We understand the need for fostering a community where respect for others&#8217; time is paramount. We will work with you towards introducing measures to address this issue.<\/p>\n\n\n\n<p><\/p>\n\n\n\n<p id=\"block-388b3a7a-c129-4082-8e63-850c05366129\">We will also aim to incorporate more leadership and (social media) marketing aspects into our program, along with an increase in field trips to provide a more comprehensive exposure to the industry.<\/p>\n\n\n\n<p><\/p>\n\n\n\n<p id=\"block-388b3a7a-c129-4082-8e63-850c05366129\">Lastly, we understand the value of fostering a vibrant community; thus, more class parties and community-building activities will be considered to promote bonding and a sense of camaraderie among students. EBS Student Council is also waiting for your suggestions about events and activities.<\/p>\n\n\n\n<p><\/p>\n\n\n\n<p id=\"block-388b3a7a-c129-4082-8e63-850c05366129\">You all worked hard in the past few months. May the summer vacation bring you lots of energy and joy!<\/p>\n\n\n\n<p><\/p>\n\n\n\n<p id=\"block-95f4309e-0a84-49b3-8003-9addc0b7c60b\"><em>Anto Liivat<\/em>                                          <em>Marge T\u00e4ks<\/em><\/p>\n\n\n\n<p id=\"block-be0379a4-009e-4961-9f60-71d0b0b078ab\"><em>Head of Bachelor\u2019s studies<\/em>               <em>Head of Entrepreneurship in the<\/em><br>                                                           <em>Digital Era programme<\/em><\/p>\n<\/div><\/div><\/div>\n<\/div><\/div><\/div><\/div>\n\n\n\n<h3 class=\"wp-block-heading\">Overview of master programmes<\/h3>\n\n\n\n<p>The average response rate on master&#8217;s level was 36%. Response rates are highest amongst MBA groups.<\/p>\n\n\n\n<p>The highest average scores over all the feedback questions received for<strong> MBA <\/strong>programme microdegree courses (MBA: 6.58 out of 7). <\/p>\n\n\n\n<p>The average scores of all master&#8217;s programmes have improved from the previous semester&#8217;s feedback round (<em>MBA<\/em> core \u2192 6.49, <em>Microdegeers<\/em> \u2192 6.58 , MA \u2192 6.04)<\/p>\n\n\n\n<h3 class=\"wp-block-heading\">Course evaluation questionnaires<\/h3>\n\n\n\n<div class=\"wp-block-essential-blocks-accordion  root-eb-accordion-dil3elt\"><div class=\"eb-parent-wrapper eb-parent-eb-accordion-dil3elt \"><div class=\"eb-accordion-container eb-accordion-dil3elt\" data-accordion-type=\"accordion\" data-tab-icon=\"fas fa-angle-right\" data-expanded-icon=\"fas fa-angle-down\" data-transition-duration=\"500\"><div class=\"eb-accordion-inner\">\n<div class=\"wp-block-essential-blocks-accordion-item eb-accordion-item-1opowj1 eb-accordion-wrapper\" data-clickable=\"false\"><div class=\"eb-accordion-title-wrapper eb-accordion-title-wrapper-eb-accordion-dil3elt\" tabindex=\"0\"><span class=\"eb-accordion-icon-wrapper eb-accordion-icon-wrapper-eb-accordion-dil3elt\"><span class=\"fas fa-angle-right eb-accordion-icon\"><\/span><\/span><div class=\"eb-accordion-title-content-wrap title-content-eb-accordion-dil3elt\"><h3 class=\"eb-accordion-title\">Course start<\/h3><\/div><\/div><div class=\"eb-accordion-content-wrapper eb-accordion-content-wrapper-eb-accordion-dil3elt\"><div class=\"eb-accordion-content\">\n<ul class=\"wp-block-list\">\n<li>How would you rate your learning experience until now?<\/li>\n\n\n\n<li>Open comment field<\/li>\n<\/ul>\n<\/div><\/div><\/div>\n\n\n\n<div class=\"wp-block-essential-blocks-accordion-item eb-accordion-item-0bquwic eb-accordion-wrapper\" data-clickable=\"false\"><div class=\"eb-accordion-title-wrapper eb-accordion-title-wrapper-eb-accordion-dil3elt\" tabindex=\"0\"><span class=\"eb-accordion-icon-wrapper eb-accordion-icon-wrapper-eb-accordion-dil3elt\"><span class=\"fas fa-angle-right eb-accordion-icon\"><\/span><\/span><div class=\"eb-accordion-title-content-wrap title-content-eb-accordion-dil3elt\"><h3 class=\"eb-accordion-title\">Course end<\/h3><\/div><\/div><div class=\"eb-accordion-content-wrapper eb-accordion-content-wrapper-eb-accordion-dil3elt\"><div class=\"eb-accordion-content\">\n<ul class=\"wp-block-list\">\n<li><strong>Q1 value<\/strong>: This course was valuable as it helps you achieve your professional goals<\/li>\n\n\n\n<li><strong>Q2 hours:<\/strong> \u201cCourse name\u201d consisted of \u201chours Contact h\u201d of lectures\/seminars\/webinars. <em>Please estimate how many hours did you spend on this course in total?<\/em><\/li>\n\n\n\n<li><strong>Q3 course design: <\/strong>Please rate the quality of the course design<\/li>\n\n\n\n<li><strong>Q4 course delivery: <\/strong>The learning outcomes and the organisation of work: assignments, course materials and assessment criteria<\/li>\n\n\n\n<li><strong>Q5 atmosphere:  <\/strong>Please rate the classroom atmosphere created by \u201clecturer\u201d. How comfortable did you feel asking questions\/making mistakes\/ proposing changes, and disagreeing with the lecturer?<\/li>\n\n\n\n<li><strong>Q6 lecturer&#8217;s attitude:<\/strong> Please rate lecturer\u2019s &#8220;lecturer\u2019s\u201d attitude towards teaching. Whether the lecturer was professional, easily accessible and committed to making sure the students achieve the learning outcomes of the course<\/li>\n\n\n\n<li><strong>Q7 feedback by lecturer:<\/strong> <\/li>\n\n\n\n<li>Please rate the relevance of the feedback provided by &#8220;lecturer\u2019s name\u201d. Whether the feedback you received, either verbal or written, helps you improve your performance and inspires you to think further<\/li>\n\n\n\n<li>Open comments field<\/li>\n<\/ul>\n<\/div><\/div><\/div>\n<\/div><\/div><\/div><\/div>\n","protected":false},"excerpt":{"rendered":"<p>We&nbsp;would like to&nbsp;thank all the students who took the time to respond to the course evaluations questionnaires. We especially thank those who offered insights by&nbsp;adding&nbsp;comments, thus providing substantive feedback on both development areas and successes. The&nbsp;students\u2019&nbsp;feedback was shared with EBS management,&nbsp;Heads of the&nbsp;study&nbsp;levels and&nbsp;Heads of the programmes. Your input is invaluable as we continue to&#8230;<\/p>\n","protected":false},"author":17,"featured_media":0,"parent":5399,"menu_order":4,"comment_status":"closed","ping_status":"closed","template":"","meta":{"_eb_attr":"","footnotes":""},"categories":[],"semester":[],"campus":[],"class_list":["post-9907","page","type-page","status-publish","hentry"],"acf":[],"_links":{"self":[{"href":"https:\/\/students.ebs.ee\/et\/wp-json\/wp\/v2\/pages\/9907","targetHints":{"allow":["GET"]}}],"collection":[{"href":"https:\/\/students.ebs.ee\/et\/wp-json\/wp\/v2\/pages"}],"about":[{"href":"https:\/\/students.ebs.ee\/et\/wp-json\/wp\/v2\/types\/page"}],"author":[{"embeddable":true,"href":"https:\/\/students.ebs.ee\/et\/wp-json\/wp\/v2\/users\/17"}],"replies":[{"embeddable":true,"href":"https:\/\/students.ebs.ee\/et\/wp-json\/wp\/v2\/comments?post=9907"}],"version-history":[{"count":3,"href":"https:\/\/students.ebs.ee\/et\/wp-json\/wp\/v2\/pages\/9907\/revisions"}],"predecessor-version":[{"id":11402,"href":"https:\/\/students.ebs.ee\/et\/wp-json\/wp\/v2\/pages\/9907\/revisions\/11402"}],"up":[{"embeddable":true,"href":"https:\/\/students.ebs.ee\/et\/wp-json\/wp\/v2\/pages\/5399"}],"wp:attachment":[{"href":"https:\/\/students.ebs.ee\/et\/wp-json\/wp\/v2\/media?parent=9907"}],"wp:term":[{"taxonomy":"category","embeddable":true,"href":"https:\/\/students.ebs.ee\/et\/wp-json\/wp\/v2\/categories?post=9907"},{"taxonomy":"semester","embeddable":true,"href":"https:\/\/students.ebs.ee\/et\/wp-json\/wp\/v2\/semester?post=9907"},{"taxonomy":"campus","embeddable":true,"href":"https:\/\/students.ebs.ee\/et\/wp-json\/wp\/v2\/campus?post=9907"}],"curies":[{"name":"wp","href":"https:\/\/api.w.org\/{rel}","templated":true}]}}