{"id":9872,"date":"2025-02-04T10:07:04","date_gmt":"2025-02-04T07:07:04","guid":{"rendered":"https:\/\/students.ebs.ee\/?page_id=9872"},"modified":"2025-02-04T10:07:42","modified_gmt":"2025-02-04T07:07:42","slug":"ulikooli-lopetamine-2","status":"publish","type":"page","link":"https:\/\/students.ebs.ee\/et\/ulikooli-lopetamine-2\/","title":{"rendered":"\u00dclikooli l\u00f5petamine"},"content":{"rendered":"\n<p>EBSi bakalaureuse\u00f5ppe \u00fcli\u00f5pilastel on v\u00f5imalus valida \u00fclikooli l\u00f5petamiseks bakalaureuset\u00f6\u00f6 kirjutamine v\u00f5i l\u00f5pueksami sooritamine (valikus 2022 aasta l\u00f5puni).<\/p>\n\n\n\n<p>EBSi magistri\u00f5ppe \u00fcli\u00f5pilased peavad MA \u00f5ppekaval \u00fclikooli l\u00f5petamiseks koostama ja kaitsma magistrit\u00f6\u00f6 ning MBA \u00f5ppekaval sooritama koondeksamid.<\/p>\n\n\n\n<p>\u00dclikooli&nbsp;l\u00f5petamiseks peab \u00fcli\u00f5pilane t\u00e4itma j\u00e4rgmised l\u00f5petamistingimused:<\/p>\n\n\n\n<ul class=\"wp-block-list\">\n<li>sooritama etten\u00e4htud \u00f5pingud;<\/li>\n\n\n\n<li>kaalutud keskmine hinne (KKH) on v\u00e4hemalt 2,00;<\/li>\n\n\n\n<li>bakalaureuse\u00f5ppes sooritama l\u00f5pueksami v\u00f5i koostama ja kaitsma bakalaureuset\u00f6\u00f6 ning magistri\u00f5ppes MA \u00f5ppekaval koostama ja kaitsma magistrit\u00f6\u00f6, MBA \u00f5ppekaval sooritama koondeksamid.<\/li>\n<\/ul>\n\n\n\n<p>Diplom kiitusega (<em>cum laude<\/em>) antakse v\u00e4lja \u00f5ppekava l\u00e4binutele, kelle keskmine hinne on v\u00e4hemalt 4.60 ja kes on&nbsp; kaitsnud l\u00f5put\u00f6\u00f6 hindele A v\u00f5i sooritanud l\u00f5pueksami hindele A.<\/p>\n\n\n\n<p>L\u00f5petamised toimuvad s\u00fcgis- ja kevadsemestri l\u00f5pus.<\/p>\n\n\n\n<p>EBSi l\u00f5puaktus toimub \u00fcks kord aastas, kevadsemestri l\u00f5pus.<\/p>\n","protected":false},"excerpt":{"rendered":"<p>EBSi bakalaureuse\u00f5ppe \u00fcli\u00f5pilastel on v\u00f5imalus valida \u00fclikooli l\u00f5petamiseks bakalaureuset\u00f6\u00f6 kirjutamine v\u00f5i l\u00f5pueksami sooritamine (valikus 2022 aasta l\u00f5puni). EBSi magistri\u00f5ppe \u00fcli\u00f5pilased peavad MA \u00f5ppekaval \u00fclikooli l\u00f5petamiseks koostama ja kaitsma magistrit\u00f6\u00f6 ning MBA \u00f5ppekaval sooritama koondeksamid. \u00dclikooli&nbsp;l\u00f5petamiseks peab \u00fcli\u00f5pilane t\u00e4itma j\u00e4rgmised l\u00f5petamistingimused: Diplom kiitusega (cum laude) antakse v\u00e4lja \u00f5ppekava l\u00e4binutele, kelle keskmine hinne on v\u00e4hemalt 4.60 ja&#8230;<\/p>\n","protected":false},"author":6,"featured_media":0,"parent":0,"menu_order":20,"comment_status":"closed","ping_status":"closed","template":"","meta":{"_eb_attr":"","footnotes":""},"categories":[24],"semester":[23],"campus":[],"class_list":["post-9872","page","type-page","status-publish","hentry","category-graduation","semester-end-of-the-semester"],"acf":[],"_links":{"self":[{"href":"https:\/\/students.ebs.ee\/et\/wp-json\/wp\/v2\/pages\/9872","targetHints":{"allow":["GET"]}}],"collection":[{"href":"https:\/\/students.ebs.ee\/et\/wp-json\/wp\/v2\/pages"}],"about":[{"href":"https:\/\/students.ebs.ee\/et\/wp-json\/wp\/v2\/types\/page"}],"author":[{"embeddable":true,"href":"https:\/\/students.ebs.ee\/et\/wp-json\/wp\/v2\/users\/6"}],"replies":[{"embeddable":true,"href":"https:\/\/students.ebs.ee\/et\/wp-json\/wp\/v2\/comments?post=9872"}],"version-history":[{"count":1,"href":"https:\/\/students.ebs.ee\/et\/wp-json\/wp\/v2\/pages\/9872\/revisions"}],"predecessor-version":[{"id":10398,"href":"https:\/\/students.ebs.ee\/et\/wp-json\/wp\/v2\/pages\/9872\/revisions\/10398"}],"wp:attachment":[{"href":"https:\/\/students.ebs.ee\/et\/wp-json\/wp\/v2\/media?parent=9872"}],"wp:term":[{"taxonomy":"category","embeddable":true,"href":"https:\/\/students.ebs.ee\/et\/wp-json\/wp\/v2\/categories?post=9872"},{"taxonomy":"semester","embeddable":true,"href":"https:\/\/students.ebs.ee\/et\/wp-json\/wp\/v2\/semester?post=9872"},{"taxonomy":"campus","embeddable":true,"href":"https:\/\/students.ebs.ee\/et\/wp-json\/wp\/v2\/campus?post=9872"}],"curies":[{"name":"wp","href":"https:\/\/api.w.org\/{rel}","templated":true}]}}