{"id":9475,"date":"2023-12-20T14:20:02","date_gmt":"2023-12-20T11:20:02","guid":{"rendered":"https:\/\/students.ebs.ee\/?page_id=9475"},"modified":"2026-03-09T12:22:15","modified_gmt":"2026-03-09T09:22:15","slug":"sugis-2024-ajakava","status":"publish","type":"page","link":"https:\/\/students.ebs.ee\/et\/oppetoo\/ulikooli-lopetamine\/loputoo\/sugis-2024-ajakava\/","title":{"rendered":"S\u00fcgis 2026 ajakava"},"content":{"rendered":"\n<p>S\u00fcgissemestril 2026 bakalaureuse- v\u00f5i magistrit\u00f6\u00f6ga l\u00f5petamiseks tuleb l\u00f5put\u00f6\u00f6 kavand Canvases esitada hiljemalt&nbsp;<strong>31. maiks 2026<\/strong>.<\/p>\n\n\n\n<p>L\u00f5put\u00f6\u00f6 kursusele tuleb registreeruda <a href=\"https:\/\/my.ebs.ee\/et\" target=\"_blank\" rel=\"noreferrer noopener\"><strong>MyEBSis<\/strong><\/a>, 31. juuliks.<\/p>\n\n\n\n<ul class=\"wp-block-list\">\n<li>L\u00f5put\u00f6\u00f6 kavand tuleb esitada Canvase kursusel (kursuse link <a href=\"https:\/\/ebs.instructure.com\/enroll\/R46EY7\" data-type=\"link\" data-id=\"https:\/\/ebs.instructure.com\/enroll\/R46EY7\">SIIN<\/a>, kindlasti vajuta &#8220;enroll in course&#8221; et kursusele registreeruda), kuhu on v\u00f5imalik end ise lisada.<\/li>\n\n\n\n<li>L\u00f5put\u00f6\u00f6 kavand tuleb esitada vormil, mis tuleb spetsiaalses keskkonnas t\u00e4ita ja Canvasesse \u00fclesannete alla \u00fcles laadida.<\/li>\n\n\n\n<li>L\u00f5put\u00f6\u00f6 juhendaja kinnitab kavandi Canvases<\/li>\n<\/ul>\n\n\n\n<p>31. maiks peab juhendaja olema vormi Canvases kinntanud, vaid siis saad j\u00e4tkata l\u00f5put\u00f6\u00f6 protsessis. Kui kavand ei saa kinnitust v\u00f5i kui otsustate l\u00f5put\u00f6\u00f6ga j\u00e4tkata hilisemal semestril, tuleb kavand uuesti esitada vastavalt antud semestri l\u00f5petamise ajakavale.<\/p>\n\n\n\n<p>Septembris lisatakse Canvasesse l\u00f5put\u00f6\u00f6 kursustele vaid need tudengid, kelle kavandi on juhendaja kinnitanud ja kes on registreerunud MyEBSis l\u00f5put\u00f6\u00f6 kursuse<em>.<\/em><\/p>\n\n\n\n<p><\/p>\n\n\n\n<p><\/p>\n\n\n\n<p><strong>Bakalaureuset\u00f6\u00f6de ajakava<\/strong><\/p>\n\n\n\n<ul class=\"wp-block-list\">\n<li>9. m\u00e4rts- 31.mai 2026- bakalaureuset\u00f6\u00f6 kavandi esitamine Canvases<\/li>\n\n\n\n<li>31. mai 2026 \u2013 t\u00e4htaeg millal juhendaja peab olema kinnitanud juhendi Canvases<\/li>\n\n\n\n<li>1.-31. juuli 2026 \u2013 bakalaureuset\u00f6\u00f6 kursusele registreerumine MyEBSis<\/li>\n\n\n\n<li>12. oktoober 2026 \u2013 bakalaureuset\u00f6\u00f6 esitamine Canvases juhendajale vahearuande t\u00e4itmiseks<\/li>\n\n\n\n<li>19. oktoober 2026 \u2013 juhendaja poolt vahearuande kinnitamine Canvases<\/li>\n\n\n\n<li><strong>28. november 2026 \u2013 l\u00f5petamistingimuste t\u00e4htaeg<\/strong><\/li>\n\n\n\n<li>18. detsember 2026 \u2013 bakalaureuset\u00f6\u00f6 esitamine Canvases juhendajale<\/li>\n\n\n\n<li>4. jaanuar 2027 \u2013&nbsp;juhendaja annab kinnituse (koos hindamisruubrikuga) bakalaureuset\u00f6\u00f6 l\u00f5pphindamisele lubamise kohta<\/li>\n\n\n\n<li>11. jaanuar 2027 \u2013 bakalaureuset\u00f6\u00f6 esitamine Canvasesse l\u00f5pphindamiseks<\/li>\n\n\n\n<li>29. jaanuar 2027 \u2013 l\u00f5pphinded on v\u00e4lja pandud<\/li>\n<\/ul>\n\n\n\n<p><strong>Magistrit\u00f6\u00f6de ajakava<\/strong><\/p>\n\n\n\n<ul class=\"wp-block-list\">\n<li>9. m\u00e4rts-31. mai. 2026- magistrit\u00f6\u00f6 kavandi esitamine Canvases<\/li>\n\n\n\n<li>31. mai 2026 \u2013 t\u00e4htaeg millal juhendaja peab olema kinnitanud juhendi Canvases<\/li>\n\n\n\n<li>1. -31. juuli 2026 \u2013 magistrit\u00f6\u00f6 kursusele registreerumine MyEBSis<\/li>\n\n\n\n<li>12. oktoober 2026 \u2013 magistrit\u00f6\u00f6 esitamine Canvases juhendajale vahearuande t\u00e4itmiseks<\/li>\n\n\n\n<li>19. oktoober 2026 \u2013 juhendaja poolt vahearuande kinnitamine Canvases<\/li>\n\n\n\n<li>2. detsember 2026 \u2013 magistrit\u00f6\u00f6 esitamine Canvases juhendajale hindamiseks<\/li>\n\n\n\n<li>9. detsember 2026 \u2013 juhendaja annab hinnangu kas l\u00f5put\u00f6\u00f6 on lubatud l\u00f5ppkaitsmisele ja annab kommentaarid l\u00f5plike paranduste kohta.<\/li>\n\n\n\n<li>4. jaanuar 2027 \u2013 magistrit\u00f6\u00f6 esitamine retsenseerimiseks<\/li>\n\n\n\n<li>09. jaanuar 2027 \u2013 \u00fcli\u00f5pilane seab info l\u00f5ppkaitsmisele lubamisest ja retsensendi tagasiside.<\/li>\n\n\n\n<li>11. -15. jaanuar 2027\u2013 magistrit\u00f6\u00f6de l\u00f5ppkaitsmised<\/li>\n<\/ul>\n","protected":false},"excerpt":{"rendered":"<p>S\u00fcgissemestril 2026 bakalaureuse- v\u00f5i magistrit\u00f6\u00f6ga l\u00f5petamiseks tuleb l\u00f5put\u00f6\u00f6 kavand Canvases esitada hiljemalt&nbsp;31. maiks 2026. L\u00f5put\u00f6\u00f6 kursusele tuleb registreeruda MyEBSis, 31. juuliks. 31. maiks peab juhendaja olema vormi Canvases kinntanud, vaid siis saad j\u00e4tkata l\u00f5put\u00f6\u00f6 protsessis. Kui kavand ei saa kinnitust v\u00f5i kui otsustate l\u00f5put\u00f6\u00f6ga j\u00e4tkata hilisemal semestril, tuleb kavand uuesti esitada vastavalt antud semestri l\u00f5petamise&#8230;<\/p>\n","protected":false},"author":6,"featured_media":0,"parent":306,"menu_order":9,"comment_status":"closed","ping_status":"closed","template":"","meta":{"_eb_attr":"","footnotes":""},"categories":[],"semester":[],"campus":[],"class_list":["post-9475","page","type-page","status-publish","hentry"],"acf":[],"_links":{"self":[{"href":"https:\/\/students.ebs.ee\/et\/wp-json\/wp\/v2\/pages\/9475","targetHints":{"allow":["GET"]}}],"collection":[{"href":"https:\/\/students.ebs.ee\/et\/wp-json\/wp\/v2\/pages"}],"about":[{"href":"https:\/\/students.ebs.ee\/et\/wp-json\/wp\/v2\/types\/page"}],"author":[{"embeddable":true,"href":"https:\/\/students.ebs.ee\/et\/wp-json\/wp\/v2\/users\/6"}],"replies":[{"embeddable":true,"href":"https:\/\/students.ebs.ee\/et\/wp-json\/wp\/v2\/comments?post=9475"}],"version-history":[{"count":18,"href":"https:\/\/students.ebs.ee\/et\/wp-json\/wp\/v2\/pages\/9475\/revisions"}],"predecessor-version":[{"id":12952,"href":"https:\/\/students.ebs.ee\/et\/wp-json\/wp\/v2\/pages\/9475\/revisions\/12952"}],"up":[{"embeddable":true,"href":"https:\/\/students.ebs.ee\/et\/wp-json\/wp\/v2\/pages\/306"}],"wp:attachment":[{"href":"https:\/\/students.ebs.ee\/et\/wp-json\/wp\/v2\/media?parent=9475"}],"wp:term":[{"taxonomy":"category","embeddable":true,"href":"https:\/\/students.ebs.ee\/et\/wp-json\/wp\/v2\/categories?post=9475"},{"taxonomy":"semester","embeddable":true,"href":"https:\/\/students.ebs.ee\/et\/wp-json\/wp\/v2\/semester?post=9475"},{"taxonomy":"campus","embeddable":true,"href":"https:\/\/students.ebs.ee\/et\/wp-json\/wp\/v2\/campus?post=9475"}],"curies":[{"name":"wp","href":"https:\/\/api.w.org\/{rel}","templated":true}]}}