{"id":935,"date":"2018-09-28T15:41:49","date_gmt":"2018-09-28T12:41:49","guid":{"rendered":"http:\/\/students.ebs.ee\/?page_id=935"},"modified":"2022-08-22T11:05:23","modified_gmt":"2022-08-22T08:05:23","slug":"tulumaksu-tagastus","status":"publish","type":"page","link":"https:\/\/students.ebs.ee\/et\/oppemaks-ja-stipendiumid\/tulumaksu-tagastus\/","title":{"rendered":"Tulumaksu tagastus"},"content":{"rendered":"\n<p>Residendist f\u00fc\u00fcsilisel isikul on \u00f5igus maksustamisperioodi tulust maha arvata tema poolt maksustamisperioodil tasutud enda ja oma alla 26&nbsp;aasta vanuse alaneja sugulase, \u00f5e v\u00f5i venna koolituskulud v\u00f5i eelnimetatud koolituskulude puudumisel \u00fche alla 26&nbsp;aasta vanuse Eesti alalise elaniku koolituskulud.<\/p>\n\n\n\n<ul class=\"wp-block-list\"><li class=\"row3 row2 first second-item\">Kui \u00fcli\u00f5pilane on \u00fcle 26 aasta vana, siis saab ta koolituse eest maksta ise v\u00f5i tema seaduslik abikaasa ja hiljem tehakse \u00fchisdeklaratsioon<\/li><li class=\"second third-item\">Alla 26 aastase koolitatava koolituskulusid saab deklareerida see sugulane, kes tasub koolituskulud. Tingimuseks on, et aasta jooksul on teenitud tulu ja tasutud tulumaksu Maksuametile (kui koolituskulusid tasutakse vanema kui 26 aastase koolitatava eest, siis EBS ikkagi deklareerib, aga Maksuamet ei n\u00e4ita neid oma lehek\u00fcljel)<\/li><li class=\"row2 third fourth-item\">Kui alla 26 aasta vanune \u00fcli\u00f5pilane tasub ise koolituskulusid ja tal endal tulu aasta jooksul ei ole, siis v\u00f5ib ta need tulud ise lisada lapsevanema tuludeklaratsiooni EBS-poolt v\u00e4ljastatud koolituskulude t\u00f5endi alusel. Koolituskulude tasuja ei ole mitte see isik, kes on \u00f5ppearve peal m\u00e4rgitud maksjaks, tasuja on isik, kelle pangaarvelt tegelikult \u00fclekanne tehakse.<\/li><li class=\"row3 fourth fifth-item\">Koolituskulude tasujaks v\u00f5ib olla ka t\u00f6\u00f6andja. Alates 01.01.2012 saab t\u00f6\u00f6\u00fclesannetega otseselt seotud tasemekoolituse kulu kompenseerida maksuvabalt. T\u00e4psemalt saab sellest lugeda Tulumaksuseaduse \u00a7 48 l\u00f5ige 4 punkti 10.<\/li><li>Koolituskulu saavad deklareerida ka t\u00e4iendkoolitusest osav\u00f5tjad (EBSi Avatud \u00fclikooli \u00f5ppurid), kui&nbsp; koolitus on l\u00e4bitud kutse-, ameti- v\u00f5i erialaste kompetentside omandamiseks ja \u00f5ppekavas on \u00e4ra n\u00e4idatud seotus&nbsp; tasemekoolituse \u00f5ppekavaga sh keele\u00f5pe. EBSil on t\u00e4iendkoolituste l\u00e4biviimiseks taotletud tegevusluba, mida saab kontrollida <a href=\"https:\/\/enda.ehis.ee\/avalik\/avalik\/oppekava\/OppekavaOtsi.faces\" target=\"_blank\" rel=\"noopener\">EHISest.<\/a><\/li><\/ul>\n\n\n\n<p>Tulumaksu tagastamise kohta saab l\u00e4hemat informatsiooni <a href=\"https:\/\/www.riigiteataja.ee\/akt\/107072017021?leiaKehtiv\" target=\"_blank\" rel=\"noopener\">Tulumaksuseadusest<\/a>\u00a7 26. T\u00e4iendavate k\u00fcsimustega v\u00f5ib p\u00f6\u00f6rduda oma asukohaj\u00e4rgse maksu- ja tolliameti teenindusb\u00fcroo poole. Kontaktandmed saab Maksu- ja Tolliameti kodulehelt <a href=\"https:\/\/www.emta.ee\/et\" target=\"_blank\" rel=\"noopener\">www.emta.ee<\/a>.<\/p>\n","protected":false},"excerpt":{"rendered":"<p>Residendist f\u00fc\u00fcsilisel isikul on \u00f5igus maksustamisperioodi tulust maha arvata tema poolt maksustamisperioodil tasutud enda ja oma alla 26&nbsp;aasta vanuse alaneja sugulase, \u00f5e v\u00f5i venna koolituskulud v\u00f5i eelnimetatud koolituskulude puudumisel \u00fche alla 26&nbsp;aasta vanuse Eesti alalise elaniku koolituskulud. Kui \u00fcli\u00f5pilane on \u00fcle 26 aasta vana, siis saab ta koolituse eest maksta ise v\u00f5i tema seaduslik abikaasa&#8230;<\/p>\n","protected":false},"author":6,"featured_media":0,"parent":322,"menu_order":19,"comment_status":"closed","ping_status":"closed","template":"","meta":{"_eb_attr":"","footnotes":""},"categories":[60],"semester":[],"campus":[],"class_list":["post-935","page","type-page","status-publish","hentry","category-oppemaks"],"acf":[],"_links":{"self":[{"href":"https:\/\/students.ebs.ee\/et\/wp-json\/wp\/v2\/pages\/935","targetHints":{"allow":["GET"]}}],"collection":[{"href":"https:\/\/students.ebs.ee\/et\/wp-json\/wp\/v2\/pages"}],"about":[{"href":"https:\/\/students.ebs.ee\/et\/wp-json\/wp\/v2\/types\/page"}],"author":[{"embeddable":true,"href":"https:\/\/students.ebs.ee\/et\/wp-json\/wp\/v2\/users\/6"}],"replies":[{"embeddable":true,"href":"https:\/\/students.ebs.ee\/et\/wp-json\/wp\/v2\/comments?post=935"}],"version-history":[{"count":3,"href":"https:\/\/students.ebs.ee\/et\/wp-json\/wp\/v2\/pages\/935\/revisions"}],"predecessor-version":[{"id":7845,"href":"https:\/\/students.ebs.ee\/et\/wp-json\/wp\/v2\/pages\/935\/revisions\/7845"}],"up":[{"embeddable":true,"href":"https:\/\/students.ebs.ee\/et\/wp-json\/wp\/v2\/pages\/322"}],"wp:attachment":[{"href":"https:\/\/students.ebs.ee\/et\/wp-json\/wp\/v2\/media?parent=935"}],"wp:term":[{"taxonomy":"category","embeddable":true,"href":"https:\/\/students.ebs.ee\/et\/wp-json\/wp\/v2\/categories?post=935"},{"taxonomy":"semester","embeddable":true,"href":"https:\/\/students.ebs.ee\/et\/wp-json\/wp\/v2\/semester?post=935"},{"taxonomy":"campus","embeddable":true,"href":"https:\/\/students.ebs.ee\/et\/wp-json\/wp\/v2\/campus?post=935"}],"curies":[{"name":"wp","href":"https:\/\/api.w.org\/{rel}","templated":true}]}}