{"id":897,"date":"2018-09-28T14:44:35","date_gmt":"2018-09-28T11:44:35","guid":{"rendered":"http:\/\/students.ebs.ee\/?page_id=897"},"modified":"2025-08-07T14:18:10","modified_gmt":"2025-08-07T11:18:10","slug":"alamleht2","status":"publish","type":"page","link":"https:\/\/students.ebs.ee\/et\/oppetoo\/oppeinfo\/varasemate-opingute-ja-tookogemuse-arvestamine-vota\/alamleht2\/","title":{"rendered":"V\u00d5TA taotlemine"},"content":{"rendered":"\n<h4 class=\"wp-block-heading\">V\u00d5TA taotlemise protsess EBSis<\/h4>\n\n\n\n<ul class=\"wp-block-list\">\n<li>taotleja tutvub V\u00d5TA eesm\u00e4rkide ja p\u00f5him\u00f5tetega<\/li>\n\n\n\n<li>\u00fclikool n\u00f5ustab vajadusel taotlejat<\/li>\n\n\n\n<li>taotleja koostab <a href=\"https:\/\/ebsee-my.sharepoint.com\/:w:\/g\/personal\/monika_siiraki_ebs_ee\/EUYpLdUww0xIs5y67VEVreYBH_0NY_Rwry0HcxjVO08W1g?e=1I0wyy\" data-type=\"link\" data-id=\"https:\/\/ebsee-my.sharepoint.com\/:w:\/g\/personal\/monika_siiraki_ebs_ee\/EUYpLdUww0xIs5y67VEVreYBH_0NY_Rwry0HcxjVO08W1g?e=1I0wyy\" target=\"_blank\" rel=\"noreferrer noopener\">eneseanal\u00fc\u00fcsi<\/a> ja l\u00f5pliku taotluse koos vajaliku dokumentatsiooniga ning esitab selle \u00fclikoolile<\/li>\n\n\n\n<li>\u00fclikool hindab taotlust, teavitab taotlejat otsusest ning annab tagasidet<\/li>\n<\/ul>\n\n\n\n<p>NB! Taotlemise protsessi k\u00f5ige aegan\u00f5udvamad osad on taotlemisele eelnev taotlejapoolne enesehindamine, t\u00f5endusmaterjali kogumine ning taotluse koostamine. Eelnimetud tegevuse k\u00e4igus on soovitatav \u00fcli\u00f5pilasel konsulteerida oma \u00f5ppekonsultandiga.<\/p>\n\n\n\n<h4 class=\"wp-block-heading\"><br>Taotlusvormid<\/h4>\n\n\n\n<p>Varasemate \u00f5pingute ja t\u00f6\u00f6kogemuse arvestamiseks tuleb \u00fcli\u00f5pilastel ja eksternina \u00f5ppijatel esitada allkirjastatud taotlus ning lisadokumendid.<\/p>\n\n\n\n<ul class=\"wp-block-list\">\n<li><a href=\"https:\/\/students.ebs.ee\/wp-content\/uploads\/2018\/09\/VTA_avaldus_tkogemus.doc\" target=\"_blank\" rel=\"noopener noreferrer\">V\u00d5TA taotlus t\u00f6\u00f6kogemuse arvestamiseks<\/a><\/li>\n\n\n\n<li><a href=\"https:\/\/students.ebs.ee\/wp-content\/uploads\/2018\/09\/VTA_avaldus_mitteform_haridus.doc\" target=\"_blank\" rel=\"noopener noreferrer\">V\u00d5TA taotlus mitteformaalse hariduse arvestamiseks<\/a><\/li>\n\n\n\n<li><a href=\"https:\/\/students.ebs.ee\/wp-content\/uploads\/2018\/09\/VTA-taotlus-sisseastujale.doc\" target=\"_blank\" rel=\"noopener noreferrer\">V\u00d5TA taotlus \u00fclikooli sisseastumiseks<\/a><\/li>\n<\/ul>\n\n\n\n<p>Enne taotluse esitamist soovitame kindlasti tutvuda SA Archimedes poolt v\u00e4lja antud <a rel=\"noopener noreferrer\" href=\"https:\/\/students.ebs.ee\/wp-content\/uploads\/2018\/09\/vota_taotleja_juhend_trykk.pdf\" target=\"_blank\">taotleja juhendiga<\/a>.<\/p>\n\n\n\n<h4 class=\"wp-block-heading\"><br>V\u00d5TA taotluste hindamine, kriteeriumid ja aeg <\/h4>\n\n\n\n<p>V\u00d5TA taotluste hindamine toimub individuaalselt. Hinnatakse taotlust ja esitatud materjale, vajadusel kutsutakse taotleja vestlusele, antakse lisa\u00fclesanne v\u00f5i k\u00fcsitakse lisamaterjale. Hindamisotsus tehakse 30 p\u00e4eva jooksul p\u00e4rast taotluse registreerimist (kui on esitatud ka t\u00f5endusdokumentide originaalid).<\/p>\n\n\n\n<p>Semestri alguses esitatud taotlused, mis sisaldavad samal semestril algavaid aineid, vaadatakse \u00fcle kiirendatud korras. Taotlejale antakse ka tagasisidet ning soovi korral on v\u00f5imalik otsus vaidlustada.<\/p>\n\n\n\n<p>Avalduste vastuv\u00f5tmise ja nende menetlemise periood on s\u00fcgissemestril perioodil 01.09-15.12 ja kevadsemestril perioodil 01.02-15.05.<\/p>\n\n\n\n<p>J\u00e4rgmise semestri \u00f5pingute edukaks planeerimiseks tuleb taotlus esitada hiljemalt aine(te)le eelneval semestril.<\/p>\n\n\n\n<h4 class=\"wp-block-heading\"><br>Kontaktid ja n\u00f5ustamine <\/h4>\n\n\n\n<p>Lisainformatsiooni ja n\u00f5ustamise saamiseks on v\u00f5imalus p\u00f6\u00f6rduda oma \u00f5ppekonsultandi poole. <br>Vaata kontakte <a rel=\"noreferrer noopener\" href=\"https:\/\/students.ebs.ee\/et\/kontaktid\/oppeosakond\/\" data-type=\"URL\" data-id=\"https:\/\/students.ebs.ee\/et\/kontaktid\/oppeosakond\/\" target=\"_blank\">siit.<\/a><\/p>\n\n\n\n<p><\/p>\n\n\n\n<h4 class=\"wp-block-heading\">Hinnad<\/h4>\n\n\n\n<ul class=\"wp-block-list\">\n<li>vaata <a href=\"https:\/\/students.ebs.ee\/et\/oppemaks-ja-stipendiumid\/\" target=\"_blank\" rel=\"noopener noreferrer\">\u00d5ppemaks ja stipendiumid<\/a><\/li>\n<\/ul>\n","protected":false},"excerpt":{"rendered":"<p>V\u00d5TA taotlemise protsess EBSis NB! Taotlemise protsessi k\u00f5ige aegan\u00f5udvamad osad on taotlemisele eelnev taotlejapoolne enesehindamine, t\u00f5endusmaterjali kogumine ning taotluse koostamine. Eelnimetud tegevuse k\u00e4igus on soovitatav \u00fcli\u00f5pilasel konsulteerida oma \u00f5ppekonsultandiga. Taotlusvormid Varasemate \u00f5pingute ja t\u00f6\u00f6kogemuse arvestamiseks tuleb \u00fcli\u00f5pilastel ja eksternina \u00f5ppijatel esitada allkirjastatud taotlus ning lisadokumendid. Enne taotluse esitamist soovitame kindlasti tutvuda SA Archimedes poolt v\u00e4lja&#8230;<\/p>\n","protected":false},"author":6,"featured_media":0,"parent":285,"menu_order":8,"comment_status":"closed","ping_status":"closed","template":"","meta":{"_eb_attr":"","footnotes":""},"categories":[51],"semester":[],"campus":[],"class_list":["post-897","page","type-page","status-publish","hentry","category-oppetoo"],"acf":[],"_links":{"self":[{"href":"https:\/\/students.ebs.ee\/et\/wp-json\/wp\/v2\/pages\/897","targetHints":{"allow":["GET"]}}],"collection":[{"href":"https:\/\/students.ebs.ee\/et\/wp-json\/wp\/v2\/pages"}],"about":[{"href":"https:\/\/students.ebs.ee\/et\/wp-json\/wp\/v2\/types\/page"}],"author":[{"embeddable":true,"href":"https:\/\/students.ebs.ee\/et\/wp-json\/wp\/v2\/users\/6"}],"replies":[{"embeddable":true,"href":"https:\/\/students.ebs.ee\/et\/wp-json\/wp\/v2\/comments?post=897"}],"version-history":[{"count":20,"href":"https:\/\/students.ebs.ee\/et\/wp-json\/wp\/v2\/pages\/897\/revisions"}],"predecessor-version":[{"id":10839,"href":"https:\/\/students.ebs.ee\/et\/wp-json\/wp\/v2\/pages\/897\/revisions\/10839"}],"up":[{"embeddable":true,"href":"https:\/\/students.ebs.ee\/et\/wp-json\/wp\/v2\/pages\/285"}],"wp:attachment":[{"href":"https:\/\/students.ebs.ee\/et\/wp-json\/wp\/v2\/media?parent=897"}],"wp:term":[{"taxonomy":"category","embeddable":true,"href":"https:\/\/students.ebs.ee\/et\/wp-json\/wp\/v2\/categories?post=897"},{"taxonomy":"semester","embeddable":true,"href":"https:\/\/students.ebs.ee\/et\/wp-json\/wp\/v2\/semester?post=897"},{"taxonomy":"campus","embeddable":true,"href":"https:\/\/students.ebs.ee\/et\/wp-json\/wp\/v2\/campus?post=897"}],"curies":[{"name":"wp","href":"https:\/\/api.w.org\/{rel}","templated":true}]}}