{"id":895,"date":"2018-09-28T14:44:04","date_gmt":"2018-09-28T11:44:04","guid":{"rendered":"http:\/\/students.ebs.ee\/?page_id=895"},"modified":"2025-01-21T17:28:03","modified_gmt":"2025-01-21T14:28:03","slug":"alamleht1","status":"publish","type":"page","link":"https:\/\/students.ebs.ee\/et\/oppetoo\/oppeinfo\/varasemate-opingute-ja-tookogemuse-arvestamine-vota\/alamleht1\/","title":{"rendered":"V\u00d5TA arvestamine"},"content":{"rendered":"\n<h4 class=\"wp-block-heading\"><strong>K\u00f5rgkoolis l\u00e4bitud \u00f5ppeainete arvestamine \u00f5ppekava t\u00e4itmisel<\/strong><\/h4>\n\n\n\n<ul class=\"wp-block-list\">\n<li>\u00dcli\u00f5pilasel tuleb esitada \u00f5ppeosakonda akadeemiline \u00f5iend (originaal) sellest k\u00f5rgkoolist, millest soovitakse aineid \u00fcle kanda<\/li>\n\n\n\n<li>Vajadusel tuleb esitada ka \u00fclekantavate ainete programmid\/ ainekirjeldused<\/li>\n\n\n\n<li>Taseme\u00f5ppe ainete \u00fclekandmine on \u00fcli\u00f5pilasele tasuta<\/li>\n<\/ul>\n\n\n\n<h4 class=\"wp-block-heading\"><strong>T\u00e4ienduskoolituse, t\u00f6\u00f6- jm kogemuse arvestamine \u00f5ppekava t\u00e4itmisel<\/strong><\/h4>\n\n\n\n<ul class=\"wp-block-list\">\n<li>\u00dcli\u00f5pilasel tuleb kirjutada eneseanal\u00fc\u00fcs (eraldi failina), kus anal\u00fc\u00fcsib kas varem omandatud teadmised ja oskused on soovitava(te) \u00f5ppeaine(te) arvestamiseks piisavad. Selleks tuleb tutvuda oma \u00f5ppekava ainete, nende kirjelduste ja \u00f5piv\u00e4ljunditega<\/li>\n<\/ul>\n\n\n\n<p><\/p>\n\n\n\n<ul class=\"wp-block-list\">\n<li>Enne taotluse esitamist on soovitav konsulteerida oma \u00f5ppekonsultandiga varasemate \u00f5pingute ja l\u00e4bitud koolituste sobivuse osas<\/li>\n\n\n\n<li>Esitada taotlus koos eneseanal\u00fc\u00fcsi ja t\u00f5endusmaterjalidega (tunnistused, sertifikaadid, ametijuhendid, laiendatud CV, v\u00e4ljav\u00f5te t\u00f6\u00f6lepingust, t\u00f5end t\u00f6\u00f6tamise kohta jmt)<\/li>\n\n\n\n<li>Koos taotluse esitamisega tasuda taotluse l\u00e4bivaatamise tasu vastavalt EBSis kehtestatud korrale<\/li>\n\n\n\n<li>P\u00e4rast taotluse l\u00e4bivaatamist tasuda arvestatud punktide eest vastavalt EBSis kehtestatud korrale<\/li>\n<\/ul>\n","protected":false},"excerpt":{"rendered":"<p>K\u00f5rgkoolis l\u00e4bitud \u00f5ppeainete arvestamine \u00f5ppekava t\u00e4itmisel T\u00e4ienduskoolituse, t\u00f6\u00f6- jm kogemuse arvestamine \u00f5ppekava t\u00e4itmisel<\/p>\n","protected":false},"author":6,"featured_media":0,"parent":285,"menu_order":1,"comment_status":"closed","ping_status":"closed","template":"","meta":{"_eb_attr":"","footnotes":""},"categories":[51],"semester":[],"campus":[],"class_list":["post-895","page","type-page","status-publish","hentry","category-oppetoo"],"acf":[],"_links":{"self":[{"href":"https:\/\/students.ebs.ee\/et\/wp-json\/wp\/v2\/pages\/895","targetHints":{"allow":["GET"]}}],"collection":[{"href":"https:\/\/students.ebs.ee\/et\/wp-json\/wp\/v2\/pages"}],"about":[{"href":"https:\/\/students.ebs.ee\/et\/wp-json\/wp\/v2\/types\/page"}],"author":[{"embeddable":true,"href":"https:\/\/students.ebs.ee\/et\/wp-json\/wp\/v2\/users\/6"}],"replies":[{"embeddable":true,"href":"https:\/\/students.ebs.ee\/et\/wp-json\/wp\/v2\/comments?post=895"}],"version-history":[{"count":7,"href":"https:\/\/students.ebs.ee\/et\/wp-json\/wp\/v2\/pages\/895\/revisions"}],"predecessor-version":[{"id":10315,"href":"https:\/\/students.ebs.ee\/et\/wp-json\/wp\/v2\/pages\/895\/revisions\/10315"}],"up":[{"embeddable":true,"href":"https:\/\/students.ebs.ee\/et\/wp-json\/wp\/v2\/pages\/285"}],"wp:attachment":[{"href":"https:\/\/students.ebs.ee\/et\/wp-json\/wp\/v2\/media?parent=895"}],"wp:term":[{"taxonomy":"category","embeddable":true,"href":"https:\/\/students.ebs.ee\/et\/wp-json\/wp\/v2\/categories?post=895"},{"taxonomy":"semester","embeddable":true,"href":"https:\/\/students.ebs.ee\/et\/wp-json\/wp\/v2\/semester?post=895"},{"taxonomy":"campus","embeddable":true,"href":"https:\/\/students.ebs.ee\/et\/wp-json\/wp\/v2\/campus?post=895"}],"curies":[{"name":"wp","href":"https:\/\/api.w.org\/{rel}","templated":true}]}}