{"id":8546,"date":"2023-01-11T16:14:59","date_gmt":"2023-01-11T13:14:59","guid":{"rendered":"https:\/\/students.ebs.ee\/?page_id=8546"},"modified":"2026-03-11T14:52:07","modified_gmt":"2026-03-11T11:52:07","slug":"kuidas-saan-anda-tagasisidet","status":"publish","type":"page","link":"https:\/\/students.ebs.ee\/et\/oppetoo\/feedback-to-courses-and-lecturers\/kuidas-saan-anda-tagasisidet\/","title":{"rendered":"Kuidas saan anda tagasisidet?"},"content":{"rendered":"\n<p>Kursuse tagasiside k\u00fcsimustikule saad ligi Canvases (k\u00fcsimustiku meeldetuletus), MyEBSi keskkonnas &#8220;Minu kursused&#8221; all v\u00f5i l\u00e4bi emaili lingi<\/p>\n\n\n\n<p class=\"has-text-align-center\"><strong>Canvas<\/strong><\/p>\n\n\n\n<p>Canvases kuvab tagasiside meeldetuletust siis, kui k\u00fcsitlus on aktiivne. <em>NB! Pea meeles, et tagasiside k\u00fcsitlus on avatud kas 5 p\u00e4eva (course-start) v\u00f5i 10 p\u00e4eva (course end).<\/em><\/p>\n\n\n<div class=\"wp-block-image\">\n<figure class=\"aligncenter size-full is-resized\"><img loading=\"lazy\" decoding=\"async\" src=\"https:\/\/students.ebs.ee\/wp-content\/uploads\/2022\/09\/image-9.png\" alt=\"\" class=\"wp-image-8060\" width=\"578\" height=\"169\" srcset=\"https:\/\/students.ebs.ee\/wp-content\/uploads\/2022\/09\/image-9.png 578w, https:\/\/students.ebs.ee\/wp-content\/uploads\/2022\/09\/image-9-300x88.png 300w\" sizes=\"auto, (max-width: 578px) 100vw, 578px\" \/><\/figure><\/div>\n\n<div class=\"wp-block-image\">\n<figure class=\"aligncenter size-full is-resized\"><img loading=\"lazy\" decoding=\"async\" src=\"https:\/\/students.ebs.ee\/wp-content\/uploads\/2022\/09\/image-11.png\" alt=\"\" class=\"wp-image-8064\" width=\"379\" height=\"111\" srcset=\"https:\/\/students.ebs.ee\/wp-content\/uploads\/2022\/09\/image-11.png 786w, https:\/\/students.ebs.ee\/wp-content\/uploads\/2022\/09\/image-11-300x88.png 300w, https:\/\/students.ebs.ee\/wp-content\/uploads\/2022\/09\/image-11-768x225.png 768w\" sizes=\"auto, (max-width: 379px) 100vw, 379px\" \/><\/figure><\/div>\n\n\n<p class=\"has-text-align-center\"><strong>MyEBSis:<\/strong><\/p>\n\n\n<div class=\"wp-block-image\">\n<figure class=\"aligncenter size-full\"><img loading=\"lazy\" decoding=\"async\" width=\"578\" height=\"305\" src=\"https:\/\/students.ebs.ee\/wp-content\/uploads\/2022\/09\/image-12.png\" alt=\"\" class=\"wp-image-8066\" srcset=\"https:\/\/students.ebs.ee\/wp-content\/uploads\/2022\/09\/image-12.png 578w, https:\/\/students.ebs.ee\/wp-content\/uploads\/2022\/09\/image-12-300x158.png 300w\" sizes=\"auto, (max-width: 578px) 100vw, 578px\" \/><\/figure><\/div>\n\n\n<h2 class=\"wp-block-heading\"><strong>T\u00e4htajad<\/strong>\u00a0<\/h2>\n\n\n\n<p>\u00d5ppetegevuse tagasiside eesm\u00e4rk on \u00f5ppetegevuse kvaliteedi tagamine ja t\u00f5stmine ning vajadusel muudatuste elluviimine \u00f5ppekavades ja \u00f5ppeainetes.\u00a0\u00a0<\/p>\n\n\n\n<p><strong>Kursuse avak\u00fcsitlus (<em>course-start feedback<\/em>):\u00a0<\/strong><\/p>\n\n\n\n<ul class=\"wp-block-list\">\n<li>avaneb, kui 1\/3 kursuse loengutest on m\u00f6\u00f6dunud (s\u00fcsteem arvutab seda aega automaatselt tunniplaani alusel),&nbsp;<\/li>\n\n\n\n<li>on avatud\u00a0 5 kalendrip\u00e4eva.\u00a0<\/li>\n<\/ul>\n\n\n\n<p>Tahame kuulda sinu esimesi muljeid kursusest, selle sisust ja korralduses ning seet\u00f5ttu k\u00fcsime: <strong>&#8220;Kuidas hindaksid oma senist \u00f5pikogemust sellel kursusel?&#8221;<\/strong> . <\/p>\n\n\n\n<p>Kui kursusega on midagi valesti, siis j\u00e4ta meile koos hinnanguga selgitus, et saaksime tagasisidele koheselt reageerida. Samuti julgustame Sind j\u00e4tma kommentaare, kui \u00f5ppej\u00f5ud teeb midagi v\u00e4ga h\u00e4sti &#8211; nii saame parimaid tunnustada.<\/p>\n\n\n\n<p>K<strong>ursuse\u00a0 l\u00f5ppk\u00fcsitlus (<em>course-end feedback<\/em>):\u00a0<\/strong><\/p>\n\n\n\n<ul class=\"wp-block-list\">\n<li>avaneb 60 minutit enne kursuse viimase loengu algusaega,&nbsp;<\/li>\n\n\n\n<li>on avatud 10 kalendrip\u00e4eva.\u00a0<\/li>\n<\/ul>\n\n\n\n<p>Kursuse l\u00f5ppk\u00fcsitlus avaneb viimasel loengu p\u00e4eval. K\u00fcsitlus on avatud ainult <strong>10 p\u00e4eva<\/strong>, seega palun jaga kindlasti oma m\u00f5tteid ja muljeid selle aja jooksul.\u00a0\u00a0<\/p>\n\n\n\n<p>Igale k\u00fcsimusele on v\u00f5imalik lisada ka kommentaar\/selgitus. Avatud kommentaaridesse lisatud tagasiside on v\u00e4ga v\u00e4\u00e4rtuslik, seega oleme t\u00e4nulikud kui j\u00e4tad lisaks oma hinnangule ka lisainfo. Ole p\u00f5hjalik, lugupidav ja konstruktiivne. Kommentaarid v\u00f5imaldavad meil v\u00e4lja selgitada parimad praktikad, tunnustada silmapaistvaid \u00f5ppej\u00f5ude ja tuvastada arenguvajadusi.<\/p>\n\n\n\n<p><\/p>\n\n\n\n<figure class=\"wp-block-pullquote\"><blockquote><p>Ait\u00e4h, et v\u00f5tsid aja tagasiside t\u00e4itmiseks!<\/p><\/blockquote><\/figure>\n\n\n\n<p><\/p>\n","protected":false},"excerpt":{"rendered":"<p>Kursuse tagasiside k\u00fcsimustikule saad ligi Canvases (k\u00fcsimustiku meeldetuletus), MyEBSi keskkonnas &#8220;Minu kursused&#8221; all v\u00f5i l\u00e4bi emaili lingi Canvas Canvases kuvab tagasiside meeldetuletust siis, kui k\u00fcsitlus on aktiivne. NB! Pea meeles, et tagasiside k\u00fcsitlus on avatud kas 5 p\u00e4eva (course-start) v\u00f5i 10 p\u00e4eva (course end). MyEBSis: T\u00e4htajad\u00a0 \u00d5ppetegevuse tagasiside eesm\u00e4rk on \u00f5ppetegevuse kvaliteedi tagamine ja t\u00f5stmine&#8230;<\/p>\n","protected":false},"author":17,"featured_media":0,"parent":5399,"menu_order":7,"comment_status":"closed","ping_status":"closed","template":"","meta":{"_eb_attr":"","footnotes":""},"categories":[],"semester":[],"campus":[],"class_list":["post-8546","page","type-page","status-publish","hentry"],"acf":[],"_links":{"self":[{"href":"https:\/\/students.ebs.ee\/et\/wp-json\/wp\/v2\/pages\/8546","targetHints":{"allow":["GET"]}}],"collection":[{"href":"https:\/\/students.ebs.ee\/et\/wp-json\/wp\/v2\/pages"}],"about":[{"href":"https:\/\/students.ebs.ee\/et\/wp-json\/wp\/v2\/types\/page"}],"author":[{"embeddable":true,"href":"https:\/\/students.ebs.ee\/et\/wp-json\/wp\/v2\/users\/17"}],"replies":[{"embeddable":true,"href":"https:\/\/students.ebs.ee\/et\/wp-json\/wp\/v2\/comments?post=8546"}],"version-history":[{"count":2,"href":"https:\/\/students.ebs.ee\/et\/wp-json\/wp\/v2\/pages\/8546\/revisions"}],"predecessor-version":[{"id":12970,"href":"https:\/\/students.ebs.ee\/et\/wp-json\/wp\/v2\/pages\/8546\/revisions\/12970"}],"up":[{"embeddable":true,"href":"https:\/\/students.ebs.ee\/et\/wp-json\/wp\/v2\/pages\/5399"}],"wp:attachment":[{"href":"https:\/\/students.ebs.ee\/et\/wp-json\/wp\/v2\/media?parent=8546"}],"wp:term":[{"taxonomy":"category","embeddable":true,"href":"https:\/\/students.ebs.ee\/et\/wp-json\/wp\/v2\/categories?post=8546"},{"taxonomy":"semester","embeddable":true,"href":"https:\/\/students.ebs.ee\/et\/wp-json\/wp\/v2\/semester?post=8546"},{"taxonomy":"campus","embeddable":true,"href":"https:\/\/students.ebs.ee\/et\/wp-json\/wp\/v2\/campus?post=8546"}],"curies":[{"name":"wp","href":"https:\/\/api.w.org\/{rel}","templated":true}]}}