{"id":849,"date":"2018-09-27T16:39:52","date_gmt":"2018-09-27T13:39:52","guid":{"rendered":"http:\/\/students.ebs.ee\/?page_id=849"},"modified":"2023-06-29T12:05:09","modified_gmt":"2023-06-29T09:05:09","slug":"12-lopetamine","status":"publish","type":"page","link":"https:\/\/students.ebs.ee\/et\/oppekorralduse-eeskiri\/12-lopetamine\/","title":{"rendered":"12. L\u00f5petamine"},"content":{"rendered":"\n<p>12.1 EBSi l\u00f5petamiseks ja vastava l\u00f5pudokumendi saamiseks peab \u00fcli\u00f5pilane v\u00f5i ekstern t\u00e4itma k\u00f5ik vastava \u00f5ppekava l\u00f5petamistingimused, sh sooritama etten\u00e4htud \u00f5pingud (KKH v\u00e4hemalt 2,00), koostama l\u00f5put\u00f6\u00f6 v\u00f5i sooritama l\u00f5pueksami. Doktorit\u00f6\u00f6le esitatud n\u00f5udeid ja doktorit\u00f6\u00f6 kaitsmist reguleerib Doktori\u00f5ppe l\u00e4bimise ja doktorit\u00f6\u00f6 kaitsmise kord.<br>12.2 \u00d5pingud (t\u00e4ielikult v\u00f5i p\u00f5hiosas) l\u00e4binud \u00fcli\u00f5pilane v\u00f5i ekstern valib enda spetsialiseerumissuunast ja isiklikust huvist l\u00e4htuvalt l\u00f5put\u00f6\u00f6 teema ning juhendaja. L\u00f5put\u00f6\u00f6 juhendaja on \u00fcldjuhul EBSi koosseisuline \u00f5ppej\u00f5ud, teadur v\u00f5i doktorant. Kui \u00fcli\u00f5pilane v\u00f5i ekstern valib juhendajaks EBSiga mitteseotud isiku peab sellel isikul olema v\u00e4hemalt magistrikraad v\u00f5i sellele vastav haridustase ja lisaks m\u00e4\u00e4ratakse l\u00f5put\u00f6\u00f6le EBSi poolne konsultant (EBSi koosseisuline \u00f5ppej\u00f5ud, teadur v\u00f5i doktorant).<br>12.3 L\u00f5put\u00f6\u00f6 koostamisele asumisel esitab \u00fcli\u00f5pilane v\u00f5i ekstern l\u00f5put\u00f6\u00f6 kavandi. L\u00f5put\u00f6\u00f6 kavand tuleb esitada ja l\u00f5put\u00f6\u00f6 kursusele registreeruda akadeemilises kalendris toodud t\u00e4htajaks. L\u00f5put\u00f6\u00f6 kavandi koosk\u00f5lastab l\u00f5put\u00f6\u00f6 juhendaja ja kinnitab vastutava akadeemilise \u00fcksuse juht.<br>12.4 L\u00f5put\u00f6\u00f6de esitamine toimub kord semestris akadeemilises kalendris fikseeritud ajal (\u00fcldjuhul semestri viimastel n\u00e4dalatel).<br>12.5 Bakalaureuset\u00f6\u00f6de n\u00f5uded, koostamise protseduur ja hindamise kord on s\u00e4testatud EBSi bakalaureuset\u00f6\u00f6 kirjutamise ja hindamise juhistes, mille kinnitab \u00f5ppeprorektor.<br>12.6 Magistrit\u00f6\u00f6de n\u00f5uded, koostamise protseduur ja hindamise kord on s\u00e4testatud EBSi magistrit\u00f6\u00f6 kirjutamise ja hindamise juhistes, mille kinnitab \u00f5ppeprorektor.<br>12.7 Magistrit\u00f6\u00f6d kuuluvad avalikule esitlusele selleks moodustatud kaitsmiskomisjoni ees. Kaitsmiskomisjon v\u00f5ib esitatud taotluse alusel kuulutada magistrit\u00f6\u00f6 konfidentsiaalseks, otsus kaitsmisprotseduuris muudatusi kaasa ei too. Kaitsmiskomisjonid moodustatakse EBSi rektori k\u00e4skkirjaga, mis vormistatakse \u00f5ppeosakonna esildise alusel.<br>12.8 Magistrit\u00f6\u00f6 avaliku esitluse eeldusteks on vahearuande positiivne tulemus, juhendaja kinnitus l\u00f5pphindamisele lubamise kohta ja l\u00f5pphindamise positiivne tulemus.<br>12.9 Bakalaureuset\u00f6\u00f6 l\u00f5pphindamisele esitamise eeldusteks on vahearuande positiivne tulemus ja juhendaja kinnitus l\u00f5pphindamisele lubamise kohta.<br>12.10 Vahearuanne tuleb juhendajale esitada v\u00e4hemalt 8 n\u00e4dalat enne l\u00f5put\u00f6\u00f6 esitamist l\u00f5pphindamiseks.<br>12.11 Vahearuande negatiivse tulemuse korral peab \u00fcli\u00f5pilane v\u00f5i ekstern l\u00f5put\u00f6\u00f6 kavandi j\u00e4rgnevatel semestritel uuesti esitama.<br>12.12 Magistri\u00f5ppe l\u00f5pueksamimoodul, kogumahus 15 EAP, koosneb erinevatest koondeksamiainetest.<br>12.13 L\u00f5petamisel arvestatakse \u00f5pingute tulemusi s\u00f5ltumata nende saamise ajast.<br>12.14 L\u00f5petajal on \u00f5igus kolme t\u00f6\u00f6p\u00e4eva jooksul arvates l\u00f5put\u00f6\u00f6 v\u00f5i l\u00f5pueksami tulemuste avaldamisest vaidlustada korraldusega seotud k\u00fcsimusi apellatsioonikaebuses, mis tuleb saata \u00f5ppekonsultandile adresseerides kaebuse EBSi rektorile, kes lahendab selle \u00fche n\u00e4dala jooksul.<br>12.15 L\u00f5put\u00f6\u00f6 loetakse sooritatuks, kui seda on hinnatud v\u00e4hemalt hindega D. Bakalaureuset\u00f6\u00f6 hindamisel rakendatakse skaalat: A = 90 \u2013 100 (suurep\u00e4rane) B = 77 \u2013 89 (v\u00e4ga hea) C = 64 \u2013 76 (hea) D = 51 \u2013 63 (rahuldav) F = \u2026 \u2013 50 (mitterahuldav). Magistrit\u00f6\u00f6 hindamisel rakendatakse skaalat: A = 91 \u2013 100 (suurep\u00e4rane) B = 81 \u2013 90 (v\u00e4ga hea) C = 71 \u2013 80 (hea) D = 61 \u2013 70 (rahuldav) F = \u2026 \u2013 60 (mitterahuldav) L\u00f5pueksam loetakse sooritatuks, kui seda on hinnatud v\u00e4hemalt hindega E. L\u00f5pueksami hindamisel rakendatakse skaalat: A = 91 \u2013 100 (suurep\u00e4rane) B = 81 \u2013 90 (v\u00e4ga hea) C = 71 \u2013 80 (hea) D = 61 \u2013 70 (rahuldav) E = 51 \u2013 60 (kasin) F = \u2026 \u2013 50 (mitterahuldav).<br>12.16 L\u00f5put\u00f6\u00f6 v\u00f5i l\u00f5pueksami positiivset hinnet ei saa parandada.<br>12.17 P\u00e4rast l\u00f5put\u00f6\u00f6 v\u00f5i l\u00f5pueksami teist eba\u00f5nnestumist \u00fcli\u00f5pilane eksmatrikuleeritakse edasij\u00f5udmatuse t\u00f5ttu. Reimmatrikuleerimine toimub taotleja p\u00f5hjendatud avalduse alusel vastavalt  k\u00e4esoleva eeskirja punktile 2.5.<br>12.18 Diplom kiitusega (cum laude) antakse v\u00e4lja isikule,<br>   \u2013 kes l\u00e4bis bakalaureuse- v\u00f5i magistri\u00f5ppe \u00f5ppekava t\u00e4ies mahus;<br>   \u2013 kes sooritas l\u00f5put\u00f6\u00f6 hindele A v\u00f5i l\u00f5pueksami k\u00f5ik osad hindele A;<br>   \u2013 kelle KKH on v\u00e4hemalt 4,60, kusjuures arvestatakse k\u00f5iki akadeemilisele \u00f5iendile kantavaid hindeid.<br>12.19 \u00d5ppekava t\u00e4itnud \u00fcli\u00f5pilasele v\u00f5i eksternile v\u00e4ljastatakse Vabariigi Valitsuse kehtestatud korras vormistatud diplom ja akadeemiline \u00f5iend. Diplomi v\u00e4ljaandmise aluseks on rektori k\u00e4skkiri eksmatrikuleerimise v\u00f5i seoses \u00f5ppekava t\u00e4itmisega eksternina l\u00f5petanuks lugemise kohta. L\u00f5pudokumendid vormistab \u00f5ppeosakond ja need antakse \u00fcldjuhul k\u00e4tte EBSi pidulikul aktusel.<br>12.20 \u00dcli\u00f5pilasel, kes soovib k\u00f5rgkoolidevahelise lepingu alusel l\u00f5petada topeltdiplomiga, on \u00f5igus taotleda partner\u00fclikoolis kaitstud l\u00f5put\u00f6\u00f6 v\u00f5i l\u00f5pueksami(te) tulemus(t)e \u00fclekandmist EBSi. Selleks tuleb \u00fcli\u00f5pilasel esitada \u00f5ppeosakonda vastav avaldus, kaitstud l\u00f5put\u00f6\u00f6 koos eesti- v\u00f5i ingliskeelse kokkuv\u00f5ttega (kui t\u00f6\u00f6 ei ole kirjutatud eesti v\u00f5i inglise keeles ja seda ei sisalda) ning positiivset kaitsmistulemust t\u00f5estavad dokumendid v\u00f5i positiivset l\u00f5pueksami(te) tulemust t\u00f5estavad dokumendid. Otsuse l\u00f5put\u00f6\u00f6 v\u00f5i l\u00f5pueksami(te) arvestamise ja hinde osas teeb \u00f5ppeosakonna juhataja, kaasates vajadusel t\u00f6\u00f6 temaatikale vastava akadeemilise \u00fcksuse juht.<\/p>\n","protected":false},"excerpt":{"rendered":"<p>12.1 EBSi l\u00f5petamiseks ja vastava l\u00f5pudokumendi saamiseks peab \u00fcli\u00f5pilane v\u00f5i ekstern t\u00e4itma k\u00f5ik vastava \u00f5ppekava l\u00f5petamistingimused, sh sooritama etten\u00e4htud \u00f5pingud (KKH v\u00e4hemalt 2,00), koostama l\u00f5put\u00f6\u00f6 v\u00f5i sooritama l\u00f5pueksami. Doktorit\u00f6\u00f6le esitatud n\u00f5udeid ja doktorit\u00f6\u00f6 kaitsmist reguleerib Doktori\u00f5ppe l\u00e4bimise ja doktorit\u00f6\u00f6 kaitsmise kord.12.2 \u00d5pingud (t\u00e4ielikult v\u00f5i p\u00f5hiosas) l\u00e4binud \u00fcli\u00f5pilane v\u00f5i ekstern valib enda spetsialiseerumissuunast ja isiklikust huvist&#8230;<\/p>\n","protected":false},"author":6,"featured_media":0,"parent":320,"menu_order":24,"comment_status":"closed","ping_status":"closed","template":"","meta":{"_eb_attr":"","footnotes":""},"categories":[51],"semester":[],"campus":[],"class_list":["post-849","page","type-page","status-publish","hentry","category-oppetoo"],"acf":[],"_links":{"self":[{"href":"https:\/\/students.ebs.ee\/et\/wp-json\/wp\/v2\/pages\/849","targetHints":{"allow":["GET"]}}],"collection":[{"href":"https:\/\/students.ebs.ee\/et\/wp-json\/wp\/v2\/pages"}],"about":[{"href":"https:\/\/students.ebs.ee\/et\/wp-json\/wp\/v2\/types\/page"}],"author":[{"embeddable":true,"href":"https:\/\/students.ebs.ee\/et\/wp-json\/wp\/v2\/users\/6"}],"replies":[{"embeddable":true,"href":"https:\/\/students.ebs.ee\/et\/wp-json\/wp\/v2\/comments?post=849"}],"version-history":[{"count":10,"href":"https:\/\/students.ebs.ee\/et\/wp-json\/wp\/v2\/pages\/849\/revisions"}],"predecessor-version":[{"id":9169,"href":"https:\/\/students.ebs.ee\/et\/wp-json\/wp\/v2\/pages\/849\/revisions\/9169"}],"up":[{"embeddable":true,"href":"https:\/\/students.ebs.ee\/et\/wp-json\/wp\/v2\/pages\/320"}],"wp:attachment":[{"href":"https:\/\/students.ebs.ee\/et\/wp-json\/wp\/v2\/media?parent=849"}],"wp:term":[{"taxonomy":"category","embeddable":true,"href":"https:\/\/students.ebs.ee\/et\/wp-json\/wp\/v2\/categories?post=849"},{"taxonomy":"semester","embeddable":true,"href":"https:\/\/students.ebs.ee\/et\/wp-json\/wp\/v2\/semester?post=849"},{"taxonomy":"campus","embeddable":true,"href":"https:\/\/students.ebs.ee\/et\/wp-json\/wp\/v2\/campus?post=849"}],"curies":[{"name":"wp","href":"https:\/\/api.w.org\/{rel}","templated":true}]}}