{"id":847,"date":"2018-09-27T16:39:00","date_gmt":"2018-09-27T13:39:00","guid":{"rendered":"http:\/\/students.ebs.ee\/?page_id=847"},"modified":"2023-04-06T09:49:19","modified_gmt":"2023-04-06T06:49:19","slug":"11-eksmatrikuleerimine","status":"publish","type":"page","link":"https:\/\/students.ebs.ee\/et\/oppekorralduse-eeskiri\/11-eksmatrikuleerimine\/","title":{"rendered":"11. Eksmatrikuleerimine"},"content":{"rendered":"\n<p>11.1 \u00dcli\u00f5pilane eksmatrikuleeritakse<br>&#8211; omal soovil isikliku avalduse alusel,<br>&#8211; seoses \u00f5ppekava t\u00e4itmise ja diplomi v\u00e4ljaandmisega,<br>&#8211; edasij\u00f5udmatuse t\u00f5ttu,<br>&#8211; \u00f5pingutest mitteosav\u00f5tu t\u00f5ttu,<br>&#8211; \u00f5ppeteenuse tasu t\u00e4htajaks mittetasumise t\u00f5ttu,<br>&#8211; akadeemilise eetika r\u00e4nga rikkumise t\u00f5ttu,<br>&#8211; surma korral.<br>11.2 \u00dcli\u00f5pilane eksmatrikuleeritakse edasij\u00f5udmatuse t\u00f5ttu, kui<br>&#8211; ta ei ole saanud \u00f5ppeaine l\u00e4bimiseks ette n\u00e4htud v\u00f5imaluste kasutamise j\u00e4rel positiivset tulemust,<br>&#8211; ta ei ole saanud l\u00f5put\u00f6\u00f6l v\u00f5i l\u00f5pueksamil kahel v\u00f5i enamal korral positiivset tulemust,<br>&#8211; ta on \u00f5ppeaasta l\u00f5puks \u00f5ppekava kohaselt t\u00e4itmisele kuuluva \u00f5ppe mahust t\u00e4itnud kumulatiivselt v\u00e4hem kui 50% (vt 8.2.2).<br>11.3 \u00dcli\u00f5pilane eksmatrikuleeritakse \u00f5pingutest mitteosav\u00f5tu t\u00f5ttu, kui ta ei ole akadeemilises kalendris toodud t\u00e4htajaks \u00f5pingutele registreerunud v\u00f5i ei osale registreeritud \u00f5pingutes.<br>11.4 \u00dcli\u00f5pilane eksmatrikuleeritakse \u00f5ppeteenuse tasu t\u00e4htajaks mittetasumise t\u00f5ttu, kui ta ei ole esitanud enne maksut\u00e4htaja saabumist \u00f5ppeosakonda motiveeritud avaldust finants- ja haldusosakonna juhataja nimele \u00f5ppeteenuse tasu tasumise t\u00e4htaja pikendamiseks.<br>11.5 \u00dcli\u00f5pilane eksmatrikuleeritakse akadeemilise eetika r\u00e4nga rikkumise t\u00f5ttu, kui<br>&#8211; tema l\u00f5put\u00f6\u00f6 v\u00f5i l\u00f5pueksami tulemus on F ebaeetilise k\u00e4itumisakti t\u00f5ttu,<br>&#8211; ta on korduvalt rikkunud akadeemilise eetika n\u00f5udeid,<br>&#8211; ta on \u00fcli\u00f5pilasena tahtlikult toime pandud kuriteo eest kohtu poolt s\u00fc\u00fcdi m\u00f5istetud,<br>&#8211; ta on v\u00f5ltsinud dokumente.<br>11.6 \u00dcli\u00f5pilane eksmatrikuleeritakse EBSi rektori k\u00e4skkirjaga.<\/p>\n","protected":false},"excerpt":{"rendered":"<p>11.1 \u00dcli\u00f5pilane eksmatrikuleeritakse&#8211; omal soovil isikliku avalduse alusel,&#8211; seoses \u00f5ppekava t\u00e4itmise ja diplomi v\u00e4ljaandmisega,&#8211; edasij\u00f5udmatuse t\u00f5ttu,&#8211; \u00f5pingutest mitteosav\u00f5tu t\u00f5ttu,&#8211; \u00f5ppeteenuse tasu t\u00e4htajaks mittetasumise t\u00f5ttu,&#8211; akadeemilise eetika r\u00e4nga rikkumise t\u00f5ttu,&#8211; surma korral.11.2 \u00dcli\u00f5pilane eksmatrikuleeritakse edasij\u00f5udmatuse t\u00f5ttu, kui&#8211; ta ei ole saanud \u00f5ppeaine l\u00e4bimiseks ette n\u00e4htud v\u00f5imaluste kasutamise j\u00e4rel positiivset tulemust,&#8211; ta ei ole saanud l\u00f5put\u00f6\u00f6l v\u00f5i&#8230;<\/p>\n","protected":false},"author":6,"featured_media":0,"parent":320,"menu_order":23,"comment_status":"closed","ping_status":"closed","template":"","meta":{"_eb_attr":"","footnotes":""},"categories":[51],"semester":[],"campus":[],"class_list":["post-847","page","type-page","status-publish","hentry","category-oppetoo"],"acf":[],"_links":{"self":[{"href":"https:\/\/students.ebs.ee\/et\/wp-json\/wp\/v2\/pages\/847","targetHints":{"allow":["GET"]}}],"collection":[{"href":"https:\/\/students.ebs.ee\/et\/wp-json\/wp\/v2\/pages"}],"about":[{"href":"https:\/\/students.ebs.ee\/et\/wp-json\/wp\/v2\/types\/page"}],"author":[{"embeddable":true,"href":"https:\/\/students.ebs.ee\/et\/wp-json\/wp\/v2\/users\/6"}],"replies":[{"embeddable":true,"href":"https:\/\/students.ebs.ee\/et\/wp-json\/wp\/v2\/comments?post=847"}],"version-history":[{"count":6,"href":"https:\/\/students.ebs.ee\/et\/wp-json\/wp\/v2\/pages\/847\/revisions"}],"predecessor-version":[{"id":8883,"href":"https:\/\/students.ebs.ee\/et\/wp-json\/wp\/v2\/pages\/847\/revisions\/8883"}],"up":[{"embeddable":true,"href":"https:\/\/students.ebs.ee\/et\/wp-json\/wp\/v2\/pages\/320"}],"wp:attachment":[{"href":"https:\/\/students.ebs.ee\/et\/wp-json\/wp\/v2\/media?parent=847"}],"wp:term":[{"taxonomy":"category","embeddable":true,"href":"https:\/\/students.ebs.ee\/et\/wp-json\/wp\/v2\/categories?post=847"},{"taxonomy":"semester","embeddable":true,"href":"https:\/\/students.ebs.ee\/et\/wp-json\/wp\/v2\/semester?post=847"},{"taxonomy":"campus","embeddable":true,"href":"https:\/\/students.ebs.ee\/et\/wp-json\/wp\/v2\/campus?post=847"}],"curies":[{"name":"wp","href":"https:\/\/api.w.org\/{rel}","templated":true}]}}