{"id":845,"date":"2018-09-27T16:38:05","date_gmt":"2018-09-27T13:38:05","guid":{"rendered":"http:\/\/students.ebs.ee\/?page_id=845"},"modified":"2023-04-06T10:05:26","modified_gmt":"2023-04-06T07:05:26","slug":"9-akadeemiline-petturlus","status":"publish","type":"page","link":"https:\/\/students.ebs.ee\/et\/oppekorralduse-eeskiri\/9-akadeemiline-petturlus\/","title":{"rendered":"9. Akadeemiline petturlus"},"content":{"rendered":"\n<p>9.1 Akadeemiline petturlus on:<br>a) \u00f5piv\u00e4ljundite omandamise hindamisel selliste materjalide kasutamine, mida \u00f5ppej\u00f5ud ei ole s\u00f5naselgelt lubanud kasutada;<br>b) teadmiste lubamatu vahetamine (ette\u00fctlemine, mahakirjutamine jms) \u00f5ppurite vahel, kelle \u00f5piv\u00e4ljundeid hinnatakse;<br>c) teise \u00f5ppuri eest \u00f5piv\u00e4ljundite hindamisel osalemine v\u00f5i teisel isikul enda nimel hindamisel osalemise v\u00f5imaldamine;<br>d) kellegi teise kirjaliku t\u00f6\u00f6 esitamine oma nime all v\u00f5i selle osade kasutamine n\u00f5uetekohase akadeemilise viitamiseta;<br>e) plagieerimine ehk kellegi teise t\u00f6\u00f6 ulatuslik \u00fcmbers\u00f5nastatus, refereering v\u00f5i tsiteerimine, ilma n\u00f5uetekohase akadeemilise viitamiseta;<br>f) iseenda t\u00f6\u00f6 uuesti esitamine, kui selle eest on juba ainepunkte saadud (enese-plagiaat) v.a juhul kui \u00f5ppej\u00f5ud on seda lubanud.<br>9.2 Spikerdamise, teadmiste kontrollis lubamatute abimaterjalide kasutamise eest, samuti plagiaadi v\u00f5i eneseplagiaadi tuvastamisel hinnatakse vastavat t\u00f6\u00f6d automaatselt hindega \u201cF\u201d. Karistamise lisameetmeid ehk sanktsioone kaalutakse nimetatud juhtudel individuaalselt.<br>9.3 Jooksva \u00f5ppet\u00f6\u00f6ga seotud akadeemilise petturluse korral rakendatavad sanktsioonid on:<br>a) hoiatus;<br>b) hinde alandamine;<br>c) lisa\u00fclesanded;<br>d) koondhinne \u201cF\u201d \u00f5ppeaine eest;<br>e) eksmatrikuleerimine.<br>9.4 L\u00f5put\u00f6\u00f6 v\u00f5i l\u00f5pueksamiga seotud akadeemilise petturluse korral rakendatavad sanktsioonid on:<br>a) hoiatus;<br>b) eksmatrikuleerimine.<br>9.5 Hinde alandamise, tulemuse \u201c0\u201d punkti jooksva testi, vaheeksami, kontrollt\u00f6\u00f6 v\u00f5i kodut\u00f6\u00f6 eest v\u00f5i lisa\u00fclesanded m\u00e4\u00e4rab EBSi \u00f5ppej\u00f5ud ainuisikuliselt.<br>9.6 Hinne \u201cF\u201d kogu \u00f5ppeaine eest v\u00f5i ettepanek eksmatrikuleerida vajab \u00f5ppeosakonna juhataja kinnitust.<br>9.7 Akadeemilise petturluse juhu puhul m\u00e4\u00e4ratud sanktsioon kantakse \u00f5ppuri andmetesse EBS-i andmebaasis<br>9.8 \u00dcli\u00f5pilane eksmatrikuleeritakse akadeemilise petturluse t\u00f5ttu, kui ta on korduvalt sooritanud jooksva \u00f5ppet\u00f6\u00f6ga seotud akadeemilise petturluse akte.<br>9.9 Eksmatrikuleerimise kinnitab rektor.<br>9.10 \u00d5ppuril on \u00f5igus karistuse m\u00f5istmise p\u00e4evast alates k\u00fcmne t\u00f6\u00f6p\u00e4eva jooksul esitada kirjalik protest \u00f5ppeosakonna juhatajale, kes selle lahendamiseks moodustab komisjoni. Protesti \u00f5igustatuse \u00fcle otsustatakse neljateistk\u00fcmne p\u00e4eva jooksul. \u00d5igustatud protesti korral kustutatakse v\u00e4iksem teostatud karistus andmebaasist. Muud m\u00f5istetud karistused t\u00fchistatakse v\u00f5i muudetakse.<br>9.11 Akadeemilise petturlusega seotud vaidlusk\u00fcsimused lahendab EBSi senati eetikakomisjon.<\/p>\n","protected":false},"excerpt":{"rendered":"<p>9.1 Akadeemiline petturlus on:a) \u00f5piv\u00e4ljundite omandamise hindamisel selliste materjalide kasutamine, mida \u00f5ppej\u00f5ud ei ole s\u00f5naselgelt lubanud kasutada;b) teadmiste lubamatu vahetamine (ette\u00fctlemine, mahakirjutamine jms) \u00f5ppurite vahel, kelle \u00f5piv\u00e4ljundeid hinnatakse;c) teise \u00f5ppuri eest \u00f5piv\u00e4ljundite hindamisel osalemine v\u00f5i teisel isikul enda nimel hindamisel osalemise v\u00f5imaldamine;d) kellegi teise kirjaliku t\u00f6\u00f6 esitamine oma nime all v\u00f5i selle osade kasutamine n\u00f5uetekohase&#8230;<\/p>\n","protected":false},"author":6,"featured_media":0,"parent":320,"menu_order":21,"comment_status":"closed","ping_status":"closed","template":"","meta":{"_eb_attr":"","footnotes":""},"categories":[51],"semester":[],"campus":[],"class_list":["post-845","page","type-page","status-publish","hentry","category-oppetoo"],"acf":[],"_links":{"self":[{"href":"https:\/\/students.ebs.ee\/et\/wp-json\/wp\/v2\/pages\/845","targetHints":{"allow":["GET"]}}],"collection":[{"href":"https:\/\/students.ebs.ee\/et\/wp-json\/wp\/v2\/pages"}],"about":[{"href":"https:\/\/students.ebs.ee\/et\/wp-json\/wp\/v2\/types\/page"}],"author":[{"embeddable":true,"href":"https:\/\/students.ebs.ee\/et\/wp-json\/wp\/v2\/users\/6"}],"replies":[{"embeddable":true,"href":"https:\/\/students.ebs.ee\/et\/wp-json\/wp\/v2\/comments?post=845"}],"version-history":[{"count":6,"href":"https:\/\/students.ebs.ee\/et\/wp-json\/wp\/v2\/pages\/845\/revisions"}],"predecessor-version":[{"id":8880,"href":"https:\/\/students.ebs.ee\/et\/wp-json\/wp\/v2\/pages\/845\/revisions\/8880"}],"up":[{"embeddable":true,"href":"https:\/\/students.ebs.ee\/et\/wp-json\/wp\/v2\/pages\/320"}],"wp:attachment":[{"href":"https:\/\/students.ebs.ee\/et\/wp-json\/wp\/v2\/media?parent=845"}],"wp:term":[{"taxonomy":"category","embeddable":true,"href":"https:\/\/students.ebs.ee\/et\/wp-json\/wp\/v2\/categories?post=845"},{"taxonomy":"semester","embeddable":true,"href":"https:\/\/students.ebs.ee\/et\/wp-json\/wp\/v2\/semester?post=845"},{"taxonomy":"campus","embeddable":true,"href":"https:\/\/students.ebs.ee\/et\/wp-json\/wp\/v2\/campus?post=845"}],"curies":[{"name":"wp","href":"https:\/\/api.w.org\/{rel}","templated":true}]}}