{"id":843,"date":"2018-09-27T16:37:08","date_gmt":"2018-09-27T13:37:08","guid":{"rendered":"http:\/\/students.ebs.ee\/?page_id=843"},"modified":"2023-04-06T10:06:58","modified_gmt":"2023-04-06T07:06:58","slug":"8-uliopilase-staatus","status":"publish","type":"page","link":"https:\/\/students.ebs.ee\/et\/oppekorralduse-eeskiri\/8-uliopilase-staatus\/","title":{"rendered":"8. \u00dcli\u00f5pilase staatus"},"content":{"rendered":"\n<p>8.1 \u00dcli\u00f5pilane on isik, kes on immatrikuleeritud \u00fclikooli bakalaureuse-, magistri- v\u00f5i doktori\u00f5ppesse.<br>8.2 \u00dcli\u00f5pilased jagunevad<br>\u00f5ppevormi j\u00e4rgi:<br>&#8211; p\u00e4eva\u00f5ppe \u00fcli\u00f5pilane<br>&#8211; sessioon\u00f5ppe \u00fcli\u00f5pilane<br>\u00f5ppeastme j\u00e4rgi:<br>&#8211; bakalaureuse\u00f5ppe \u00fcli\u00f5pilane<br>&#8211; magistri\u00f5ppe \u00fcli\u00f5pilane<br>&#8211; doktori\u00f5ppe \u00fcli\u00f5pilane<br>\u00f5ppekoormuse j\u00e4rgi:<br>&#8211; t\u00e4iskoormusega \u00f5ppiv \u00fcli\u00f5pilane, s. o \u00fcli\u00f5pilane, kes t\u00e4idab iga \u00f5ppeaasta l\u00f5puks \u00f5ppekava kohaselt t\u00e4itmisele kuuluva \u00f5ppe mahust kumulatiivselt v\u00e4hemalt 75 protsenti.<br>&#8211; osakoormusega \u00f5ppiv \u00fcli\u00f5pilane, s. o \u00fcli\u00f5pilane, kes t\u00e4idab iga \u00f5ppeaasta l\u00f5puks \u00f5ppekava kohaselt t\u00e4itmisele kuuluva \u00f5ppe mahust kumulatiivselt 50 kuni 75 protsenti.<br>8.2.1 \u00dcli\u00f5pilane m\u00e4\u00e4rab EBSi astudes ja \u00f5ppeainetele registreerudes oma t\u00e4is- v\u00f5i osakoormusega \u00f5ppimise esimesel \u00f5ppeaastal. Koormuse m\u00e4\u00e4ramise kinnitab ja kannab \u00d5ISi ja EHISesse \u00f5ppeosakond.<br>8.2.2 Vastavalt \u00f5ppekava t\u00e4itmise kumulatiivsele mahule m\u00e4\u00e4rab \u00f5ppeosakond iga \u00f5ppeaasta l\u00f5pul hiljemalt 31. augustil iga bakalaureuse- ja magistri\u00f5ppe \u00fcli\u00f5pilase ning hiljemalt 30. septembril iga doktori\u00f5ppe \u00fcli\u00f5pilase \u00f5ppekoormuse j\u00e4rgse staatuse \u2013 t\u00e4iskoormusega \u00f5ppiv \u00fcli\u00f5pilane v\u00f5i osakoormusega \u00f5ppiv \u00fcli\u00f5pilane. \u00dcli\u00f5pilane, kes on selleks p\u00e4evaks \u00f5ppekava kohaselt t\u00e4itmisele kuuluva \u00f5ppe mahust t\u00e4itnud kumulatiivselt v\u00e4hem kui 50%, eksmatrikuleeritakse EBSi rektori k\u00e4skkirjaga. \u00dcli\u00f5pilasel on v\u00f5imalik j\u00e4tkata \u00f5ppekava t\u00e4itmist ekstern staatuses.<br>8.3 Ekstern<br>8.3.1 Ekstern on EBSi \u00f5ppur, kellel on v\u00f5imalik sooritada \u00f5ppekavaj\u00e4rgseid eksameid ja arvestusi alla 30 EAP aastas ning kaitsta l\u00f5put\u00f6\u00f6d v\u00f5i sooritada l\u00f5pueksamit.<br>8.3.2 Ekstern ei ole \u00fcli\u00f5pilane.<br>8.3.3 Eksternile laienevad \u00f5ppekorralduseeskirjas \u00f5ppet\u00f6\u00f6ga ja \u00f5ppekorraldusega seotud \u00f5igused ning kohustused.<br>8.3.4 EBSil on \u00f5igus katkestada eksterni \u00f5pe rektori k\u00e4skkirjaga, kui ekstern ei ole t\u00e4itnud \u00f5ppekorralduse eeskirja v\u00f5i ei ole tasunud \u00f5ppeteenuse tasu.<br>8.4 Iseloomustamaks \u00f5ppuri \u00fcldist akadeemilist edukust teatud perioodil kasutatakse kaalutud keskmist hinnet (KKH), mis saadakse antud perioodi k\u00f5igi sooritatud \u00f5ppeainete hindepunktide ja ainepunktide korrutiste summa jagamisel k\u00f5igi sooritatud \u00f5ppeainete ainepunktide summaga. Oma \u00f5ppesooritusi on \u00f5ppuril v\u00f5imalik j\u00e4lgida platvormil MyEBS.<br>8.5 Akadeemiline puhkus on \u00fcli\u00f5pilase vabastamine tema soovil \u00f5ppe- ja teadust\u00f6\u00f6st \u00fcheks v\u00f5i mitmeks t\u00e4issemestriks.<br>8.6 \u00dcli\u00f5pilane v\u00f5ib omal soovil akadeemilisel puhkusel viibida igas k\u00f5rgharidusastmes kuni kaks t\u00e4issemestrit. Sellele lisaks v\u00f5ib akadeemilisel puhkusel viibida j\u00e4rgmiselt:<br>1) tervislikel p\u00f5hjustel kuni neli semestrit;<br>2) kaitsev\u00e4eteenistuse korral kuni kaks semestrit;<br>3) lapse hooldamiseks kuni lapse kolmeaastaseks saamiseni.<br>8.7 Akadeemilisele puhkusele omal soovil v\u00f5ivad k\u00f5igi k\u00f5rgharidusastmete \u00fcli\u00f5pilased minna alates teisest \u00f5ppet\u00f6\u00f6st osav\u00f5tu semestrist. Avaldusi saab esitada ainult kuni semestri 4. \u00f5ppen\u00e4dala l\u00f5puni.<br>Akadeemilist puhkust ei arvestata \u00fcli\u00f5pilase \u00f5ppekava l\u00e4bimise nominaalkestuse hulka. Akadeemilise puhkuse ajal ei muudeta \u00fcli\u00f5pilase \u00f5ppekoormust. Akadeemilisel puhkusel viibides on \u00fcli\u00f5pilasel \u00f5igus t\u00e4ita \u00f5ppekava (v.a esitada hindamiseks l\u00f5put\u00f6\u00f6d v\u00f5i sooritada l\u00f5pueksamit) ja kohustus j\u00e4rgida \u00f5ppekorraldust reguleerivaid \u00f5igusakte.<br>8.8 Akadeemilisele puhkusele saab minna \u00fcli\u00f5pilane, kellel ei ole \u00f5ppeteenuse tasu v\u00f5lga. Akadeemilisele puhkusele siirduva \u00fcli\u00f5pilase \u00f5ppeteenuse tasu tasaarveldus toimub vastavalt SA Estonian Business Schooli juhatuse otsusega kinnitatud \u00f5ppeteenusest loobumise tingimustele.<br>8.9 \u00dcli\u00f5pilane on \u00f5ppet\u00f6\u00f6st t\u00e4ielikult vabastatud ajal, kui ta osaleb kaitsev\u00e4e \u00f5ppekogunemisel v\u00f5i lisa\u00f5ppekogunemisel v\u00f5i kui ta ei saa mobilisatsiooni t\u00f5ttu \u00f5ppet\u00f6\u00f6s osaleda. Vastava kutse saamisel on \u00fcli\u00f5pilasel kohustus \u00f5ppekonsultanti eemalolekust teavitada. \u00d5ppej\u00f5ul on kohustus korraldada vabastuse saanud \u00fcli\u00f5pilase \u00f5ppet\u00f6\u00f6 nii, et \u00f5ppekogunemisel v\u00f5i lisa\u00f5ppekogunemisel osalenu saab samal semestril v\u00f5lgnevused likvideerida.<\/p>\n","protected":false},"excerpt":{"rendered":"<p>8.1 \u00dcli\u00f5pilane on isik, kes on immatrikuleeritud \u00fclikooli bakalaureuse-, magistri- v\u00f5i doktori\u00f5ppesse.8.2 \u00dcli\u00f5pilased jagunevad\u00f5ppevormi j\u00e4rgi:&#8211; p\u00e4eva\u00f5ppe \u00fcli\u00f5pilane&#8211; sessioon\u00f5ppe \u00fcli\u00f5pilane\u00f5ppeastme j\u00e4rgi:&#8211; bakalaureuse\u00f5ppe \u00fcli\u00f5pilane&#8211; magistri\u00f5ppe \u00fcli\u00f5pilane&#8211; doktori\u00f5ppe \u00fcli\u00f5pilane\u00f5ppekoormuse j\u00e4rgi:&#8211; t\u00e4iskoormusega \u00f5ppiv \u00fcli\u00f5pilane, s. o \u00fcli\u00f5pilane, kes t\u00e4idab iga \u00f5ppeaasta l\u00f5puks \u00f5ppekava kohaselt t\u00e4itmisele kuuluva \u00f5ppe mahust kumulatiivselt v\u00e4hemalt 75 protsenti.&#8211; osakoormusega \u00f5ppiv \u00fcli\u00f5pilane, s. o \u00fcli\u00f5pilane, kes&#8230;<\/p>\n","protected":false},"author":6,"featured_media":0,"parent":320,"menu_order":20,"comment_status":"closed","ping_status":"closed","template":"","meta":{"_eb_attr":"","footnotes":""},"categories":[51],"semester":[],"campus":[],"class_list":["post-843","page","type-page","status-publish","hentry","category-oppetoo"],"acf":[],"_links":{"self":[{"href":"https:\/\/students.ebs.ee\/et\/wp-json\/wp\/v2\/pages\/843","targetHints":{"allow":["GET"]}}],"collection":[{"href":"https:\/\/students.ebs.ee\/et\/wp-json\/wp\/v2\/pages"}],"about":[{"href":"https:\/\/students.ebs.ee\/et\/wp-json\/wp\/v2\/types\/page"}],"author":[{"embeddable":true,"href":"https:\/\/students.ebs.ee\/et\/wp-json\/wp\/v2\/users\/6"}],"replies":[{"embeddable":true,"href":"https:\/\/students.ebs.ee\/et\/wp-json\/wp\/v2\/comments?post=843"}],"version-history":[{"count":4,"href":"https:\/\/students.ebs.ee\/et\/wp-json\/wp\/v2\/pages\/843\/revisions"}],"predecessor-version":[{"id":8879,"href":"https:\/\/students.ebs.ee\/et\/wp-json\/wp\/v2\/pages\/843\/revisions\/8879"}],"up":[{"embeddable":true,"href":"https:\/\/students.ebs.ee\/et\/wp-json\/wp\/v2\/pages\/320"}],"wp:attachment":[{"href":"https:\/\/students.ebs.ee\/et\/wp-json\/wp\/v2\/media?parent=843"}],"wp:term":[{"taxonomy":"category","embeddable":true,"href":"https:\/\/students.ebs.ee\/et\/wp-json\/wp\/v2\/categories?post=843"},{"taxonomy":"semester","embeddable":true,"href":"https:\/\/students.ebs.ee\/et\/wp-json\/wp\/v2\/semester?post=843"},{"taxonomy":"campus","embeddable":true,"href":"https:\/\/students.ebs.ee\/et\/wp-json\/wp\/v2\/campus?post=843"}],"curies":[{"name":"wp","href":"https:\/\/api.w.org\/{rel}","templated":true}]}}