{"id":839,"date":"2018-09-27T16:35:13","date_gmt":"2018-09-27T13:35:13","guid":{"rendered":"http:\/\/students.ebs.ee\/?page_id=839"},"modified":"2022-08-05T10:45:52","modified_gmt":"2022-08-05T07:45:52","slug":"7-praktika","status":"publish","type":"page","link":"https:\/\/students.ebs.ee\/et\/oppekorralduse-eeskiri\/7-praktika\/","title":{"rendered":"7. Praktika"},"content":{"rendered":"\n<p>7.1 Praktika konkreetne sisu ja korraldus on kirjeldatud vastavas praktikajuhendis. Praktika eel korraldab \u00f5ppeosakond praktikainfotunni.<br>7.2 Praktikakoha valib \u00fcli\u00f5pilane v\u00f5i ekstern ise l\u00e4htudes konkreetse praktika eesm\u00e4rkidest.<br>7.3 \u00d5ppeosakond v\u00e4ljastab organisatsioonile soovi korral kirja praktika eesm\u00e4rkide ja korralduse tutvustusega ning palvega v\u00f5tta \u00fcli\u00f5pilane v\u00f5i ekstern praktikale ja lubada tal tutvuda organisatsiooni puudutava informatsiooniga.<br>7.4 Praktika tulemused vormistatakse aruandena ja esitatakse hiljemalt 1. oktoobril v\u00f5i vastavalt praktikajuhendis kokkulepitule. Aruande maht on kehtestatud praktikajuhendiga.<br>7.5 Aruanded esitatakse e-\u00f5ppe platvormile Canvas.<br>7.6 Praktika kaitsmise kuup\u00e4ev m\u00e4\u00e4ratakse hiljemalt 2 n\u00e4dalat p\u00e4rast praktika aruannete esitamist. Aruande kaitsmise k\u00e4igus on \u00f5igus esitada t\u00e4psustavaid k\u00fcsimusi ja vajadusel anda ka t\u00e4iendavaid \u00fclesandeid.<br>7.7 Praktika hindamisel kasutatakse EBSi \u00fchtset hindamisskaalat. Praktikaaruannete kaitsmine l\u00f5petatakse \u00fcldjuhul hiljemalt 1. novembril.<\/p>\n","protected":false},"excerpt":{"rendered":"<p>7.1 Praktika konkreetne sisu ja korraldus on kirjeldatud vastavas praktikajuhendis. Praktika eel korraldab \u00f5ppeosakond praktikainfotunni.7.2 Praktikakoha valib \u00fcli\u00f5pilane v\u00f5i ekstern ise l\u00e4htudes konkreetse praktika eesm\u00e4rkidest.7.3 \u00d5ppeosakond v\u00e4ljastab organisatsioonile soovi korral kirja praktika eesm\u00e4rkide ja korralduse tutvustusega ning palvega v\u00f5tta \u00fcli\u00f5pilane v\u00f5i ekstern praktikale ja lubada tal tutvuda organisatsiooni puudutava informatsiooniga.7.4 Praktika tulemused vormistatakse aruandena ja&#8230;<\/p>\n","protected":false},"author":6,"featured_media":0,"parent":320,"menu_order":17,"comment_status":"closed","ping_status":"closed","template":"","meta":{"_eb_attr":"","footnotes":""},"categories":[51],"semester":[],"campus":[],"class_list":["post-839","page","type-page","status-publish","hentry","category-oppetoo"],"acf":[],"_links":{"self":[{"href":"https:\/\/students.ebs.ee\/et\/wp-json\/wp\/v2\/pages\/839","targetHints":{"allow":["GET"]}}],"collection":[{"href":"https:\/\/students.ebs.ee\/et\/wp-json\/wp\/v2\/pages"}],"about":[{"href":"https:\/\/students.ebs.ee\/et\/wp-json\/wp\/v2\/types\/page"}],"author":[{"embeddable":true,"href":"https:\/\/students.ebs.ee\/et\/wp-json\/wp\/v2\/users\/6"}],"replies":[{"embeddable":true,"href":"https:\/\/students.ebs.ee\/et\/wp-json\/wp\/v2\/comments?post=839"}],"version-history":[{"count":2,"href":"https:\/\/students.ebs.ee\/et\/wp-json\/wp\/v2\/pages\/839\/revisions"}],"predecessor-version":[{"id":7516,"href":"https:\/\/students.ebs.ee\/et\/wp-json\/wp\/v2\/pages\/839\/revisions\/7516"}],"up":[{"embeddable":true,"href":"https:\/\/students.ebs.ee\/et\/wp-json\/wp\/v2\/pages\/320"}],"wp:attachment":[{"href":"https:\/\/students.ebs.ee\/et\/wp-json\/wp\/v2\/media?parent=839"}],"wp:term":[{"taxonomy":"category","embeddable":true,"href":"https:\/\/students.ebs.ee\/et\/wp-json\/wp\/v2\/categories?post=839"},{"taxonomy":"semester","embeddable":true,"href":"https:\/\/students.ebs.ee\/et\/wp-json\/wp\/v2\/semester?post=839"},{"taxonomy":"campus","embeddable":true,"href":"https:\/\/students.ebs.ee\/et\/wp-json\/wp\/v2\/campus?post=839"}],"curies":[{"name":"wp","href":"https:\/\/api.w.org\/{rel}","templated":true}]}}