{"id":837,"date":"2018-09-27T16:32:23","date_gmt":"2018-09-27T13:32:23","guid":{"rendered":"http:\/\/students.ebs.ee\/?page_id=837"},"modified":"2022-08-05T10:50:00","modified_gmt":"2022-08-05T07:50:00","slug":"6-varasemate-opingute-ja-tookogemuse-arvestamine-vota","status":"publish","type":"page","link":"https:\/\/students.ebs.ee\/et\/oppekorralduse-eeskiri\/6-varasemate-opingute-ja-tookogemuse-arvestamine-vota\/","title":{"rendered":"6. Varasemate \u00f5pingute ja t\u00f6\u00f6kogemuse arvestamine (V\u00d5TA)"},"content":{"rendered":"\n<p>6.1 EBS tunnustab varasemaid \u00f5pinguid ja t\u00f6\u00f6kogemust individuaalse hindamise alusel.<br>6.2 EBS arvestab \u00f5ppekava t\u00e4itmisel bakalaureuse-, magistri- ja doktori\u00f5ppes eelnevaid \u00f5pitulemusi ja erialast t\u00f6\u00f6kogemust l\u00e4htudes k\u00f5rgharidusstandardis s\u00e4testatud p\u00f5him\u00f5tetest. Varasemate \u00f5pingute ja t\u00f6\u00f6kogemuse arvestamine toimub EBSis kehtestatud korra kohaselt.<br>6.3 Hinnatakse varasematest kogemustest \u00f5pitu vastavust taotletava \u00f5ppekava, mooduli(te) v\u00f5i \u00f5ppeaine(te) \u00f5piv\u00e4ljunditele. Hindamisel l\u00e4htutakse sisulisest sobivusest ja \u00fclikooli tasemele vastavusest. V\u00d5TA taotluste hindamiskriteeriumid:<br>1) taotluses v\u00e4ljatoodud eelnev kogemus ja sellest \u00f5pitu on loogilises seoses taotletava \u00f5ppeaine\/mooduli sisu ja \u00f5piv\u00e4ljunditega;<br>2) varasemast kogemusest \u00f5pitu t\u00f5endab k\u00f5igi \u00f5piv\u00e4ljundite omandamist;<br>3) taotlusvormid on t\u00e4idetud korrektselt ning lisatud dokumendid t\u00f5endavad k\u00f5igi \u00f5piv\u00e4ljundite omandamist ja on autentsed.<br>6.4 Eelmise astme taseme\u00f5pingute arvestamisel peab k\u00f5rghariduse esimese ja teise astme \u00f5ppemaht olema kokku 300 ainepunkti (EAP). Vajadusel tuleb vahe kompenseerida valides juurde kas valik- v\u00f5i vabaaineid.<br>6.5 Teistes k\u00f5rgkoolides l\u00e4bitud taseme\u00f5pingute tunnustamise aluseks on vastava k\u00f5rgkooli poolt v\u00e4lja antud akadeemiline \u00f5iend.<br>6.6 Sama astme \u00f5pinguid saab vabaaineteks \u00fcle kanda ainult \u00f5ppekavaga etten\u00e4htud mahus.<br>6.7 \u00dcli\u00f5pilane v\u00f5i ekstern ei saa taotleda nende \u00f5ppeainete arvestamist varasema \u00f5pi- ja t\u00f6\u00f6kogemuse alusel, mille kuulajaks ta on registreerinud (v\u00e4lja arvatud praktika) v\u00f5i kui ta on \u00f5ppeaine sooritamisel saanud negatiivse tulemuse. Negatiivselt hinnatud taotlust ei saa sisuliselt t\u00e4iendamata uuesti esitada.<br>6.8 Eelnevate \u00f5pingutena ei tunnustata teistes k\u00f5rgkoolides kaitstud sama haridusastme l\u00f5put\u00f6\u00f6d v\u00f5i sooritatud l\u00f5pueksamit.<br>6.9 Taseme\u00f5pingute tunnustamise otsustab \u00f5ppeosakonna juhataja, kellel on \u00f5pingute hindamiseks \u00f5igus \u00fcli\u00f5pilaselt v\u00f5i eksternilt n\u00f5uda \u00f5ppeaine programmi ja vajadusel kaasata vastava akadeemilise \u00fcksuse juht v\u00f5i vastava \u00f5ppeastme juht.<br>6.10 \u00d5pingute arvestamise kohta vormistatakse \u00f5ppeosakonna poolt \u00fclekandmise protokoll, mille kinnitab \u00f5ppeosakonna juhataja. \u00d5pingud kantakse \u00fcle nende sooritamise kuup\u00e4evaga.<br>6.11 Varasemaid mittetaseme\u00f5pinguid ja t\u00f6\u00f6kogemust hindab ja tunnustab komisjon, mille moodustab oma korraldusega \u00f5ppeprorektor, kes on \u00fchtlasi komisjoni esimees.<br>6.12 \u00dcli\u00f5pilane v\u00f5i ekstern ei saa taotleda varasemate mittetaseme\u00f5pingute ja t\u00f6\u00f6kogemuse arvestamist vabaaineteks.<br>6.13 P\u00f5hjendatud juhtudel v\u00f5ib \u00f5ppeosakonna juhataja edastada komisjonile taotluse varasemate taseme\u00f5pingute hindamiseks.<br>6.14 Varasemate \u00f5pingute ja t\u00f6\u00f6kogemuse arvestamiseks esitab \u00fcli\u00f5pilane v\u00f5i ekstern ajavahemikus 20. august kuni 15. mai \u00f5ppeosakonda vormikohase taotluse, millele on lisatud \u00f5pinguid ja t\u00f6\u00f6kogemust t\u00f5endavad dokumendid ja ning maksekinnitus taotluse l\u00e4bivaatamise tasu kohta. \u00d5ppeosakond edastab taotluse koos lisatud dokumentidega \u00f5ppeprorektorile, kes korraldab vastava hindamise.<br>6.15 Komisjonil on \u00f5igus taotlejalt n\u00f5uda l\u00e4bitud \u00f5pingute ning omandatud teadmiste, oskuste ja p\u00e4devuste kohta kirjalikke selgitusi. Komisjon v\u00f5ib vajadusel korraldada taotleja teadmiste ja oskuste kontrolli, informeerides eelnevalt taotlejat selle l\u00e4biviimise korrast.<br>6.16 Komisjon teeb vormikohase otsuse \u00f5pingute ja t\u00f6\u00f6kogemuse arvestamise kohta 30 kalendrip\u00e4eva jooksul arvates taotluse esitamise kuup\u00e4evast. Otsuse alusel vormistatakse \u00f5ppeainete arvestamise protokoll, mille kinnitab \u00f5ppeprorektor.<br>6.17 Eelnevate \u00f5pitulemuste ja erialase t\u00f6\u00f6kogemuse hindamise tasum\u00e4\u00e4rad kehtestab SA Estonian Business Schooli juhatus oma otsusega.<\/p>\n","protected":false},"excerpt":{"rendered":"<p>6.1 EBS tunnustab varasemaid \u00f5pinguid ja t\u00f6\u00f6kogemust individuaalse hindamise alusel.6.2 EBS arvestab \u00f5ppekava t\u00e4itmisel bakalaureuse-, magistri- ja doktori\u00f5ppes eelnevaid \u00f5pitulemusi ja erialast t\u00f6\u00f6kogemust l\u00e4htudes k\u00f5rgharidusstandardis s\u00e4testatud p\u00f5him\u00f5tetest. Varasemate \u00f5pingute ja t\u00f6\u00f6kogemuse arvestamine toimub EBSis kehtestatud korra kohaselt.6.3 Hinnatakse varasematest kogemustest \u00f5pitu vastavust taotletava \u00f5ppekava, mooduli(te) v\u00f5i \u00f5ppeaine(te) \u00f5piv\u00e4ljunditele. Hindamisel l\u00e4htutakse sisulisest sobivusest ja \u00fclikooli tasemele&#8230;<\/p>\n","protected":false},"author":6,"featured_media":0,"parent":320,"menu_order":16,"comment_status":"closed","ping_status":"closed","template":"","meta":{"_eb_attr":"","footnotes":""},"categories":[51],"semester":[],"campus":[],"class_list":["post-837","page","type-page","status-publish","hentry","category-oppetoo"],"acf":[],"_links":{"self":[{"href":"https:\/\/students.ebs.ee\/et\/wp-json\/wp\/v2\/pages\/837","targetHints":{"allow":["GET"]}}],"collection":[{"href":"https:\/\/students.ebs.ee\/et\/wp-json\/wp\/v2\/pages"}],"about":[{"href":"https:\/\/students.ebs.ee\/et\/wp-json\/wp\/v2\/types\/page"}],"author":[{"embeddable":true,"href":"https:\/\/students.ebs.ee\/et\/wp-json\/wp\/v2\/users\/6"}],"replies":[{"embeddable":true,"href":"https:\/\/students.ebs.ee\/et\/wp-json\/wp\/v2\/comments?post=837"}],"version-history":[{"count":3,"href":"https:\/\/students.ebs.ee\/et\/wp-json\/wp\/v2\/pages\/837\/revisions"}],"predecessor-version":[{"id":7518,"href":"https:\/\/students.ebs.ee\/et\/wp-json\/wp\/v2\/pages\/837\/revisions\/7518"}],"up":[{"embeddable":true,"href":"https:\/\/students.ebs.ee\/et\/wp-json\/wp\/v2\/pages\/320"}],"wp:attachment":[{"href":"https:\/\/students.ebs.ee\/et\/wp-json\/wp\/v2\/media?parent=837"}],"wp:term":[{"taxonomy":"category","embeddable":true,"href":"https:\/\/students.ebs.ee\/et\/wp-json\/wp\/v2\/categories?post=837"},{"taxonomy":"semester","embeddable":true,"href":"https:\/\/students.ebs.ee\/et\/wp-json\/wp\/v2\/semester?post=837"},{"taxonomy":"campus","embeddable":true,"href":"https:\/\/students.ebs.ee\/et\/wp-json\/wp\/v2\/campus?post=837"}],"curies":[{"name":"wp","href":"https:\/\/api.w.org\/{rel}","templated":true}]}}