{"id":830,"date":"2018-09-27T16:20:06","date_gmt":"2018-09-27T13:20:06","guid":{"rendered":"http:\/\/students.ebs.ee\/?page_id=830"},"modified":"2023-04-06T10:11:55","modified_gmt":"2023-04-06T07:11:55","slug":"5-hindamiskorraldus","status":"publish","type":"page","link":"https:\/\/students.ebs.ee\/et\/oppekorralduse-eeskiri\/5-hindamiskorraldus\/","title":{"rendered":"5. Hindamiskorraldus"},"content":{"rendered":"\n<p>5.1 \u00dcldalused<br>5.1.1 Hindamismeetod on teadmiste ja oskuste omandatuse t\u00f5endamise viis (nt suuline v\u00f5i kirjalik eksam v\u00f5i arvestus, kontrollt\u00f6\u00f6, test, essee, aruanne, r\u00fchmat\u00f6\u00f6, raport, k\u00fcsimustik jmt).<br>5.1.2 Hindamiskriteerium kirjeldab hinnatavate teadmiste ja oskuste oodatavat taset ning ulatust vastava hindamismeetodi kontekstis.<br>5.1.3 \u00d5ppeaine \u00f5piv\u00e4ljundid, hindamismeetodid ja hindamiskriteeriumid peavad olema omavahel seotud.<br>5.1.4 \u00d5ppeaine \u00f5piv\u00e4ljundite saavutamise hindamismeetodid, -kriteeriumid ja -korralduse, sh l\u00f5pphinde kujunemise p\u00f5him\u00f5tted kirjeldab \u00f5ppej\u00f5ud aineprogrammis.<br>5.1.5 \u00d5ppeaine l\u00f5pphinne v\u00f5ib kujuneda eraldi osade koondist (nt kodut\u00f6\u00f6, test, eksam) v\u00f5i \u00fcksnes eksami v\u00f5i arvestuse tulemusest.<br>5.1.6 \u00d5piv\u00e4ljundite hindamine v\u00f5ib olla eristav (hinded A, B, C, D, E, F) ja eristamata (hinded \u201earvestatud\u201c ja \u201emittearvestatud\u201c). Bakalaureuse- ja magistrit\u00f6\u00f6d hinnatakse eristavalt.<br>5.1.7 \u00d5ppeaine loetakse l\u00e4bituks p\u00e4rast \u00f5piv\u00e4ljundite hindamisel positiivse tulemuse saamist. Positiivsed tulemused on hinded A, B, C, D, E ning \u201earvestatud\u201c ning negatiivsed tulemused on F, \u201emittearvestatud\u201c ja \u201emitteilmunud\u201c.<br>5.1.8 Eristava hindamise puhul kujuneb \u00f5ppurile l\u00f5pphinne, mis tuleneb \u00f5piv\u00e4ljundite saavutatuse tasemest j\u00e4rgmise skaala alusel:<br>A = \u201csuurep\u00e4rane\u201d \u2013 silmapaistev ja eriti laiap\u00f5hjaline \u00f5piv\u00e4ljundite saavutamise tase, mida iseloomustab v\u00e4ga head taset \u00fcletav teadmiste ja oskuste vaba ning loov kasutamine;<br>B = \u201cv\u00e4ga hea\u201d \u2013 v\u00e4ga heal tasemel \u00f5piv\u00e4ljundite saavutamine, mida iseloomustab teadmiste ja oskuste eesm\u00e4rgip\u00e4rane ja loov kasutamine. Spetsiifilisemate ja detailsemate teadmiste ja oskuste osas v\u00f5ivad ilmneda mittesisulised ja mittep\u00f5him\u00f5ttelised eksimused;<br>C = \u201chea\u201d \u2013 heal tasemel \u00f5piv\u00e4ljundite saavutamine, mida iseloomustab teadmiste ja oskuste eesm\u00e4rgip\u00e4rane kasutamine. Spetsiifilisemate ja detailsemate teadmiste ja oskuste osas avaldub ebakindlus ja ebat\u00e4psus;<br>D = \u201crahuldav\u201d \u2013 piisaval tasemel \u00f5piv\u00e4ljundite saavutamine, mida iseloomustab teadmiste ja oskuste kasutamine t\u00fc\u00fcpolukordades, erandlikes olukordades avalduvad puuduj\u00e4\u00e4gid ja ebakindlus;<br>E = \u201ckasin\u201d \u2013 minimaalselt lubataval tasemel olulisemate \u00f5piv\u00e4ljundite saavutamine, mida iseloomustab teadmiste ja oskuste kasutamine t\u00fc\u00fcpolukordades piiratud viisil, erandlikes olukordades avalduvad m\u00e4rgatavad puuduj\u00e4\u00e4gid ning ebakindlus;<br>F = \u201cpuudulik\u201d \u2013 \u00f5ppija on omandanud teadmised ja oskused miinimumtasemest madalamal tasemel.<br>5.1.9 Mitteeristava hindamise puhul m\u00e4\u00e4ratakse l\u00f5pphinne l\u00e4vendikriteeriumiga. Sel juhul kasutatakse j\u00e4rgmist skaalat:<br>P = \u201carvestatud\u201d \u2013 \u00f5piv\u00e4ljundite saavutamise tase vastab v\u00f5i \u00fcletab ettem\u00e4\u00e4ratud taset;<br>F = \u201cmittearvestatud\u201d \u2013 \u00f5piv\u00e4ljundite saavutamise tase on madala<br>ettem\u00e4\u00e4ratud tasemest.<br>5.1.10 Elektroonsel kujul kirjalik t\u00f6\u00f6 esitatakse e-\u00f5ppe platvormi Canvas kaudu.<br>5.1.11 Kirjalike t\u00f6\u00f6de vormistamise n\u00f5uded on esitatud EBSi stiilijuhendis <a href=\"https:\/\/students.ebs.ee\/et\/oppetoo\/oppeinfo\/kirjalike-toode-vormistamine\/\" data-type=\"URL\" data-id=\"https:\/\/students.ebs.ee\/et\/oppetoo\/oppeinfo\/kirjalike-toode-vormistamine\/\" target=\"_blank\" rel=\"noreferrer noopener\">Kirjalike t\u00f6\u00f6de vormistamine Estonian Business Schoolis.<\/a><br>5.1.12 EBSil on \u00f5igus kontrollida \u00f5ppurite kirjalikke t\u00f6id plagiaadituvastuss\u00fcsteemi abil ning selleks lisada need plagiaadituvastuss\u00fcsteemi andmebaasi.<br>5.1.13 Hinnete \u00fcmberarvutamine EBSis kuni 31.08.2007 kehtinud hindeskaala hinnetest toimub j\u00e4rgmiselt:<\/p>\n\n\n\n<figure class=\"wp-block-table\"><table><tbody><tr><td>Hinne kuni 31.08.2007<\/td><td>Hinne alates 01.09.2007<\/td><\/tr><tr><td>A+,&nbsp; A,&nbsp; A \u2013<\/td><td>A<\/td><\/tr><tr><td>B+,&nbsp; B<\/td><td>B<\/td><\/tr><tr><td>B \u2013,&nbsp; C+,&nbsp; C<\/td><td>C<\/td><\/tr><tr><td>C \u2013,&nbsp; D+<\/td><td>D<\/td><\/tr><tr><td>D,&nbsp; D \u2013<\/td><td>E<\/td><\/tr><tr><td>F<\/td><td>F<\/td><\/tr><\/tbody><\/table><\/figure>\n\n\n\n<p>5.2 Eksamikorraldus<br>5.2.1 Igale \u00f5ppegrupile koostab \u00f5ppeosakond eksamiplaani, kuhu kantakse k\u00f5ik p\u00f5hieksamite ajad. Kahe \u00f5ppeaine p\u00f5hieksami 1 vahe peab olema v\u00e4hemalt kaks p\u00e4eva. Eksamiplaanid kinnitab \u00f5ppeosakonna juhataja.<br>5.2.2 Eksamite kuup\u00e4evad sisestatakse e-\u00f5ppe platvormile Canvas hiljemalt semestri 8. \u00f5ppen\u00e4dalal.<br>5.2.3 Eksamitulemuste vormistamiseks koostab \u00f5ppeosakond \u00d5ISis eksamiprotokollid kandes sinna k\u00f5igi eksamile lubatud \u00f5ppurite nimed. J\u00e4releksami l\u00e4bimise kohta p\u00f5hieksam 2 ajal koostab \u00f5ppeosakond j\u00e4releksami protokolli p\u00f5hieksami kuup\u00e4evaga. Protokolli t\u00e4iendamine \u00f5ppej\u00f5u poolt pole lubatud.<br>5.2.4 Eksam toimub \u00f5ppeaine \u00f5ppekeeles. Eksami sooritamine m\u00f5nes muus keeles v\u00f5ib toimuda vaid kokkuleppel \u00f5ppej\u00f5uga.<br>5.2.5 \u00d5ppur lubatakse eksamile, kui ta on t\u00e4itnud k\u00f5ik aineprogrammis esitatud eksamieeldused ja tal puudub \u00f5ppeteenuse tasu v\u00f5lgnevus.<br>5.2.6 Eksamit on v\u00f5imalik sooritada kahel korral: p\u00f5hieksamil ja j\u00e4releksamil. P\u00f5hieksami sooritamiseks on \u00f5ppuril v\u00f5imalik valida kahe aja vahel \u2013 p\u00f5hieksam 1 v\u00f5i p\u00f5hieksam 2. P\u00f5hieksam 1 toimub p\u00e4rast kursuse l\u00f5ppu \u00f5ppesemestri sees v\u00f5i sellele j\u00e4rgneval eksamisessioonil, p\u00f5hieksam 2 toimub \u00f5ppeaine \u00f5ppimisele vahetult j\u00e4rgneval eksamisessioonil. Nominaalse \u00f5ppeplaani viimase semestri p\u00f5hieksam 2 toimub \u00f5ppesemestri sees. Koduse kirjaliku eksamit\u00f6\u00f6 v\u00f5i eksamit\u00f6\u00f6ga v\u00f5rdsustatud kirjaliku t\u00f6\u00f6 korral, mille tegemiseks on aineprogrammi j\u00e4rgi v\u00e4hemalt seitse kalendrip\u00e4eva, v\u00f5ib \u00f5ppej\u00f5ud teise esitamisaja (p\u00f5hieksam 2, j\u00e4releksam) \u00e4ra j\u00e4tta. \u00d5ppeaine \u00c4riplaan raames tehtav \u00e4riplaan ei kuulu j\u00e4reletegemisele.<br>5.2.7 P\u00f5hieksami l\u00e4bimine on \u00f5ppurile kohustuslik. Algselt kantakse k\u00f5ik \u00f5ppurid p\u00f5hieksam 1 nimekirja. \u00d5ppuril on \u00f5igus mitte hiljem kui kaks t\u00f6\u00f6p\u00e4eva enne p\u00f5hieksam 1 toimumist registreeruda p\u00f5hieksamilt 1 p\u00f5hieksamile 2. Veebieksamitele \u00fcldjuhul registreerumist ei toimu. P\u00f5hieksamile mitteilmunud \u00f5ppur peab sooritama j\u00e4releksami.<br>5.2.8 Jooksva semestri \u00f5ppeaine koondhinde parandamiseks tuleb sooritada tasuline j\u00e4releksam. Vahet\u00f6\u00f6de (kodut\u00f6\u00f6d, kontrollt\u00f6\u00f6d jm) j\u00e4rel- ja \u00fcmbersooritamise tingimused kehtestatakse aineprogrammis.<br>5.2.9 P\u00f5hi- v\u00f5i j\u00e4releksamil \u00f5ppeaine mittesooritamise v\u00f5i eksamile mitteilmumise korral arvestatakse koondtulemuseks \u00f5ppeaines F ning \u00f5ppeainele tuleb uuesti registreeruda. \u00d5ppeaine kordamisel toimub \u00f5ppeaine eest tasu arvestamine ainepunktip\u00f5hiselt.<br>5.2.10 Teadmiste kontrollil osaledes peab \u00fcli\u00f5pilane \u00f5ppej\u00f5u v\u00f5i teda asendava isiku n\u00f5udel esitama isikut t\u00f5endava dokumendi.<br>5.2.11 Eksami\u00fclesanded koostab \u00f5ppej\u00f5ud \u00fcldjuhul kolmes erinevas variandis. P\u00f5hieksami 1, p\u00f5hieksami 2 ja j\u00e4releksami \u00fclesanded erinevad \u00fcksteisest, kuid on \u00fcldjuhul sama raskusastmega. Erandid kirjeldatakse aineprogrammis.<br>5.2.12 Auditoorse eksami tegemise ajal ei ole eksamiruumist v\u00e4ljask\u00e4imine \u00f5ppuritel \u00fcldjuhul lubatud. Eksamineeriv \u00f5ppej\u00f5ud v\u00f5ib lubada m\u00e4\u00e4ratud tingimustel \u00f5ppuril eksamiruumist lahkuda, kui selleks on m\u00f5juv p\u00f5hjus.<br>5.2.13 Auditoorsel eksamil on abivahendite, sh nutiseadmete kasutamine \u00fcldjuhul keelatud. \u00d5ppej\u00f5ud v\u00f5ib siin kehtestada erandeid, mis peavad olema kirjeldatud aineprogrammis ja \u00f5ppurile teatavaks tehtud koos eksamit\u00f6\u00f6ga. \u00d5ppej\u00f5ul v\u00f5i teda asendaval isikul on \u00f5igus \u00fcli\u00f5pilane teadmiste kontrollilt eemaldada v\u00f5i talle esitatud t\u00f6\u00f6d mitte hinnata, kui \u00fcli\u00f5pilane kasutab k\u00f5rvalist abi v\u00f5i rikub muul moel akadeemilisi tavasid.<br>5.3 J\u00e4releksamite korraldus<br>5.3.1 J\u00e4releksam toimub hiljemalt j\u00e4rgneva semestri alguses. \u00d5ppej\u00f5u n\u00f5usolekul v\u00f5ib j\u00e4releksam toimuda ka p\u00f5hieksam 2 toimumiskuup\u00e4eval.<br>5.3.2 J\u00e4releksami peavad l\u00e4bima p\u00f5hieksamil koondhinde F saanud \u00f5ppurid. J\u00e4releksamit on lubatud l\u00e4bida ka p\u00f5hieksamil positiivse tulemuse saanud \u00f5ppuril koondhinde parandamise eesm\u00e4rgil. Kehtima j\u00e4\u00e4b viimasel eksamil saadud hinne.<br>5.3.3 J\u00e4releksam on tasuline, tasum\u00e4\u00e4r kehtestatakse \u00f5ppeteenuste hinnakirjas SA Estonian Business Schooli juhatuse otsusega. J\u00e4releksamile registreerumiseks tasub \u00f5ppur j\u00e4releksami tasu, saadab maksekinnituse \u00f5ppeosakonda, mille j\u00e4rel kantakse ta j\u00e4releksami nimekirja. J\u00e4releksamile tuleb registreeruda \u00f5ppeosakonnas hiljemalt kolm t\u00f6\u00f6p\u00e4eva enne eksamit.<br>5.4 Hindamise tulemused<br>5.4.1 \u00d5ppej\u00f5ud m\u00e4rgib hindamise tulemused e-\u00f5ppe platvormile Canvas ja kinnitab \u00d5ISis eksamiprotokolli 10 t\u00f6\u00f6p\u00e4eva jooksul p\u00e4rast hindamise toimumist. Erandid koosk\u00f5lastab \u00f5ppej\u00f5ud \u00f5ppeosakonnaga ning teavitab uuest t\u00e4htp\u00e4evast \u00f5ppeainele registreerunuid.<br>5.4.2 \u00d5ppuril on v\u00f5imalik l\u00e4bitud \u00f5ppeainete mahtusid ja hindeid kirjeldavat \u00f5ppesoorituste t\u00f5endit taotleda \u00f5ppeosakonna \u00f5ppesekret\u00e4rilt. Oma \u00f5ppesooritusi on \u00f5ppuril v\u00f5imalik vaadata platvormil MyEBS.<\/p>\n","protected":false},"excerpt":{"rendered":"<p>5.1 \u00dcldalused5.1.1 Hindamismeetod on teadmiste ja oskuste omandatuse t\u00f5endamise viis (nt suuline v\u00f5i kirjalik eksam v\u00f5i arvestus, kontrollt\u00f6\u00f6, test, essee, aruanne, r\u00fchmat\u00f6\u00f6, raport, k\u00fcsimustik jmt).5.1.2 Hindamiskriteerium kirjeldab hinnatavate teadmiste ja oskuste oodatavat taset ning ulatust vastava hindamismeetodi kontekstis.5.1.3 \u00d5ppeaine \u00f5piv\u00e4ljundid, hindamismeetodid ja hindamiskriteeriumid peavad olema omavahel seotud.5.1.4 \u00d5ppeaine \u00f5piv\u00e4ljundite saavutamise hindamismeetodid, -kriteeriumid ja -korralduse, sh&#8230;<\/p>\n","protected":false},"author":6,"featured_media":0,"parent":320,"menu_order":15,"comment_status":"closed","ping_status":"closed","template":"","meta":{"_eb_attr":"","footnotes":""},"categories":[51],"semester":[],"campus":[],"class_list":["post-830","page","type-page","status-publish","hentry","category-oppetoo"],"acf":[],"_links":{"self":[{"href":"https:\/\/students.ebs.ee\/et\/wp-json\/wp\/v2\/pages\/830","targetHints":{"allow":["GET"]}}],"collection":[{"href":"https:\/\/students.ebs.ee\/et\/wp-json\/wp\/v2\/pages"}],"about":[{"href":"https:\/\/students.ebs.ee\/et\/wp-json\/wp\/v2\/types\/page"}],"author":[{"embeddable":true,"href":"https:\/\/students.ebs.ee\/et\/wp-json\/wp\/v2\/users\/6"}],"replies":[{"embeddable":true,"href":"https:\/\/students.ebs.ee\/et\/wp-json\/wp\/v2\/comments?post=830"}],"version-history":[{"count":8,"href":"https:\/\/students.ebs.ee\/et\/wp-json\/wp\/v2\/pages\/830\/revisions"}],"predecessor-version":[{"id":8893,"href":"https:\/\/students.ebs.ee\/et\/wp-json\/wp\/v2\/pages\/830\/revisions\/8893"}],"up":[{"embeddable":true,"href":"https:\/\/students.ebs.ee\/et\/wp-json\/wp\/v2\/pages\/320"}],"wp:attachment":[{"href":"https:\/\/students.ebs.ee\/et\/wp-json\/wp\/v2\/media?parent=830"}],"wp:term":[{"taxonomy":"category","embeddable":true,"href":"https:\/\/students.ebs.ee\/et\/wp-json\/wp\/v2\/categories?post=830"},{"taxonomy":"semester","embeddable":true,"href":"https:\/\/students.ebs.ee\/et\/wp-json\/wp\/v2\/semester?post=830"},{"taxonomy":"campus","embeddable":true,"href":"https:\/\/students.ebs.ee\/et\/wp-json\/wp\/v2\/campus?post=830"}],"curies":[{"name":"wp","href":"https:\/\/api.w.org\/{rel}","templated":true}]}}