{"id":827,"date":"2018-09-27T16:17:09","date_gmt":"2018-09-27T13:17:09","guid":{"rendered":"http:\/\/students.ebs.ee\/?page_id=827"},"modified":"2022-08-05T10:53:48","modified_gmt":"2022-08-05T07:53:48","slug":"4-oppekorraldus","status":"publish","type":"page","link":"https:\/\/students.ebs.ee\/et\/oppekorralduse-eeskiri\/4-oppekorraldus\/","title":{"rendered":"4. \u00d5ppekorraldus"},"content":{"rendered":"\n<p>4.1 Nominaalne \u00f5ppeplaan on \u00f5ppekava l\u00e4bimise ajaline ja vormiline iseloomustus, milles \u00f5ppekavas etten\u00e4htud \u00f5pingud jaotatakse semestritele. Nominaalse \u00f5ppeplaani j\u00e4rgimine on \u00fcli\u00f5pilasele v\u00f5i eksternile soovituslik. \u00d5ppeplaaniga saab \u00fcli\u00f5pilane tutvuda MyEBS&#8217;is.<br>4.2 \u00dcli\u00f5pilasel v\u00f5i eksternil on \u00f5igus koostada \u00f5ppekava l\u00e4bimiseks individuaalne \u00f5ppeplaan registreerides nominaalsest erinevad semestri\u00f5pingud. Vastavalt semestriks registreeritud \u00f5ppeainetele kujuneb \u00fcli\u00f5pilase v\u00f5i eksterni \u00f5ppeteenuse tasu suurus, mille tasumine toimub samadel t\u00e4htaegadel, kui standardse \u00f5ppeteenuse tasu puhul. L\u00f5put\u00f6\u00f6le v\u00f5i l\u00f5pueksamile registreerumisel peab \u00fcli\u00f5pilane v\u00f5i ekstern j\u00e4rgima vastava semestri l\u00f5petamiste ajakavas toodud l\u00f5petamistingimuste t\u00e4itmise t\u00e4htp\u00e4eva. \u00dcli\u00f5pilasel v\u00f5i eksternil ei ole lubatud registreeruda \u00f5ppeainetele mille \u00f5ppet\u00f6\u00f6 ei ole l\u00f5petamistingimuste t\u00e4itmise t\u00e4htp\u00e4evaks l\u00f5ppenud.<br>4.3 \u00d5ppur registreerub \u00f5ppeainetele MyEBS platvormil. \u00d5ppur ei saa registreeruda k\u00f5rgema \u00f5ppeastme \u00f5ppeainetele. Hiljemalt 1 n\u00e4dal enne semestri algust saab \u00f5ppur ligip\u00e4\u00e4su registreeritud kursustele e-\u00f5ppe platvormil Canvas.<br>4.4 Nominaalse \u00f5ppeplaani alusel koostatakse \u00f5ppeosakonnas igaks semestriks tunniplaan. Tunniplaan tehakse teatavaks vastava semestri \u00f5ppeainetele registreerumise alguseks. EBSil on \u00f5igus muuta \u00fcksikuid \u00f5ppeaineid, nende mahtu v\u00f5i ajalist j\u00e4rjestust.<br>4.5 Nii kohustuslike, valik- kui vabaainete loetelu konkreetsel semestril tehakse \u00fcli\u00f5pilastele teatavaks vahetult enne \u00f5ppeainetele registreerimise sprotsessi k\u00e4ivitumist. Valik- ja vabaainetele registreerutakse koos kohustuslike ainetega.<br>4.6 Juhul kui valik- v\u00f5i vabaainesse registreerunud osalejate arv j\u00e4\u00e4b alla kehtestatud miinimumi, on EBSil \u00f5igus \u00f5ppeainet mitte avada.<br>4.7 \u00d5ppuril on \u00f5igus loobuda registreeritud \u00f5ppeainetest kuni 6 n\u00e4dala jooksul semestri algusest.<br>4.8 Vaba-, valik- ja kohustuslikke aineid on v\u00f5imalik valida ka teistest k\u00f5rgkoolidest. Kohustuslike ja valikainete korral peab selleks olema \u00f5ppeosakonna juhataja koosk\u00f5lastus. K\u00fclalis\u00f5ppeks registreerub \u00fcli\u00f5pilane \u00f5ppeosakonnas oma konsultandi juures ja k\u00f5rgkoolis, kus \u00f5pe toimub. Hindamislehe annab v\u00e4lja ja tulemuse registreerib \u00f5ppeosakond. Hindamisel kasutatakse vastu v\u00f5tva k\u00f5rgkooli hindamisskaalat. Kui see hindamisskaala ei vasta Eestis kehtivale \u00fchtsele hindamiss\u00fcsteemile ja kui hindamiss\u00fcsteeme ei ole v\u00f5imalik v\u00f5rrelda, siis teisendatakse tulemus \u00f5ppeosakonnas \u00fchtse hindamiss\u00fcsteemi hindamisskaalale vastavaks v\u00f5i kantakse hinne \u00fcle mitteeristava hindamise kaudu (arvestatud, mittearvestatud).<br>4.9 K\u00fclalis\u00f5ppel peab \u00fcli\u00f5pilane j\u00e4rgima vastu v\u00f5tva k\u00f5rgkooli eeskirju.<\/p>\n","protected":false},"excerpt":{"rendered":"<p>4.1 Nominaalne \u00f5ppeplaan on \u00f5ppekava l\u00e4bimise ajaline ja vormiline iseloomustus, milles \u00f5ppekavas etten\u00e4htud \u00f5pingud jaotatakse semestritele. Nominaalse \u00f5ppeplaani j\u00e4rgimine on \u00fcli\u00f5pilasele v\u00f5i eksternile soovituslik. \u00d5ppeplaaniga saab \u00fcli\u00f5pilane tutvuda MyEBS&#8217;is.4.2 \u00dcli\u00f5pilasel v\u00f5i eksternil on \u00f5igus koostada \u00f5ppekava l\u00e4bimiseks individuaalne \u00f5ppeplaan registreerides nominaalsest erinevad semestri\u00f5pingud. Vastavalt semestriks registreeritud \u00f5ppeainetele kujuneb \u00fcli\u00f5pilase v\u00f5i eksterni \u00f5ppeteenuse tasu suurus, mille&#8230;<\/p>\n","protected":false},"author":6,"featured_media":0,"parent":320,"menu_order":14,"comment_status":"closed","ping_status":"closed","template":"","meta":{"_eb_attr":"","footnotes":""},"categories":[51],"semester":[],"campus":[],"class_list":["post-827","page","type-page","status-publish","hentry","category-oppetoo"],"acf":[],"_links":{"self":[{"href":"https:\/\/students.ebs.ee\/et\/wp-json\/wp\/v2\/pages\/827","targetHints":{"allow":["GET"]}}],"collection":[{"href":"https:\/\/students.ebs.ee\/et\/wp-json\/wp\/v2\/pages"}],"about":[{"href":"https:\/\/students.ebs.ee\/et\/wp-json\/wp\/v2\/types\/page"}],"author":[{"embeddable":true,"href":"https:\/\/students.ebs.ee\/et\/wp-json\/wp\/v2\/users\/6"}],"replies":[{"embeddable":true,"href":"https:\/\/students.ebs.ee\/et\/wp-json\/wp\/v2\/comments?post=827"}],"version-history":[{"count":5,"href":"https:\/\/students.ebs.ee\/et\/wp-json\/wp\/v2\/pages\/827\/revisions"}],"predecessor-version":[{"id":7522,"href":"https:\/\/students.ebs.ee\/et\/wp-json\/wp\/v2\/pages\/827\/revisions\/7522"}],"up":[{"embeddable":true,"href":"https:\/\/students.ebs.ee\/et\/wp-json\/wp\/v2\/pages\/320"}],"wp:attachment":[{"href":"https:\/\/students.ebs.ee\/et\/wp-json\/wp\/v2\/media?parent=827"}],"wp:term":[{"taxonomy":"category","embeddable":true,"href":"https:\/\/students.ebs.ee\/et\/wp-json\/wp\/v2\/categories?post=827"},{"taxonomy":"semester","embeddable":true,"href":"https:\/\/students.ebs.ee\/et\/wp-json\/wp\/v2\/semester?post=827"},{"taxonomy":"campus","embeddable":true,"href":"https:\/\/students.ebs.ee\/et\/wp-json\/wp\/v2\/campus?post=827"}],"curies":[{"name":"wp","href":"https:\/\/api.w.org\/{rel}","templated":true}]}}