{"id":825,"date":"2018-09-27T16:16:18","date_gmt":"2018-09-27T13:16:18","guid":{"rendered":"http:\/\/students.ebs.ee\/?page_id=825"},"modified":"2022-08-05T10:54:51","modified_gmt":"2022-08-05T07:54:51","slug":"3-oppetoo-alused","status":"publish","type":"page","link":"https:\/\/students.ebs.ee\/et\/oppekorralduse-eeskiri\/3-oppetoo-alused\/","title":{"rendered":"3. \u00d5ppet\u00f6\u00f6 alused"},"content":{"rendered":"\n<p>3.1 \u00d5ppet\u00f6\u00f6 alusdokument on \u00f5ppekava, mis m\u00e4\u00e4ratleb \u00f5pingute eesm\u00e4rgid, \u00f5piv\u00e4ljundid, \u00f5pingute struktuuri, \u00f5ppeainete ja moodulite loetelu koos mahtudega ainepunktides, \u00f5pingute valikuv\u00f5imalused ja -tingimused, alustamise ja l\u00f5petamise n\u00f5uded, peamise \u00f5ppekeele ja \u00f5piv\u00e4ljundite saavutamiseks vajalikud teised \u00f5ppekeeled, nominaalse \u00f5ppeaja.<br>3.2 \u00d5ppekavade \u00fclesehitusele, sisule ja kvaliteedile esitatavad n\u00f5uded ning \u00f5ppekavade avamise, haldamise ja sulgemise korra \u00e4rinduse ja halduse \u00f5ppekavagrupis kehtestab \u00d5ppekava statuut. \u00d5ppekava v\u00e4ljat\u00f6\u00f6tamist, arendamist ja selle t\u00e4iendamiseks ettepanekute esitamist korraldab vastav \u00f5ppeastme n\u00f5ukogu, mille koosseisu kinnitab astme\u00f5ppe juhi ettepanekul EBSi rektor. Doktori\u00f5ppe \u00f5ppekavan\u00f5ukogu \u00fclesandeid t\u00e4idab EBSi teadus- ja arenduskomisjon. \u00d5ppekava ja selle muudatused kinnitab EBSi Senati ettepanekul SA Estonian Business School juhatus. \u00d5ppeprorektoril on \u00f5igus kehtestada \u00f5ppekavas muudatusi \u00fcheks aastaks. \u00d5ppekava kantakse \u00d5ISi ja Eesti hariduse infos\u00fcsteemi EHIS. \u00d5ppekava peab vastama Eesti k\u00f5rgharidusstandardile.<br>3.3 Ainekaart on \u00f5ppeainet v\u00f5i moodulit l\u00fchidalt kirjeldav infodokument, mis s\u00e4ilitatakse \u00d5ISis. Ainekaart sisaldab \u00f5ppeaine ametliku nimetust, ainekoodi, mahtu, eesm\u00e4rke, sisu l\u00fchi\u00fclevaadet peamiste k\u00e4sitletavate teemade osas, \u00f5piv\u00e4ljundeid, eeldusainete loetelu. Ainekaart koostatakse vastavas akadeemilises \u00fcksuses ja kinnitatakse selle \u00fcksuse juhi poolt. Ainekaart on aluseks vastava \u00f5ppeaine kandmisele \u00d5ISi.<br>3.4 Ainekaardi alusel koostatakse aineprogramm. Aineprogramm on \u00f5ppeaine kirjeldus, mis sisaldab \u00f5ppeaine ametliku nimetust, ainekoodi, mahtu, eeldusaineid (st \u00f5ppeained, mille eelnev l\u00e4bimine on antud \u00f5ppeaine \u00f5ppimise eelduseks), \u00f5piv\u00e4ljundeid, \u00f5ppet\u00f6\u00f6 ajakava ja teemade loetelu, iseseisva t\u00f6\u00f6 ajakava ja kirjelduse, hindamismeetodeid ja hindamiskriteeriumeid ning nende seoseid \u00f5piv\u00e4ljunditega, p\u00f5hilise \u00f5ppekirjanduse loetelu. Aineprogrammi koostab \u00f5ppeainet \u00f5petav \u00f5ppej\u00f5ud ja kinnitab vastava akadeemilise \u00fcksuse juht v\u00f5i tema poolt m\u00e4\u00e4ratud juhtiv \u00f5ppej\u00f5ud. Aineprogrammid s\u00e4ilitatakse \u00d5ISis. S\u00fcgissemestri kursuste aineprogrammid kinnitatakse hiljemalt 15. juuniks, kevadsemestri kursuste aineprogrammid hiljemalt 15. detsembriks. Hiljemalt 2 n\u00e4dalat enne semestri algust kantakse aineprogramm e-\u00f5ppe platvormile Canvas.<br>3.5 \u00d5ppeained jagunevad kohustuslikeks aineteks, valikaineteks ja vabaaineteks. Kohustuslik aine on \u00f5ppeaine, mille edukas l\u00e4bimine on EBSi l\u00f5petamise eelduseks. Valikaine on vabalt valitav aine \u00f5ppekavas etteantud aineplokist. Vabaaine on \u00fcli\u00f5pilase v\u00f5i eksterni poolt vabalt EBSi v\u00f5i m\u00f5ne teise tunnustatud k\u00f5rgkooli mistahes \u00f5ppekavast valitav aine, mis ei kuulu \u00fcli\u00f5pilase v\u00f5i eksterni \u00f5ppekavaga m\u00e4\u00e4ratud kohustuslike ainete ja valikainete hulka. Vabaaine valimiseks peavad olema sooritatud selle aine eeldusained. Valik- ja vabaained valib \u00fcli\u00f5pilane v\u00f5i ekstern vastavas \u00f5ppekavas n\u00f5utud mahus ja tingimustel.<br>3.6 \u00d5ppeaine mahtu m\u00e4\u00e4ratakse Euroopa ainepunktis\u00fcsteemi (European Credit Transfer and Accumulation System, ECTS) ainepunktides. Ainepunkt (EAP) on \u00f5ppemahu arvestus\u00fchik. \u00dcks ainepunkt vastab 26 tunnile t\u00f6\u00f6le, mille \u00f5ppur on \u00f5ppeks kulutanud \u2013 see moodustab 1560 astronoomilist tundi ja 60 ainepunkti \u00f5ppeaastas.<br>3.7 \u00d5ppekorralduse ajaliseks aluseks on akadeemiline kalender, mis m\u00e4\u00e4ratleb kuup\u00e4evaliselt \u00f5ppeaasta kulgemise ja \u00f5ppetegevusega seotud t\u00e4htajad. J\u00e4rgmise \u00f5ppeaasta akadeemilise kalendri kinnitab \u00f5ppeprorektor hiljemalt m\u00e4rtsikuu l\u00f5puks.<br>3.8 \u00d5ppet\u00f6\u00f6 jaguneb kahele semestrile (s\u00fcgis- ja kevadsemester), mille kestus on \u00fcldjuhul 16-19 \u00f5ppen\u00e4dalat. Semester l\u00f5peb p\u00f5hieksamisessiooniga, mille kestus on kuni 3 n\u00e4dalat ning j\u00e4releksamisessiooniga, mille kestus on kuni 2 n\u00e4dalat.<br>3.9 \u00d5ppet\u00f6\u00f6d ei toimu j\u00f5uluvaheajal ja suvevaheajal.<br>3.10 \u00d5ppepraktika toimub \u00fcldjuhul kahe \u00f5ppeaasta vahel.<br>3.11 \u00d5ppet\u00f6\u00f6 kvaliteedi tagamise huvides k\u00fcsitakse \u00fcli\u00f5pilaselt tagasisidet regulaarsete k\u00fcsitluste abil.<\/p>\n","protected":false},"excerpt":{"rendered":"<p>3.1 \u00d5ppet\u00f6\u00f6 alusdokument on \u00f5ppekava, mis m\u00e4\u00e4ratleb \u00f5pingute eesm\u00e4rgid, \u00f5piv\u00e4ljundid, \u00f5pingute struktuuri, \u00f5ppeainete ja moodulite loetelu koos mahtudega ainepunktides, \u00f5pingute valikuv\u00f5imalused ja -tingimused, alustamise ja l\u00f5petamise n\u00f5uded, peamise \u00f5ppekeele ja \u00f5piv\u00e4ljundite saavutamiseks vajalikud teised \u00f5ppekeeled, nominaalse \u00f5ppeaja.3.2 \u00d5ppekavade \u00fclesehitusele, sisule ja kvaliteedile esitatavad n\u00f5uded ning \u00f5ppekavade avamise, haldamise ja sulgemise korra \u00e4rinduse ja halduse \u00f5ppekavagrupis&#8230;<\/p>\n","protected":false},"author":6,"featured_media":0,"parent":320,"menu_order":9,"comment_status":"closed","ping_status":"closed","template":"","meta":{"_eb_attr":"","footnotes":""},"categories":[51],"semester":[],"campus":[],"class_list":["post-825","page","type-page","status-publish","hentry","category-oppetoo"],"acf":[],"_links":{"self":[{"href":"https:\/\/students.ebs.ee\/et\/wp-json\/wp\/v2\/pages\/825","targetHints":{"allow":["GET"]}}],"collection":[{"href":"https:\/\/students.ebs.ee\/et\/wp-json\/wp\/v2\/pages"}],"about":[{"href":"https:\/\/students.ebs.ee\/et\/wp-json\/wp\/v2\/types\/page"}],"author":[{"embeddable":true,"href":"https:\/\/students.ebs.ee\/et\/wp-json\/wp\/v2\/users\/6"}],"replies":[{"embeddable":true,"href":"https:\/\/students.ebs.ee\/et\/wp-json\/wp\/v2\/comments?post=825"}],"version-history":[{"count":3,"href":"https:\/\/students.ebs.ee\/et\/wp-json\/wp\/v2\/pages\/825\/revisions"}],"predecessor-version":[{"id":7524,"href":"https:\/\/students.ebs.ee\/et\/wp-json\/wp\/v2\/pages\/825\/revisions\/7524"}],"up":[{"embeddable":true,"href":"https:\/\/students.ebs.ee\/et\/wp-json\/wp\/v2\/pages\/320"}],"wp:attachment":[{"href":"https:\/\/students.ebs.ee\/et\/wp-json\/wp\/v2\/media?parent=825"}],"wp:term":[{"taxonomy":"category","embeddable":true,"href":"https:\/\/students.ebs.ee\/et\/wp-json\/wp\/v2\/categories?post=825"},{"taxonomy":"semester","embeddable":true,"href":"https:\/\/students.ebs.ee\/et\/wp-json\/wp\/v2\/semester?post=825"},{"taxonomy":"campus","embeddable":true,"href":"https:\/\/students.ebs.ee\/et\/wp-json\/wp\/v2\/campus?post=825"}],"curies":[{"name":"wp","href":"https:\/\/api.w.org\/{rel}","templated":true}]}}