{"id":823,"date":"2018-09-27T16:14:34","date_gmt":"2018-09-27T13:14:34","guid":{"rendered":"http:\/\/students.ebs.ee\/?page_id=823"},"modified":"2023-04-06T09:58:55","modified_gmt":"2023-04-06T06:58:55","slug":"2-immatrikuleerimine","status":"publish","type":"page","link":"https:\/\/students.ebs.ee\/et\/oppekorralduse-eeskiri\/2-immatrikuleerimine\/","title":{"rendered":"2. Immatrikuleerimine"},"content":{"rendered":"\n<p>2.1 Vastuv\u00f5tutingimused ja -korra kehtestab Estonian Business Schooli vastuv\u00f5tueeskiri. Vastuv\u00f5tu kontrollarvud kinnitab oktoobri l\u00f5puks \u00f5ppeastmejuhtide ettepanekul SA Estonian Business Schooli juhatus.<br>2.2 \u00dcli\u00f5pilaskandidaat immatrikuleeritakse EBSi rektori k\u00e4skkirjaga p\u00e4rast seda kui ta on s\u00f5lminud \u00f5ppeteenuse osutamise kokkuleppe selles toodud tingimistel ja korras.<br>2.3 Stipendiumite taotlemise ja m\u00e4\u00e4ramise, \u00f5ppeteenustasust vabastamise ja soodustuse andmise alused ja kord m\u00e4\u00e4ratakse Stipendiumistatuudiga, mille kinnitab SA Estonian Business Schooli juhatus.<br>2.4 Kui immatrikuleeritud \u00fcli\u00f5pilane ei asu \u00f5ppet\u00f6\u00f6le ilma m\u00f5juva p\u00f5hjuseta kahe n\u00e4dala jooksul p\u00e4rast \u00f5ppet\u00f6\u00f6 algust, siis ta eksmatrikuleeritakse ja vabanenud kohale immatrikuleeritakse sisseastumispingereas j\u00e4rgmine \u00fcli\u00f5pilaskandidaat.<br>2.5 Reimmatrikuleerimine (ennistamine) toimub \u00fcli\u00f5pilase p\u00f5hjendatud avalduse alusel \u00f5ppeosakonna juhataja esildise p\u00f5hjal EBSi rektori k\u00e4skkirjaga. Reimmatrikuleerimist on \u00f5igus taotleda \u00fche kuni viie aasta m\u00f6\u00f6dudes p\u00e4rast \u00f5pingute katkemist EBSis. Reimmatrikuleerimine ei ole \u00fcldjuhul v\u00f5imalik k\u00e4esoleva eeskirja punktides 9.8 ja 10.6 s\u00e4testatud juhtudel. Erandi v\u00f5ib teha EBSi rektor.<br>2.6 K\u00fclalis\u00fcli\u00f5pilane on m\u00f5ne teise k\u00f5rgkooli \u00fcli\u00f5pilane, kes on tulnud EBSi teatud perioodiks \u00f5ppima. Teiste k\u00f5rgkoolide \u00fcli\u00f5pilaste \u00f5pingud EBSis on reguleeritud k\u00e4esoleva eeskirja ja vastavate k\u00f5rgkoolidega s\u00f5lmitud lepingutega.<\/p>\n","protected":false},"excerpt":{"rendered":"<p>2.1 Vastuv\u00f5tutingimused ja -korra kehtestab Estonian Business Schooli vastuv\u00f5tueeskiri. Vastuv\u00f5tu kontrollarvud kinnitab oktoobri l\u00f5puks \u00f5ppeastmejuhtide ettepanekul SA Estonian Business Schooli juhatus.2.2 \u00dcli\u00f5pilaskandidaat immatrikuleeritakse EBSi rektori k\u00e4skkirjaga p\u00e4rast seda kui ta on s\u00f5lminud \u00f5ppeteenuse osutamise kokkuleppe selles toodud tingimistel ja korras.2.3 Stipendiumite taotlemise ja m\u00e4\u00e4ramise, \u00f5ppeteenustasust vabastamise ja soodustuse andmise alused ja kord m\u00e4\u00e4ratakse Stipendiumistatuudiga, mille&#8230;<\/p>\n","protected":false},"author":6,"featured_media":0,"parent":320,"menu_order":8,"comment_status":"closed","ping_status":"closed","template":"","meta":{"_eb_attr":"","footnotes":""},"categories":[51],"semester":[],"campus":[],"class_list":["post-823","page","type-page","status-publish","hentry","category-oppetoo"],"acf":[],"_links":{"self":[{"href":"https:\/\/students.ebs.ee\/et\/wp-json\/wp\/v2\/pages\/823","targetHints":{"allow":["GET"]}}],"collection":[{"href":"https:\/\/students.ebs.ee\/et\/wp-json\/wp\/v2\/pages"}],"about":[{"href":"https:\/\/students.ebs.ee\/et\/wp-json\/wp\/v2\/types\/page"}],"author":[{"embeddable":true,"href":"https:\/\/students.ebs.ee\/et\/wp-json\/wp\/v2\/users\/6"}],"replies":[{"embeddable":true,"href":"https:\/\/students.ebs.ee\/et\/wp-json\/wp\/v2\/comments?post=823"}],"version-history":[{"count":5,"href":"https:\/\/students.ebs.ee\/et\/wp-json\/wp\/v2\/pages\/823\/revisions"}],"predecessor-version":[{"id":8888,"href":"https:\/\/students.ebs.ee\/et\/wp-json\/wp\/v2\/pages\/823\/revisions\/8888"}],"up":[{"embeddable":true,"href":"https:\/\/students.ebs.ee\/et\/wp-json\/wp\/v2\/pages\/320"}],"wp:attachment":[{"href":"https:\/\/students.ebs.ee\/et\/wp-json\/wp\/v2\/media?parent=823"}],"wp:term":[{"taxonomy":"category","embeddable":true,"href":"https:\/\/students.ebs.ee\/et\/wp-json\/wp\/v2\/categories?post=823"},{"taxonomy":"semester","embeddable":true,"href":"https:\/\/students.ebs.ee\/et\/wp-json\/wp\/v2\/semester?post=823"},{"taxonomy":"campus","embeddable":true,"href":"https:\/\/students.ebs.ee\/et\/wp-json\/wp\/v2\/campus?post=823"}],"curies":[{"name":"wp","href":"https:\/\/api.w.org\/{rel}","templated":true}]}}