{"id":821,"date":"2018-09-27T16:12:03","date_gmt":"2018-09-27T13:12:03","guid":{"rendered":"http:\/\/students.ebs.ee\/?page_id=821"},"modified":"2023-04-06T09:54:46","modified_gmt":"2023-04-06T06:54:46","slug":"1-uldsatted","status":"publish","type":"page","link":"https:\/\/students.ebs.ee\/et\/oppekorralduse-eeskiri\/1-uldsatted\/","title":{"rendered":"1. \u00dclds\u00e4tted"},"content":{"rendered":"\n<p>1.1 \u00d5ppekorralduse eeskiri on Estonian Business School\u2019is (edaspidi EBS) \u00f5ppet\u00f6\u00f6d ja \u00f5ppet\u00f6\u00f6alaseid suhteid reguleeriv p\u00f5hidokument.<br>1.2 \u00d5ppekorralduse eeskirja ja selle muudatused kinnitab EBSi Senat.<br>1.3 EBS korraldab \u00f5pet k\u00f5igil k\u00f5rghariduse astmetel: bakalaureuse-, magistri- ja doktori\u00f5pe, millele lisandub t\u00e4iendus\u00f5pe. Doktori\u00f5ppe korraldusest tulenevaid erisusi reguleerib lisaks k\u00e4esolevale eeskirjale doktorantide atesteerimise kord ning doktori\u00f5ppe l\u00e4bimise ja doktorit\u00f6\u00f6 kaitsmise kord, mille kinnitab EBSi Senat. T\u00e4iendus\u00f5pet reguleerib EBSi t\u00e4iendus\u00f5ppe eeskiri.<br>1.4 EBSis toimub t\u00e4iskoormusega \u00f5pe, osakoormusega \u00f5pe ja ekstern\u00f5pe. Rakendatavateks \u00f5ppevormideks on p\u00e4eva\u00f5pe ja sessioon\u00f5pe.<br>1.5 \u00d5ppet\u00f6\u00f6 toimub kontakt\u00f5ppe, veebi\u00f5ppe, praktika ja iseseisva t\u00f6\u00f6 vormis. Kontakt\u00f5pe on \u00f5piv\u00e4ljundite saavutamiseks \u00f5ppekeskkonnas (sh veebi\u00f5ppes) toimuv auditoorne \u00f5ppet\u00f6\u00f6 loengu, seminari, praktikumi, konsultatsiooni v\u00f5i muus aineprogrammis kirjeldatud vormis. Kontakt\u00f5ppes osalevad nii \u00f5ppur kui ka \u00f5ppej\u00f5ud. Interaktiivseid \u00f5petamis- ja \u00f5ppimismeetodeid toetab pilvep\u00f5hine e-\u00f5ppe platvorm Canvas.<br>1.6 \u00dcli\u00f5pilane on isik, kes on immatrikuleeritud \u00fclikooli taseme\u00f5ppe \u00f5ppekavale (vt ka p.8.).<br>1.7 Ekstern on isik, kes on immatrikuleeritud \u00fclikooli taseme\u00f5ppe \u00f5ppekavale eesm\u00e4rgiga \u00f5ppida v\u00e4iksema \u00f5ppekoormusega kui seadusega m\u00e4\u00e4ratletud osakoormus (vt ka p.8.).<br>1.8 \u00d5ppur, k\u00e4esoleva eeskirja t\u00e4henduses, on isik, kes \u00f5pib taseme\u00f5ppe \u00f5ppekaval eneset\u00e4iendamise eesm\u00e4rgil.<br>1.9 \u00d5ppekorraldusega seotud andmete vahetuse ja s\u00e4ilitamise tagab elektroonne \u00f5ppeinfos\u00fcsteem (edaspidi \u00d5IS). E-\u00f5ppe platvormi Canvas kaudu edastatud teated loetakse ametlikult edastatuks.<br>1.10 \u00d5ppekorraldusega tegeleb EBSis \u00f5ppeosakond.<\/p>\n","protected":false},"excerpt":{"rendered":"<p>1.1 \u00d5ppekorralduse eeskiri on Estonian Business School\u2019is (edaspidi EBS) \u00f5ppet\u00f6\u00f6d ja \u00f5ppet\u00f6\u00f6alaseid suhteid reguleeriv p\u00f5hidokument.1.2 \u00d5ppekorralduse eeskirja ja selle muudatused kinnitab EBSi Senat.1.3 EBS korraldab \u00f5pet k\u00f5igil k\u00f5rghariduse astmetel: bakalaureuse-, magistri- ja doktori\u00f5pe, millele lisandub t\u00e4iendus\u00f5pe. Doktori\u00f5ppe korraldusest tulenevaid erisusi reguleerib lisaks k\u00e4esolevale eeskirjale doktorantide atesteerimise kord ning doktori\u00f5ppe l\u00e4bimise ja doktorit\u00f6\u00f6 kaitsmise kord, mille&#8230;<\/p>\n","protected":false},"author":6,"featured_media":0,"parent":320,"menu_order":1,"comment_status":"closed","ping_status":"closed","template":"","meta":{"_eb_attr":"","footnotes":""},"categories":[51],"semester":[],"campus":[],"class_list":["post-821","page","type-page","status-publish","hentry","category-oppetoo"],"acf":[],"_links":{"self":[{"href":"https:\/\/students.ebs.ee\/et\/wp-json\/wp\/v2\/pages\/821","targetHints":{"allow":["GET"]}}],"collection":[{"href":"https:\/\/students.ebs.ee\/et\/wp-json\/wp\/v2\/pages"}],"about":[{"href":"https:\/\/students.ebs.ee\/et\/wp-json\/wp\/v2\/types\/page"}],"author":[{"embeddable":true,"href":"https:\/\/students.ebs.ee\/et\/wp-json\/wp\/v2\/users\/6"}],"replies":[{"embeddable":true,"href":"https:\/\/students.ebs.ee\/et\/wp-json\/wp\/v2\/comments?post=821"}],"version-history":[{"count":4,"href":"https:\/\/students.ebs.ee\/et\/wp-json\/wp\/v2\/pages\/821\/revisions"}],"predecessor-version":[{"id":8886,"href":"https:\/\/students.ebs.ee\/et\/wp-json\/wp\/v2\/pages\/821\/revisions\/8886"}],"up":[{"embeddable":true,"href":"https:\/\/students.ebs.ee\/et\/wp-json\/wp\/v2\/pages\/320"}],"wp:attachment":[{"href":"https:\/\/students.ebs.ee\/et\/wp-json\/wp\/v2\/media?parent=821"}],"wp:term":[{"taxonomy":"category","embeddable":true,"href":"https:\/\/students.ebs.ee\/et\/wp-json\/wp\/v2\/categories?post=821"},{"taxonomy":"semester","embeddable":true,"href":"https:\/\/students.ebs.ee\/et\/wp-json\/wp\/v2\/semester?post=821"},{"taxonomy":"campus","embeddable":true,"href":"https:\/\/students.ebs.ee\/et\/wp-json\/wp\/v2\/campus?post=821"}],"curies":[{"name":"wp","href":"https:\/\/api.w.org\/{rel}","templated":true}]}}