{"id":7855,"date":"2022-08-17T12:06:11","date_gmt":"2022-08-17T09:06:11","guid":{"rendered":"https:\/\/students.ebs.ee\/it-teenused\/office-365-programs\/"},"modified":"2025-10-29T17:31:52","modified_gmt":"2025-10-29T14:31:52","slug":"office-365-programs","status":"publish","type":"page","link":"https:\/\/students.ebs.ee\/et\/it-teenused\/office-365-programs\/","title":{"rendered":"Office 365 tooted"},"content":{"rendered":"\n<h3 class=\"wp-block-heading\">Kui soovite kasutada v\u00f5i installida Office 365 tooteid<\/h3>\n\n\n\n<ol class=\"wp-block-list\">\n<li>Minge aadressile <a href=\"https:\/\/mail.ebs.ee\/\" target=\"_blank\" rel=\"noreferrer noopener\">https:\/\/mail.ebs.ee\/<\/a> Ja logige sisse enda EBS-i kontoga (eesnimi.perenimi@ebs.ee).<\/li>\n\n\n\n<li>Vajutage paremal \u00fcleval asuvale ringile, milles on nime initsiaalid.<\/li>\n<\/ol>\n\n\n\n<ol start=\"3\" class=\"wp-block-list\">\n<li>J\u00e4rgmisena vajutage vasakul \u00fcleval asuvale valge ruudule, mis koosneb \u00fcheksast mustast ruudust -> Microsoft 365 <\/li>\n<\/ol>\n\n\n\n<figure class=\"wp-block-image size-full\"><img loading=\"lazy\" decoding=\"async\" width=\"286\" height=\"59\" src=\"https:\/\/students.ebs.ee\/wp-content\/uploads\/2025\/10\/office1.png\" alt=\"\" class=\"wp-image-11632\"\/><\/figure>\n\n\n\n<ol start=\"4\" class=\"wp-block-list\">\n<li>Avaneb uus aken ja Teil on v\u00f5imalus kasutada Office 365 tooteid antud lehel v\u00f5i saate need enda arvutise installida valides Apps ja &#8220;Install apps&#8221; paremalt \u00fclevalt ja valides enda soovitud meetodi installimiseks.<\/li>\n<\/ol>\n\n\n\n<figure class=\"wp-block-image size-full\"><img loading=\"lazy\" decoding=\"async\" width=\"346\" height=\"136\" src=\"https:\/\/students.ebs.ee\/wp-content\/uploads\/2025\/10\/office2.png\" alt=\"\" class=\"wp-image-11634\" srcset=\"https:\/\/students.ebs.ee\/wp-content\/uploads\/2025\/10\/office2.png 346w, https:\/\/students.ebs.ee\/wp-content\/uploads\/2025\/10\/office2-300x118.png 300w\" sizes=\"auto, (max-width: 346px) 100vw, 346px\" \/><\/figure>\n","protected":false},"excerpt":{"rendered":"<p>Kui soovite kasutada v\u00f5i installida Office 365 tooteid<\/p>\n","protected":false},"author":962,"featured_media":0,"parent":344,"menu_order":14,"comment_status":"closed","ping_status":"closed","template":"","meta":{"_eb_attr":"","footnotes":""},"categories":[35,62],"semester":[],"campus":[],"class_list":["post-7855","page","type-page","status-publish","hentry","category-it","category-it-teenused"],"acf":[],"_links":{"self":[{"href":"https:\/\/students.ebs.ee\/et\/wp-json\/wp\/v2\/pages\/7855","targetHints":{"allow":["GET"]}}],"collection":[{"href":"https:\/\/students.ebs.ee\/et\/wp-json\/wp\/v2\/pages"}],"about":[{"href":"https:\/\/students.ebs.ee\/et\/wp-json\/wp\/v2\/types\/page"}],"author":[{"embeddable":true,"href":"https:\/\/students.ebs.ee\/et\/wp-json\/wp\/v2\/users\/962"}],"replies":[{"embeddable":true,"href":"https:\/\/students.ebs.ee\/et\/wp-json\/wp\/v2\/comments?post=7855"}],"version-history":[{"count":6,"href":"https:\/\/students.ebs.ee\/et\/wp-json\/wp\/v2\/pages\/7855\/revisions"}],"predecessor-version":[{"id":11646,"href":"https:\/\/students.ebs.ee\/et\/wp-json\/wp\/v2\/pages\/7855\/revisions\/11646"}],"up":[{"embeddable":true,"href":"https:\/\/students.ebs.ee\/et\/wp-json\/wp\/v2\/pages\/344"}],"wp:attachment":[{"href":"https:\/\/students.ebs.ee\/et\/wp-json\/wp\/v2\/media?parent=7855"}],"wp:term":[{"taxonomy":"category","embeddable":true,"href":"https:\/\/students.ebs.ee\/et\/wp-json\/wp\/v2\/categories?post=7855"},{"taxonomy":"semester","embeddable":true,"href":"https:\/\/students.ebs.ee\/et\/wp-json\/wp\/v2\/semester?post=7855"},{"taxonomy":"campus","embeddable":true,"href":"https:\/\/students.ebs.ee\/et\/wp-json\/wp\/v2\/campus?post=7855"}],"curies":[{"name":"wp","href":"https:\/\/api.w.org\/{rel}","templated":true}]}}