{"id":7502,"date":"2022-08-05T10:32:45","date_gmt":"2022-08-05T07:32:45","guid":{"rendered":"https:\/\/students.ebs.ee\/2022\/?page_id=7502"},"modified":"2023-04-06T10:04:17","modified_gmt":"2023-04-06T07:04:17","slug":"13-otsuste-vaidlustamine","status":"publish","type":"page","link":"https:\/\/students.ebs.ee\/et\/oppekorralduse-eeskiri\/13-otsuste-vaidlustamine\/","title":{"rendered":"13. Otsuste vaidlustamine"},"content":{"rendered":"\n<p>13.1 \u00d5ppetegevusega seotud otsuse vaidlustamiseks (v.a l\u00f5put\u00f6\u00f6 v\u00f5i l\u00f5pueksami korralduse vaidlustamisel) p\u00f6\u00f6rdub \u00f5ppur otsuse tegija poole ja vaidlustab otsuse kirjalikult 10 t\u00f6\u00f6p\u00e4eva jooksul otsuse teatavakstegemisest.<br>13.2 \u00d5ppur lisab vaidele asjakohased dokumendid ja m\u00e4rgib vaides j\u00e4rgnevad asjaolud:<br>a) otsuse teinud isiku v\u00f5i otsustuskogu esimehe nimi, kellele vaie esitatakse;<br>b) vaidlustatava otsuse sisu;<br>c) p\u00f5hjendused, miks \u00f5ppur leiab, et otsus rikub tema \u00f5igusi;<br>d) vaide esitaja \u00fcheselt m\u00f5istetav taotlus.<br>13.3 Otsuse tegija vastab vaidele 7 t\u00f6\u00f6p\u00e4eva jooksul vaide esitamisest arvates, esitades \u00f5ppurile kirjaliku p\u00f5hjendatud otsuse vaide rahuldamise v\u00f5i rahuldamata j\u00e4tmise kohta. Juhul kui esitatud vaie ei vasta l\u00f5ikes 14.2 s\u00e4testatud n\u00f5uetele, annab otsuse tegija \u00f5ppurile t\u00e4iendava t\u00e4htaja avalduse puuduste k\u00f5rvaldamiseks. Otsuse tegijal on \u00f5igus pikendada otsuse tegemise t\u00e4htaega kuni 7 t\u00f6\u00f6p\u00e4eva v\u00f5rra, teavitades \u00f5ppurit sellest kirjalikult.<br>13.4 \u00d5ppuril on \u00f5igus esitada vaideotsusele kirjalik apellatsioon 10 t\u00f6\u00f6p\u00e4eva jooksul otsuse teatavaks tegemisest arvates. Apellatsioon tuleb esitada vastava akadeemilise \u00fcksuse juhile. Kui esmane vaie esitati akadeemilise \u00fcksuse juhile, tuleb apellatsioon esitada \u00f5ppeprorektorile. Kui esmane vaie esitati \u00f5ppeprorektorile, tuleb apellatsioon esitada rektorile.<br>13.5 Otsuse tegijal, kes vastab apellatsioonile, on:<br>a) kohustus vastata apellatsioonile 7 t\u00f6\u00f6p\u00e4eva jooksul apellatsiooni esitamisest arvates. Vastuses tuleb esitada \u00f5ppurile kirjalik p\u00f5hjendatud otsus apellatsiooni rahuldamise v\u00f5i rahuldamata j\u00e4tmise kohta;<br>b) \u00f5igus pikendada otsuse tegemise t\u00e4htaega kuni 7 t\u00f6\u00f6p\u00e4eva v\u00f5rra, teavitades \u00f5ppurit sellest kirjalikult.<br>13.6 Kui vaidlustatakse hinnet, on vaide \u00fclevaatamisel \u00f5igus j\u00e4tta hinne muutmata, t\u00f5sta hinnet v\u00f5i langetada hinnet.<br>13.7 Apellatsiooni kohta tehtud otsus ei kuulu \u00fclikoolis edasivaidlustamisele.<\/p>\n","protected":false},"excerpt":{"rendered":"<p>13.1 \u00d5ppetegevusega seotud otsuse vaidlustamiseks (v.a l\u00f5put\u00f6\u00f6 v\u00f5i l\u00f5pueksami korralduse vaidlustamisel) p\u00f6\u00f6rdub \u00f5ppur otsuse tegija poole ja vaidlustab otsuse kirjalikult 10 t\u00f6\u00f6p\u00e4eva jooksul otsuse teatavakstegemisest.13.2 \u00d5ppur lisab vaidele asjakohased dokumendid ja m\u00e4rgib vaides j\u00e4rgnevad asjaolud:a) otsuse teinud isiku v\u00f5i otsustuskogu esimehe nimi, kellele vaie esitatakse;b) vaidlustatava otsuse sisu;c) p\u00f5hjendused, miks \u00f5ppur leiab, et otsus rikub&#8230;<\/p>\n","protected":false},"author":1021,"featured_media":0,"parent":320,"menu_order":25,"comment_status":"closed","ping_status":"closed","template":"","meta":{"_eb_attr":"","footnotes":""},"categories":[],"semester":[],"campus":[],"class_list":["post-7502","page","type-page","status-publish","hentry"],"acf":[],"_links":{"self":[{"href":"https:\/\/students.ebs.ee\/et\/wp-json\/wp\/v2\/pages\/7502","targetHints":{"allow":["GET"]}}],"collection":[{"href":"https:\/\/students.ebs.ee\/et\/wp-json\/wp\/v2\/pages"}],"about":[{"href":"https:\/\/students.ebs.ee\/et\/wp-json\/wp\/v2\/types\/page"}],"author":[{"embeddable":true,"href":"https:\/\/students.ebs.ee\/et\/wp-json\/wp\/v2\/users\/1021"}],"replies":[{"embeddable":true,"href":"https:\/\/students.ebs.ee\/et\/wp-json\/wp\/v2\/comments?post=7502"}],"version-history":[{"count":2,"href":"https:\/\/students.ebs.ee\/et\/wp-json\/wp\/v2\/pages\/7502\/revisions"}],"predecessor-version":[{"id":8889,"href":"https:\/\/students.ebs.ee\/et\/wp-json\/wp\/v2\/pages\/7502\/revisions\/8889"}],"up":[{"embeddable":true,"href":"https:\/\/students.ebs.ee\/et\/wp-json\/wp\/v2\/pages\/320"}],"wp:attachment":[{"href":"https:\/\/students.ebs.ee\/et\/wp-json\/wp\/v2\/media?parent=7502"}],"wp:term":[{"taxonomy":"category","embeddable":true,"href":"https:\/\/students.ebs.ee\/et\/wp-json\/wp\/v2\/categories?post=7502"},{"taxonomy":"semester","embeddable":true,"href":"https:\/\/students.ebs.ee\/et\/wp-json\/wp\/v2\/semester?post=7502"},{"taxonomy":"campus","embeddable":true,"href":"https:\/\/students.ebs.ee\/et\/wp-json\/wp\/v2\/campus?post=7502"}],"curies":[{"name":"wp","href":"https:\/\/api.w.org\/{rel}","templated":true}]}}