{"id":7474,"date":"2022-08-03T12:18:28","date_gmt":"2022-08-03T09:18:28","guid":{"rendered":"https:\/\/students.ebs.ee\/2022\/?page_id=7474"},"modified":"2022-08-03T12:21:10","modified_gmt":"2022-08-03T09:21:10","slug":"inbank-oppeinvesteering","status":"publish","type":"page","link":"https:\/\/students.ebs.ee\/et\/oppemaks-ja-stipendiumid\/oppeinvesteering\/inbank-oppeinvesteering\/","title":{"rendered":"InBank \u00d5ppeinvesteering"},"content":{"rendered":"\n<p>EBS koost\u00f6\u00f6s\u00a0<a href=\"https:\/\/www.inbank.ee\/meist\" target=\"_blank\" rel=\"noreferrer noopener\">Inbankiga<\/a>\u00a0on \u00f5ppeinvesteeringu n\u00e4ol loonud Sinule v\u00f5imaluse\u00a0mugavamalt\u00a0planeerida oma tulevikku ja tasuda oma \u00f5pingute eest\u00a0osamaksete kaupa. \u00d5ppeinvesteering toimib p\u00f5him\u00f5ttel, et pank kannab Sinu eest\u00a0semestri tasu\u00a0koolile ja Sina teed pangale igakuiseid makseid.\u00a0<\/p>\n\n\n\n<p><strong>\u00d5ppeinvesteering on finantsteenus, mille osutamise korra ja pakkumise eest vastutab Inbank.<\/strong><\/p>\n\n\n\n<p>Lepingut saab s\u00f5lmida algava semestri \u00f5ppemaksu ulatuses, aga mitte v\u00e4hem kui 300 \u20ac\/semestris. Endale sobiva osamaksete&nbsp;hulga&nbsp;saad valida s\u00f5lmides lepingu perioodile kuni 60 kuud.<\/p>\n\n\n\n<p class=\"has-text-align-left\"><strong>\u00d5ppeinvesteeringu lepingu\u00a0<\/strong><strong>Inbankiga<\/strong><strong>\u00a0<\/strong><strong>saad s\u00f5lmida<\/strong><strong>\u00a0<\/strong><strong>panka minemata<\/strong><strong>, <\/strong><strong>EBSi <\/strong><strong>\u00f5ppe<\/strong><strong>osakonna<\/strong><strong>s<\/strong><strong>.<\/strong><\/p>\n\n\n\n<p>\u00d5ppeinvesteeringu tingimused&nbsp;<\/p>\n\n\n\n<ul class=\"wp-block-list\"><li>\u00d5ppeinvesteeringu summa: mitte v\u00e4hem kui 300 \u20ac\/semester&nbsp;<\/li><li>Tagasimakse periood: kuni 60 kuud&nbsp;<\/li><li>Sissemakse: v\u00e4hemalt 10%&nbsp;semestri tasust&nbsp;<\/li><li>Intressim\u00e4\u00e4r:&nbsp;6% krediidi j\u00e4\u00e4gilt&nbsp;<\/li><li>Lepingutasu: 15 eurot&nbsp;<\/li><li>Minimaalne sissetulek: 240 \u20ac\/kuus&nbsp;<\/li><\/ul>\n\n\n\n<p>Kes kvalifitseerub?&nbsp;<\/p>\n\n\n\n<ul class=\"wp-block-list\"><li>Eesti Vabariigi kodanik v\u00f5i pikaaegse elamisloa omanik&nbsp;<\/li><li>Vanus v\u00e4hemalt 19 aastat&nbsp;<\/li><li>Sinu eelnev maksek\u00e4itumine on korrektne&nbsp;<\/li><li>Arvelduskonto olemasolu Eestis tegutsevas pangas&nbsp;&nbsp;<\/li><\/ul>\n\n\n\n<p class=\"has-text-align-left\"><strong>Kui soovid taotleda \u00f5ppeinvesteeringut, palun saada t\u00e4idetud sooviavaldus oma\u00a0EBSi\u00a0\u00f5ppekonsultandile.\u00a0Sooviavalduse leiad<a href=\"https:\/\/students.ebs.ee\/wp-content\/uploads\/2020\/11\/Sooviavaldus_EST_DIGITAL.pdf\" target=\"_blank\" rel=\"noreferrer noopener\">\u00a0SIIT.<\/a><\/strong><\/p>\n","protected":false},"excerpt":{"rendered":"<p>EBS koost\u00f6\u00f6s\u00a0Inbankiga\u00a0on \u00f5ppeinvesteeringu n\u00e4ol loonud Sinule v\u00f5imaluse\u00a0mugavamalt\u00a0planeerida oma tulevikku ja tasuda oma \u00f5pingute eest\u00a0osamaksete kaupa. \u00d5ppeinvesteering toimib p\u00f5him\u00f5ttel, et pank kannab Sinu eest\u00a0semestri tasu\u00a0koolile ja Sina teed pangale igakuiseid makseid.\u00a0 \u00d5ppeinvesteering on finantsteenus, mille osutamise korra ja pakkumise eest vastutab Inbank. Lepingut saab s\u00f5lmida algava semestri \u00f5ppemaksu ulatuses, aga mitte v\u00e4hem kui 300 \u20ac\/semestris. Endale&#8230;<\/p>\n","protected":false},"author":6,"featured_media":0,"parent":332,"menu_order":8,"comment_status":"closed","ping_status":"closed","template":"","meta":{"_eb_attr":"","footnotes":""},"categories":[],"semester":[],"campus":[],"class_list":["post-7474","page","type-page","status-publish","hentry"],"acf":[],"_links":{"self":[{"href":"https:\/\/students.ebs.ee\/et\/wp-json\/wp\/v2\/pages\/7474","targetHints":{"allow":["GET"]}}],"collection":[{"href":"https:\/\/students.ebs.ee\/et\/wp-json\/wp\/v2\/pages"}],"about":[{"href":"https:\/\/students.ebs.ee\/et\/wp-json\/wp\/v2\/types\/page"}],"author":[{"embeddable":true,"href":"https:\/\/students.ebs.ee\/et\/wp-json\/wp\/v2\/users\/6"}],"replies":[{"embeddable":true,"href":"https:\/\/students.ebs.ee\/et\/wp-json\/wp\/v2\/comments?post=7474"}],"version-history":[{"count":6,"href":"https:\/\/students.ebs.ee\/et\/wp-json\/wp\/v2\/pages\/7474\/revisions"}],"predecessor-version":[{"id":7481,"href":"https:\/\/students.ebs.ee\/et\/wp-json\/wp\/v2\/pages\/7474\/revisions\/7481"}],"up":[{"embeddable":true,"href":"https:\/\/students.ebs.ee\/et\/wp-json\/wp\/v2\/pages\/332"}],"wp:attachment":[{"href":"https:\/\/students.ebs.ee\/et\/wp-json\/wp\/v2\/media?parent=7474"}],"wp:term":[{"taxonomy":"category","embeddable":true,"href":"https:\/\/students.ebs.ee\/et\/wp-json\/wp\/v2\/categories?post=7474"},{"taxonomy":"semester","embeddable":true,"href":"https:\/\/students.ebs.ee\/et\/wp-json\/wp\/v2\/semester?post=7474"},{"taxonomy":"campus","embeddable":true,"href":"https:\/\/students.ebs.ee\/et\/wp-json\/wp\/v2\/campus?post=7474"}],"curies":[{"name":"wp","href":"https:\/\/api.w.org\/{rel}","templated":true}]}}