{"id":7151,"date":"2022-05-10T16:05:43","date_gmt":"2022-05-10T13:05:43","guid":{"rendered":"https:\/\/students.ebs.ee\/?page_id=7151"},"modified":"2024-04-18T10:28:52","modified_gmt":"2024-04-18T07:28:52","slug":"ouriginal","status":"publish","type":"page","link":"https:\/\/students.ebs.ee\/et\/oppetoo\/oppeinfo\/ouriginal\/","title":{"rendered":"StrikePlagiarism"},"content":{"rendered":"<p>EBS kasutab \u00f5ppet\u00f6\u00f6s plagiaadituvastuss\u00fcsteemi <a href=\"https:\/\/strikeplagiarism.com\/en\/\" target=\"_blank\" rel=\"noopener\">StrikePlagiarism<\/a>, mille vahendusel on v\u00f5imalik kontrollida kirjalike t\u00f6\u00f6de originaalsust, st v\u00f5rrelda neid internetis ja eri andmebaasides olevate eesti- ja ingliskeelsete materjalidega. \u00dcli\u00f5pilast\u00f6\u00f6de kontrollimine plagiaadituvastusprogrammi abil on \u00fcks osa t\u00f6\u00f6de hindamisprotsessist.<\/p>\n<p>\u00d5ppur iseseisvalt oma t\u00f6id StrikePlagiarismi vahendusel kontrolllida ei saa.<\/p>\n<p>\u00d5ppej\u00f5ud saab e-\u00f5ppe platvormil Canvase kursuse \u00fclesannetel (<em>assignments<\/em>) aktiveerida plagiaadikontrolli StrikePlagiarism. Kui \u00f5ppur esitab oma t\u00f6\u00f6, saadetakse dokument StrikePlagiarismi anal\u00fc\u00fcsimiseks. \u00d5ppej\u00f5ud saab n\u00e4ha raportit ning v\u00f5ib raporti k\u00e4ttesaadavaks teha ka \u00f5ppurile. Kui raporti vaatamine on lubatud, siis on seda v\u00f5imalik n\u00e4ha hinnete (<em>grades<\/em>) nupu all.<\/p>\n<p>StrikePlagiarismi \u00fcleslaetud t\u00f6\u00f6d j\u00e4\u00e4vad StrikePlagiarismi andmebaasi, mida omakorda kasutatakse edaspidi allikatena. StrikePlagiarismi keskkond ei ole t\u00f6\u00f6de avaldamise keskkond. StrikePlagiarismi \u00fcleslaetud t\u00f6\u00f6d ei ole andmebaasist otsinguga otsitavad. StrikePlagiarismil puudub \u00f5igus sisestatud materjali levitamiseks ning selle edastamiseks kolmandatele isikutele ilma dokumendi autori kirjaliku n\u00f5usolekuta.<\/p>\n<p>StrikePlagiarism koostab tekstide v\u00f5rdlemise tulemusel raporti, kus on n\u00e4idatud, kui suures osas on anal\u00fc\u00fcsitavas tekstis kattuvus teiste tekstidega (sh korrektselt vormistatud tsitaadid). Raportis n\u00e4idatakse, millised osad tekstis teiste allikatega kokku langevad.<\/p>\n<p>StrikePlagiarism kontrollib \u00fcleslaetava t\u00f6\u00f6 kattuvusi internetis ning StrikePlagiarismi andmebaasis olevate materjalide suhtes. StrikePlagiarismi poolt m\u00e4rgitud tekstide kattuvuste p\u00f5hjal saab \u00f5ppej\u00f5ud anal\u00fc\u00fcsida, kas tekstis esinevad tsitaadid on n\u00f5uetekohaselt vormistatud ning kas allikatele on korrektselt viidatud. Seda, kas kattuvuste korral on tegemist plagiaadiga v\u00f5i mitte, hindab \u00f5ppej\u00f5ud.<\/p>\n<p>NB! Kui esialgu n\u00e4itab raport suurt kattuvuse protsenti, siis ei tasu ehmatada, sest kattuvused v\u00f5ivad olla lubatud kattuvused (nt oma t\u00f6\u00f6 varasem versioon v\u00f5i selle osad, korrektne viidatud tsitaat, l\u00f5put\u00f6\u00f6 kohustuslikud osad, viidatud kirjanduse allikad jms).<\/p>\n","protected":false},"excerpt":{"rendered":"<p>EBS kasutab \u00f5ppet\u00f6\u00f6s plagiaadituvastuss\u00fcsteemi StrikePlagiarism, mille vahendusel on v\u00f5imalik kontrollida kirjalike t\u00f6\u00f6de originaalsust, st v\u00f5rrelda neid internetis ja eri andmebaasides olevate eesti- ja ingliskeelsete materjalidega. \u00dcli\u00f5pilast\u00f6\u00f6de kontrollimine plagiaadituvastusprogrammi abil on \u00fcks osa t\u00f6\u00f6de hindamisprotsessist. \u00d5ppur iseseisvalt oma t\u00f6id StrikePlagiarismi vahendusel kontrolllida ei saa. \u00d5ppej\u00f5ud saab e-\u00f5ppe platvormil Canvase kursuse \u00fclesannetel (assignments) aktiveerida plagiaadikontrolli StrikePlagiarism. Kui&#8230;<\/p>\n","protected":false},"author":6,"featured_media":0,"parent":267,"menu_order":17,"comment_status":"closed","ping_status":"closed","template":"","meta":{"_eb_attr":"","footnotes":""},"categories":[],"semester":[],"campus":[],"class_list":["post-7151","page","type-page","status-publish","hentry"],"acf":[],"_links":{"self":[{"href":"https:\/\/students.ebs.ee\/et\/wp-json\/wp\/v2\/pages\/7151","targetHints":{"allow":["GET"]}}],"collection":[{"href":"https:\/\/students.ebs.ee\/et\/wp-json\/wp\/v2\/pages"}],"about":[{"href":"https:\/\/students.ebs.ee\/et\/wp-json\/wp\/v2\/types\/page"}],"author":[{"embeddable":true,"href":"https:\/\/students.ebs.ee\/et\/wp-json\/wp\/v2\/users\/6"}],"replies":[{"embeddable":true,"href":"https:\/\/students.ebs.ee\/et\/wp-json\/wp\/v2\/comments?post=7151"}],"version-history":[{"count":8,"href":"https:\/\/students.ebs.ee\/et\/wp-json\/wp\/v2\/pages\/7151\/revisions"}],"predecessor-version":[{"id":9947,"href":"https:\/\/students.ebs.ee\/et\/wp-json\/wp\/v2\/pages\/7151\/revisions\/9947"}],"up":[{"embeddable":true,"href":"https:\/\/students.ebs.ee\/et\/wp-json\/wp\/v2\/pages\/267"}],"wp:attachment":[{"href":"https:\/\/students.ebs.ee\/et\/wp-json\/wp\/v2\/media?parent=7151"}],"wp:term":[{"taxonomy":"category","embeddable":true,"href":"https:\/\/students.ebs.ee\/et\/wp-json\/wp\/v2\/categories?post=7151"},{"taxonomy":"semester","embeddable":true,"href":"https:\/\/students.ebs.ee\/et\/wp-json\/wp\/v2\/semester?post=7151"},{"taxonomy":"campus","embeddable":true,"href":"https:\/\/students.ebs.ee\/et\/wp-json\/wp\/v2\/campus?post=7151"}],"curies":[{"name":"wp","href":"https:\/\/api.w.org\/{rel}","templated":true}]}}