{"id":6479,"date":"2022-02-11T11:03:07","date_gmt":"2022-02-11T08:03:07","guid":{"rendered":"https:\/\/students.ebs.ee\/?page_id=6479"},"modified":"2025-11-24T17:28:27","modified_gmt":"2025-11-24T14:28:27","slug":"praktika-votaga","status":"publish","type":"page","link":"https:\/\/students.ebs.ee\/et\/oppetoo\/praktika\/praktika-votaga\/","title":{"rendered":"Praktika V\u00d5TA&#8217;ga"},"content":{"rendered":"\n<p class=\"paragraph\"><span class=\"normaltextrun\"><b><span style=\"font-size: 16.0pt; line-height: 115%;\">V\u00d5TA (Varasemate \u00f5pingute ja t\u00f6\u00f6kogemuse arvestamine) taotlemise protsess EBSis praktika l\u00e4bimiseks. <\/span><\/b><\/span><span class=\"scxw179170520\"><span style=\"font-size: 16.0pt; line-height: 115%;\">&nbsp;<\/span><\/span><\/p>\n\n\n\n<p>Palun loe all olevaid v\u00e4iteid ja vasta jah\/ei.<\/p>\n\n\n\n<ul class=\"wp-block-list\">\n<li>Mul on v\u00e4hemalt 1 aasta erialast t\u00f6\u00f6kogemust.<\/li>\n\n\n\n<li>Mu t\u00f6\u00f6kogemus <strong>on valdkonnas, mis toetab <\/strong>minu \u00f5pinguid.<\/li>\n<\/ul>\n\n\n\n<p>Kui vastasid m\u00f5lemale k\u00fcsimustele JAH, siis v\u00f5id alustada V\u00d5TA vormistamise protsessiga.<\/p>\n\n\n\n<p class=\"paragraph\"><span class=\"normaltextrun\"><b><u>V\u00d5TA protsess<\/u><\/b><\/span><span class=\"eop\">&nbsp;<\/span><\/p>\n\n\n\n<figure class=\"wp-block-image\"><a href=\"https:\/\/students.ebs.ee\/wp-content\/uploads\/2022\/02\/vota.jpg\"><img loading=\"lazy\" decoding=\"async\" width=\"665\" height=\"101\" src=\"https:\/\/students.ebs.ee\/wp-content\/uploads\/2022\/02\/vota.jpg\" alt=\"\" class=\"wp-image-6486\" srcset=\"https:\/\/students.ebs.ee\/wp-content\/uploads\/2022\/02\/vota.jpg 665w, https:\/\/students.ebs.ee\/wp-content\/uploads\/2022\/02\/vota-300x46.jpg 300w\" sizes=\"auto, (max-width: 665px) 100vw, 665px\" \/><\/a><\/figure>\n\n\n\n<p><\/p>\n\n\n\n<ul class=\"wp-block-list\">\n<li>V\u00d5TA taotluse t\u00f6\u00f6kogemuse arvestamiseks leiad <a href=\"https:\/\/students.ebs.ee\/et\/oppetoo\/oppeinfo\/varasemate-opingute-ja-tookogemuse-arvestamine-vota\/alamleht2\/\">SIIT.<\/a><\/li>\n\n\n\n<li>V\u00d5TA raporti vormistamiseks vajamineva informatsiooni saad praktika koordinaatorilt. Raporti sisu peab vastama l\u00e4hte\u00fclesandele.<\/li>\n\n\n\n<li>V\u00d5TA komisjonil on \u00f5igus k\u00fcsida t\u00e4iendavat t\u00f5endusmaterjali varasema t\u00f6\u00f6kogemuse kohta (nt leping, ametijuhend, laiendatud CV).<\/li>\n\n\n\n<li>V\u00d5TA taotluse l\u00e4bivaatamise eest on m\u00e4\u00e4ratud tasu 50\u20ac. Maksekorralduse koopia tuleb saata koordinaatorile koos V\u00d5TA taotlusega.<\/li>\n\n\n\n<li>Hindamise positiivse otsuse korral tuleb tasuda V\u00d5TA \u00fclekandmistasu, mida arvestatakse ainepunktip\u00f5hiselt \u2013 50% vastava \u00f5ppekava ainepunkti hinnast. Rohkem informatsiooni tasustamise p\u00f5him\u00f5tete kohta leiab <a href=\"https:\/\/students.ebs.ee\/et\/oppemaks-ja-stipendiumid\/\">SIIT.<\/a><\/li>\n\n\n\n<li>Hindamise positiivse otsusega v\u00f5ib kaasneda tingimus jagada oma erialast t\u00f6\u00f6kogemust kaas\u00fcli\u00f5pilastele.<\/li>\n\n\n\n<li>Hindamise negatiivse otsuse korral on \u00fcli\u00f5pilasel \u00f5igus sooritada praktika tavakorras (registreerub kursusele MyEBSis).<\/li>\n\n\n\n<li>\u00dcli\u00f5pilane saab V\u00d5TA taotluse praktika arvestamiseks esitada kuni 6 EAP ulatuses. (2EAP+4EAP praktika korraga).<\/li>\n\n\n\n<li>Soovitame praktika V\u00d5TA taotluse esitada enne \u00f5ppekavaj\u00e4rgset nominaalset praktika deklareerimist.<\/li>\n\n\n\n<li>Juhul, kui on soov praktika l\u00e4bimiseks kasutada V\u00d5TA protsessi, on oluline mitte registreeruda MyEBSis praktika kursusele<\/li>\n<\/ul>\n\n\n\n<p><strong><u>V\u00d5TA raport praktika kursuse l\u00e4bimiseks<\/u><\/strong><\/p>\n\n\n\n<p>Raporti l\u00e4hte\u00fclesande leiad <a href=\"https:\/\/students.ebs.ee\/wp-content\/uploads\/2022\/10\/VOTA-raport-praktika-jaoks.pdf\">siit.&nbsp;<\/a><\/p>\n\n\n\n<p>Kui tekib k\u00fcsimusi palun kontakteeru: Liina Reimann <a href=\"mailto:liina.reimann@ebs.ee\">liina.reimann@ebs.ee<\/a><\/p>\n","protected":false},"excerpt":{"rendered":"<p>V\u00d5TA (Varasemate \u00f5pingute ja t\u00f6\u00f6kogemuse arvestamine) taotlemise protsess EBSis praktika l\u00e4bimiseks. &nbsp; Palun loe all olevaid v\u00e4iteid ja vasta jah\/ei. Kui vastasid m\u00f5lemale k\u00fcsimustele JAH, siis v\u00f5id alustada V\u00d5TA vormistamise protsessiga. V\u00d5TA protsess&nbsp; V\u00d5TA raport praktika kursuse l\u00e4bimiseks Raporti l\u00e4hte\u00fclesande leiad siit.&nbsp; Kui tekib k\u00fcsimusi palun kontakteeru: Liina Reimann liina.reimann@ebs.ee<\/p>\n","protected":false},"author":300,"featured_media":0,"parent":296,"menu_order":15,"comment_status":"closed","ping_status":"closed","template":"","meta":{"_eb_attr":"","footnotes":""},"categories":[],"semester":[],"campus":[],"class_list":["post-6479","page","type-page","status-publish","hentry"],"acf":[],"_links":{"self":[{"href":"https:\/\/students.ebs.ee\/et\/wp-json\/wp\/v2\/pages\/6479","targetHints":{"allow":["GET"]}}],"collection":[{"href":"https:\/\/students.ebs.ee\/et\/wp-json\/wp\/v2\/pages"}],"about":[{"href":"https:\/\/students.ebs.ee\/et\/wp-json\/wp\/v2\/types\/page"}],"author":[{"embeddable":true,"href":"https:\/\/students.ebs.ee\/et\/wp-json\/wp\/v2\/users\/300"}],"replies":[{"embeddable":true,"href":"https:\/\/students.ebs.ee\/et\/wp-json\/wp\/v2\/comments?post=6479"}],"version-history":[{"count":8,"href":"https:\/\/students.ebs.ee\/et\/wp-json\/wp\/v2\/pages\/6479\/revisions"}],"predecessor-version":[{"id":11961,"href":"https:\/\/students.ebs.ee\/et\/wp-json\/wp\/v2\/pages\/6479\/revisions\/11961"}],"up":[{"embeddable":true,"href":"https:\/\/students.ebs.ee\/et\/wp-json\/wp\/v2\/pages\/296"}],"wp:attachment":[{"href":"https:\/\/students.ebs.ee\/et\/wp-json\/wp\/v2\/media?parent=6479"}],"wp:term":[{"taxonomy":"category","embeddable":true,"href":"https:\/\/students.ebs.ee\/et\/wp-json\/wp\/v2\/categories?post=6479"},{"taxonomy":"semester","embeddable":true,"href":"https:\/\/students.ebs.ee\/et\/wp-json\/wp\/v2\/semester?post=6479"},{"taxonomy":"campus","embeddable":true,"href":"https:\/\/students.ebs.ee\/et\/wp-json\/wp\/v2\/campus?post=6479"}],"curies":[{"name":"wp","href":"https:\/\/api.w.org\/{rel}","templated":true}]}}