{"id":5618,"date":"2021-07-15T10:15:59","date_gmt":"2021-07-15T07:15:59","guid":{"rendered":"https:\/\/students.ebs.ee\/?page_id=5618"},"modified":"2025-11-24T12:28:58","modified_gmt":"2025-11-24T09:28:58","slug":"ebs-ruumid","status":"publish","type":"page","link":"https:\/\/students.ebs.ee\/et\/oppehoone\/ebs-tallinn\/ebs-ruumid\/","title":{"rendered":"EBSi ruumid"},"content":{"rendered":"\n<p>EBSi tudengid saavad kasutada j\u00e4rgnevaid ruume iseseisvaks \u00f5ppimiseks v\u00f5i grupit\u00f6\u00f6ks tasuta*:<\/p>\n\n\n\n<ul class=\"wp-block-list\">\n<li>331 ja 333 kolmandal korrusel<\/li>\n\n\n\n<li>401, 402, 403 ja 404 neljandal korrusel<\/li>\n<\/ul>\n\n\n\n<h2 class=\"wp-block-heading\"><strong>Alustuseks<\/strong><\/h2>\n\n\n\n<p>Logi enda <strong>EBS kontoga<\/strong> sisse portaalis <a rel=\"noreferrer noopener\" href=\"https:\/\/rooms.ebs.ee\" data-type=\"URL\" data-id=\"https:\/\/rooms.ebs.ee\" target=\"_blank\">rooms.ebs.ee<\/a> (NB! Kl\u00f5psa sisselogimise lehel &#8220;Sign in with EBS Account&#8221;).<\/p>\n\n\n\n<p>Peale EBS kontoga sisse logimist lisatakse sinu kontole automaatselt \u00f5igus broneerida <a rel=\"noreferrer noopener\" href=\"https:\/\/ebstallinn.spaces.nexudus.com\/bookings\/search?public&amp;type=1414860521\" target=\"_blank\">tudengite koost\u00f6\u00f6ruume<\/a>. Samal ajal lisatakse sinu kontole 30 tundi krediiti tudengite koost\u00f6\u00f6ruumide tasuta kasutamiseks. NB! Tasuta kasutamise krediidi aktiveerimine v\u00f5ib peale esimest sisselogimist v\u00f5tta aega kuni 60 minutit.<\/p>\n\n\n\n<h2 class=\"wp-block-heading\"><strong>Koost\u00f6\u00f6ruumi broneerimine<\/strong><\/h2>\n\n\n\n<ol class=\"wp-block-list\">\n<li>Logi sisse <a href=\"https:\/\/rooms.ebs.ee\" target=\"_blank\" rel=\"noreferrer noopener\">rooms.ebs.ee<\/a> (NB! <strong>Sign in with EBS Account<\/strong>)<\/li>\n\n\n\n<li>Kliki <em>Manage bookings<\/em> -&gt; <em>Make a booking<\/em><\/li>\n\n\n\n<li>Vali ruum ja aeg (tudengite koost\u00f6\u00f6ruumid leiad h\u00f5lpsalt aadressil <a href=\"https:\/\/ebstallinn.spaces.nexudus.com\/bookings\/search?type=1414860521\">https:\/\/ebstallinn.spaces.nexudus.com\/bookings\/search?type=1414860521<\/a>)<\/li>\n\n\n\n<li>Kliki <em>Confirm this booking<\/em><\/li>\n\n\n\n<li>Kliki <em>Continue<\/em> ja broneering ongi valmis!<\/li>\n<\/ol>\n\n\n\n<p>NB! Kui sinu broneeritud ruum on lukus, palun v\u00f5ta \u00fchendust EBSi valvelauaga.<\/p>\n\n\n\n<h2 class=\"wp-block-heading\"><strong>Muude ruumide broneerimine EBSis<\/strong><\/h2>\n\n\n\n<p>EBSi tudengid saavad k\u00f5iki teisi ruume majas broneerida 50% soodsamalt.<\/p>\n\n\n\n<p>Ruumide hinnakiri on leitav portaalis <a href=\"https:\/\/rooms.ebs.ee\">rooms.ebs.ee<\/a>.<\/p>\n\n\n\n<h2 class=\"wp-block-heading\"><strong>Lisainfo<\/strong><\/h2>\n\n\n\n<p>Kui sul on k\u00fcsimusi ruumide broneerimise kohta v\u00f5i krediidi teema tundub pisut segane, v\u00f5ta julgelt \u00fchendust eposti aadressil: <a rel=\"noreferrer noopener\" href=\"mailto:rooms@ebs.ee\" target=\"_blank\">rooms@ebs.ee<\/a>.<\/p>\n\n\n\n<p>* Iga EBSi tudeng v\u00f5ib tasuta kasutada tudengite koost\u00f6\u00f6ruume kuni 30 tundi kuus. Krediiti arvestatakse iga tudengi puhul automaatselt broneeringu tegemise hetkel. Enda j\u00e4relej\u00e4\u00e4nud krediiti saab n\u00e4ha aadressil <a href=\"https:\/\/ebstallinn.spaces.nexudus.com\/profile\/plan\" target=\"_blank\" rel=\"noreferrer noopener\">https:\/\/ebstallinn.spaces.nexudus.com\/profile\/plan<\/a>.<\/p>\n","protected":false},"excerpt":{"rendered":"<p>EBSi tudengid saavad kasutada j\u00e4rgnevaid ruume iseseisvaks \u00f5ppimiseks v\u00f5i grupit\u00f6\u00f6ks tasuta*: Alustuseks Logi enda EBS kontoga sisse portaalis rooms.ebs.ee (NB! Kl\u00f5psa sisselogimise lehel &#8220;Sign in with EBS Account&#8221;). Peale EBS kontoga sisse logimist lisatakse sinu kontole automaatselt \u00f5igus broneerida tudengite koost\u00f6\u00f6ruume. Samal ajal lisatakse sinu kontole 30 tundi krediiti tudengite koost\u00f6\u00f6ruumide tasuta kasutamiseks. NB! Tasuta&#8230;<\/p>\n","protected":false},"author":6,"featured_media":0,"parent":947,"menu_order":23,"comment_status":"closed","ping_status":"closed","template":"","meta":{"_eb_attr":"","footnotes":""},"categories":[],"semester":[],"campus":[],"class_list":["post-5618","page","type-page","status-publish","hentry"],"acf":[],"_links":{"self":[{"href":"https:\/\/students.ebs.ee\/et\/wp-json\/wp\/v2\/pages\/5618","targetHints":{"allow":["GET"]}}],"collection":[{"href":"https:\/\/students.ebs.ee\/et\/wp-json\/wp\/v2\/pages"}],"about":[{"href":"https:\/\/students.ebs.ee\/et\/wp-json\/wp\/v2\/types\/page"}],"author":[{"embeddable":true,"href":"https:\/\/students.ebs.ee\/et\/wp-json\/wp\/v2\/users\/6"}],"replies":[{"embeddable":true,"href":"https:\/\/students.ebs.ee\/et\/wp-json\/wp\/v2\/comments?post=5618"}],"version-history":[{"count":14,"href":"https:\/\/students.ebs.ee\/et\/wp-json\/wp\/v2\/pages\/5618\/revisions"}],"predecessor-version":[{"id":11958,"href":"https:\/\/students.ebs.ee\/et\/wp-json\/wp\/v2\/pages\/5618\/revisions\/11958"}],"up":[{"embeddable":true,"href":"https:\/\/students.ebs.ee\/et\/wp-json\/wp\/v2\/pages\/947"}],"wp:attachment":[{"href":"https:\/\/students.ebs.ee\/et\/wp-json\/wp\/v2\/media?parent=5618"}],"wp:term":[{"taxonomy":"category","embeddable":true,"href":"https:\/\/students.ebs.ee\/et\/wp-json\/wp\/v2\/categories?post=5618"},{"taxonomy":"semester","embeddable":true,"href":"https:\/\/students.ebs.ee\/et\/wp-json\/wp\/v2\/semester?post=5618"},{"taxonomy":"campus","embeddable":true,"href":"https:\/\/students.ebs.ee\/et\/wp-json\/wp\/v2\/campus?post=5618"}],"curies":[{"name":"wp","href":"https:\/\/api.w.org\/{rel}","templated":true}]}}