{"id":5399,"date":"2021-05-10T17:29:29","date_gmt":"2021-05-10T14:29:29","guid":{"rendered":"https:\/\/students.ebs.ee\/?page_id=5399"},"modified":"2026-03-11T15:07:12","modified_gmt":"2026-03-11T12:07:12","slug":"feedback-to-courses-and-lecturers","status":"publish","type":"page","link":"https:\/\/students.ebs.ee\/et\/oppetoo\/feedback-to-courses-and-lecturers\/","title":{"rendered":"Tagasiside kursustele ja \u00f5ppej\u00f5ududele"},"content":{"rendered":"\n<h3 class=\"wp-block-heading\">Miks on tagasiside oluline?<\/h3>\n\n\n\n<p>\u00d5ppetegevuse tagasiside eesm\u00e4rk on \u00f5ppetegevuse kvaliteedi tagamine ja t\u00f5stmine ning vajadusel<br>muudatuste elluviimine \u00f5ppekavades v\u00f5i kursuste tasaandil.<\/p>\n\n\n\n<p>\u00dcli\u00f5pilased saavad anda tagasisidet nende poolt l\u00e4bitud kursustele kaks korda semestris. Tagasiside<br>k\u00fcsimustikud jagunevad kaheks: kursuse avak\u00fcsitlus (<em>course-start feedback<\/em>) ja l\u00f5ppk\u00fcsitlus (<em>course-end feedback<\/em>).<br><br>Juhised, kuidas saad anda tagasisidet leiad <a href=\"https:\/\/students.ebs.ee\/et\/oppetoo\/feedback-to-courses-and-lecturers\/kuidas-saan-anda-tagasisidet\/\" target=\"_blank\" rel=\"noreferrer noopener\">siit<\/a>.<\/p>\n\n\n\n<p>Tagasiside on <strong>konfidentsiaalne &#8211; <\/strong>see t\u00e4hendab, et k\u00fcsimustikule vastanu nime ega \u00f5pper\u00fchma ei kuvata EBSi \u00f5ppej\u00f5ule\/t\u00f6\u00f6tajale.<\/p>\n\n\n\n<pre class=\"wp-block-code\"><code><figure class=\"wp-block-pullquote\"><strong>\nSinu arvamus on meile oluline - mida rohkem inimesi annab tagasisidet, seda rohkem muudatusi on EBSil v\u00f5imalik ellu viia!<\/strong>\n<\/figure><\/code><\/pre>\n\n\n\n<h3 class=\"wp-block-heading\">Tagasiside tulemuste m\u00f5ju<\/h3>\n\n\n\n<p>Tagasiside tulemusi jagatakse EBSi juhtkonna, \u00f5ppetoolide ja \u00f5ppeastmejuhtidega. \u00dcli\u00f5pilaste poolt<br>antud hinnanguid arvestatakse juhtimisotsuste tegemisel, \u00f5ppeprogrammide ja -ainete arendamisel,<br>\u00f5ppetegevuse kvaliteedi hindamisel ja parendamisel.<\/p>\n\n\n\n<p><strong>Milliseid muudatusi saame tagasiside tulemuste p\u00f5hjal ellu viia?:<\/strong><\/p>\n\n\n\n<ul class=\"wp-block-list\">\n<li><strong>Kursuse avak\u00fcsitlus<\/strong> (<strong>Course-start):<\/strong>&nbsp;\u00f5ppekorralduse muutmine (lisaloeng, lisaseminar, kellaaja muutmine vms), \u00f5ppematerjalide lisamine, Canvase kursuse t\u00e4iendamine, kursuse \u00fcmberdisainimine, k\u00fclalis\u00f5ppej\u00f5udude<\/li>\n\n\n\n<li><strong>Kursuse l\u00f5puk\u00fcsitlus (Course-end):&nbsp;<\/strong>\u00f5ppekorralduse v\u00f5i kursuse asetuse muutmine \u00f5ppekava, kursuse eemaldamine \u00f5ppekavast k\u00fclalis\u00f5ppej\u00f5udude kaasamine, m\u00e4\u00e4ratakse kursusele uus p\u00f5hi\u00f5ppej\u00f5ud ja\/v\u00f5i suunatakse \u00f5ppej\u00f5ud koolitusele.<\/li>\n<\/ul>\n\n\n\n<h3 class=\"wp-block-heading\">K\u00fcsitluse t\u00fc\u00fcbid<\/h3>\n\n\n\n<p><strong>Kursuse avak\u00fcsitlus (<b><span data-contrast=\"auto\">Course start feedback<\/span><\/b>)<\/strong><\/p>\n\n\n\n<ul class=\"wp-block-list\">\n<li><span data-contrast=\"auto\"><strong>Miks?:<\/strong>&nbsp; Soovime teada, millised on Sinu esmamuljed ehk&nbsp;<strong>\u201cKuidas Sa hindad oma senist \u00f5pikogemust kursusel?\u201d<\/strong>. Selleks, et EBS saaks muudatusi teha semestri jooksul, palun kindlasti anna tagasisidet!<\/span><\/li>\n\n\n\n<li><strong>Millal?<\/strong>: K\u00fcsitlus avaneb, kui 1\/3 kursuse loengutest on m\u00f6\u00f6dunud <\/li>\n\n\n\n<li><strong>Kui kaua?: <\/strong>K\u00fcsitlus on avatud 5 kalendrip\u00e4eva<\/li>\n<\/ul>\n\n\n\n<p><strong><b><span data-contrast=\"auto\">Kursuse l\u00f5puk\u00fcsitlus<\/span><\/b><span data-ccp-props=\"{&quot;201341983&quot;:0,&quot;335551550&quot;:6,&quot;335551620&quot;:6,&quot;335559739&quot;:160,&quot;335559740&quot;:259}\">&nbsp;<\/span>(Course end feedback)<\/strong><\/p>\n\n\n\n<ul class=\"wp-block-list\">\n<li><span data-contrast=\"auto\"><strong>Miks?:<\/strong>&nbsp;Anda tagasisidet oma \u00f5pikogemuse kohta kursusel. Mis l\u00e4ks h\u00e4sti, mida saaks veel paremaks teha jne.<\/span><\/li>\n\n\n\n<li><strong>What can you give feedback about:&nbsp;&nbsp;<\/strong>\n<ul class=\"wp-block-list\">\n<li>Kursuse v\u00e4\u00e4rtus, ajaline kulu, kursuse \u00fcleseshitus, kursuse kvaliteet, \u00f5ppej\u00f5u pooldud \u00f5hkkond, \u00f5ppej\u00f5u poolt antud tagasiside kvaliteet ja asjakohasus<span data-ccp-props=\"{&quot;201341983&quot;:0,&quot;335551550&quot;:6,&quot;335551620&quot;:6,&quot;335559739&quot;:160,&quot;335559740&quot;:259}\">&nbsp;<\/span><\/li>\n<\/ul>\n<\/li>\n\n\n\n<li><strong>Millal?<\/strong>: K\u00fcsitlus avaneb viimase loengu\/seminari alguses<\/li>\n\n\n\n<li><strong>Kui kaua?: <\/strong>K\u00fcsitlus on avatud 10 kalendrip\u00e4eva<\/li>\n<\/ul>\n\n\n\n<p>Iga k\u00fcsimuse juurde saab j\u00e4tta kommentaari. Julgustame Sind j\u00e4tma ka kommentaare, et saaksime tuvastada parimaid pratikaid, tunnustada silmapaistvaid \u00f5ppej\u00f5ude ja v\u00e4lja selgitada t\u00e4iustamist vajavaid valdkondi.<em>&nbsp;<\/em>&nbsp;Ole p\u00f5hjalik, viisakas ja konstruktiivne.<\/p>\n\n\n\n<h3 class=\"wp-block-heading\">Tagasiside tulemused \u00f5ppeaastati<\/h3>\n\n\n\n<div class=\"wp-block-essential-blocks-dual-button  root-eb-button-group-tmse8\"><div class=\"eb-parent-wrapper eb-parent-eb-button-group-tmse8 \"><div class=\"eb-button-group-wrapper eb-button-group-tmse8 button-1\" data-id=\"eb-button-group-tmse8\"><div class=\"eb-button-inner-wrapper \"><a class=\"eb-button-anchor eb-button-one\" href=\"https:\/\/students.ebs.ee\/et\/oppetoo\/feedback-to-courses-and-lecturers\/academic-year-2021-2022-results\/\" rel=\"noopener\"><div class=\"eb-button-text eb-button-one-text\">2021\/2022<\/div><\/a><\/div><div class=\"eb-button-group__midldeInner\"><span>OR<\/span><\/div><div class=\"eb-button-inner-wrapper \"><a class=\"eb-button-anchor eb-button-two\" href=\"https:\/\/students.ebs.ee\/et\/oppetoo\/feedback-to-courses-and-lecturers\/spring-semester-results\/\" target=\"_blank\" rel=\"noopener\"><div class=\"eb-button-text eb-button-two-text\">2022\/2023<\/div><\/a><\/div><\/div><\/div><\/div>\n\n\n\n<p><\/p>\n\n\n\n<div class=\"wp-block-essential-blocks-dual-button  root-eb-button-group-pnrtt\"><div class=\"eb-parent-wrapper eb-parent-eb-button-group-pnrtt \"><div class=\"eb-button-group-wrapper eb-button-group-pnrtt button-1\" data-id=\"eb-button-group-pnrtt\"><div class=\"eb-button-inner-wrapper \"><a class=\"eb-button-anchor eb-button-one\" href=\"https:\/\/students.ebs.ee\/et\/oppetoo\/feedback-to-courses-and-lecturers\/spring-semester-results-2-3\/\" target=\"_blank\" rel=\"noopener\"><div class=\"eb-button-text eb-button-one-text\">2023\/2024<\/div><\/a><\/div><div class=\"eb-button-group__midldeInner\"><span>OR<\/span><\/div><div class=\"eb-button-inner-wrapper \"><a class=\"eb-button-anchor eb-button-two\" href=\"https:\/\/students.ebs.ee\/et\/oppetoo\/feedback-to-courses-and-lecturers\/feedback-academic-year-2024-2025\/\" target=\"_blank\" rel=\"noopener\"><div class=\"eb-button-text eb-button-two-text\">2024\/2025<\/div><\/a><\/div><\/div><\/div><\/div>\n\n\n\n<p><\/p>\n","protected":false},"excerpt":{"rendered":"<p>Miks on tagasiside oluline? \u00d5ppetegevuse tagasiside eesm\u00e4rk on \u00f5ppetegevuse kvaliteedi tagamine ja t\u00f5stmine ning vajaduselmuudatuste elluviimine \u00f5ppekavades v\u00f5i kursuste tasaandil. \u00dcli\u00f5pilased saavad anda tagasisidet nende poolt l\u00e4bitud kursustele kaks korda semestris. Tagasisidek\u00fcsimustikud jagunevad kaheks: kursuse avak\u00fcsitlus (course-start feedback) ja l\u00f5ppk\u00fcsitlus (course-end feedback). Juhised, kuidas saad anda tagasisidet leiad siit. Tagasiside on konfidentsiaalne &#8211; see t\u00e4hendab,&#8230;<\/p>\n","protected":false},"author":17,"featured_media":0,"parent":265,"menu_order":17,"comment_status":"closed","ping_status":"closed","template":"","meta":{"_eb_attr":"","footnotes":""},"categories":[],"semester":[23,129],"campus":[],"class_list":["post-5399","page","type-page","status-publish","hentry","semester-end-of-the-semester","semester-end-of-the-semester-et"],"acf":[],"_links":{"self":[{"href":"https:\/\/students.ebs.ee\/et\/wp-json\/wp\/v2\/pages\/5399","targetHints":{"allow":["GET"]}}],"collection":[{"href":"https:\/\/students.ebs.ee\/et\/wp-json\/wp\/v2\/pages"}],"about":[{"href":"https:\/\/students.ebs.ee\/et\/wp-json\/wp\/v2\/types\/page"}],"author":[{"embeddable":true,"href":"https:\/\/students.ebs.ee\/et\/wp-json\/wp\/v2\/users\/17"}],"replies":[{"embeddable":true,"href":"https:\/\/students.ebs.ee\/et\/wp-json\/wp\/v2\/comments?post=5399"}],"version-history":[{"count":10,"href":"https:\/\/students.ebs.ee\/et\/wp-json\/wp\/v2\/pages\/5399\/revisions"}],"predecessor-version":[{"id":12981,"href":"https:\/\/students.ebs.ee\/et\/wp-json\/wp\/v2\/pages\/5399\/revisions\/12981"}],"up":[{"embeddable":true,"href":"https:\/\/students.ebs.ee\/et\/wp-json\/wp\/v2\/pages\/265"}],"wp:attachment":[{"href":"https:\/\/students.ebs.ee\/et\/wp-json\/wp\/v2\/media?parent=5399"}],"wp:term":[{"taxonomy":"category","embeddable":true,"href":"https:\/\/students.ebs.ee\/et\/wp-json\/wp\/v2\/categories?post=5399"},{"taxonomy":"semester","embeddable":true,"href":"https:\/\/students.ebs.ee\/et\/wp-json\/wp\/v2\/semester?post=5399"},{"taxonomy":"campus","embeddable":true,"href":"https:\/\/students.ebs.ee\/et\/wp-json\/wp\/v2\/campus?post=5399"}],"curies":[{"name":"wp","href":"https:\/\/api.w.org\/{rel}","templated":true}]}}