{"id":5299,"date":"2021-04-28T11:49:35","date_gmt":"2021-04-28T08:49:35","guid":{"rendered":"https:\/\/students.ebs.ee\/?page_id=5299"},"modified":"2024-04-10T14:29:52","modified_gmt":"2024-04-10T11:29:52","slug":"doktorioppe-oppeteenuste-hinnakiri-tahtajad-ja-loobumise-tingimused","status":"publish","type":"page","link":"https:\/\/students.ebs.ee\/et\/oppemaks-ja-stipendiumid\/doktorioppe-oppeteenuste-hinnakiri-tahtajad-ja-loobumise-tingimused\/","title":{"rendered":"Doktori\u00f5ppe \u00f5ppeteenuste hinnakiri, t\u00e4htajad ja loobumise tingimused"},"content":{"rendered":"<p><strong>Doktori\u00f5ppe \u00f5ppekava hinnad alates 2022\/2023 \u00f5a sisse astunud doktori\u00f5ppe \u00fcli\u00f5pilastele:<\/strong><\/p>\n<p>1.<span style=\"color: #ffffff;\">n<\/span>\u00d5ppeteenustasu tasumine toimub maksegraafiku alusel kord kuus kalendriaasta l\u00f5ikes \u00f5pingute algusest l\u00f5puni. Doktori\u00f5ppe \u00f5ppekava nominaalne kestvus on 4 aastat.<\/p>\n<ul>\n<li>\u00d5ppeteenustasu osamakse summa: 600\u20ac<\/li>\n<li>Individuaalsete kokkulepete alusel v\u00f5ib doktori\u00f5ppe \u00f5ppeteenustasu maksmine toimuda ka muul viisil kui rahaliselt (v\u00f5i kombinatsioonina mitmest viisist).<\/li>\n<\/ul>\n<p>2. \u00d5ppeteenustasu maksegraafik:<\/p>\n<ul>\n<li>Kalendriaastas on 12 osamakset;<\/li>\n<li>Maksegraafiku 1. osamakse \u2013 15. septembril;<\/li>\n<li>Maksegraafiku viimane osamakse \u2013 doktorit\u00f6\u00f6 esitamisel l\u00f5ppkaitsmisele.<\/li>\n<\/ul>\n<p>3. Maksegraafiku peatumise tingimused:<\/p>\n<ul>\n<li>Akadeemilisel puhkusel viibimine (hakkab kehtima avalduse esitamise j\u00e4rgselt 15. kuup\u00e4eval);<\/li>\n<li>Eksmatrikuleerimine \u00f5ppurite nimekirjast;<\/li>\n<li>Doktorit\u00f6\u00f6 esitamine l\u00f5ppkaitsmisele.<\/li>\n<\/ul>\n<p>4. \u00d5ppeteenustasu hinnas sisalduvad:<\/p>\n<ul>\n<li>Doktorit\u00f6\u00f6 juhendamine;<\/li>\n<li>\u00d5ppekavas sisalduvad kursused, seminarid ja pedagoogiline praktika \u2013 60 EAP klassikaline suund ja 45 EAPd rakenduslik suund;<\/li>\n<li>Doktorit\u00f6\u00f6 kaitsmisprotsessiga seotud kulud sh retsensentide\/oponentide tasu ja komisjoni reisikulud, komisjoni t\u00f6\u00f6tasu, doktorit\u00f6\u00f6 tr\u00fckkimise (10 eksemplari kaitsjale) ja k\u00fcljendamise kulud \u2013 180 EAP;<\/li>\n<li>MyEBS platvormi kursuste kataloogis sisalduvad kursused;<\/li>\n<li>Ei sisaldu rakendusliku komponendi ettevalmistus, testimine ja valideerimine \u2013 15 EAP rakendusliku suuna puhul.<\/li>\n<\/ul>\n<p><strong>Doktori\u00f5ppe \u00f5ppekava hinnad 2021\/2022 \u00f5a sisse astunud doktori\u00f5ppe \u00fcli\u00f5pilastele:<\/strong><\/p>\n\n<table id=\"tablepress-54\" class=\"tablepress tablepress-id-54\">\n<thead>\n<tr class=\"row-1\">\n\t<td class=\"column-1\"><\/td><th class=\"column-2\">Arvestuslikud juhendamise tunnid ja hind (A)<\/th><th class=\"column-3\">Arvestuslik kursuste maht ainepunktides ja maksumus (B)<\/th><th class=\"column-4\">Paketi maksumus (A+B)<\/th>\n<\/tr>\n<\/thead>\n<tbody class=\"row-striping row-hover\">\n<tr class=\"row-2\">\n\t<td class=\"column-1\">1. semester<\/td><td class=\"column-2\">15 tundi \/ 90 \u20ac<\/td><td class=\"column-3\">15 EAP \/ 120 \u20ac<\/td><td class=\"column-4\">1350 \u20ac + 1800 \u20ac = 3150 \u20ac<\/td>\n<\/tr>\n<tr class=\"row-3\">\n\t<td class=\"column-1\">2. semester<\/td><td class=\"column-2\">15 tundi \/ 90 \u20ac<\/td><td class=\"column-3\">15 EAP \/ 120 \u20ac<\/td><td class=\"column-4\">1350 \u20ac + 1800 \u20ac = 3150 \u20ac<\/td>\n<\/tr>\n<tr class=\"row-4\">\n\t<td class=\"column-1\">3. semester<\/td><td class=\"column-2\">15 tundi \/ 90 \u20ac<\/td><td class=\"column-3\">15 EAP \/ 120 \u20ac<\/td><td class=\"column-4\">1350 \u20ac + 1800 \u20ac = 3150 \u20ac<\/td>\n<\/tr>\n<tr class=\"row-5\">\n\t<td class=\"column-1\">4. semester<\/td><td class=\"column-2\">15 tundi \/ 90 \u20ac<\/td><td class=\"column-3\">15 EAP \/ 120 \u20ac<\/td><td class=\"column-4\">1350 \u20ac + 1800 \u20ac = 3150 \u20ac<\/td>\n<\/tr>\n<tr class=\"row-6\">\n\t<td class=\"column-1\">5. semester<\/td><td class=\"column-2\">25 tundi \/ 90 \u20ac<\/td><td class=\"column-3\"><\/td><td class=\"column-4\">2250 \u20ac + 0 = 2250 \u20ac<\/td>\n<\/tr>\n<tr class=\"row-7\">\n\t<td class=\"column-1\">6. semester<\/td><td class=\"column-2\">25 tundi \/ 90 \u20ac<\/td><td class=\"column-3\"><\/td><td class=\"column-4\">2250 \u20ac + 0 = 2250 \u20ac<\/td>\n<\/tr>\n<tr class=\"row-8\">\n\t<td class=\"column-1\">7. semester<\/td><td class=\"column-2\">25 tundi \/ 90 \u20ac<\/td><td class=\"column-3\"><\/td><td class=\"column-4\">2250 \u20ac + 0 = 2250 \u20ac<\/td>\n<\/tr>\n<tr class=\"row-9\">\n\t<td class=\"column-1\">8. semester<\/td><td class=\"column-2\">25 tundi \/ 90 \u20ac<\/td><td class=\"column-3\"><\/td><td class=\"column-4\">2250 \u20ac + 0 = 2250 \u20ac<\/td>\n<\/tr>\n<tr class=\"row-10\">\n\t<td class=\"column-1\">L\u00f5petamine<\/td><td class=\"column-2\"><\/td><td class=\"column-3\"><\/td><td class=\"column-4\">2800 \u20ac<\/td>\n<\/tr>\n<tr class=\"row-11\">\n\t<td class=\"column-1\">Kokku<\/td><td class=\"column-2\">160 tundi \/ 14 400 \u20ac<\/td><td class=\"column-3\">60 EAP \/ 7200 \u20ac<\/td><td class=\"column-4\">24 400 \u20ac<\/td>\n<\/tr>\n<\/tbody>\n<\/table>\n\n<ul>\n<li>Doktori\u00f5ppe ainepunkti maksumus on 120 \u20ac EAP.<\/li>\n<li>Doktorit\u00f6\u00f6 juhendamine on fikseeritud mahus 160 tundi hinnaga 90 \u20ac\/ tund, mis arvestuslikult jaguneb vastavalt 15 tundi semesteris esimesed neli semestrit ja 25 tundi semesteris j\u00e4rgmised neli semestrit. Vajadusel ja eelneval kokkuleppel on tudengil v\u00f5imalik juhendamist juurde osta hinnaga 110 \u20ac\/ tund.<\/li>\n<li>Doktorit\u00f6\u00f6 kaitsmisprotsessiga seotud kulud sh retsensentide\/oponentide tasu ja reisikulud, komisjoni t\u00f6\u00f6tasu, doktorit\u00f6\u00f6 tr\u00fckkimise (30 eksemplari: 10 raamatukogule, 10 \u00fclikoolile, 10 kaitsjale) ja k\u00fcljendamise kulud (v.a keeletoimetamine) \u2013 2 800 \u20ac.<\/li>\n<li>2021\/22 sisseastujatest nominaalajaga l\u00f5petajatele v\u00e4hendab EBS \u00f5ppemaksu summas 1\u00a0050 \u20ac eeldusel, et l\u00f5petamine toimub nominaalaja sisse j\u00e4\u00e4va kalendriaasta jooksul. \u00d5ppemaksu osas teostatakse tagasiarvestus peale nominaalaja sisse j\u00e4\u00e4vat kaitsmist.<\/li>\n<\/ul>\n<p><strong>Doktori\u00f5ppe \u00f5ppekava hinnad enne 2021\/2022 \u00f5a sisse astunud doktori\u00f5ppe \u00fcli\u00f5pilastele:<\/strong><\/p>\n\n<table id=\"tablepress-53\" class=\"tablepress tablepress-id-53\">\n<thead>\n<tr class=\"row-1\">\n\t<td class=\"column-1\"><\/td><th class=\"column-2\">Ainepunkt \u20ac<\/th><th class=\"column-3\">Doktorit\u00f6\u00f6 juhendamise, kaasjuhendamise ja konsulteerimise eest semestris<\/th><th class=\"column-4\">Doktorit\u00f6\u00f6 kaitsmine<\/th>\n<\/tr>\n<\/thead>\n<tbody class=\"row-striping row-hover\">\n<tr class=\"row-2\">\n\t<td class=\"column-1\">Sisseastujad enne 2018\/2019<\/td><td class=\"column-2\">62 \u20ac<\/td><td class=\"column-3\">924 \u20ac<\/td><td class=\"column-4\">1815 \u20ac<\/td>\n<\/tr>\n<tr class=\"row-3\">\n\t<td class=\"column-1\">Sisseastujad alates 2018\/2019<\/td><td class=\"column-2\">120 \u20ac<\/td><td class=\"column-3\">1100 \u20ac<\/td><td class=\"column-4\">1980 \u20ac<\/td>\n<\/tr>\n<\/tbody>\n<\/table>\n\n<p><strong>\u00d5ppemaksu tasumise ja tagastamise t\u00e4htajad enne 2022\/2023 \u00f5a sisse astunud \u00fcli\u00f5pilastele:<\/strong><\/p>\n<p>\u00d5ppemaksude tasumine toimub reeglina \u00f5ppesemestri v\u00f5i poolsemestrite kaupa allj\u00e4rgnevatel t\u00e4htaegadel:<\/p>\n<ul>\n<li>s\u00fcgissemester:<\/li>\n<\/ul>\n<p>15.september (semester ja 1. poolsemester)<br \/>\n1.november (2. poolsemester).<br \/>\nneljas osas tasumisel lisanduvad t\u00e4htajad: 15. oktoober ja 1. detsember<\/p>\n<ul>\n<li>kevadsemester:<\/li>\n<\/ul>\n<p>15.veebruar (semester ja 1. poolsemester)<br \/>\n1.aprill (2. poolsemester)<br \/>\nneljas osas tasumisel lisanduvad t\u00e4htajad: 15. m\u00e4rts ja 1. mai<\/p>\n<ul>\n<li>\u00d5ppemaksu tasumisel kahes v\u00f5i neljas osas lisandub arvele 35 eurot.<\/li>\n<\/ul>\n<p><strong>\u00d5ppeteenusest osaliselt v\u00f5i t\u00e4ielikult loobumine enne 2022\/2023 \u00f5a sisse astunud \u00fcli\u00f5pilastele:<\/strong><\/p>\n<p>\u00d5ppeteenusest loobumisel tagastatakse \u00f5ppeteenuse maksumus t\u00e4ies mahus v\u00f5i osaliselt, kui EBSi elektroonilises registreerimiss\u00fcsteemis on \u00f5ppeteenusest loobutud v\u00f5i \u00fcli\u00f5pilane on oma \u00f5ppekonsultanti \u00f5ppeteenusest loobumisest kirjalikult teavitanud hiljemalt tabelis toodud kuup\u00e4eval. Sellisel juhul arvutatakse semestri \u00f5ppeteenuse uus hind vastavalt k\u00e4esolevale dokumendile ning tagastuse protsenti rakendatakse hinnavahele.<\/p>\n\n<table id=\"tablepress-55\" class=\"tablepress tablepress-id-55\">\n<thead>\n<tr class=\"row-1\">\n\t<td class=\"column-1\"><\/td><th class=\"column-2\">S\u00fcgissemester<\/th><th class=\"column-3\">Kevadsemester<\/th><th class=\"column-4\">Tagastuse %<\/th>\n<\/tr>\n<\/thead>\n<tbody class=\"row-striping row-hover\">\n<tr class=\"row-2\">\n\t<td class=\"column-1\">T\u00e4htaeg<\/td><td class=\"column-2\">1. september<\/td><td class=\"column-3\">28. veebruar<\/td><td class=\"column-4\">100%<\/td>\n<\/tr>\n<tr class=\"row-3\">\n\t<td class=\"column-1\">T\u00e4htaeg<\/td><td class=\"column-2\">7. oktoober<\/td><td class=\"column-3\">3. m\u00e4rts<\/td><td class=\"column-4\">90%<\/td>\n<\/tr>\n<tr class=\"row-4\">\n\t<td class=\"column-1\">T\u00e4htaeg<\/td><td class=\"column-2\">8. november<\/td><td class=\"column-3\">9. aprill<\/td><td class=\"column-4\">50%<\/td>\n<\/tr>\n<\/tbody>\n<\/table>\n\n","protected":false},"excerpt":{"rendered":"<p>Doktori\u00f5ppe \u00f5ppekava hinnad alates 2022\/2023 \u00f5a sisse astunud doktori\u00f5ppe \u00fcli\u00f5pilastele: 1.n\u00d5ppeteenustasu tasumine toimub maksegraafiku alusel kord kuus kalendriaasta l\u00f5ikes \u00f5pingute algusest l\u00f5puni. Doktori\u00f5ppe \u00f5ppekava nominaalne kestvus on 4 aastat. \u00d5ppeteenustasu osamakse summa: 600\u20ac Individuaalsete kokkulepete alusel v\u00f5ib doktori\u00f5ppe \u00f5ppeteenustasu maksmine toimuda ka muul viisil kui rahaliselt (v\u00f5i kombinatsioonina mitmest viisist). 2. \u00d5ppeteenustasu maksegraafik: Kalendriaastas on&#8230;<\/p>\n","protected":false},"author":6,"featured_media":0,"parent":322,"menu_order":1,"comment_status":"closed","ping_status":"closed","template":"","meta":{"_eb_attr":"","footnotes":""},"categories":[],"semester":[],"campus":[],"class_list":["post-5299","page","type-page","status-publish","hentry"],"acf":[],"_links":{"self":[{"href":"https:\/\/students.ebs.ee\/et\/wp-json\/wp\/v2\/pages\/5299","targetHints":{"allow":["GET"]}}],"collection":[{"href":"https:\/\/students.ebs.ee\/et\/wp-json\/wp\/v2\/pages"}],"about":[{"href":"https:\/\/students.ebs.ee\/et\/wp-json\/wp\/v2\/types\/page"}],"author":[{"embeddable":true,"href":"https:\/\/students.ebs.ee\/et\/wp-json\/wp\/v2\/users\/6"}],"replies":[{"embeddable":true,"href":"https:\/\/students.ebs.ee\/et\/wp-json\/wp\/v2\/comments?post=5299"}],"version-history":[{"count":11,"href":"https:\/\/students.ebs.ee\/et\/wp-json\/wp\/v2\/pages\/5299\/revisions"}],"predecessor-version":[{"id":9869,"href":"https:\/\/students.ebs.ee\/et\/wp-json\/wp\/v2\/pages\/5299\/revisions\/9869"}],"up":[{"embeddable":true,"href":"https:\/\/students.ebs.ee\/et\/wp-json\/wp\/v2\/pages\/322"}],"wp:attachment":[{"href":"https:\/\/students.ebs.ee\/et\/wp-json\/wp\/v2\/media?parent=5299"}],"wp:term":[{"taxonomy":"category","embeddable":true,"href":"https:\/\/students.ebs.ee\/et\/wp-json\/wp\/v2\/categories?post=5299"},{"taxonomy":"semester","embeddable":true,"href":"https:\/\/students.ebs.ee\/et\/wp-json\/wp\/v2\/semester?post=5299"},{"taxonomy":"campus","embeddable":true,"href":"https:\/\/students.ebs.ee\/et\/wp-json\/wp\/v2\/campus?post=5299"}],"curies":[{"name":"wp","href":"https:\/\/api.w.org\/{rel}","templated":true}]}}