{"id":362,"date":"2018-08-10T14:13:43","date_gmt":"2018-08-10T14:13:43","guid":{"rendered":"http:\/\/students.ebs.ee\/\/?page_id=362"},"modified":"2018-09-28T17:38:54","modified_gmt":"2018-09-28T14:38:54","slug":"garderoob","status":"publish","type":"page","link":"https:\/\/students.ebs.ee\/et\/oppehoone\/ebs-tallinn\/garderoob\/","title":{"rendered":"Garderoob"},"content":{"rendered":"<div class=\"c-article-body has-links\">\n<p>Garderoob asub EBSi keldrikorrusel Tudengikohviku k\u00f5rval.<\/p>\n<p><strong>Kaotatud ja leitud esemed<\/strong><\/p>\n<p>Juhul kui olete leidnud omanikuta eseme v\u00f5i kaotanud m\u00f5ne omale kuulunud eseme, siis p\u00f6\u00f6rduge \u00f5ppeosakonda.<\/p>\n<\/div>\n","protected":false},"excerpt":{"rendered":"<p>Garderoob asub EBSi keldrikorrusel Tudengikohviku k\u00f5rval. Kaotatud ja leitud esemed Juhul kui olete leidnud omanikuta eseme v\u00f5i kaotanud m\u00f5ne omale kuulunud eseme, siis p\u00f6\u00f6rduge \u00f5ppeosakonda.<\/p>\n","protected":false},"author":6,"featured_media":0,"parent":947,"menu_order":9,"comment_status":"closed","ping_status":"closed","template":"","meta":{"_eb_attr":"","footnotes":""},"categories":[63],"semester":[],"campus":[],"class_list":["post-362","page","type-page","status-publish","hentry","category-oppehoone"],"acf":[],"_links":{"self":[{"href":"https:\/\/students.ebs.ee\/et\/wp-json\/wp\/v2\/pages\/362","targetHints":{"allow":["GET"]}}],"collection":[{"href":"https:\/\/students.ebs.ee\/et\/wp-json\/wp\/v2\/pages"}],"about":[{"href":"https:\/\/students.ebs.ee\/et\/wp-json\/wp\/v2\/types\/page"}],"author":[{"embeddable":true,"href":"https:\/\/students.ebs.ee\/et\/wp-json\/wp\/v2\/users\/6"}],"replies":[{"embeddable":true,"href":"https:\/\/students.ebs.ee\/et\/wp-json\/wp\/v2\/comments?post=362"}],"version-history":[{"count":3,"href":"https:\/\/students.ebs.ee\/et\/wp-json\/wp\/v2\/pages\/362\/revisions"}],"predecessor-version":[{"id":985,"href":"https:\/\/students.ebs.ee\/et\/wp-json\/wp\/v2\/pages\/362\/revisions\/985"}],"up":[{"embeddable":true,"href":"https:\/\/students.ebs.ee\/et\/wp-json\/wp\/v2\/pages\/947"}],"wp:attachment":[{"href":"https:\/\/students.ebs.ee\/et\/wp-json\/wp\/v2\/media?parent=362"}],"wp:term":[{"taxonomy":"category","embeddable":true,"href":"https:\/\/students.ebs.ee\/et\/wp-json\/wp\/v2\/categories?post=362"},{"taxonomy":"semester","embeddable":true,"href":"https:\/\/students.ebs.ee\/et\/wp-json\/wp\/v2\/semester?post=362"},{"taxonomy":"campus","embeddable":true,"href":"https:\/\/students.ebs.ee\/et\/wp-json\/wp\/v2\/campus?post=362"}],"curies":[{"name":"wp","href":"https:\/\/api.w.org\/{rel}","templated":true}]}}