{"id":360,"date":"2018-08-10T14:13:28","date_gmt":"2018-08-10T14:13:28","guid":{"rendered":"http:\/\/students.ebs.ee\/\/?page_id=360"},"modified":"2020-10-08T16:51:28","modified_gmt":"2020-10-08T13:51:28","slug":"kaotatud-ja-leitud","status":"publish","type":"page","link":"https:\/\/students.ebs.ee\/et\/oppehoone\/ebs-tallinn\/kaotatud-ja-leitud\/","title":{"rendered":"Transport"},"content":{"rendered":"<div class=\"c-article-body has-links\">\n<p><strong>Transport lennujaamast<\/strong><\/p>\n<ul>\n<li><strong>Tramm: <\/strong>tramm 4 \u00fchendab lennujaama kesklinnaga. Trammi pileti saab osta sularaha (2 EUR) eest trammijuhilt. S\u00f5it kesklinna v\u00f5tab umbes 15 minutit. T\u00e4psemat informatsiooni trammiliinide kohta leiate <a href=\"https:\/\/transport.tallinn.ee\/#tram\/4\/b-a\" target=\"_blank\" rel=\"noopener noreferrer\">siit<\/a>. K\u00f5ige l\u00e4hem trammipeatus EBSile on Paberi.<\/li>\n<li><strong>Buss:<\/strong> lennujaama bussipeatused asuvad reisjaterminali linnapoolses k\u00fcljes trammipeatuse k\u00f5rval. Buss nr. 2 s\u00f5idab Kesklinn-M\u00f5igu liinil ning peatub lennujaamas.\u00a0Pileti saab osta sularaha (2 EUR) eest bussijuhilt.\u00a0T\u00e4psemat informatsiooni bussiliinide kohta leiate <a href=\"https:\/\/transport.tallinn.ee\/#bus\/2\/a-b\/13516-1\" target=\"_blank\" rel=\"noopener noreferrer\">siit<\/a>.\u00a0K\u00f5ige l\u00e4hem bussipeatus EBSile on Tornim\u00e4e.<\/li>\n<li><b>Takso:\u00a0<\/b>Tallinna lennujaama ametlikud taksopartnerid on Tulika takso, Tallink takso, Airport takso ja Tulika Premium. Taksod ootavad teid reisijaterminali ees.<\/li>\n<li><b>S\u00f5idujagamine:<\/b> lisaks eelnimetatule on v\u00f5imalik kasutada ka\u00a0<a href=\"https:\/\/www.uber.com\/en-EE\/\">Uber<\/a>\u00a0ja\u00a0<a href=\"https:\/\/bolt.eu\/en\/\" target=\"_blank\" rel=\"noopener noreferrer\">Bolt<\/a> mobiililahendusi kasutamaks s\u00f5idujagamise teenust. Uberi ja Bolt juhid saavad parkida terminali ees Kiss &amp; Fly tsoonis 15 minutit. Uberi ja Bolt kasutamine on kiire ja turvaline.<\/li>\n<\/ul>\n<p><strong>Transport sadamast<\/strong><\/p>\n<ul>\n<li><strong>Jalutamine:\u00a0<\/strong>EBS asub m\u00f5lemast sadamast (A ja D) 30-minutilise jalutusk\u00e4igu kaugusel..<\/li>\n<li><strong>Tramm:\u00a0<\/strong>L\u00e4him trammipeatus terminal A-le asub 700 m kaugusel. K\u00f5ige l\u00e4hem trammipeatus EBSile on Hobujaama.<\/li>\n<li><strong>Takso:\u00a0<\/strong>Sadama terminalide ees ootavaid teid mitmed erinevad taksofirmad, aga pidage meeles, et taksoteenuse hinnad pole Eestis reguleeritud. K\u00fcsige kindlasti taksojuhilt hinda ja veenduge, et see on teile vastuv\u00f5etav.<\/li>\n<li><b>S\u00f5idujagamine:<\/b> lisaks eelnimetatule on v\u00f5imalik kasutada ka\u00a0<a href=\"https:\/\/www.uber.com\/en-EE\/\">Uber<\/a>\u00a0ja\u00a0<a href=\"https:\/\/bolt.eu\/en\/\" target=\"_blank\" rel=\"noopener noreferrer\">Bolt<\/a>\u00a0mobiililahendusi kasutamaks s\u00f5idujagamise teenust, mis on kiire ja turvaline.<\/li>\n<\/ul>\n<\/div>\n","protected":false},"excerpt":{"rendered":"<p>Transport lennujaamast Tramm: tramm 4 \u00fchendab lennujaama kesklinnaga. Trammi pileti saab osta sularaha (2 EUR) eest trammijuhilt. S\u00f5it kesklinna v\u00f5tab umbes 15 minutit. T\u00e4psemat informatsiooni trammiliinide kohta leiate siit. K\u00f5ige l\u00e4hem trammipeatus EBSile on Paberi. Buss: lennujaama bussipeatused asuvad reisjaterminali linnapoolses k\u00fcljes trammipeatuse k\u00f5rval. Buss nr. 2 s\u00f5idab Kesklinn-M\u00f5igu liinil ning peatub lennujaamas.\u00a0Pileti saab osta&#8230;<\/p>\n","protected":false},"author":6,"featured_media":0,"parent":947,"menu_order":1,"comment_status":"closed","ping_status":"closed","template":"","meta":{"_eb_attr":"","footnotes":""},"categories":[63],"semester":[],"campus":[],"class_list":["post-360","page","type-page","status-publish","hentry","category-oppehoone"],"acf":[],"_links":{"self":[{"href":"https:\/\/students.ebs.ee\/et\/wp-json\/wp\/v2\/pages\/360","targetHints":{"allow":["GET"]}}],"collection":[{"href":"https:\/\/students.ebs.ee\/et\/wp-json\/wp\/v2\/pages"}],"about":[{"href":"https:\/\/students.ebs.ee\/et\/wp-json\/wp\/v2\/types\/page"}],"author":[{"embeddable":true,"href":"https:\/\/students.ebs.ee\/et\/wp-json\/wp\/v2\/users\/6"}],"replies":[{"embeddable":true,"href":"https:\/\/students.ebs.ee\/et\/wp-json\/wp\/v2\/comments?post=360"}],"version-history":[{"count":6,"href":"https:\/\/students.ebs.ee\/et\/wp-json\/wp\/v2\/pages\/360\/revisions"}],"predecessor-version":[{"id":4112,"href":"https:\/\/students.ebs.ee\/et\/wp-json\/wp\/v2\/pages\/360\/revisions\/4112"}],"up":[{"embeddable":true,"href":"https:\/\/students.ebs.ee\/et\/wp-json\/wp\/v2\/pages\/947"}],"wp:attachment":[{"href":"https:\/\/students.ebs.ee\/et\/wp-json\/wp\/v2\/media?parent=360"}],"wp:term":[{"taxonomy":"category","embeddable":true,"href":"https:\/\/students.ebs.ee\/et\/wp-json\/wp\/v2\/categories?post=360"},{"taxonomy":"semester","embeddable":true,"href":"https:\/\/students.ebs.ee\/et\/wp-json\/wp\/v2\/semester?post=360"},{"taxonomy":"campus","embeddable":true,"href":"https:\/\/students.ebs.ee\/et\/wp-json\/wp\/v2\/campus?post=360"}],"curies":[{"name":"wp","href":"https:\/\/api.w.org\/{rel}","templated":true}]}}