{"id":358,"date":"2018-08-10T14:13:15","date_gmt":"2018-08-10T14:13:15","guid":{"rendered":"http:\/\/students.ebs.ee\/\/?page_id=358"},"modified":"2023-08-10T12:00:22","modified_gmt":"2023-08-10T09:00:22","slug":"parkimine","status":"publish","type":"page","link":"https:\/\/students.ebs.ee\/et\/oppehoone\/ebs-tallinn\/parkimine\/","title":{"rendered":"Parkimine"},"content":{"rendered":"<p><strong>Seoses EBSi uue hoone ehitust\u00f6\u00f6dega on EBSi senine parkla suletud!<\/strong><\/p>\n<p>EBSi l\u00e4heduses on v\u00f5imalik enda autot parkida mitmetes tasulistes parklates:<\/p>\n<ul>\n<li style=\"font-weight: 400;\">Kuke 7\/8, tsoon EP3, \u20ac128,00 \/ kuu<\/li>\n<li style=\"font-weight: 400;\">Lembitu 4, tsoon EP4, \u20ac120,00 \/ kuu<\/li>\n<li style=\"font-weight: 400;\">Lennuki 9, tsoon EP145, \u20ac120,00 \/ kuu<\/li>\n<li style=\"font-weight: 400;\">Lennuki 24, tsoon EP66, \u20ac120,00 \/ kuu<\/li>\n<li style=\"font-weight: 400;\">Viru Keskuse parkimismaja, tsoon VIRU, \u20ac120,00 \/ kuu<\/li>\n<li style=\"font-weight: 400;\">Maakri 26, tsoon P32, \u20ac144,00 \/ kuu<\/li>\n<\/ul>\n<p>NB! Parklate saadavus ja hinnad v\u00f5ivad muutuda ajas. Sellel lehel olevat infot on viimati uuendatud 10. augustil 2023.<\/p>\n","protected":false},"excerpt":{"rendered":"<p>Seoses EBSi uue hoone ehitust\u00f6\u00f6dega on EBSi senine parkla suletud! EBSi l\u00e4heduses on v\u00f5imalik enda autot parkida mitmetes tasulistes parklates: Kuke 7\/8, tsoon EP3, \u20ac128,00 \/ kuu Lembitu 4, tsoon EP4, \u20ac120,00 \/ kuu Lennuki 9, tsoon EP145, \u20ac120,00 \/ kuu Lennuki 24, tsoon EP66, \u20ac120,00 \/ kuu Viru Keskuse parkimismaja, tsoon VIRU, \u20ac120,00 \/&#8230;<\/p>\n","protected":false},"author":6,"featured_media":0,"parent":947,"menu_order":8,"comment_status":"closed","ping_status":"closed","template":"","meta":{"_eb_attr":"","footnotes":""},"categories":[63],"semester":[],"campus":[],"class_list":["post-358","page","type-page","status-publish","hentry","category-oppehoone"],"acf":[],"_links":{"self":[{"href":"https:\/\/students.ebs.ee\/et\/wp-json\/wp\/v2\/pages\/358","targetHints":{"allow":["GET"]}}],"collection":[{"href":"https:\/\/students.ebs.ee\/et\/wp-json\/wp\/v2\/pages"}],"about":[{"href":"https:\/\/students.ebs.ee\/et\/wp-json\/wp\/v2\/types\/page"}],"author":[{"embeddable":true,"href":"https:\/\/students.ebs.ee\/et\/wp-json\/wp\/v2\/users\/6"}],"replies":[{"embeddable":true,"href":"https:\/\/students.ebs.ee\/et\/wp-json\/wp\/v2\/comments?post=358"}],"version-history":[{"count":7,"href":"https:\/\/students.ebs.ee\/et\/wp-json\/wp\/v2\/pages\/358\/revisions"}],"predecessor-version":[{"id":9321,"href":"https:\/\/students.ebs.ee\/et\/wp-json\/wp\/v2\/pages\/358\/revisions\/9321"}],"up":[{"embeddable":true,"href":"https:\/\/students.ebs.ee\/et\/wp-json\/wp\/v2\/pages\/947"}],"wp:attachment":[{"href":"https:\/\/students.ebs.ee\/et\/wp-json\/wp\/v2\/media?parent=358"}],"wp:term":[{"taxonomy":"category","embeddable":true,"href":"https:\/\/students.ebs.ee\/et\/wp-json\/wp\/v2\/categories?post=358"},{"taxonomy":"semester","embeddable":true,"href":"https:\/\/students.ebs.ee\/et\/wp-json\/wp\/v2\/semester?post=358"},{"taxonomy":"campus","embeddable":true,"href":"https:\/\/students.ebs.ee\/et\/wp-json\/wp\/v2\/campus?post=358"}],"curies":[{"name":"wp","href":"https:\/\/api.w.org\/{rel}","templated":true}]}}