{"id":3541,"date":"2020-06-30T11:05:01","date_gmt":"2020-06-30T08:05:01","guid":{"rendered":"http:\/\/students.ebs.ee\/?page_id=3541"},"modified":"2023-04-06T10:05:43","modified_gmt":"2023-04-06T07:05:43","slug":"10-vaaritu-kaitumine","status":"publish","type":"page","link":"https:\/\/students.ebs.ee\/et\/oppekorralduse-eeskiri\/10-vaaritu-kaitumine\/","title":{"rendered":"10. V\u00e4\u00e4ritu k\u00e4itumine"},"content":{"rendered":"\n<p>10.1 V\u00e4\u00e4ritu k\u00e4itumise juhtumitena k\u00e4sitletakse j\u00e4rgmist:<br>a) \u00fcldtunnustatud k\u00e4itumisnormide v\u00f5i akadeemiliste tavade vastu olulisel m\u00e4\u00e4ral eksimine;<br>b) dokumentide v\u00f5ltsimine;<br>c) valeandmete teadlik esitamine oma t\u00f6\u00f6des ja\/v\u00f5i taotlustes;<br>d) EBSi maine kahjustamist, sh EBSi kohta p\u00f5hjendamatute negatiivsete v\u00e4\u00e4rtushinnangute andmine;<br>e) EBSiga koosk\u00f5lastamata ja varalise kasu saamise eesm\u00e4rgil EBSi poolt pakutavate \u00f5ppimisv\u00f5imaluste v\u00f5i teenuste vahendamine v\u00f5i \u00fclikooli tutvustavate materjalide koostamine ja levitamine v\u00f5i muud tegevused, millega p\u00f5hjustatakse \u00fclikoolile varalist v\u00f5i mainekahju.<br>10.2 V\u00e4\u00e4ritu k\u00e4itumise korral rakendatavad sanktsioonid on:<br>a) hoiatus;<br>b) noomitus;<br>c) eksmatrikuleerimine.<br>10.3 V\u00e4\u00e4ritu k\u00e4itumise juhtumi avastanud isik informeerib sellest \u00f5ppeosakonna juhatajat, kes teeb esmase otsuse rakendatava sanktsiooni kohta ning informeerib sellest \u00f5ppeprorektorit.<br>10.4 Rakendatav sanktsioon s\u00f5ltub v\u00e4\u00e4ritu k\u00e4itumisakti ulatusest ja laadist ning varasemate eksimuste olemasolust.<br>10.5 V\u00e4\u00e4ritu k\u00e4itumisjuhu korral m\u00e4\u00e4ratud sanktsioon kantakse \u00f5ppuri andmetesse EBS-i andmebaasis.<br>10.6 \u00dcli\u00f5pilane eksmatrikuleeritakse v\u00e4\u00e4ritu k\u00e4itumise t\u00f5ttu, kui:<br>a) ta on \u00fcli\u00f5pilasena tahtlikult toime pandud kuriteo eest kohtu poolt s\u00fc\u00fcdi m\u00f5istetud;<br>b) ta on v\u00f5ltsinud dokumente.<br>10.7 Eksmatrikuleerimise kinnitab rektor.<br>10.8 \u00d5ppuril on \u00f5igus karistuse m\u00f5istmise p\u00e4evast alates k\u00fcmne t\u00f6\u00f6p\u00e4eva jooksul esitada kirjalik protest \u00f5ppeosakonna juhatajale, kes selle lahendamiseks moodustab komisjoni. Protesti \u00f5igustatuse \u00fcle otsustatakse neljateistk\u00fcmne p\u00e4eva jooksul. \u00d5igustatud protesti korral kustutatakse v\u00e4iksem teostatud karistus (hoiatus) andmebaasist. Muud m\u00f5istetud karistused t\u00fchistatakse v\u00f5i muudetakse.<br>10.9 V\u00e4\u00e4ritu k\u00e4itumisega seotud vaidlusk\u00fcsimused lahendab EBSi senati eetikakomisjon.<\/p>\n","protected":false},"excerpt":{"rendered":"<p>10.1 V\u00e4\u00e4ritu k\u00e4itumise juhtumitena k\u00e4sitletakse j\u00e4rgmist:a) \u00fcldtunnustatud k\u00e4itumisnormide v\u00f5i akadeemiliste tavade vastu olulisel m\u00e4\u00e4ral eksimine;b) dokumentide v\u00f5ltsimine;c) valeandmete teadlik esitamine oma t\u00f6\u00f6des ja\/v\u00f5i taotlustes;d) EBSi maine kahjustamist, sh EBSi kohta p\u00f5hjendamatute negatiivsete v\u00e4\u00e4rtushinnangute andmine;e) EBSiga koosk\u00f5lastamata ja varalise kasu saamise eesm\u00e4rgil EBSi poolt pakutavate \u00f5ppimisv\u00f5imaluste v\u00f5i teenuste vahendamine v\u00f5i \u00fclikooli tutvustavate materjalide koostamine ja levitamine&#8230;<\/p>\n","protected":false},"author":6,"featured_media":0,"parent":320,"menu_order":22,"comment_status":"closed","ping_status":"closed","template":"","meta":{"_eb_attr":"","footnotes":""},"categories":[],"semester":[],"campus":[],"class_list":["post-3541","page","type-page","status-publish","hentry"],"acf":[],"_links":{"self":[{"href":"https:\/\/students.ebs.ee\/et\/wp-json\/wp\/v2\/pages\/3541","targetHints":{"allow":["GET"]}}],"collection":[{"href":"https:\/\/students.ebs.ee\/et\/wp-json\/wp\/v2\/pages"}],"about":[{"href":"https:\/\/students.ebs.ee\/et\/wp-json\/wp\/v2\/types\/page"}],"author":[{"embeddable":true,"href":"https:\/\/students.ebs.ee\/et\/wp-json\/wp\/v2\/users\/6"}],"replies":[{"embeddable":true,"href":"https:\/\/students.ebs.ee\/et\/wp-json\/wp\/v2\/comments?post=3541"}],"version-history":[{"count":3,"href":"https:\/\/students.ebs.ee\/et\/wp-json\/wp\/v2\/pages\/3541\/revisions"}],"predecessor-version":[{"id":8881,"href":"https:\/\/students.ebs.ee\/et\/wp-json\/wp\/v2\/pages\/3541\/revisions\/8881"}],"up":[{"embeddable":true,"href":"https:\/\/students.ebs.ee\/et\/wp-json\/wp\/v2\/pages\/320"}],"wp:attachment":[{"href":"https:\/\/students.ebs.ee\/et\/wp-json\/wp\/v2\/media?parent=3541"}],"wp:term":[{"taxonomy":"category","embeddable":true,"href":"https:\/\/students.ebs.ee\/et\/wp-json\/wp\/v2\/categories?post=3541"},{"taxonomy":"semester","embeddable":true,"href":"https:\/\/students.ebs.ee\/et\/wp-json\/wp\/v2\/semester?post=3541"},{"taxonomy":"campus","embeddable":true,"href":"https:\/\/students.ebs.ee\/et\/wp-json\/wp\/v2\/campus?post=3541"}],"curies":[{"name":"wp","href":"https:\/\/api.w.org\/{rel}","templated":true}]}}