{"id":352,"date":"2018-08-10T14:11:48","date_gmt":"2018-08-10T14:11:48","guid":{"rendered":"http:\/\/students.ebs.ee\/\/?page_id=352"},"modified":"2022-08-25T16:10:37","modified_gmt":"2022-08-25T13:10:37","slug":"arvutiklassid","status":"publish","type":"page","link":"https:\/\/students.ebs.ee\/et\/it-teenused\/arvutiklassid\/","title":{"rendered":"\u00dcldkasutatavad arvutid"},"content":{"rendered":"<p>\u00dcldkasutatavaid arvuteid saab \u00f5ppet\u00f6\u00f6ks ja printimiseks kasutada lugemissaali vaikse t\u00f6\u00f6 alal 2. korrusel (ruum 234).<\/p>\n<p>Kui t\u00f6\u00f6tamisel tekib m\u00f5ni tehnilist laadi probleem, siis palume p\u00f6\u00f6rduda ruumi 223A v\u00f5i 223 IT-toe poole.<\/p>\n<p>Isikliku arvuti \u00fchendamine EBSi lokaalv\u00f5rku on keelatud kogu majas, selle asemel kasutage avalikku EBS WiFi v\u00f5rku.<\/p>\n","protected":false},"excerpt":{"rendered":"<p>\u00dcldkasutatavaid arvuteid saab \u00f5ppet\u00f6\u00f6ks ja printimiseks kasutada lugemissaali vaikse t\u00f6\u00f6 alal 2. korrusel (ruum 234). Kui t\u00f6\u00f6tamisel tekib m\u00f5ni tehnilist laadi probleem, siis palume p\u00f6\u00f6rduda ruumi 223A v\u00f5i 223 IT-toe poole. Isikliku arvuti \u00fchendamine EBSi lokaalv\u00f5rku on keelatud kogu majas, selle asemel kasutage avalikku EBS WiFi v\u00f5rku.<\/p>\n","protected":false},"author":6,"featured_media":0,"parent":344,"menu_order":14,"comment_status":"closed","ping_status":"closed","template":"","meta":{"_eb_attr":"","footnotes":""},"categories":[62,64],"semester":[],"campus":[],"class_list":["post-352","page","type-page","status-publish","hentry","category-it-teenused","category-raamatukogu"],"acf":[],"_links":{"self":[{"href":"https:\/\/students.ebs.ee\/et\/wp-json\/wp\/v2\/pages\/352","targetHints":{"allow":["GET"]}}],"collection":[{"href":"https:\/\/students.ebs.ee\/et\/wp-json\/wp\/v2\/pages"}],"about":[{"href":"https:\/\/students.ebs.ee\/et\/wp-json\/wp\/v2\/types\/page"}],"author":[{"embeddable":true,"href":"https:\/\/students.ebs.ee\/et\/wp-json\/wp\/v2\/users\/6"}],"replies":[{"embeddable":true,"href":"https:\/\/students.ebs.ee\/et\/wp-json\/wp\/v2\/comments?post=352"}],"version-history":[{"count":6,"href":"https:\/\/students.ebs.ee\/et\/wp-json\/wp\/v2\/pages\/352\/revisions"}],"predecessor-version":[{"id":7875,"href":"https:\/\/students.ebs.ee\/et\/wp-json\/wp\/v2\/pages\/352\/revisions\/7875"}],"up":[{"embeddable":true,"href":"https:\/\/students.ebs.ee\/et\/wp-json\/wp\/v2\/pages\/344"}],"wp:attachment":[{"href":"https:\/\/students.ebs.ee\/et\/wp-json\/wp\/v2\/media?parent=352"}],"wp:term":[{"taxonomy":"category","embeddable":true,"href":"https:\/\/students.ebs.ee\/et\/wp-json\/wp\/v2\/categories?post=352"},{"taxonomy":"semester","embeddable":true,"href":"https:\/\/students.ebs.ee\/et\/wp-json\/wp\/v2\/semester?post=352"},{"taxonomy":"campus","embeddable":true,"href":"https:\/\/students.ebs.ee\/et\/wp-json\/wp\/v2\/campus?post=352"}],"curies":[{"name":"wp","href":"https:\/\/api.w.org\/{rel}","templated":true}]}}