{"id":350,"date":"2018-08-10T14:11:31","date_gmt":"2018-08-10T14:11:31","guid":{"rendered":"http:\/\/students.ebs.ee\/\/?page_id=350"},"modified":"2025-10-29T14:48:01","modified_gmt":"2025-10-29T11:48:01","slug":"printimine","status":"publish","type":"page","link":"https:\/\/students.ebs.ee\/et\/it-teenused\/printimine\/","title":{"rendered":"Printimine"},"content":{"rendered":"\n<h2 class=\"wp-block-heading\"><strong>Printimine Papercuti s\u00fcsteemist<\/strong><\/h2>\n\n\n\n<h3 class=\"wp-block-heading\"><strong>Web Print (enda seadmest)<\/strong><\/h3>\n\n\n\n<p>Minge sellele lehele: <a href=\"https:\/\/print.ebs.ee\/\">https:\/\/print.ebs.ee\/<\/a><\/p>\n\n\n\n<p>Logige sisse EBS kasutajanime ja parooliga. Valige web print:<\/p>\n\n\n\n<figure class=\"wp-block-image\"><img loading=\"lazy\" decoding=\"async\" width=\"180\" height=\"40\" src=\"https:\/\/students.ebs.ee\/wp-content\/uploads\/2021\/04\/Picture1.png\" alt=\"\" class=\"wp-image-5173\"\/><\/figure>\n\n\n\n<p>Valige Submit a job:<\/p>\n\n\n\n<figure class=\"wp-block-image\"><img loading=\"lazy\" decoding=\"async\" width=\"173\" height=\"73\" src=\"https:\/\/students.ebs.ee\/wp-content\/uploads\/2021\/04\/Picture2.png\" alt=\"\" class=\"wp-image-5171\"\/><\/figure>\n\n\n\n<p>Valige printer (A3\/A4 &#8211; paberi suurus; BW &#8211; Mustvalge v\u00f5i valige &#8220;Color&#8221; v\u00e4rvilise prindi jaoks):<\/p>\n\n\n\n<figure class=\"wp-block-image size-full\"><img loading=\"lazy\" decoding=\"async\" width=\"220\" height=\"229\" src=\"https:\/\/students.ebs.ee\/wp-content\/uploads\/2025\/10\/papercut1.png\" alt=\"\" class=\"wp-image-11619\"\/><\/figure>\n\n\n\n<p>Vajutage Print options and account selection:<\/p>\n\n\n\n<figure class=\"wp-block-image\"><img loading=\"lazy\" decoding=\"async\" width=\"266\" height=\"54\" src=\"https:\/\/students.ebs.ee\/wp-content\/uploads\/2021\/04\/Picture4.png\" alt=\"\" class=\"wp-image-5167\"\/><\/figure>\n\n\n\n<p>Valige, mitu koopiat soovite teha ja vajutage Upload documents:<\/p>\n\n\n\n<figure class=\"wp-block-image\"><img loading=\"lazy\" decoding=\"async\" width=\"192\" height=\"61\" src=\"https:\/\/students.ebs.ee\/wp-content\/uploads\/2021\/04\/Picture5.png\" alt=\"\" class=\"wp-image-5165\"\/><\/figure>\n\n\n\n<p>Laadige dokumendid \u00fcles ja vajutage Upload &amp; Complete<\/p>\n\n\n\n<figure class=\"wp-block-image\"><img loading=\"lazy\" decoding=\"async\" width=\"162\" height=\"54\" src=\"https:\/\/students.ebs.ee\/wp-content\/uploads\/2021\/04\/Picture6.png\" alt=\"\" class=\"wp-image-5163\"\/><\/figure>\n\n\n\n<p>Siis l\u00e4heb veidike aega ning tuleb teade, et Teie t\u00f6\u00f6 on j\u00e4rjekorras<\/p>\n\n\n\n<figure class=\"wp-block-image\"><img loading=\"lazy\" decoding=\"async\" width=\"124\" height=\"45\" src=\"https:\/\/students.ebs.ee\/wp-content\/uploads\/2021\/04\/Picture7.png\" alt=\"\" class=\"wp-image-5161\"\/><\/figure>\n\n\n\n<p>Selleks, et printerist enda soovitud dokumendid v\u00e4lja saada, tuleb teil vajutada print.ebs.ee lehel &#8220;Held in a queue&#8221; kirjale.<\/p>\n\n\n\n<figure class=\"wp-block-image size-large\"><img loading=\"lazy\" decoding=\"async\" width=\"1024\" height=\"219\" src=\"https:\/\/students.ebs.ee\/wp-content\/uploads\/2022\/10\/Held-in-a-QUEUE-1024x219.png\" alt=\"\" class=\"wp-image-8138\" srcset=\"https:\/\/students.ebs.ee\/wp-content\/uploads\/2022\/10\/Held-in-a-QUEUE-1024x219.png 1024w, https:\/\/students.ebs.ee\/wp-content\/uploads\/2022\/10\/Held-in-a-QUEUE-300x64.png 300w, https:\/\/students.ebs.ee\/wp-content\/uploads\/2022\/10\/Held-in-a-QUEUE-768x164.png 768w, https:\/\/students.ebs.ee\/wp-content\/uploads\/2022\/10\/Held-in-a-QUEUE.png 1225w\" sizes=\"auto, (max-width: 1024px) 100vw, 1024px\" \/><\/figure>\n\n\n\n<p>Peale &#8220;Held in a queue&#8221; vajutamist, viiakse teid lehele, kus saate valida t\u00f6\u00f6\/dokumendi nimetuse, mida soovite printida, valides &#8220;[print]&#8221;.<\/p>\n\n\n\n<figure class=\"wp-block-image size-large\"><img loading=\"lazy\" decoding=\"async\" width=\"1024\" height=\"85\" src=\"https:\/\/students.ebs.ee\/wp-content\/uploads\/2022\/10\/Held-in-a-QUEUE-2.png--1024x85.png\" alt=\"\" class=\"wp-image-8142\" srcset=\"https:\/\/students.ebs.ee\/wp-content\/uploads\/2022\/10\/Held-in-a-QUEUE-2.png--1024x85.png 1024w, https:\/\/students.ebs.ee\/wp-content\/uploads\/2022\/10\/Held-in-a-QUEUE-2.png--300x25.png 300w, https:\/\/students.ebs.ee\/wp-content\/uploads\/2022\/10\/Held-in-a-QUEUE-2.png--768x63.png 768w, https:\/\/students.ebs.ee\/wp-content\/uploads\/2022\/10\/Held-in-a-QUEUE-2.png-.png 1210w\" sizes=\"auto, (max-width: 1024px) 100vw, 1024px\" \/><\/figure>\n\n\n\n<p>Siin peate Te valima printeri, millest soovite enda t\u00f6\u00f6 v\u00e4lja printida. Punasega m\u00e4rgitud printerid on tudengite jaoks m\u00f5eldud ja saate valida kas teise v\u00f5i kolmanda korruse printeri vahel.<\/p>\n\n\n\n<figure class=\"wp-block-image size-full\"><img loading=\"lazy\" decoding=\"async\" width=\"602\" height=\"176\" src=\"https:\/\/students.ebs.ee\/wp-content\/uploads\/2025\/10\/papercut2.png\" alt=\"\" class=\"wp-image-11622\" srcset=\"https:\/\/students.ebs.ee\/wp-content\/uploads\/2025\/10\/papercut2.png 602w, https:\/\/students.ebs.ee\/wp-content\/uploads\/2025\/10\/papercut2-300x88.png 300w\" sizes=\"auto, (max-width: 602px) 100vw, 602px\" \/><\/figure>\n\n\n\n<p>N\u00fc\u00fcd alustab printer Teie t\u00f6\u00f6 v\u00e4lja printimist.<\/p>\n\n\n\n<p><\/p>\n\n\n\n<p><\/p>\n\n\n\n<h3 class=\"wp-block-heading\"><strong>E-mail print (enda seadmest)<\/strong><\/h3>\n\n\n\n<p>Kui soovite printida e-maili kaudu, siis saate seda teha nii:<\/p>\n\n\n\n<ul class=\"wp-block-list\">\n<li>Saatke e-mail enda @ebs.ee meililt koos manusega aadressile: <strong><a href=\"mailto:printer@ebs.ee\">printer@ebs.ee<\/a><\/strong><\/li>\n\n\n\n<li>Te saate teate, et Teie dokument on \u00fcles laetud.<\/li>\n\n\n\n<li>Logige printerisse enda EBS kontoga ja printige dokument<\/li>\n<\/ul>\n\n\n\n<h3 class=\"wp-block-heading\"><strong>Printimine Lugemissaali arvutist<\/strong><\/h3>\n\n\n\n<ul class=\"wp-block-list\">\n<li>Logige arvutisse EBS kasutajanime ja parooliga<\/li>\n\n\n\n<li>Valige printer nimega \u201e<strong>Printer<\/strong>\u201c kui alustate dokumendi printimist<\/li>\n\n\n\n<li>N\u00fc\u00fcd logige printerisse enda EBS kontoga ja printige dokument<\/li>\n<\/ul>\n\n\n\n<p>T\u00f6\u00f6 ootab v\u00e4ljaprintimist 24h.<\/p>\n\n\n\n<p>Lisaks printimisele on v\u00f5imalik kasutada seadmete teisi funktsioone: sk\u00e4nneerida, teha koopiaid, must-valge v\u00f5i v\u00e4rviline print jne.<\/p>\n\n\n\n<h2 class=\"wp-block-heading\"><strong>NB! Printida saab 50 must &amp; valget lehte tasuta!<\/strong><\/h2>\n\n\n\n<p><strong>Hinnad: A4 must &amp; valge: 0.04 \u20ac<\/strong><\/p>\n\n\n\n<p><strong>\u00a0 \u00a0 \u00a0 \u00a0 \u00a0 \u00a0 \u00a0 \u00a0 \u00a0 A4 v\u00e4rviline: 0.25 \u20ac<\/strong><\/p>\n\n\n\n<p>Kui soovite printida rohkem, siis peate siduma enda pangakaardi EBS kontoga. Selle kohta leiate juhendi siit:<\/p>\n\n\n\n<h3 class=\"wp-block-heading\"><strong>Pangakaardi sidumine printimiss\u00fcsteemiga<\/strong><\/h3>\n\n\n\n<p>Minge aadressile: <a href=\"https:\/\/print.ebs.ee\/\">https:\/\/print.ebs.ee\/<\/a><\/p>\n\n\n\n<p>Logige sisse EBS kasutajanime ja parooliga.<\/p>\n\n\n\n<p>Te saate siduda pangakaardi EBS kontoga vajutades \u201eEveryPay\u201c vasakul men\u00fc\u00fcribal.<\/p>\n\n\n\n<figure class=\"wp-block-image\"><img loading=\"lazy\" decoding=\"async\" width=\"300\" height=\"214\" src=\"https:\/\/students.ebs.ee\/wp-content\/uploads\/2021\/04\/Picture8-300x214.png\" alt=\"\" class=\"wp-image-5159\" srcset=\"https:\/\/students.ebs.ee\/wp-content\/uploads\/2021\/04\/Picture8-300x214.png 300w, https:\/\/students.ebs.ee\/wp-content\/uploads\/2021\/04\/Picture8.png 339w\" sizes=\"auto, (max-width: 300px) 100vw, 300px\" \/><\/figure>\n\n\n\n<p>Siis sisestage enda pangakaardi andmed. Salvestamiseks vajutage \u201eSave Card\u201c. Pangakaardi identifitseerimiseks j\u00e4lgige ekraanile ilmuvaid juhiseid.<\/p>\n\n\n\n<figure class=\"wp-block-image\"><img loading=\"lazy\" decoding=\"async\" width=\"212\" height=\"232\" src=\"https:\/\/students.ebs.ee\/wp-content\/uploads\/2021\/04\/Picture9.png\" alt=\"\" class=\"wp-image-5157\"\/><\/figure>\n\n\n\n<p>Kui sidumine oli edukas, siis n\u00e4ete EveryPay krediiti pealehel.<\/p>\n\n\n\n<figure class=\"wp-block-image size-full\"><img loading=\"lazy\" decoding=\"async\" width=\"116\" height=\"78\" src=\"https:\/\/students.ebs.ee\/wp-content\/uploads\/2025\/10\/papercut3.png\" alt=\"\" class=\"wp-image-11624\"\/><\/figure>\n\n\n\n<p>Pangakonto eemaldamiseks vajutage \u201eRemove\u201c men\u00fc\u00fcs.<\/p>\n\n\n\n<p>N\u00fc\u00fcd, kui pangakaart on seotud Papercut s\u00fcsteemiga, v\u00f5tab see automaatselt raha Teie kontolt, kui krediit 2 \u20ac on kasutatud.<\/p>\n","protected":false},"excerpt":{"rendered":"<p>Printimine Papercuti s\u00fcsteemist Web Print (enda seadmest) Minge sellele lehele: https:\/\/print.ebs.ee\/ Logige sisse EBS kasutajanime ja parooliga. Valige web print: Valige Submit a job: Valige printer (A3\/A4 &#8211; paberi suurus; BW &#8211; Mustvalge v\u00f5i valige &#8220;Color&#8221; v\u00e4rvilise prindi jaoks): Vajutage Print options and account selection: Valige, mitu koopiat soovite teha ja vajutage Upload documents: Laadige&#8230;<\/p>\n","protected":false},"author":6,"featured_media":0,"parent":344,"menu_order":14,"comment_status":"closed","ping_status":"closed","template":"","meta":{"_eb_attr":"","footnotes":""},"categories":[62],"semester":[],"campus":[],"class_list":["post-350","page","type-page","status-publish","hentry","category-it-teenused"],"acf":[],"_links":{"self":[{"href":"https:\/\/students.ebs.ee\/et\/wp-json\/wp\/v2\/pages\/350","targetHints":{"allow":["GET"]}}],"collection":[{"href":"https:\/\/students.ebs.ee\/et\/wp-json\/wp\/v2\/pages"}],"about":[{"href":"https:\/\/students.ebs.ee\/et\/wp-json\/wp\/v2\/types\/page"}],"author":[{"embeddable":true,"href":"https:\/\/students.ebs.ee\/et\/wp-json\/wp\/v2\/users\/6"}],"replies":[{"embeddable":true,"href":"https:\/\/students.ebs.ee\/et\/wp-json\/wp\/v2\/comments?post=350"}],"version-history":[{"count":18,"href":"https:\/\/students.ebs.ee\/et\/wp-json\/wp\/v2\/pages\/350\/revisions"}],"predecessor-version":[{"id":11627,"href":"https:\/\/students.ebs.ee\/et\/wp-json\/wp\/v2\/pages\/350\/revisions\/11627"}],"up":[{"embeddable":true,"href":"https:\/\/students.ebs.ee\/et\/wp-json\/wp\/v2\/pages\/344"}],"wp:attachment":[{"href":"https:\/\/students.ebs.ee\/et\/wp-json\/wp\/v2\/media?parent=350"}],"wp:term":[{"taxonomy":"category","embeddable":true,"href":"https:\/\/students.ebs.ee\/et\/wp-json\/wp\/v2\/categories?post=350"},{"taxonomy":"semester","embeddable":true,"href":"https:\/\/students.ebs.ee\/et\/wp-json\/wp\/v2\/semester?post=350"},{"taxonomy":"campus","embeddable":true,"href":"https:\/\/students.ebs.ee\/et\/wp-json\/wp\/v2\/campus?post=350"}],"curies":[{"name":"wp","href":"https:\/\/api.w.org\/{rel}","templated":true}]}}