{"id":346,"date":"2018-08-10T14:10:57","date_gmt":"2018-08-10T14:10:57","guid":{"rendered":"http:\/\/students.ebs.ee\/\/?page_id=346"},"modified":"2023-08-08T22:32:20","modified_gmt":"2023-08-08T19:32:20","slug":"kasutajakontod","status":"publish","type":"page","link":"https:\/\/students.ebs.ee\/et\/it-teenused\/kasutajakontod\/","title":{"rendered":"Kasutajakontod"},"content":{"rendered":"\n<p>Igale EBSi \u00f5ppurile luuakse sisseastumisel personaalne kasutajakonto, mille kasutajanimi on reeglina vormis eesnimi.perekonnanimi@ebs.ee. EBS kasutajakonto annab \u00f5ppuritele ligip\u00e4\u00e4su paljudele \u00f5ppet\u00f6\u00f6s edukalt osalemiseks vajalikele teenustele:<\/p>\n\n\n\n<ul class=\"wp-block-list\">\n<li>MyEBS iseteenindusportaal \u2013 <a rel=\"noreferrer noopener\" href=\"https:\/\/my.ebs.ee\" target=\"_blank\">https:\/\/my.ebs.ee<\/a><\/li>\n\n\n\n<li>Virtuaal\u00f5ppe keskkond Canvas LMS \u2013 <a rel=\"noreferrer noopener\" href=\"https:\/\/canvas.ebs.ee\" target=\"_blank\">https:\/\/canvas.ebs.ee<\/a><\/li>\n\n\n\n<li>EBS e-mail \u2013 <a rel=\"noreferrer noopener\" href=\"https:\/\/mail.ebs.ee\" target=\"_blank\">https:\/\/mail.ebs.ee<\/a><\/li>\n\n\n\n<li>EBS Rooms (ruumide broneerimine) \u2013&nbsp;<a rel=\"noreferrer noopener\" href=\"https:\/\/rooms.ebs.ee\/\" target=\"_blank\">https:\/\/rooms.ebs.ee\/<\/a><\/li>\n\n\n\n<li>Arvutitesse sisselogimine vaikse t\u00f6\u00f6 ruumis 234<\/li>\n<\/ul>\n\n\n\n<h2 class=\"wp-block-heading\">Parooli vahetamine<\/h2>\n\n\n\n<h3 class=\"wp-block-heading\">Kui tead enda kehtivat parooli<\/h3>\n\n\n\n<p>M\u00e4\u00e4ra endale uus parool veebilehel\u00a0<a href=\"https:\/\/updatepassword.ebs.ee\">https:\/\/updatepassword.ebs.ee<\/a><\/p>\n\n\n\n<h3 class=\"wp-block-heading\">Kui oled enda parooli unustanud<\/h3>\n\n\n\n<p>Kasuta parooli l\u00e4htestamiseks teenust <a href=\"https:\/\/passwordreset.microsoftonline.com\">https:\/\/passwordreset.microsoftonline.com<\/a>. NB! Selle teenuse toimimiseks pead sa olema eelnevalt seadistanud enda konto jaoks v\u00e4hemalt \u00fche alternatiivse telefoninumbri, e-posti ja\/v\u00f5i Authenticator rakenduse aadressilt <a href=\"https:\/\/mysignins.microsoft.com\/security-info\">https:\/\/mysignins.microsoft.com\/security-info<\/a>.<\/p>\n\n\n\n<p>Kui sul ei \u00f5nnestu iseseisvalt oma parooli l\u00e4htestada, siis palun p\u00f6\u00f6rdu EBS IT-teenistuse poole aadressil <a rel=\"noopener noreferrer\" href=\"mailto:it@ebs.ee\" target=\"_blank\">it@ebs.ee<\/a> v\u00f5i astu l\u00e4bi ruumist 223.<\/p>\n\n\n\n<h2 class=\"wp-block-heading\">EBS e-mail<\/h2>\n\n\n\n<p>Igale EBSi \u00f5ppurile luuakse automaatselt tema kasutajanimega (eesnimi.perekonnanimi@ebs.ee) identne e-maili aadress.<\/p>\n\n\n\n<p>EBSi e-maili saab lugeda veebibrauseris aadressil&nbsp;<a rel=\"noopener noreferrer\" href=\"https:\/\/mail.ebs.ee\" target=\"_blank\">https:\/\/mail.ebs.ee<\/a>&nbsp;ja Outlook\/Thunderbird\/Mail app abil.<\/p>\n\n\n\n<h2 class=\"wp-block-heading\">Office 365 (Word, Excel, PowerPoint)<\/h2>\n\n\n\n<p>K\u00f5igil EBS kasutajakonto omanikel on v\u00f5imalik kasutada ja alla laadida Microsoft Office 365 tooteid (Word, Excel, PowerPoint jt). Juhendi leiate siit: <a href=\"https:\/\/students.ebs.ee\/it\/office-365-programs\/\" target=\"_blank\" rel=\"noreferrer noopener\">https:\/\/students.ebs.ee\/it\/office-365-programs\/<\/a><\/p>\n\n\n\n<h2 class=\"wp-block-heading\">Virtuaal\u00f5ppe platvorm Canvas LMS<\/h2>\n\n\n\n<p>\u00d5ppet\u00f6\u00f6 virtuaalseks toetamiseks on EBSis kasutusel maailmatasemel virtuaal\u00f5ppe platvormi Canvas LMS \u2013 <a href=\"https:\/\/canvas.ebs.ee\">https:\/\/canvas.ebs.ee<\/a> \u2013, millesse sisse logimine toimub EBSi kasutajakontoga.<\/p>\n\n\n\n<h2 class=\"wp-block-heading\">Kasutajakonto kehtivus<\/h2>\n\n\n\n<p>EBSi kasutajakonto ja e-mail on kasutatavad kuni \u00fclikooli l\u00f5petamise k\u00e4skkirja kinnitamiseni. Selle aja jooksul palume oma failid\/meilid transportida ohutult mujale. Peale t\u00e4htaja m\u00f6\u00f6dumist kontod suletakse ja info kustutatakse. Eksmatrikuleerimise puhul suletakse kontod kohe.<\/p>\n","protected":false},"excerpt":{"rendered":"<p>Igale EBSi \u00f5ppurile luuakse sisseastumisel personaalne kasutajakonto, mille kasutajanimi on reeglina vormis eesnimi.perekonnanimi@ebs.ee. EBS kasutajakonto annab \u00f5ppuritele ligip\u00e4\u00e4su paljudele \u00f5ppet\u00f6\u00f6s edukalt osalemiseks vajalikele teenustele: Parooli vahetamine Kui tead enda kehtivat parooli M\u00e4\u00e4ra endale uus parool veebilehel\u00a0https:\/\/updatepassword.ebs.ee Kui oled enda parooli unustanud Kasuta parooli l\u00e4htestamiseks teenust https:\/\/passwordreset.microsoftonline.com. NB! Selle teenuse toimimiseks pead sa olema eelnevalt seadistanud&#8230;<\/p>\n","protected":false},"author":6,"featured_media":0,"parent":344,"menu_order":7,"comment_status":"closed","ping_status":"closed","template":"","meta":{"_eb_attr":"","footnotes":""},"categories":[62],"semester":[],"campus":[],"class_list":["post-346","page","type-page","status-publish","hentry","category-it-teenused"],"acf":[],"_links":{"self":[{"href":"https:\/\/students.ebs.ee\/et\/wp-json\/wp\/v2\/pages\/346","targetHints":{"allow":["GET"]}}],"collection":[{"href":"https:\/\/students.ebs.ee\/et\/wp-json\/wp\/v2\/pages"}],"about":[{"href":"https:\/\/students.ebs.ee\/et\/wp-json\/wp\/v2\/types\/page"}],"author":[{"embeddable":true,"href":"https:\/\/students.ebs.ee\/et\/wp-json\/wp\/v2\/users\/6"}],"replies":[{"embeddable":true,"href":"https:\/\/students.ebs.ee\/et\/wp-json\/wp\/v2\/comments?post=346"}],"version-history":[{"count":23,"href":"https:\/\/students.ebs.ee\/et\/wp-json\/wp\/v2\/pages\/346\/revisions"}],"predecessor-version":[{"id":9299,"href":"https:\/\/students.ebs.ee\/et\/wp-json\/wp\/v2\/pages\/346\/revisions\/9299"}],"up":[{"embeddable":true,"href":"https:\/\/students.ebs.ee\/et\/wp-json\/wp\/v2\/pages\/344"}],"wp:attachment":[{"href":"https:\/\/students.ebs.ee\/et\/wp-json\/wp\/v2\/media?parent=346"}],"wp:term":[{"taxonomy":"category","embeddable":true,"href":"https:\/\/students.ebs.ee\/et\/wp-json\/wp\/v2\/categories?post=346"},{"taxonomy":"semester","embeddable":true,"href":"https:\/\/students.ebs.ee\/et\/wp-json\/wp\/v2\/semester?post=346"},{"taxonomy":"campus","embeddable":true,"href":"https:\/\/students.ebs.ee\/et\/wp-json\/wp\/v2\/campus?post=346"}],"curies":[{"name":"wp","href":"https:\/\/api.w.org\/{rel}","templated":true}]}}