{"id":3412,"date":"2020-06-18T15:16:28","date_gmt":"2020-06-18T12:16:28","guid":{"rendered":"http:\/\/students.ebs.ee\/?page_id=3412"},"modified":"2026-03-30T10:41:19","modified_gmt":"2026-03-30T07:41:19","slug":"oppeteenusest-loobumine","status":"publish","type":"page","link":"https:\/\/students.ebs.ee\/et\/oppemaks-ja-stipendiumid\/oppeteenusest-loobumine\/","title":{"rendered":"Kursustest loobumine"},"content":{"rendered":"\n<p>Semestri\/mooduli\/mikrokraadi v\u00f5i ainepunktide alusel soetatud \u00f5ppeteenusest loobumisel tagastatakse \u00f5ppeteenuse maksumus tervenisti v\u00f5i osaliselt, kui EBSi elektroonilises registreerimiss\u00fcsteemis MyEBS on \u00f5ppeteenusest loobutud hiljemalt tabelis toodud kuup\u00e4eval.<\/p>\n\n\n\n<p>Sellisel juhul arvutatakse semestri \u00f5ppeteenuse uus hind vastavalt \u00f5ppeteenuse hinnakirjale ning tagastuse protsenti rakendatakse hinnavahele (eelmine \u00f5ppeteenuse tasu vs uus \u00f5ppeteenuse tasu).<\/p>\n\n\n\n<table id=\"tablepress-26\" class=\"tablepress tablepress-id-26\">\n<thead>\n<tr class=\"row-1\">\n\t<td class=\"column-1\"><\/td><th class=\"column-2\">S\u00fcgissemester 2025<\/th><th class=\"column-3\">Kevadsemester 2026<\/th><th class=\"column-4\">Tagastuse %<\/th>\n<\/tr>\n<\/thead>\n<tbody class=\"row-striping row-hover\">\n<tr class=\"row-2\">\n\t<td class=\"column-1\">T\u00e4htaeg<\/td><td class=\"column-2\">kuni 25. august 2025 (k.a) (magistri\u00f5pe)<\/td><td class=\"column-3\">kuni 10. jaanuar 2026 (k.a) (magistri\u00f5pe)<\/td><td class=\"column-4\">100%<\/td>\n<\/tr>\n<tr class=\"row-3\">\n\t<td class=\"column-1\">T\u00e4htaeg<\/td><td class=\"column-2\">kuni 1. september 2025 (k.a) (bakalaureuse\u00f5pe)<\/td><td class=\"column-3\">kuni 2. veebruar 2026 (k.a)<br \/>\n(bakalaureuse\u00f5pe)<\/td><td class=\"column-4\">100%<\/td>\n<\/tr>\n<tr class=\"row-4\">\n\t<td class=\"column-1\">T\u00e4htaeg<\/td><td class=\"column-2\">kuni 8. september 2025 (k.a)<\/td><td class=\"column-3\">kuni 9. veebruar 2026 (k.a)<\/td><td class=\"column-4\">90%<\/td>\n<\/tr>\n<tr class=\"row-5\">\n\t<td class=\"column-1\">T\u00e4htaeg<\/td><td class=\"column-2\">kuni 22. september 2025 (k.a)<\/td><td class=\"column-3\">kuni 23. veebruar 2026 (k.a)<\/td><td class=\"column-4\">70%<\/td>\n<\/tr>\n<tr class=\"row-6\">\n\t<td class=\"column-1\">T\u00e4htaeg<\/td><td class=\"column-2\">kuni 6. oktoober 2025 (k.a)<\/td><td class=\"column-3\">kuni 9. m\u00e4rts 2026 (k.a)<\/td><td class=\"column-4\">50%<\/td>\n<\/tr>\n<\/tbody>\n<\/table>\n<!-- #tablepress-26 from cache -->\n\n\n\n<p><strong>Bakalaureuset\u00f6\u00f6st<\/strong>, <strong>magistrit\u00f6\u00f6st<\/strong> ja <strong>bakalaureuse\u00f5ppe l\u00f5pueksamist<\/strong> loobumise t\u00e4htajad ja tagastusprotsendid<\/p>\n\n\n\n<table id=\"tablepress-52\" class=\"tablepress tablepress-id-52\">\n<thead>\n<tr class=\"row-1\">\n\t<td class=\"column-1\"><\/td><th class=\"column-2\">S\u00fcgissemester 2025<\/th><th class=\"column-3\">Kevadsemester 2026<\/th><th class=\"column-4\">Tagastuse %<\/th>\n<\/tr>\n<\/thead>\n<tbody class=\"row-striping row-hover\">\n<tr class=\"row-2\">\n\t<td class=\"column-1\">T\u00e4htaeg<\/td><td class=\"column-2\">kuni 25. august 2025 (k.a) (magistri\u00f5pe)<\/td><td class=\"column-3\">kuni 10. jaanuar 2026 (k.a) (magistri\u00f5pe)<\/td><td class=\"column-4\">100%<\/td>\n<\/tr>\n<tr class=\"row-3\">\n\t<td class=\"column-1\">T\u00e4htaeg<\/td><td class=\"column-2\">kuni 1. september 2025 (k.a) (bakalaureuse\u00f5pe)<\/td><td class=\"column-3\">kuni 2. veebruar 2026 (k.a) (bakalaureuse\u00f5pe)<\/td><td class=\"column-4\">100%<\/td>\n<\/tr>\n<tr class=\"row-4\">\n\t<td class=\"column-1\">T\u00e4htaeg<\/td><td class=\"column-2\">kuni 8. september 2025 (k.a)<\/td><td class=\"column-3\">kuni 9. veebruar 2026 (k.a)<\/td><td class=\"column-4\">90%<\/td>\n<\/tr>\n<tr class=\"row-5\">\n\t<td class=\"column-1\">T\u00e4htaeg<\/td><td class=\"column-2\">kuni 20. oktoober 2025 (k.a)<\/td><td class=\"column-3\">kuni 23. m\u00e4rts 2026 (k.a)<\/td><td class=\"column-4\">50%<\/td>\n<\/tr>\n<\/tbody>\n<\/table>\n<!-- #tablepress-52 from cache -->\n\n\n\n<p>T\u00e4iendkoolituses osalevate \u00f5ppurite kursustest loobumist ning selle tagastusprotsenti reguleerib <a href=\"https:\/\/www.ebs.ee\/api\/files\/file\/SA%20EBS%20ta%CC%88ienduskoolituse%20o%CC%83ppekorralduse%20ning%20kvaliteedi%20tagamise%20alused%202024.pdf\" target=\"_blank\" rel=\"noreferrer noopener\">EBSi T\u00e4ienduskoolituse \u00f5ppekorralduse ning kvaliteeditagamise  alused<\/a> (punkt 4.2-4.3). Loobumist arvestatakse valitud kursuse esimesest toimumisp\u00e4evast.<\/p>\n\n\n\n<p><\/p>\n","protected":false},"excerpt":{"rendered":"<p>Semestri\/mooduli\/mikrokraadi v\u00f5i ainepunktide alusel soetatud \u00f5ppeteenusest loobumisel tagastatakse \u00f5ppeteenuse maksumus tervenisti v\u00f5i osaliselt, kui EBSi elektroonilises registreerimiss\u00fcsteemis MyEBS on \u00f5ppeteenusest loobutud hiljemalt tabelis toodud kuup\u00e4eval. Sellisel juhul arvutatakse semestri \u00f5ppeteenuse uus hind vastavalt \u00f5ppeteenuse hinnakirjale ning tagastuse protsenti rakendatakse hinnavahele (eelmine \u00f5ppeteenuse tasu vs uus \u00f5ppeteenuse tasu). Bakalaureuset\u00f6\u00f6st, magistrit\u00f6\u00f6st ja bakalaureuse\u00f5ppe l\u00f5pueksamist loobumise t\u00e4htajad ja&#8230;<\/p>\n","protected":false},"author":6,"featured_media":0,"parent":322,"menu_order":17,"comment_status":"closed","ping_status":"closed","template":"","meta":{"_eb_attr":"","footnotes":""},"categories":[],"semester":[],"campus":[],"class_list":["post-3412","page","type-page","status-publish","hentry"],"acf":[],"_links":{"self":[{"href":"https:\/\/students.ebs.ee\/et\/wp-json\/wp\/v2\/pages\/3412","targetHints":{"allow":["GET"]}}],"collection":[{"href":"https:\/\/students.ebs.ee\/et\/wp-json\/wp\/v2\/pages"}],"about":[{"href":"https:\/\/students.ebs.ee\/et\/wp-json\/wp\/v2\/types\/page"}],"author":[{"embeddable":true,"href":"https:\/\/students.ebs.ee\/et\/wp-json\/wp\/v2\/users\/6"}],"replies":[{"embeddable":true,"href":"https:\/\/students.ebs.ee\/et\/wp-json\/wp\/v2\/comments?post=3412"}],"version-history":[{"count":19,"href":"https:\/\/students.ebs.ee\/et\/wp-json\/wp\/v2\/pages\/3412\/revisions"}],"predecessor-version":[{"id":13152,"href":"https:\/\/students.ebs.ee\/et\/wp-json\/wp\/v2\/pages\/3412\/revisions\/13152"}],"up":[{"embeddable":true,"href":"https:\/\/students.ebs.ee\/et\/wp-json\/wp\/v2\/pages\/322"}],"wp:attachment":[{"href":"https:\/\/students.ebs.ee\/et\/wp-json\/wp\/v2\/media?parent=3412"}],"wp:term":[{"taxonomy":"category","embeddable":true,"href":"https:\/\/students.ebs.ee\/et\/wp-json\/wp\/v2\/categories?post=3412"},{"taxonomy":"semester","embeddable":true,"href":"https:\/\/students.ebs.ee\/et\/wp-json\/wp\/v2\/semester?post=3412"},{"taxonomy":"campus","embeddable":true,"href":"https:\/\/students.ebs.ee\/et\/wp-json\/wp\/v2\/campus?post=3412"}],"curies":[{"name":"wp","href":"https:\/\/api.w.org\/{rel}","templated":true}]}}