{"id":3404,"date":"2020-06-18T15:00:52","date_gmt":"2020-06-18T12:00:52","guid":{"rendered":"http:\/\/students.ebs.ee\/?page_id=3404"},"modified":"2020-06-18T15:01:49","modified_gmt":"2020-06-18T12:01:49","slug":"oppemaksu-tasumise-tahtajad","status":"publish","type":"page","link":"https:\/\/students.ebs.ee\/et\/oppemaks-ja-stipendiumid\/oppemaksu-tasumise-tahtajad\/","title":{"rendered":"\u00d5ppemaksu tasumise t\u00e4htajad"},"content":{"rendered":"\n<table id=\"tablepress-24\" class=\"tablepress tablepress-id-24\">\n<thead>\n<tr class=\"row-1\">\n\t<th class=\"column-1\">S\u00fcgissemester 2025<\/th><th class=\"column-2\">Bakalaureuse\u00f5pe<\/th><th class=\"column-3\">Magistri\u00f5pe<\/th>\n<\/tr>\n<\/thead>\n<tbody>\n<tr class=\"row-2\">\n\t<td class=\"column-1\">25. august 2025<\/td><td class=\"column-2\">Bakalaureuse\u00f5ppe \u00f5ppemaksu (1. osa) tasumise t\u00e4htaeg<\/td><td class=\"column-3\">Magistri\u00f5ppe \u00f5ppemaksu (1. osa) tasumise t\u00e4htaeg<\/td>\n<\/tr>\n<\/tbody>\n<\/table>\n\n<p>&nbsp;<\/p>\n\n<table id=\"tablepress-25\" class=\"tablepress tablepress-id-25\">\n<thead>\n<tr class=\"row-1\">\n\t<th class=\"column-1\">Kevadsemester 2026<\/th><th class=\"column-2\">Bakalaureuse\u00f5pe<\/th><th class=\"column-3\">Magistri\u00f5pe<\/th>\n<\/tr>\n<\/thead>\n<tbody class=\"row-striping row-hover\">\n<tr class=\"row-2\">\n\t<td class=\"column-1\">11. jaanuar 2026<\/td><td class=\"column-2\"><\/td><td class=\"column-3\">Magistri\u00f5ppe \u00f5ppemaksu (1. osa) tasumise t\u00e4htaeg<\/td>\n<\/tr>\n<tr class=\"row-3\">\n\t<td class=\"column-1\">25. jaanuar 2026<\/td><td class=\"column-2\">Bakalaureuse\u00f5ppe \u00f5ppemaksu (1. osa) tasumise t\u00e4htaeg<\/td><td class=\"column-3\"><\/td>\n<\/tr>\n<\/tbody>\n<\/table>\n\n","protected":false},"excerpt":{"rendered":"<p>&nbsp;<\/p>\n","protected":false},"author":6,"featured_media":0,"parent":322,"menu_order":8,"comment_status":"closed","ping_status":"closed","template":"","meta":{"_eb_attr":"","footnotes":""},"categories":[60],"semester":[],"campus":[],"class_list":["post-3404","page","type-page","status-publish","hentry","category-oppemaks"],"acf":[],"_links":{"self":[{"href":"https:\/\/students.ebs.ee\/et\/wp-json\/wp\/v2\/pages\/3404","targetHints":{"allow":["GET"]}}],"collection":[{"href":"https:\/\/students.ebs.ee\/et\/wp-json\/wp\/v2\/pages"}],"about":[{"href":"https:\/\/students.ebs.ee\/et\/wp-json\/wp\/v2\/types\/page"}],"author":[{"embeddable":true,"href":"https:\/\/students.ebs.ee\/et\/wp-json\/wp\/v2\/users\/6"}],"replies":[{"embeddable":true,"href":"https:\/\/students.ebs.ee\/et\/wp-json\/wp\/v2\/comments?post=3404"}],"version-history":[{"count":2,"href":"https:\/\/students.ebs.ee\/et\/wp-json\/wp\/v2\/pages\/3404\/revisions"}],"predecessor-version":[{"id":3411,"href":"https:\/\/students.ebs.ee\/et\/wp-json\/wp\/v2\/pages\/3404\/revisions\/3411"}],"up":[{"embeddable":true,"href":"https:\/\/students.ebs.ee\/et\/wp-json\/wp\/v2\/pages\/322"}],"wp:attachment":[{"href":"https:\/\/students.ebs.ee\/et\/wp-json\/wp\/v2\/media?parent=3404"}],"wp:term":[{"taxonomy":"category","embeddable":true,"href":"https:\/\/students.ebs.ee\/et\/wp-json\/wp\/v2\/categories?post=3404"},{"taxonomy":"semester","embeddable":true,"href":"https:\/\/students.ebs.ee\/et\/wp-json\/wp\/v2\/semester?post=3404"},{"taxonomy":"campus","embeddable":true,"href":"https:\/\/students.ebs.ee\/et\/wp-json\/wp\/v2\/campus?post=3404"}],"curies":[{"name":"wp","href":"https:\/\/api.w.org\/{rel}","templated":true}]}}