{"id":336,"date":"2018-08-10T14:08:08","date_gmt":"2018-08-10T11:08:08","guid":{"rendered":"http:\/\/students.ebs.ee\/\/?page_id=336"},"modified":"2025-11-19T13:09:11","modified_gmt":"2025-11-19T10:09:11","slug":"oppeosakond","status":"publish","type":"page","link":"https:\/\/students.ebs.ee\/et\/kontaktid\/oppeosakond\/","title":{"rendered":"\u00d5ppeosakond"},"content":{"rendered":"\n<p>\u00d5ppeosakond on avatud E-R 9:00-17:30<\/p>\n\n\n\n<p>Meie \u00fcldkontakt <a href=\"mailto:info@ebs.ee\" target=\"_blank\" rel=\"noopener\">info@ebs.ee<\/a> (sh t\u00f5endite soovid, avaldused)<br><br><\/p>\n\n\n\n<table id=\"tablepress-10\" class=\"tablepress tablepress-id-10\">\n<tbody>\n<tr class=\"row-1\">\n\t<td class=\"column-1\"><strong>Nimi<\/strong><\/td><td class=\"column-2\"><strong>Ametikoht<\/strong><\/td><td class=\"column-3\"><strong>Kontakt<\/strong><\/td>\n<\/tr>\n<tr class=\"row-2\">\n\t<td class=\"column-1\">Monika Siiraki<\/td><td class=\"column-2\">\u00d5ppeosakonna juhataja<\/td><td class=\"column-3\"><a href=\"mailto:monika.siiraki@ebs.ee\">monika.siiraki@ebs.ee<\/a><br \/>\n+372 665 1377<\/td>\n<\/tr>\n<tr class=\"row-3\">\n\t<td class=\"column-1\">Liina Reimann<\/td><td class=\"column-2\">\u00dcli\u00f5pilaskogemuse juht<\/td><td class=\"column-3\"><a href=\"mailto:liina.reimann@ebs.ee\">liina.reimann@ebs.ee<\/a><br \/>\n+372 665 1333<\/td>\n<\/tr>\n<tr class=\"row-4\">\n\t<td class=\"column-1\">Helena-Grethel Kask<\/td><td class=\"column-2\">\u00dcli\u00f5pilaste \u00f5pitee konsultant<br \/>\nMagistri\u00f5ppe \u00f5ppekavad:<br \/>\nMA Rahvusvaheline \u00e4rijuhtimine<br \/>\nMBA \u00f5ppekavad<\/td><td class=\"column-3\"><a href=\"mailto:helena-grethel.kask@ebs.ee\">helena-grethel.kask@ebs.ee<\/a><br \/>\n+372 665 1320<\/td>\n<\/tr>\n<tr class=\"row-5\">\n\t<td class=\"column-1\">Maria Kottsova<\/td><td class=\"column-2\">Bakalaureuse \u00f5ppekavade konsultant<br \/>\nRahvusvaheline \u00e4rijuhtimine<br \/>\nM\u00f5juettev\u00f5tlus<\/td><td class=\"column-3\"><a href=\"mailto:maria.kottsova@ebs.ee\">maria.kottsova@ebs.ee<\/a><br \/>\n+372 665 1321<\/td>\n<\/tr>\n<tr class=\"row-6\">\n\t<td class=\"column-1\">Olga Batalova<\/td><td class=\"column-2\">Bakalaureuse \u00f5ppekavade konsultant,<br \/>\nEttev\u00f5tlus ja \u00e4rijuhtimine<br \/>\n\u00c4rikorraldus ja v\u00f5\u00f5rkeeled<\/td><td class=\"column-3\"><a href=\"mailto:olga.batalova@ebs.ee\">olga.batalova@ebs.ee<\/a><br \/>\n+372 665 1334<\/td>\n<\/tr>\n<tr class=\"row-7\">\n\t<td class=\"column-1\">Ellika Eero<\/td><td class=\"column-2\">Erasmus+ programmi projektijuht<\/td><td class=\"column-3\"><a href=\"mailto:ellika.eero@ebs.ee\">ellika.eero@ebs.ee<\/a><br \/>\n+372 665 1369<\/td>\n<\/tr>\n<tr class=\"row-8\">\n\t<td class=\"column-1\">Anu S\u00f5eruer<\/td><td class=\"column-2\">\u00d5ppekorralduse vanemspetsialist (planeerimine, tunniplaanid)<\/td><td class=\"column-3\"><a href=\"mailto:anu.soeruer@ebs.ee\">anu.soeruer@ebs.ee<\/a><br \/>\n+372 665 1332<\/td>\n<\/tr>\n<tr class=\"row-9\">\n\t<td class=\"column-1\">Kertu Piiriselg<\/td><td class=\"column-2\">\u00d5ppekorralduse spetsialist (eksamikorraldus)<\/td><td class=\"column-3\"><a href=\"mailto:kertu.piiriselg@ebs.ee\">kertu.piiriselg@ebs.ee<\/a><br \/>\n+372 665 1326<\/td>\n<\/tr>\n<\/tbody>\n<\/table>\n\n\n\n\n<p><\/p>\n","protected":false},"excerpt":{"rendered":"<p>\u00d5ppeosakond on avatud E-R 9:00-17:30 Meie \u00fcldkontakt info@ebs.ee (sh t\u00f5endite soovid, avaldused)<\/p>\n","protected":false},"author":6,"featured_media":0,"parent":334,"menu_order":1,"comment_status":"closed","ping_status":"closed","template":"","meta":{"_eb_attr":"","footnotes":""},"categories":[61],"semester":[],"campus":[],"class_list":["post-336","page","type-page","status-publish","hentry","category-kontaktid"],"acf":[],"_links":{"self":[{"href":"https:\/\/students.ebs.ee\/et\/wp-json\/wp\/v2\/pages\/336","targetHints":{"allow":["GET"]}}],"collection":[{"href":"https:\/\/students.ebs.ee\/et\/wp-json\/wp\/v2\/pages"}],"about":[{"href":"https:\/\/students.ebs.ee\/et\/wp-json\/wp\/v2\/types\/page"}],"author":[{"embeddable":true,"href":"https:\/\/students.ebs.ee\/et\/wp-json\/wp\/v2\/users\/6"}],"replies":[{"embeddable":true,"href":"https:\/\/students.ebs.ee\/et\/wp-json\/wp\/v2\/comments?post=336"}],"version-history":[{"count":16,"href":"https:\/\/students.ebs.ee\/et\/wp-json\/wp\/v2\/pages\/336\/revisions"}],"predecessor-version":[{"id":11838,"href":"https:\/\/students.ebs.ee\/et\/wp-json\/wp\/v2\/pages\/336\/revisions\/11838"}],"up":[{"embeddable":true,"href":"https:\/\/students.ebs.ee\/et\/wp-json\/wp\/v2\/pages\/334"}],"wp:attachment":[{"href":"https:\/\/students.ebs.ee\/et\/wp-json\/wp\/v2\/media?parent=336"}],"wp:term":[{"taxonomy":"category","embeddable":true,"href":"https:\/\/students.ebs.ee\/et\/wp-json\/wp\/v2\/categories?post=336"},{"taxonomy":"semester","embeddable":true,"href":"https:\/\/students.ebs.ee\/et\/wp-json\/wp\/v2\/semester?post=336"},{"taxonomy":"campus","embeddable":true,"href":"https:\/\/students.ebs.ee\/et\/wp-json\/wp\/v2\/campus?post=336"}],"curies":[{"name":"wp","href":"https:\/\/api.w.org\/{rel}","templated":true}]}}