{"id":332,"date":"2018-08-10T14:06:27","date_gmt":"2018-08-10T14:06:27","guid":{"rendered":"http:\/\/students.ebs.ee\/\/?page_id=332"},"modified":"2022-09-05T13:55:56","modified_gmt":"2022-09-05T10:55:56","slug":"oppeinvesteering","status":"publish","type":"page","link":"https:\/\/students.ebs.ee\/et\/oppemaks-ja-stipendiumid\/oppeinvesteering\/","title":{"rendered":"\u00d5ppeinvesteering"},"content":{"rendered":"<p>EBS koost\u00f6\u00f6s Inbanki ja LHV\u2019ga on \u00f5ppeinvesteeringu n\u00e4ol loonud Sulle v\u00f5imaluse paremini planeerida oma tulevikku ja tasuda\u00a0\u00f5pingute eest osamaksete kaupa. \u00d5ppeinvesteering toimib p\u00f5him\u00f5ttel, et pank kannab Sinu eest raha koolile ja Sina teed pangale igakuiseid makseid.<\/p>\n<p><strong>\u00d5ppeinvesteering on finantsteenus, mille osutamise korra ja pakkumise eest vastutab pank.<\/strong><\/p>\n<p>Lepingut saab s\u00f5lmida korraga \u00fche semestri \u00f5ppemaksu ulatuses. Kui soovid j\u00e4rgmine semester uuesti kasutada \u00f5ppeinvesteeringu v\u00f5imalust, tuleb protsessi korrata.<\/p>\n<p>Erinevate teenusepakkujatega ja nende tingimustega saad tutvuda siin:<\/p>\n<ul>\n<li><a href=\"https:\/\/students.ebs.ee\/et\/oppemaks-ja-stipendiumid\/oppeinvesteering\/inbank-oppeinvesteering\/\">InBank<\/a><\/li>\n<li><a href=\"https:\/\/students.ebs.ee\/et\/oppemaks-ja-stipendiumid\/oppeinvesteering\/lhv-oppeinvesteering\/\">LHV<\/a><\/li>\n<\/ul>\n<p>Kes kvalifitseerub?<\/p>\n<ul>\n<li>Eesti Vabariigi kodanik v\u00f5i pikaaegse elamisloa omanik<\/li>\n<li>Vanus v\u00e4hemalt 19 aastat<\/li>\n<li>Sinu eelnev maksek\u00e4itumine on korrektne<\/li>\n<li>Arvelduskonto olemasolu Eestis tegutsevas pangas<\/li>\n<\/ul>\n","protected":false},"excerpt":{"rendered":"<p>EBS koost\u00f6\u00f6s Inbanki ja LHV\u2019ga on \u00f5ppeinvesteeringu n\u00e4ol loonud Sulle v\u00f5imaluse paremini planeerida oma tulevikku ja tasuda\u00a0\u00f5pingute eest osamaksete kaupa. \u00d5ppeinvesteering toimib p\u00f5him\u00f5ttel, et pank kannab Sinu eest raha koolile ja Sina teed pangale igakuiseid makseid. \u00d5ppeinvesteering on finantsteenus, mille osutamise korra ja pakkumise eest vastutab pank. Lepingut saab s\u00f5lmida korraga \u00fche semestri \u00f5ppemaksu ulatuses&#8230;.<\/p>\n","protected":false},"author":6,"featured_media":0,"parent":322,"menu_order":16,"comment_status":"closed","ping_status":"closed","template":"","meta":{"_eb_attr":"","footnotes":""},"categories":[60],"semester":[],"campus":[],"class_list":["post-332","page","type-page","status-publish","hentry","category-oppemaks"],"acf":[],"_links":{"self":[{"href":"https:\/\/students.ebs.ee\/et\/wp-json\/wp\/v2\/pages\/332","targetHints":{"allow":["GET"]}}],"collection":[{"href":"https:\/\/students.ebs.ee\/et\/wp-json\/wp\/v2\/pages"}],"about":[{"href":"https:\/\/students.ebs.ee\/et\/wp-json\/wp\/v2\/types\/page"}],"author":[{"embeddable":true,"href":"https:\/\/students.ebs.ee\/et\/wp-json\/wp\/v2\/users\/6"}],"replies":[{"embeddable":true,"href":"https:\/\/students.ebs.ee\/et\/wp-json\/wp\/v2\/comments?post=332"}],"version-history":[{"count":29,"href":"https:\/\/students.ebs.ee\/et\/wp-json\/wp\/v2\/pages\/332\/revisions"}],"predecessor-version":[{"id":7928,"href":"https:\/\/students.ebs.ee\/et\/wp-json\/wp\/v2\/pages\/332\/revisions\/7928"}],"up":[{"embeddable":true,"href":"https:\/\/students.ebs.ee\/et\/wp-json\/wp\/v2\/pages\/322"}],"wp:attachment":[{"href":"https:\/\/students.ebs.ee\/et\/wp-json\/wp\/v2\/media?parent=332"}],"wp:term":[{"taxonomy":"category","embeddable":true,"href":"https:\/\/students.ebs.ee\/et\/wp-json\/wp\/v2\/categories?post=332"},{"taxonomy":"semester","embeddable":true,"href":"https:\/\/students.ebs.ee\/et\/wp-json\/wp\/v2\/semester?post=332"},{"taxonomy":"campus","embeddable":true,"href":"https:\/\/students.ebs.ee\/et\/wp-json\/wp\/v2\/campus?post=332"}],"curies":[{"name":"wp","href":"https:\/\/api.w.org\/{rel}","templated":true}]}}