{"id":324,"date":"2018-08-10T14:00:16","date_gmt":"2018-08-10T14:00:16","guid":{"rendered":"http:\/\/students.ebs.ee\/\/?page_id=324"},"modified":"2026-03-10T10:45:13","modified_gmt":"2026-03-10T07:45:13","slug":"stipendiumid","status":"publish","type":"page","link":"https:\/\/students.ebs.ee\/et\/oppemaks-ja-stipendiumid\/stipendiumid\/","title":{"rendered":"Stipendiumid"},"content":{"rendered":"\n<h4 class=\"wp-block-heading\"><strong>EBSi S\u00e4rava ebsika stipendium<\/strong><\/h4>\n\n\n\n<p>S\u00e4rava ebsika stipendium on \u00fcheks \u00f5ppeaastaks kuni 60%-lise \u00f5ppemaksuvabastuse ulatuses hea \u00f5ppeedukusega, silmapaistvatele ja \u00fchiskondlikult aktiivsetele bakalaureuse- ja magistri\u00f5ppe \u00fcli\u00f5pilastele, kes rikastavad kaas\u00f5ppurite \u00f5pikogemust.<\/p>\n\n\n\n<p>Kriteeriumid bakalaureuse- ja magistri\u00f5ppe* \u00fcli\u00f5pilastele:<\/p>\n\n\n\n<ul class=\"wp-block-list\">\n<li>enesereflektsioon teemal (max 1 A4): Kuidas olen rikastanud \u00f5pingukaaslaste \u00f5pikogemust ja millist v\u00e4\u00e4rtust olen loonud EBSile?<\/li>\n\n\n\n<li>2 soovitust kaas\u00fcli\u00f5pilaselt (esitada ainult nimed)<\/li>\n\n\n\n<li>2 soovitust \u00f5ppej\u00f5ult (esitada ainult nimed)<br><br>*ainult 2-aastased magistri\u00f5ppe programmid kvalifitseeruvad<\/li>\n<\/ul>\n\n\n\n<p>Stipendiumile kandideerimiseks saada n\u00f5utud dokumendid (sinu \u00f5ppekava keeles) epostile: <a href=\"mailto:info@ebs.ee\" data-type=\"mailto\" data-id=\"mailto:info@ebs.ee\">info@ebs.ee<\/a> \u00a0hiljemalt <strong>15. juuniks 2026. <\/strong><br>Stipendiumid \u00f5ppeaastaks 2026\/2027 m\u00e4\u00e4ratakse hiljemalt <strong>30. juuniks 2026.<\/strong><\/p>\n\n\n\n<p>Rohkem infot leiad <a href=\"https:\/\/students.ebs.ee\/wp-content\/uploads\/2021\/02\/Stipendiumistatuut_2021.pdf\" target=\"_blank\" rel=\"noopener noreferrer\">Stipendiumistatuudist.<\/a><\/p>\n\n\n\n<h4 class=\"wp-block-heading\"><strong>EBSi Vajadusp\u00f5hine stipendium<\/strong><\/h4>\n\n\n\n<p>Vajadusp\u00f5hise stipendiumi eesm\u00e4rgiks on toetada \u00fcli\u00f5pilaste majanduslikku hakkama saamist \u00f5pingute perioodil. Vajadusp\u00f5hine stipendium m\u00e4\u00e4ratakse \u00fcheks \u00f5ppeaastaks kuni 100%-lise \u00f5ppemaksuvabastuse ulatuses.<\/p>\n\n\n\n<p>Stipendiumi m\u00e4\u00e4ramisel arvestatakse taotleja poolt esitatud avalduses v\u00e4lja toodud argumente ning \u00fcli\u00f5pilase senist edasij\u00f5udmist \u00f5ppet\u00f6\u00f6s.<\/p>\n\n\n\n<p>Stipendiumitaotlus (sinu \u00f5ppekava keeles) saada epostile: <a rel=\"noreferrer noopener\" href=\"mailto:info@ebs.ee\" target=\"_blank\">info@ebs.ee<\/a>  <br>Otsus tehakse 14 p\u00e4eva jooksul peale taotluse esitamist.<\/p>\n\n\n\n<p><strong>NB!<\/strong> \u00dchele \u00fcli\u00f5pilasele m\u00e4\u00e4ratud erinevad osalise v\u00f5i t\u00e4ieliku \u00f5ppemaksuvabastuse vormis m\u00e4\u00e4ratud EBSi poolsed stipendiumid ei kuulu liitmisele, MyEBSis rakendub k\u00f5rgema m\u00e4\u00e4raga stipendium.<br>\u00dchele \u00fcli\u00f5pilasele m\u00e4\u00e4ratud EBSi poolset stipendiumi saab kasutada koos \u00dcli\u00f5pilasesinduse poolt m\u00e4\u00e4ratud stipendiumiga (eurodes), kusjuures enne rakendatakse \u00f5ppemaksuvabastus ja seej\u00e4rel rahalist mahaarvamist.<\/p>\n\n\n\n<h4 class=\"wp-block-heading\"><strong>Vajadusp\u00f5hine \u00f5ppetoetus<\/strong><\/h4>\n\n\n\n<p>Riik toetab v\u00e4hemkindlustatud perekondadest p\u00e4rit tudengeid (v.a alates 2022\/2023 sisseastunud doktorandid) k\u00f5rghariduse omandamisega kaasnevate lisakulude katmisel. Vajadusp\u00f5hine \u00f5ppetoetus on kehtestatud <a rel=\"noopener noreferrer\" href=\"https:\/\/www.riigiteataja.ee\/akt\/122122012008?leiaKehtiv\" target=\"_blank\">\u00f5ppetoetuste ja \u00f5ppelaenu seadusega<\/a>.<br>Loe t\u00e4psemalt, kes ja kuidas saab vajadusp\u00f5hist toetust, Haridus- ja Teadusministeeriumi <a href=\"https:\/\/hm.ee\/korgharidus-ja-teadus\/korgharidus\/oppetoetused\" data-type=\"URL\" data-id=\"https:\/\/hm.ee\/korgharidus-ja-teadus\/korgharidus\/oppetoetused\" target=\"_blank\" rel=\"noreferrer noopener\">kodulehelt<\/a>.<br>Vajadusp\u00f5hise \u00f5ppetoetuse maksmist korraldab Haridus- ja Teadusministeerium. Taotlus tuleb esitada riigiportaalis <a rel=\"noreferrer noopener\" href=\"https:\/\/haridusportaal.edu.ee\/\" data-type=\"URL\" data-id=\"https:\/\/haridusportaal.edu.ee\/\" target=\"_blank\">haridusportaal.edu.ee<\/a>.<\/p>\n\n\n\n<p>Taotlusi saab esitada kogu semestri v\u00e4ltel. Toetus makstakse v\u00e4lja alates taotluse esitamise kuust, sellep\u00e4rast soovitame siiski taotlus esitada semestri esimesel kuul &#8211; septembris v\u00f5i veebruaris.<br>Toetuse taotlemiseks peab \u00fcli\u00f5pilane olema \u00fclikooli immatrikuleeritud (riiklikku andmebaasi kantud), s\u00f5lmitud peab olema \u00f5ppeleping ja \u00f5ppemaks (osaliselt) tasutud.<\/p>\n\n\n\n<p>\u00d5ppeasutused t\u00e4iendavad \u00f5ppekava t\u00e4itmise andmeid Eesti Hariduse Infos\u00fcsteemis kevadsemestri kohta kuni septembrikuu ning s\u00fcgissemestri kohta kuni veebruarikuu l\u00f5puni.<br>Juhul kui soovid \u00f5ppetoetuse taotlust esitada septembris ja\/v\u00f5i veebruaris, siis palun v\u00f5ta <a href=\"https:\/\/students.ebs.ee\/et\/kontaktid\/oppeosakond\/\" target=\"_blank\" rel=\"noopener noreferrer\">kooliga<\/a> \u00fchendust, et \u00f5ppekava t\u00e4idetuse andmed varem sisse kanda.<\/p>\n\n\n\n<h4 class=\"wp-block-heading\"><strong>Vajadusp\u00f5hine eritoetus<\/strong><\/h4>\n\n\n\n<p>Taotlust toetuse saamiseks on \u00f5igus esitada \u00fcli\u00f5pilasel (v.a doktorandil ning \u00fcli\u00f5pilasel, kes on akadeemilisel puhkusel), kes on j\u00e4\u00e4nud vastaval semestril ilma vajadusp\u00f5hisest \u00f5ppetoetusest (majanduslikel p\u00f5hjustel), s.t. nende sissetulekud \u00fcletasid Maksu- ja Tolliameti Maksukohustuslaste registri andmetel toetuse saamiseks kehtestatud \u00fclempiiri pereliikme kohta.<br>Eritoetuse suurus on 135 eurot kuus.<br>\u00dcli\u00f5pilasel on \u00f5igus esitada v\u00e4hemalt kaks korda \u00f5ppeaastas \u00f5ppeasutusele taotlus vajadusp\u00f5hise eritoetuse saamiseks kuni viieks \u00f5ppekuuks \u2013 septembrist jaanuarini ja veebruarist juunini. Toetust makstakse alates toetuse taotlemise kuust.<\/p>\n\n\n\n<ul class=\"wp-block-list\">\n<li><a href=\"https:\/\/ebsee-my.sharepoint.com\/:b:\/g\/personal\/monika_siiraki_ebs_ee\/EXnvbfJaASlJhRwl9tUD4sQBbz4kmc4f8BZ9gp_ercKfZA?e=mUzSUb\" data-type=\"link\" data-id=\"https:\/\/ebsee-my.sharepoint.com\/:b:\/g\/personal\/monika_siiraki_ebs_ee\/EXnvbfJaASlJhRwl9tUD4sQBbz4kmc4f8BZ9gp_ercKfZA?e=mUzSUb\" target=\"_blank\" rel=\"noreferrer noopener\">Vajadusp\u00f5hise eritoetuse taotlemine, m\u00e4\u00e4ramine ja maksmine EBSis.<\/a><\/li>\n\n\n\n<li><a href=\"https:\/\/students.ebs.ee\/wp-content\/uploads\/2024\/02\/Vajaduspohise-eritoetuse-taotlus.doc\" data-type=\"URL\" data-id=\"https:\/\/students.ebs.ee\/wp-content\/uploads\/2024\/02\/Vajaduspohise-eritoetuse-taotlus.doc\">Vajadusp\u00f5hise eritoetuse taotlus<\/a><\/li>\n<\/ul>\n\n\n\n<p>Vajadusp\u00f5hise eritoetuse taotlus saada palun aadressil <a href=\"mailto:monika.siiraki@ebs.ee\" target=\"_blank\" rel=\"noreferrer noopener\">monika.siiraki@ebs.ee<\/a>.<\/p>\n\n\n\n<h4 class=\"wp-block-heading\"><strong>Raestipendium<\/strong><\/h4>\n\n\n\n<p>Stipendiumi eesm\u00e4rk toetada ja tunnustada teadus- ja \u00f5ppet\u00f6\u00f6s edukaid magistrante ja doktorante, kelle magistrit\u00f6\u00f6, doktorit\u00f6\u00f6 v\u00f5i teaduspublikatsioon k\u00e4sitleb teemat, mis seondub Tallinna linna kui kohaliku omavalitsuse tegevusvaldkondadega ja on linnale rakendusliku v\u00e4\u00e4rtusega ning aitab kaasa m\u00f5ne Tallinna linna ees seisva k\u00fcsimuse lahendamisele.<\/p>\n\n\n\n<p>Lisainfo <a href=\"https:\/\/www.tallinn.ee\/est\/Teenus-Raestipendium\" target=\"_blank\" rel=\"noopener noreferrer\">Tallinna linna lehelt.<\/a><\/p>\n","protected":false},"excerpt":{"rendered":"<p>EBSi S\u00e4rava ebsika stipendium S\u00e4rava ebsika stipendium on \u00fcheks \u00f5ppeaastaks kuni 60%-lise \u00f5ppemaksuvabastuse ulatuses hea \u00f5ppeedukusega, silmapaistvatele ja \u00fchiskondlikult aktiivsetele bakalaureuse- ja magistri\u00f5ppe \u00fcli\u00f5pilastele, kes rikastavad kaas\u00f5ppurite \u00f5pikogemust. Kriteeriumid bakalaureuse- ja magistri\u00f5ppe* \u00fcli\u00f5pilastele: Stipendiumile kandideerimiseks saada n\u00f5utud dokumendid (sinu \u00f5ppekava keeles) epostile: info@ebs.ee \u00a0hiljemalt 15. juuniks 2026. Stipendiumid \u00f5ppeaastaks 2026\/2027 m\u00e4\u00e4ratakse hiljemalt 30. juuniks 2026&#8230;.<\/p>\n","protected":false},"author":6,"featured_media":0,"parent":322,"menu_order":8,"comment_status":"closed","ping_status":"closed","template":"","meta":{"_eb_attr":"","footnotes":""},"categories":[59],"semester":[],"campus":[],"class_list":["post-324","page","type-page","status-publish","hentry","category-stipendiumid"],"acf":[],"_links":{"self":[{"href":"https:\/\/students.ebs.ee\/et\/wp-json\/wp\/v2\/pages\/324","targetHints":{"allow":["GET"]}}],"collection":[{"href":"https:\/\/students.ebs.ee\/et\/wp-json\/wp\/v2\/pages"}],"about":[{"href":"https:\/\/students.ebs.ee\/et\/wp-json\/wp\/v2\/types\/page"}],"author":[{"embeddable":true,"href":"https:\/\/students.ebs.ee\/et\/wp-json\/wp\/v2\/users\/6"}],"replies":[{"embeddable":true,"href":"https:\/\/students.ebs.ee\/et\/wp-json\/wp\/v2\/comments?post=324"}],"version-history":[{"count":58,"href":"https:\/\/students.ebs.ee\/et\/wp-json\/wp\/v2\/pages\/324\/revisions"}],"predecessor-version":[{"id":12960,"href":"https:\/\/students.ebs.ee\/et\/wp-json\/wp\/v2\/pages\/324\/revisions\/12960"}],"up":[{"embeddable":true,"href":"https:\/\/students.ebs.ee\/et\/wp-json\/wp\/v2\/pages\/322"}],"wp:attachment":[{"href":"https:\/\/students.ebs.ee\/et\/wp-json\/wp\/v2\/media?parent=324"}],"wp:term":[{"taxonomy":"category","embeddable":true,"href":"https:\/\/students.ebs.ee\/et\/wp-json\/wp\/v2\/categories?post=324"},{"taxonomy":"semester","embeddable":true,"href":"https:\/\/students.ebs.ee\/et\/wp-json\/wp\/v2\/semester?post=324"},{"taxonomy":"campus","embeddable":true,"href":"https:\/\/students.ebs.ee\/et\/wp-json\/wp\/v2\/campus?post=324"}],"curies":[{"name":"wp","href":"https:\/\/api.w.org\/{rel}","templated":true}]}}