{"id":322,"date":"2018-08-10T13:59:54","date_gmt":"2018-08-10T13:59:54","guid":{"rendered":"http:\/\/students.ebs.ee\/\/?page_id=322"},"modified":"2026-04-09T12:41:30","modified_gmt":"2026-04-09T09:41:30","slug":"oppemaks-ja-stipendiumid","status":"publish","type":"page","link":"https:\/\/students.ebs.ee\/et\/oppemaks-ja-stipendiumid\/","title":{"rendered":"\u00d5ppemaks ja stipendiumid"},"content":{"rendered":"\n<p><\/p>\n\n\n\n<p><strong>2026\/2027<\/strong> \u00f5ppeaasta \u00f5ppemaksud on leitavad <a href=\"https:\/\/ebsee-my.sharepoint.com\/:b:\/g\/personal\/monika_siiraki_ebs_ee\/IQC6Tj66Zb8dQIiJYIBsd5B0Ac_eJ_q-op-TFO5odPx6ufk?e=OaP8yn\" data-type=\"link\" data-id=\"https:\/\/ebsee-my.sharepoint.com\/:b:\/g\/personal\/monika_siiraki_ebs_ee\/IQC6Tj66Zb8dQIiJYIBsd5B0Ac_eJ_q-op-TFO5odPx6ufk?e=OaP8yn\" target=\"_blank\" rel=\"noreferrer noopener\">siit<\/a>.<\/p>\n\n\n\n<p><\/p>\n\n\n\n<h4 class=\"wp-block-heading\"><br>2025\/2026 \u00f5ppeaasta \u00f5ppemaksud on j\u00e4rgnevad:<\/h4>\n\n\n\n<h3 class=\"wp-block-heading\">Bakalaureuse\u00f5pe<\/h3>\n\n\n\n<h3 class=\"wp-block-heading\">Rahvusvaheline \u00e4rijuhtimine<\/h3>\n\n\n\n<table id=\"tablepress-28\" class=\"tablepress tablepress-id-28\">\n<thead>\n<tr class=\"row-1\">\n\t<td class=\"column-1\"><\/td><td class=\"column-2\"><\/td><th colspan=\"2\" class=\"column-3\">S\u00fcgissemester 2025<\/th><th colspan=\"2\" class=\"column-5\">Kevadsemester 2026<\/th>\n<\/tr>\n<\/thead>\n<tbody class=\"row-striping row-hover\">\n<tr class=\"row-2\">\n\t<td class=\"column-1\">\u00d5ppekava<\/td><td class=\"column-2\">Ainepunkt \u20ac<\/td><td class=\"column-3\">Semestri nominaalmaht EAP<\/td><td class=\"column-4\">Semestri hind \u20ac<\/td><td class=\"column-5\">Semestri nominaalmaht EAP<\/td><td class=\"column-6\">Semestri hind \u20ac<\/td>\n<\/tr>\n<tr class=\"row-3\">\n\t<td class=\"column-1\">BBAi2025<\/td><td class=\"column-2\">130<\/td><td class=\"column-3\">33<\/td><td class=\"column-4\">3750<\/td><td class=\"column-5\">33<\/td><td class=\"column-6\">3750<\/td>\n<\/tr>\n<tr class=\"row-4\">\n\t<td class=\"column-1\">BBAi2024<\/td><td class=\"column-2\">130<\/td><td class=\"column-3\">30<\/td><td class=\"column-4\">3350<\/td><td class=\"column-5\">36<\/td><td class=\"column-6\">4050<\/td>\n<\/tr>\n<tr class=\"row-5\">\n\t<td class=\"column-1\">BBAi2023<\/td><td class=\"column-2\">125<\/td><td class=\"column-3\">30<\/td><td class=\"column-4\">3250<\/td><td class=\"column-5\">24<\/td><td class=\"column-6\">2600<\/td>\n<\/tr>\n<\/tbody>\n<\/table>\n\n\n\n<h3 class=\"wp-block-heading\">Ettev\u00f5tlus ja \u00e4rijuhtimine<\/h3>\n\n\n\n<table id=\"tablepress-29\" class=\"tablepress tablepress-id-29\">\n<thead>\n<tr class=\"row-1\">\n\t<td class=\"column-1\"><\/td><td class=\"column-2\"><\/td><th colspan=\"2\" class=\"column-3\">S\u00fcgissemester 2025<\/th><th colspan=\"2\" class=\"column-5\">Kevadsemester 2026<\/th>\n<\/tr>\n<\/thead>\n<tbody class=\"row-striping row-hover\">\n<tr class=\"row-2\">\n\t<td class=\"column-1\">\u00d5ppekava<\/td><td class=\"column-2\">Ainepunkt \u20ac<\/td><td class=\"column-3\">Semestri nominaalmaht EAP<\/td><td class=\"column-4\">Semestri hind \u20ac<\/td><td class=\"column-5\">Semestri nominaalmaht EAP<\/td><td class=\"column-6\">Semestri hind \u20ac<\/td>\n<\/tr>\n<tr class=\"row-3\">\n\t<td class=\"column-1\">BEBs2025<\/td><td class=\"column-2\">130<\/td><td class=\"column-3\">33<\/td><td class=\"column-4\">3750<\/td><td class=\"column-5\">33<\/td><td class=\"column-6\">3750<\/td>\n<\/tr>\n<tr class=\"row-4\">\n\t<td class=\"column-1\">BEBs2024<\/td><td class=\"column-2\">130<\/td><td class=\"column-3\">30<\/td><td class=\"column-4\">3350<\/td><td class=\"column-5\">33<\/td><td class=\"column-6\">3650<\/td>\n<\/tr>\n<tr class=\"row-5\">\n\t<td class=\"column-1\">BEBs2023<\/td><td class=\"column-2\">125<\/td><td class=\"column-3\">30<\/td><td class=\"column-4\">3250<\/td><td class=\"column-5\">24<\/td><td class=\"column-6\">2600<\/td>\n<\/tr>\n<tr class=\"row-6\">\n\t<td class=\"column-1\">BEBk2025<\/td><td class=\"column-2\">130<\/td><td class=\"column-3\">33<\/td><td class=\"column-4\">3750<\/td><td class=\"column-5\">30<\/td><td class=\"column-6\">3400<\/td>\n<\/tr>\n<tr class=\"row-7\">\n\t<td class=\"column-1\">BEBk2024<\/td><td class=\"column-2\">130<\/td><td class=\"column-3\">30<\/td><td class=\"column-4\">3350<\/td><td class=\"column-5\">30<\/td><td class=\"column-6\">3350<\/td>\n<\/tr>\n<tr class=\"row-8\">\n\t<td class=\"column-1\">BEBk2023<\/td><td class=\"column-2\">125<\/td><td class=\"column-3\">27<\/td><td class=\"column-4\">2600<\/td><td class=\"column-5\">30<\/td><td class=\"column-6\">2900<\/td>\n<\/tr>\n<tr class=\"row-9\">\n\t<td class=\"column-1\">BEBk2022<\/td><td class=\"column-2\">120<\/td><td class=\"column-3\">15<\/td><td class=\"column-4\">1350<\/td><td class=\"column-5\">&#8211;<\/td><td class=\"column-6\">&#8211;<\/td>\n<\/tr>\n<\/tbody>\n<\/table>\n\n\n\n<p>*BEBs &#8211; p\u00e4eva\u00f5pe<br>*BEBk &#8211; sessioon\u00f5pe<br>*BEBi &#8211; ettev\u00f5tlus digitaalajastul<\/p>\n\n\n\n<p><\/p>\n\n\n\n<h3 class=\"wp-block-heading\">Ettev\u00f5tlus digitaalajastul \/ M\u00f5juettev\u00f5tlus<\/h3>\n\n\n\n<table id=\"tablepress-67\" class=\"tablepress tablepress-id-67\">\n<thead>\n<tr class=\"row-1\">\n\t<td class=\"column-1\"><\/td><td class=\"column-2\"><\/td><th colspan=\"2\" class=\"column-3\">S\u00fcgissemester 2025<\/th><th colspan=\"2\" class=\"column-5\">Kevadsemester 2026<\/th>\n<\/tr>\n<\/thead>\n<tbody class=\"row-striping row-hover\">\n<tr class=\"row-2\">\n\t<td class=\"column-1\">\u00d5ppekava<\/td><td class=\"column-2\">Ainepunkt \u20ac<\/td><td class=\"column-3\">Semestri nominaalmaht EAP<\/td><td class=\"column-4\">Semestri hind \u20ac<\/td><td class=\"column-5\">Semestri nominaalmaht EAP<\/td><td class=\"column-6\">Semestri hind \u20ac<\/td>\n<\/tr>\n<tr class=\"row-3\">\n\t<td class=\"column-1\">BEBi2025<\/td><td class=\"column-2\">130<\/td><td class=\"column-3\">30<\/td><td class=\"column-4\">3450<\/td><td class=\"column-5\">33<\/td><td class=\"column-6\">3750<\/td>\n<\/tr>\n<tr class=\"row-4\">\n\t<td class=\"column-1\">BEBi2024<\/td><td class=\"column-2\">130<\/td><td class=\"column-3\">30<\/td><td class=\"column-4\">3350<\/td><td class=\"column-5\">33<\/td><td class=\"column-6\">3650<\/td>\n<\/tr>\n<tr class=\"row-5\">\n\t<td class=\"column-1\">BEBi2023<\/td><td class=\"column-2\">125<\/td><td class=\"column-3\">27<\/td><td class=\"column-4\">2950<\/td><td class=\"column-5\">27<\/td><td class=\"column-6\">2950<\/td>\n<\/tr>\n<\/tbody>\n<\/table>\n\n\n\n<p><\/p>\n\n\n\n<h3 class=\"wp-block-heading\">Magistri\u00f5pe<\/h3>\n\n\n\n<h3 class=\"wp-block-heading\">\u00c4riinnovatsioon muutuvas majanduses \/ Rahvusvaheline \u00e4rijuhtimine MA<\/h3>\n\n\n\n<table id=\"tablepress-48\" class=\"tablepress tablepress-id-48\">\n<thead>\n<tr class=\"row-1\">\n\t<td class=\"column-1\"><\/td><td class=\"column-2\"><\/td><th colspan=\"2\" class=\"column-3\">S\u00fcgissemester 2025<\/th><th colspan=\"2\" class=\"column-5\">Kevadsemester 2026<\/th>\n<\/tr>\n<\/thead>\n<tbody class=\"row-striping row-hover\">\n<tr class=\"row-2\">\n\t<td class=\"column-1\">\u00d5ppekava<\/td><td class=\"column-2\">Ainepunkt \u20ac<\/td><td class=\"column-3\">Semestri\/ mooduli nominaalmaht EAP<\/td><td class=\"column-4\">Semestri\/ mooduli hind \u20ac<\/td><td class=\"column-5\">Semestri\/ mooduli nominaalmaht EAP<\/td><td class=\"column-6\">Semestri\/ mooduli hind \u20ac<\/td>\n<\/tr>\n<tr class=\"row-3\">\n\t<td class=\"column-1\">MA120i2025<\/td><td class=\"column-2\"><\/td><td class=\"column-3\"><\/td><td class=\"column-4\"><\/td><td class=\"column-5\"><\/td><td class=\"column-6\"><\/td>\n<\/tr>\n<tr class=\"row-4\">\n\t<td class=\"column-1\">kohustuslikud \u00f5ppemoodulid<\/td><td class=\"column-2\">150<\/td><td class=\"column-3\">30<\/td><td class=\"column-4\">4200<\/td><td class=\"column-5\">30<\/td><td class=\"column-6\">4200<\/td>\n<\/tr>\n<tr class=\"row-5\">\n\t<td class=\"column-1\">MA120i2024<\/td><td class=\"column-2\"><\/td><td class=\"column-3\"><\/td><td class=\"column-4\"><\/td><td class=\"column-5\"><\/td><td class=\"column-6\"><\/td>\n<\/tr>\n<tr class=\"row-6\">\n\t<td class=\"column-1\">spetsialiseerumine<\/td><td class=\"column-2\">160<\/td><td class=\"column-3\">30<\/td><td class=\"column-4\">3450<\/td><td class=\"column-5\">30<\/td><td class=\"column-6\">3450<\/td>\n<\/tr>\n<\/tbody>\n<\/table>\n\n\n\n<h3 class=\"wp-block-heading\">Kaheaastane MBA<\/h3>\n\n\n\n<table id=\"tablepress-50\" class=\"tablepress tablepress-id-50\">\n<thead>\n<tr class=\"row-1\">\n\t<td class=\"column-1\"><\/td><td class=\"column-2\"><\/td><th colspan=\"2\" class=\"column-3\">S\u00fcgissemester 2025<\/th><th colspan=\"2\" class=\"column-5\">Kevadsemester 2026<\/th>\n<\/tr>\n<\/thead>\n<tbody class=\"row-striping row-hover\">\n<tr class=\"row-2\">\n\t<td class=\"column-1\">\u00d5ppekava<\/td><td class=\"column-2\">Ainepunkt \u20ac<\/td><td class=\"column-3\">Semestri\/ mooduli nominaalmaht EAP<\/td><td class=\"column-4\">Semestri\/ mooduli hind \u20ac<\/td><td class=\"column-5\">Semestri\/ mooduli nominaalmaht EAP<\/td><td class=\"column-6\">Semestri\/ mooduli hind \u20ac<\/td>\n<\/tr>\n<tr class=\"row-3\">\n\t<td class=\"column-1\">MBA2a2025<\/td><td class=\"column-2\"><\/td><td class=\"column-3\"><\/td><td class=\"column-4\"><\/td><td class=\"column-5\"><\/td><td class=\"column-6\"><\/td>\n<\/tr>\n<tr class=\"row-4\">\n\t<td class=\"column-1\">kohustuslikud \u00f5ppemoodulid<\/td><td class=\"column-2\">160<\/td><td class=\"column-3\">32<\/td><td class=\"column-4\">4500<\/td><td class=\"column-5\">28<\/td><td class=\"column-6\">4500<\/td>\n<\/tr>\n<tr class=\"row-5\">\n\t<td class=\"column-1\">MBA2a2024<\/td><td class=\"column-2\"><\/td><td class=\"column-3\"><\/td><td class=\"column-4\"><\/td><td class=\"column-5\"><\/td><td class=\"column-6\"><\/td>\n<\/tr>\n<tr class=\"row-6\">\n\t<td class=\"column-1\">mikrokraad (15 EAP)<\/td><td class=\"column-2\">180<\/td><td class=\"column-3\">30<\/td><td class=\"column-4\">4500<\/td><td class=\"column-5\">30<\/td><td class=\"column-6\">4500<\/td>\n<\/tr>\n<\/tbody>\n<\/table>\n\n\n\n<h3 class=\"wp-block-heading\">\u00dcheaastane MBA<\/h3>\n\n\n\n<table id=\"tablepress-59\" class=\"tablepress tablepress-id-59\">\n<thead>\n<tr class=\"row-1\">\n\t<td class=\"column-1\"><\/td><td class=\"column-2\"><\/td><th colspan=\"2\" class=\"column-3\">S\u00fcgissemester 2025<\/th><th colspan=\"2\" class=\"column-5\">Kevadsemester 2026<\/th>\n<\/tr>\n<\/thead>\n<tbody class=\"row-striping row-hover\">\n<tr class=\"row-2\">\n\t<td class=\"column-1\">\u00d5ppekava<\/td><td class=\"column-2\">Ainepunkt \u20ac<\/td><td class=\"column-3\">Semestri\/ mooduli nominaalmaht EAP<\/td><td class=\"column-4\">Semestri\/ mooduli hind \u20ac<\/td><td class=\"column-5\">Semestri\/ mooduli nominaalmaht EAP<\/td><td class=\"column-6\">Semestri\/ mooduli hind \u20ac<\/td>\n<\/tr>\n<tr class=\"row-3\">\n\t<td class=\"column-1\">MBAe1a2025 (eesti keelne)<\/td><td class=\"column-2\">160<\/td><td class=\"column-3\">32<\/td><td class=\"column-4\">4500<\/td><td class=\"column-5\">28<\/td><td class=\"column-6\">4500<\/td>\n<\/tr>\n<\/tbody>\n<\/table>\n\n\n\n<p><strong>\u00d5ppeteenuste hinnad k\u00f5ikides bakalaureuse- ja magistri\u00f5ppe \u00f5ppekavades, mis ei tulene ainepunkti hinnast:<\/strong><\/p>\n\n\n\n<ul class=\"wp-block-list\">\n<li>V\u00d5TA-taotluse l\u00e4bivaatamise tasu \u2013 50 \u20ac*<\/li>\n\n\n\n<li>V\u00d5TA \u00fclekandmistasu \u00fche ainepunkti eest \u2013 50% vastava \u00f5ppekava ainepunkti hinnast*<\/li>\n\n\n\n<li>J\u00e4releksam, v\u00f5\u00f5rkeele komplekseksam \u2013 100 \u20ac*<\/li>\n\n\n\n<li>Magistrit\u00f6\u00f6 \u2013 2000 \u20ac<br>* soodustused ei rakendu<\/li>\n<\/ul>\n\n\n\n<p><strong>L\u00f5put\u00f6\u00f6de ja -eksamite eest tasumise kord<\/strong><\/p>\n\n\n\n<ul class=\"wp-block-list\">\n<li>Bakalaureuse- ja magistrit\u00f6\u00f6de kaitsmisel l\u00e4bikukkunutel tuleb tasuda 100% l\u00f5put\u00f6\u00f6 tasust uuesti.<\/li>\n\n\n\n<li>Bakalaureuse- ja magistri\u00f5ppe l\u00f5pueksamil l\u00e4bikukkunutel tuleb tasuda 100% l\u00f5pueksami tasust uuesti.<\/li>\n<\/ul>\n","protected":false},"excerpt":{"rendered":"<p>2026\/2027 \u00f5ppeaasta \u00f5ppemaksud on leitavad siit. 2025\/2026 \u00f5ppeaasta \u00f5ppemaksud on j\u00e4rgnevad: Bakalaureuse\u00f5pe Rahvusvaheline \u00e4rijuhtimine Ettev\u00f5tlus ja \u00e4rijuhtimine *BEBs &#8211; p\u00e4eva\u00f5pe*BEBk &#8211; sessioon\u00f5pe*BEBi &#8211; ettev\u00f5tlus digitaalajastul Ettev\u00f5tlus digitaalajastul \/ M\u00f5juettev\u00f5tlus Magistri\u00f5pe \u00c4riinnovatsioon muutuvas majanduses \/ Rahvusvaheline \u00e4rijuhtimine MA Kaheaastane MBA \u00dcheaastane MBA \u00d5ppeteenuste hinnad k\u00f5ikides bakalaureuse- ja magistri\u00f5ppe \u00f5ppekavades, mis ei tulene ainepunkti hinnast: L\u00f5put\u00f6\u00f6de ja&#8230;<\/p>\n","protected":false},"author":6,"featured_media":0,"parent":0,"menu_order":43,"comment_status":"closed","ping_status":"closed","template":"","meta":{"_eb_attr":"","footnotes":""},"categories":[],"semester":[],"campus":[],"class_list":["post-322","page","type-page","status-publish","hentry"],"acf":[],"_links":{"self":[{"href":"https:\/\/students.ebs.ee\/et\/wp-json\/wp\/v2\/pages\/322","targetHints":{"allow":["GET"]}}],"collection":[{"href":"https:\/\/students.ebs.ee\/et\/wp-json\/wp\/v2\/pages"}],"about":[{"href":"https:\/\/students.ebs.ee\/et\/wp-json\/wp\/v2\/types\/page"}],"author":[{"embeddable":true,"href":"https:\/\/students.ebs.ee\/et\/wp-json\/wp\/v2\/users\/6"}],"replies":[{"embeddable":true,"href":"https:\/\/students.ebs.ee\/et\/wp-json\/wp\/v2\/comments?post=322"}],"version-history":[{"count":53,"href":"https:\/\/students.ebs.ee\/et\/wp-json\/wp\/v2\/pages\/322\/revisions"}],"predecessor-version":[{"id":13179,"href":"https:\/\/students.ebs.ee\/et\/wp-json\/wp\/v2\/pages\/322\/revisions\/13179"}],"wp:attachment":[{"href":"https:\/\/students.ebs.ee\/et\/wp-json\/wp\/v2\/media?parent=322"}],"wp:term":[{"taxonomy":"category","embeddable":true,"href":"https:\/\/students.ebs.ee\/et\/wp-json\/wp\/v2\/categories?post=322"},{"taxonomy":"semester","embeddable":true,"href":"https:\/\/students.ebs.ee\/et\/wp-json\/wp\/v2\/semester?post=322"},{"taxonomy":"campus","embeddable":true,"href":"https:\/\/students.ebs.ee\/et\/wp-json\/wp\/v2\/campus?post=322"}],"curies":[{"name":"wp","href":"https:\/\/api.w.org\/{rel}","templated":true}]}}