{"id":320,"date":"2018-08-10T13:55:55","date_gmt":"2018-08-10T13:55:55","guid":{"rendered":"http:\/\/students.ebs.ee\/\/?page_id=320"},"modified":"2023-04-06T10:08:59","modified_gmt":"2023-04-06T07:08:59","slug":"oppekorralduse-eeskiri","status":"publish","type":"page","link":"https:\/\/students.ebs.ee\/et\/oppekorralduse-eeskiri\/","title":{"rendered":"\u00d5ppekorralduse eeskiri"},"content":{"rendered":"\n<p><a title=\"1. \u00dclds\u00e4tted\" href=\"https:\/\/students.ebs.ee\/et\/oppekorralduse-eeskiri\/1-uldsatted\/\">1. \u00dclds\u00e4tted<\/a><\/p>\n\n\n\n<p><a title=\"2. Immatrikuleerimine\" href=\"https:\/\/students.ebs.ee\/et\/oppekorralduse-eeskiri\/2-immatrikuleerimine\/\"> 2. Immatrikuleerimine<\/a><\/p>\n\n\n\n<p><a title=\"3. \u00d5ppet\u00f6\u00f6 alused\" href=\"https:\/\/students.ebs.ee\/et\/oppekorralduse-eeskiri\/3-oppetoo-alused\/\"> 3. \u00d5ppet\u00f6\u00f6 alused<\/a><\/p>\n\n\n\n<p><a title=\"4. \u00d5ppekorraldus\" href=\"https:\/\/students.ebs.ee\/et\/oppekorralduse-eeskiri\/4-oppekorraldus\/\"> 4. \u00d5ppekorraldus<\/a><\/p>\n\n\n\n<p><a href=\"https:\/\/students.ebs.ee\/et\/oppekorralduse-eeskiri\/5-hindamiskorraldus\/\" data-type=\"URL\" data-id=\"https:\/\/students.ebs.ee\/et\/oppekorralduse-eeskiri\/5-hindamiskorraldus\/\"> 5. Hindamiskorraldus<\/a><\/p>\n\n\n\n<p><a title=\"6. Varasemate \u00f5pingute ja t\u00f6\u00f6kogemuse arvestamine (V\u00d5TA)\" href=\"https:\/\/students.ebs.ee\/et\/oppekorralduse-eeskiri\/6-varasemate-opingute-ja-tookogemuse-arvestamine-vota\/\"> 6. Varasemate \u00f5pingute ja t\u00f6\u00f6kogemuse arvestamine (V\u00d5TA)<\/a><\/p>\n\n\n\n<p><a title=\"7. Praktika\" href=\"https:\/\/students.ebs.ee\/et\/oppekorralduse-eeskiri\/7-praktika\/\"> 7. Praktika<\/a><\/p>\n\n\n\n<p><a href=\"https:\/\/students.ebs.ee\/et\/oppekorralduse-eeskiri\/8-uliopilase-staatus\/\" data-type=\"URL\" data-id=\"https:\/\/students.ebs.ee\/et\/oppekorralduse-eeskiri\/8-uliopilase-staatus\/\"> 8. \u00dcli\u00f5pilase staatus<\/a><\/p>\n\n\n\n<p><a href=\"https:\/\/students.ebs.ee\/et\/oppekorralduse-eeskiri\/9-akadeemiline-petturlus\/\" data-type=\"URL\" data-id=\"https:\/\/students.ebs.ee\/et\/oppekorralduse-eeskiri\/9-akadeemiline-petturlus\/\">9. Akadeemiline petturlus<\/a><\/p>\n\n\n\n<p><a href=\"https:\/\/students.ebs.ee\/et\/oppekorralduse-eeskiri\/10-vaaritu-kaitumine\/\" data-type=\"URL\" data-id=\"https:\/\/students.ebs.ee\/et\/oppekorralduse-eeskiri\/10-vaaritu-kaitumine\/\">10. V\u00e4\u00e4ritu k\u00e4itumine<\/a><\/p>\n\n\n\n<p><a href=\"https:\/\/students.ebs.ee\/et\/oppekorralduse-eeskiri\/11-eksmatrikuleerimine\/\" data-type=\"URL\" data-id=\"https:\/\/students.ebs.ee\/et\/oppekorralduse-eeskiri\/11-eksmatrikuleerimine\/\"> 11. Eksmatrikuleerimine<\/a><\/p>\n\n\n\n<p><a href=\"https:\/\/students.ebs.ee\/et\/oppekorralduse-eeskiri\/12-lopetamine\/\" data-type=\"URL\" data-id=\"https:\/\/students.ebs.ee\/et\/oppekorralduse-eeskiri\/12-lopetamine\/\">12. L\u00f5petamine<\/a><\/p>\n\n\n\n<p><a href=\"https:\/\/students.ebs.ee\/et\/oppekorralduse-eeskiri\/13-otsuste-vaidlustamine\/\" data-type=\"URL\" data-id=\"https:\/\/students.ebs.ee\/et\/oppekorralduse-eeskiri\/13-otsuste-vaidlustamine\/\">13. Otsuste vaidlustamine<\/a><\/p>\n","protected":false},"excerpt":{"rendered":"<p>1. \u00dclds\u00e4tted 2. Immatrikuleerimine 3. \u00d5ppet\u00f6\u00f6 alused 4. \u00d5ppekorraldus 5. Hindamiskorraldus 6. Varasemate \u00f5pingute ja t\u00f6\u00f6kogemuse arvestamine (V\u00d5TA) 7. Praktika 8. \u00dcli\u00f5pilase staatus 9. Akadeemiline petturlus 10. V\u00e4\u00e4ritu k\u00e4itumine 11. Eksmatrikuleerimine 12. L\u00f5petamine 13. Otsuste vaidlustamine<\/p>\n","protected":false},"author":6,"featured_media":0,"parent":0,"menu_order":37,"comment_status":"closed","ping_status":"closed","template":"","meta":{"_eb_attr":"","footnotes":""},"categories":[19,51,128],"semester":[],"campus":[],"class_list":["post-320","page","type-page","status-publish","hentry","category-general","category-oppetoo","category-uldine"],"acf":[],"_links":{"self":[{"href":"https:\/\/students.ebs.ee\/et\/wp-json\/wp\/v2\/pages\/320","targetHints":{"allow":["GET"]}}],"collection":[{"href":"https:\/\/students.ebs.ee\/et\/wp-json\/wp\/v2\/pages"}],"about":[{"href":"https:\/\/students.ebs.ee\/et\/wp-json\/wp\/v2\/types\/page"}],"author":[{"embeddable":true,"href":"https:\/\/students.ebs.ee\/et\/wp-json\/wp\/v2\/users\/6"}],"replies":[{"embeddable":true,"href":"https:\/\/students.ebs.ee\/et\/wp-json\/wp\/v2\/comments?post=320"}],"version-history":[{"count":12,"href":"https:\/\/students.ebs.ee\/et\/wp-json\/wp\/v2\/pages\/320\/revisions"}],"predecessor-version":[{"id":8892,"href":"https:\/\/students.ebs.ee\/et\/wp-json\/wp\/v2\/pages\/320\/revisions\/8892"}],"wp:attachment":[{"href":"https:\/\/students.ebs.ee\/et\/wp-json\/wp\/v2\/media?parent=320"}],"wp:term":[{"taxonomy":"category","embeddable":true,"href":"https:\/\/students.ebs.ee\/et\/wp-json\/wp\/v2\/categories?post=320"},{"taxonomy":"semester","embeddable":true,"href":"https:\/\/students.ebs.ee\/et\/wp-json\/wp\/v2\/semester?post=320"},{"taxonomy":"campus","embeddable":true,"href":"https:\/\/students.ebs.ee\/et\/wp-json\/wp\/v2\/campus?post=320"}],"curies":[{"name":"wp","href":"https:\/\/api.w.org\/{rel}","templated":true}]}}