{"id":314,"date":"2018-08-10T13:54:34","date_gmt":"2018-08-10T13:54:34","guid":{"rendered":"http:\/\/students.ebs.ee\/\/?page_id=314"},"modified":"2023-09-06T11:07:50","modified_gmt":"2023-09-06T08:07:50","slug":"uliopilaspilet-isic-kaart","status":"publish","type":"page","link":"https:\/\/students.ebs.ee\/et\/oppetoo\/oppeinfo\/uliopilaspilet-isic-kaart\/","title":{"rendered":"Rahvusvaheline \u00fcli\u00f5pilaspilet ISIC"},"content":{"rendered":"\n<p>\u00dcli\u00f5pilaspilet (<a href=\"http:\/\/www.isic.ee\/et\/esileht\/\" target=\"_blank\" rel=\"noopener noreferrer\">ISIC<\/a>) osutub vajalikuks siis, kui tuleb t\u00f5endada \u00fcli\u00f5pilasstaatust: tudengi\u00fcritustel, v\u00e4lismaale \u00f5ppima asumisel, soodustuste saamisel \u00fchistranspordis, spordiasutustes, arsti v\u00f5i hambaarsti juures jm.<\/p>\n\n\n\n<p>ISIC-kaardi omanikul on v\u00f5imalik saada mitmeid soodustusi nii Eestis kui ka mujal maailmas. Paljud transpordifirmad, muuseumid, teatrid, kauplused jm teenindusasutused annavad rahvusvahelise \u00fcli\u00f5pilaspileti omani-kele hinnasoodustusi. ISIC-kaardi kadumise korral v\u00f5i selle pikendamiseks tuleb osta uus kaart.<\/p>\n\n\n\n<p>ISIC-kaardi saab tellida keskkonnast <a rel=\"noreferrer noopener\" href=\"https:\/\/eduid.ee\/\" data-type=\"URL\" data-id=\"https:\/\/eduid.ee\/\" target=\"_blank\">https:\/\/eduid.ee\/<\/a>  v\u00f5i pangast nt <a rel=\"noopener noreferrer\" href=\"https:\/\/www.swedbank.ee\/private\/cards\/cards\/isic\" target=\"_blank\">Swedbank,<\/a> <a rel=\"noopener noreferrer\" href=\"https:\/\/www.seb.ee\/eraklient\/deebetkaardid\" target=\"_blank\">SEB<\/a><\/p>\n\n\n\n<p><strong>NB!<\/strong> Eesti \u00dcli\u00f5pilaskondade Liit ei v\u00e4ljasta alates 2019. aasta 1. augustist uusi Eesti \u00dcli\u00f5pilaspileteid, kuid juba v\u00e4ljastatud kaardid kehtivad kehtivusaja l\u00f5puni ja neile saab pikenduskleebiseid tellida \u00f5ppija staatuse olemasolul kuni kaardi kehtivusaja l\u00f5puni.<\/p>\n\n\n\n<p><strong>NB!<\/strong> Seoses Koolis\u00fcsteemide O\u00dc ja MT\u00dc Eesti \u00dcli\u00f5pilaskondade Liit vahelise kokkuleppega l\u00f5petatakse alates 6.02.2023 Minu Kool keskkonnast k\u00f5ikide E\u00dcLi kaartide, muuhulgas ka rahvusvaheliste ISIC\/ITIC\/IYTC kaartide v\u00e4ljastamine.<\/p>\n","protected":false},"excerpt":{"rendered":"<p>\u00dcli\u00f5pilaspilet (ISIC) osutub vajalikuks siis, kui tuleb t\u00f5endada \u00fcli\u00f5pilasstaatust: tudengi\u00fcritustel, v\u00e4lismaale \u00f5ppima asumisel, soodustuste saamisel \u00fchistranspordis, spordiasutustes, arsti v\u00f5i hambaarsti juures jm. ISIC-kaardi omanikul on v\u00f5imalik saada mitmeid soodustusi nii Eestis kui ka mujal maailmas. Paljud transpordifirmad, muuseumid, teatrid, kauplused jm teenindusasutused annavad rahvusvahelise \u00fcli\u00f5pilaspileti omani-kele hinnasoodustusi. ISIC-kaardi kadumise korral v\u00f5i selle pikendamiseks tuleb osta&#8230;<\/p>\n","protected":false},"author":6,"featured_media":0,"parent":267,"menu_order":26,"comment_status":"closed","ping_status":"closed","template":"","meta":{"_eb_attr":"","footnotes":""},"categories":[58],"semester":[],"campus":[],"class_list":["post-314","page","type-page","status-publish","hentry","category-uliopilaspilet"],"acf":[],"_links":{"self":[{"href":"https:\/\/students.ebs.ee\/et\/wp-json\/wp\/v2\/pages\/314","targetHints":{"allow":["GET"]}}],"collection":[{"href":"https:\/\/students.ebs.ee\/et\/wp-json\/wp\/v2\/pages"}],"about":[{"href":"https:\/\/students.ebs.ee\/et\/wp-json\/wp\/v2\/types\/page"}],"author":[{"embeddable":true,"href":"https:\/\/students.ebs.ee\/et\/wp-json\/wp\/v2\/users\/6"}],"replies":[{"embeddable":true,"href":"https:\/\/students.ebs.ee\/et\/wp-json\/wp\/v2\/comments?post=314"}],"version-history":[{"count":10,"href":"https:\/\/students.ebs.ee\/et\/wp-json\/wp\/v2\/pages\/314\/revisions"}],"predecessor-version":[{"id":9338,"href":"https:\/\/students.ebs.ee\/et\/wp-json\/wp\/v2\/pages\/314\/revisions\/9338"}],"up":[{"embeddable":true,"href":"https:\/\/students.ebs.ee\/et\/wp-json\/wp\/v2\/pages\/267"}],"wp:attachment":[{"href":"https:\/\/students.ebs.ee\/et\/wp-json\/wp\/v2\/media?parent=314"}],"wp:term":[{"taxonomy":"category","embeddable":true,"href":"https:\/\/students.ebs.ee\/et\/wp-json\/wp\/v2\/categories?post=314"},{"taxonomy":"semester","embeddable":true,"href":"https:\/\/students.ebs.ee\/et\/wp-json\/wp\/v2\/semester?post=314"},{"taxonomy":"campus","embeddable":true,"href":"https:\/\/students.ebs.ee\/et\/wp-json\/wp\/v2\/campus?post=314"}],"curies":[{"name":"wp","href":"https:\/\/api.w.org\/{rel}","templated":true}]}}