{"id":312,"date":"2018-08-10T13:54:12","date_gmt":"2018-08-10T13:54:12","guid":{"rendered":"http:\/\/students.ebs.ee\/\/?page_id=312"},"modified":"2018-10-01T10:23:57","modified_gmt":"2018-10-01T07:23:57","slug":"oppepuhkus","status":"publish","type":"page","link":"https:\/\/students.ebs.ee\/et\/oppetoo\/akadeemiline-puhkus\/oppepuhkus\/","title":{"rendered":"\u00d5ppepuhkus"},"content":{"rendered":"<p>T\u00f6\u00f6lepingu alusel t\u00f6\u00f6taval ja avalikus teenistuses olevatel inimestel on \u00f5igus koolituses osalemiseks v\u00f5tta \u00f5ppepuhkust. Eestis reguleerib t\u00e4iskasvanute koolitust <a href=\"https:\/\/www.riigiteataja.ee\/akt\/110062015010\" target=\"_blank\" rel=\"noopener\">t\u00e4iskasvanute koolituse seadus<\/a>. \u00d5ppepuhkust saavad taotleda nii t\u00e4is- kui ka osakoormusega \u00f5ppivad \u00fcli\u00f5pilased kui ka ekstern\u00f5ppurid. \u00d5ppepuhkust saab taotleda oma t\u00f6\u00f6andjalt.<\/p>\n<p>\u00d5ppepuhkust on \u00fcli\u00f5pilasel \u00f5igus saada kuni <strong>30 kalendrip\u00e4eva<\/strong> kalendriaasta jooksul, millest 20 kalendrip\u00e4eva eest makstakse t\u00f6\u00f6tajale ja avalikule teenistujale keskmist t\u00f6\u00f6tasu. \u00d5ppe l\u00f5petamiseks on v\u00f5imalik saada t\u00e4iendavat \u00f5ppepuhkust <strong>15 kalendrip\u00e4eva<\/strong>, mille eest makstakse t\u00f6\u00f6tajale ja avalikule teenistujale t\u00f6\u00f6lepingu seaduse \u00a7 29 l\u00f5ike\u00a05 alusel kehtestatud t\u00f6\u00f6tasu alamm\u00e4\u00e4r. Lisaks on t\u00f6\u00f6andja kohustatud t\u00f6\u00f6taja soovi korral andma talle kuni 7 kalendrip\u00e4eva palgata puhkust.<\/p>\n<p>Tasemekoolituses osalemiseks antakse t\u00f6\u00f6taja, teenistuja (\u00fcli\u00f5pilase) soovil \u00f5ppesessioonideks \u00f5ppepuhkust koolitusasutuse teatise alusel. T\u00f5endit saab tellida \u00f5ppeosakonna \u00f5ppesekret\u00e4ride k\u00e4est telefoni v\u00f5i e-maili teel.<\/p>\n<p>\u00d5ppepuhkuse t\u00f5endi saab m\u00e4\u00e4rata kindlaks ajavahemikuks. Vastavalt Sinu eksamiplaanile kantakse t\u00f5endile eksamite ajad.<\/p>\n","protected":false},"excerpt":{"rendered":"<p>T\u00f6\u00f6lepingu alusel t\u00f6\u00f6taval ja avalikus teenistuses olevatel inimestel on \u00f5igus koolituses osalemiseks v\u00f5tta \u00f5ppepuhkust. Eestis reguleerib t\u00e4iskasvanute koolitust t\u00e4iskasvanute koolituse seadus. \u00d5ppepuhkust saavad taotleda nii t\u00e4is- kui ka osakoormusega \u00f5ppivad \u00fcli\u00f5pilased kui ka ekstern\u00f5ppurid. \u00d5ppepuhkust saab taotleda oma t\u00f6\u00f6andjalt. \u00d5ppepuhkust on \u00fcli\u00f5pilasel \u00f5igus saada kuni 30 kalendrip\u00e4eva kalendriaasta jooksul, millest 20 kalendrip\u00e4eva eest makstakse t\u00f6\u00f6tajale&#8230;<\/p>\n","protected":false},"author":6,"featured_media":0,"parent":310,"menu_order":1,"comment_status":"closed","ping_status":"closed","template":"","meta":{"_eb_attr":"","footnotes":""},"categories":[57],"semester":[],"campus":[],"class_list":["post-312","page","type-page","status-publish","hentry","category-akadeemiline-puhkus"],"acf":[],"_links":{"self":[{"href":"https:\/\/students.ebs.ee\/et\/wp-json\/wp\/v2\/pages\/312","targetHints":{"allow":["GET"]}}],"collection":[{"href":"https:\/\/students.ebs.ee\/et\/wp-json\/wp\/v2\/pages"}],"about":[{"href":"https:\/\/students.ebs.ee\/et\/wp-json\/wp\/v2\/types\/page"}],"author":[{"embeddable":true,"href":"https:\/\/students.ebs.ee\/et\/wp-json\/wp\/v2\/users\/6"}],"replies":[{"embeddable":true,"href":"https:\/\/students.ebs.ee\/et\/wp-json\/wp\/v2\/comments?post=312"}],"version-history":[{"count":2,"href":"https:\/\/students.ebs.ee\/et\/wp-json\/wp\/v2\/pages\/312\/revisions"}],"predecessor-version":[{"id":1002,"href":"https:\/\/students.ebs.ee\/et\/wp-json\/wp\/v2\/pages\/312\/revisions\/1002"}],"up":[{"embeddable":true,"href":"https:\/\/students.ebs.ee\/et\/wp-json\/wp\/v2\/pages\/310"}],"wp:attachment":[{"href":"https:\/\/students.ebs.ee\/et\/wp-json\/wp\/v2\/media?parent=312"}],"wp:term":[{"taxonomy":"category","embeddable":true,"href":"https:\/\/students.ebs.ee\/et\/wp-json\/wp\/v2\/categories?post=312"},{"taxonomy":"semester","embeddable":true,"href":"https:\/\/students.ebs.ee\/et\/wp-json\/wp\/v2\/semester?post=312"},{"taxonomy":"campus","embeddable":true,"href":"https:\/\/students.ebs.ee\/et\/wp-json\/wp\/v2\/campus?post=312"}],"curies":[{"name":"wp","href":"https:\/\/api.w.org\/{rel}","templated":true}]}}