{"id":310,"date":"2018-08-10T13:53:50","date_gmt":"2018-08-10T13:53:50","guid":{"rendered":"http:\/\/students.ebs.ee\/\/?page_id=310"},"modified":"2022-08-12T12:17:28","modified_gmt":"2022-08-12T09:17:28","slug":"akadeemiline-puhkus","status":"publish","type":"page","link":"https:\/\/students.ebs.ee\/et\/oppetoo\/akadeemiline-puhkus\/","title":{"rendered":"Akadeemiline puhkus"},"content":{"rendered":"\n<h3 class=\"wp-block-heading\">Akadeemilist puhkust saab taotleda j\u00e4rgmistel asjaoludel:<\/h3>\n\n\n\n<ul class=\"wp-block-list\"><li style=\"text-align: justify;\">tervislikel p\u00f5hjustel<\/li><li style=\"text-align: justify;\">kaitsev\u00e4eteenistusse asumisel<\/li><li style=\"text-align: justify;\">seoses lapsehoolduspuhkusega<\/li><li style=\"text-align: justify;\">omal soovil \/ muudel p\u00f5hjustel (raske majanduslik olukord, perekondlikud probleemid, v\u00e4lismaal t\u00f6\u00f6tamine jms)<\/li><\/ul>\n\n\n\n<h4 class=\"wp-block-heading\">Muudel p\u00f5hjustel akadeemilise puhkuse taotlemisel kehtivad teatud piirangud:<\/h4>\n\n\n\n<ul class=\"wp-block-list\"><li style=\"text-align: justify;\">esimese semestri \u00fcli\u00f5pilased ei saa taotleda akadeemilist puhkust muudel p\u00f5hjustel;<\/li><li style=\"text-align: justify;\">muudel p\u00f5hjustel saab akadeemilist puhkust taotleda vaid algava semestri alguses;<\/li><li style=\"text-align: justify;\">muudel p\u00f5hjustel saab akadeemilist puhkust taotleda vaid \u00fcks kord igas \u00f5ppeastmes,<br>kas \u00fcheks v\u00f5i kaheks semestriks.<\/li><\/ul>\n\n\n\n<h4 class=\"wp-block-heading\">Avalduste vormid:<\/h4>\n\n\n\n<ul class=\"wp-block-list\"><li><a href=\"https:\/\/students.ebs.ee\/wp-content\/uploads\/2022\/08\/EST_Akadeemilise_taotlemine-2022.doc\" data-type=\"URL\" data-id=\"https:\/\/students.ebs.ee\/wp-content\/uploads\/2022\/08\/EST_Akadeemilise_taotlemine-2022.doc\" target=\"_blank\" rel=\"noreferrer noopener\">Akadeemilise puhkuse taotlemine<\/a><\/li><li><a href=\"https:\/\/students.ebs.ee\/wp-content\/uploads\/2022\/08\/EST_Akadeemilise_lopetamine-2022.doc\" data-type=\"URL\" data-id=\"https:\/\/students.ebs.ee\/wp-content\/uploads\/2022\/08\/EST_Akadeemilise_lopetamine-2022.doc\" target=\"_blank\" rel=\"noreferrer noopener\">Akadeemilise puhkuse l\u00f5petamine<\/a><\/li><\/ul>\n\n\n\n<table id=\"tablepress-4\" class=\"tablepress tablepress-id-4\">\n<tbody class=\"row-striping row-hover\">\n<tr class=\"row-1\">\n\t<td class=\"column-1\"><\/td><td class=\"column-2\">Millal saab?<\/td><td class=\"column-3\">Kui pikaks ajaks?<\/td><td class=\"column-4\">Vaja esitada<\/td><td class=\"column-5\">Ravikindlustus<br \/>\nLisainfo Eesti Haigekassast<\/td>\n<\/tr>\n<tr class=\"row-2\">\n\t<td class=\"column-1\">Omal soovil<\/td><td class=\"column-2\">Alates 2. semestrist<\/td><td class=\"column-3\">Kuni 2 semestrit.<br \/>\nSemestrid ei pea olema j\u00e4rjest.<br \/>\n\u00dcks kord igas k\u00f5rgharidusastmes<\/td><td class=\"column-4\">Avaldus<\/td><td class=\"column-5\">Ei kehti<\/td>\n<\/tr>\n<tr class=\"row-3\">\n\t<td class=\"column-1\">Tervislikel p\u00f5hjustel<\/td><td class=\"column-2\">Kui tekib vajadus<\/td><td class=\"column-3\">Kuni 4 semestrit.<br \/>\nSemestrid ei pea olema j\u00e4rjest<\/td><td class=\"column-4\">Avaldus<br \/>\nArstit\u00f5end<\/td><td class=\"column-5\">Kehtib<\/td>\n<\/tr>\n<tr class=\"row-4\">\n\t<td class=\"column-1\">Kaitsev\u00e4e teenistusse asumisel<\/td><td class=\"column-2\">Kui saad kutse<\/td><td class=\"column-3\">Kuni 1 aasta<\/td><td class=\"column-4\">Avaldus<br \/>\nKaitseressursside ameti kutse<\/td><td class=\"column-5\">Kehtib kaitsev\u00e4eteenistuses olemse ajal<\/td>\n<\/tr>\n<tr class=\"row-5\">\n\t<td class=\"column-1\">Alla 3-aastase lapse hooldamisel<\/td><td class=\"column-2\">Kui tekib vajadus<\/td><td class=\"column-3\">Kuni lapse 3-aastaseks saamiseni<\/td><td class=\"column-4\">Avaldus<br \/>\nLapse s\u00fcnnitunnistus<\/td><td class=\"column-5\">Kehtib<\/td>\n<\/tr>\n<\/tbody>\n<\/table>\n\n","protected":false},"excerpt":{"rendered":"<p>Akadeemilist puhkust saab taotleda j\u00e4rgmistel asjaoludel: tervislikel p\u00f5hjustel kaitsev\u00e4eteenistusse asumisel seoses lapsehoolduspuhkusega omal soovil \/ muudel p\u00f5hjustel (raske majanduslik olukord, perekondlikud probleemid, v\u00e4lismaal t\u00f6\u00f6tamine jms) Muudel p\u00f5hjustel akadeemilise puhkuse taotlemisel kehtivad teatud piirangud: esimese semestri \u00fcli\u00f5pilased ei saa taotleda akadeemilist puhkust muudel p\u00f5hjustel; muudel p\u00f5hjustel saab akadeemilist puhkust taotleda vaid algava semestri alguses; muudel p\u00f5hjustel&#8230;<\/p>\n","protected":false},"author":6,"featured_media":0,"parent":265,"menu_order":20,"comment_status":"closed","ping_status":"closed","template":"","meta":{"_eb_attr":"","footnotes":""},"categories":[57],"semester":[],"campus":[],"class_list":["post-310","page","type-page","status-publish","hentry","category-akadeemiline-puhkus"],"acf":[],"_links":{"self":[{"href":"https:\/\/students.ebs.ee\/et\/wp-json\/wp\/v2\/pages\/310","targetHints":{"allow":["GET"]}}],"collection":[{"href":"https:\/\/students.ebs.ee\/et\/wp-json\/wp\/v2\/pages"}],"about":[{"href":"https:\/\/students.ebs.ee\/et\/wp-json\/wp\/v2\/types\/page"}],"author":[{"embeddable":true,"href":"https:\/\/students.ebs.ee\/et\/wp-json\/wp\/v2\/users\/6"}],"replies":[{"embeddable":true,"href":"https:\/\/students.ebs.ee\/et\/wp-json\/wp\/v2\/comments?post=310"}],"version-history":[{"count":16,"href":"https:\/\/students.ebs.ee\/et\/wp-json\/wp\/v2\/pages\/310\/revisions"}],"predecessor-version":[{"id":7676,"href":"https:\/\/students.ebs.ee\/et\/wp-json\/wp\/v2\/pages\/310\/revisions\/7676"}],"up":[{"embeddable":true,"href":"https:\/\/students.ebs.ee\/et\/wp-json\/wp\/v2\/pages\/265"}],"wp:attachment":[{"href":"https:\/\/students.ebs.ee\/et\/wp-json\/wp\/v2\/media?parent=310"}],"wp:term":[{"taxonomy":"category","embeddable":true,"href":"https:\/\/students.ebs.ee\/et\/wp-json\/wp\/v2\/categories?post=310"},{"taxonomy":"semester","embeddable":true,"href":"https:\/\/students.ebs.ee\/et\/wp-json\/wp\/v2\/semester?post=310"},{"taxonomy":"campus","embeddable":true,"href":"https:\/\/students.ebs.ee\/et\/wp-json\/wp\/v2\/campus?post=310"}],"curies":[{"name":"wp","href":"https:\/\/api.w.org\/{rel}","templated":true}]}}