{"id":308,"date":"2018-08-10T13:53:31","date_gmt":"2018-08-10T13:53:31","guid":{"rendered":"http:\/\/students.ebs.ee\/\/?page_id=308"},"modified":"2023-02-10T14:36:38","modified_gmt":"2023-02-10T11:36:38","slug":"lopueksam","status":"publish","type":"page","link":"https:\/\/students.ebs.ee\/et\/oppetoo\/ulikooli-lopetamine\/lopueksam\/","title":{"rendered":"L\u00f5pueksam"},"content":{"rendered":"\n<p>Bakalaureuse\u00f5ppe \u00f5ppekavade muudatuse tulemusena ei ole \u00f5ppekava l\u00f5petamisel alates kevadsemestrist 2023 l\u00f5pueksami valikut.<\/p>\n","protected":false},"excerpt":{"rendered":"<p>Bakalaureuse\u00f5ppe \u00f5ppekavade muudatuse tulemusena ei ole \u00f5ppekava l\u00f5petamisel alates kevadsemestrist 2023 l\u00f5pueksami valikut.<\/p>\n","protected":false},"author":6,"featured_media":0,"parent":304,"menu_order":8,"comment_status":"closed","ping_status":"closed","template":"","meta":{"_eb_attr":"","footnotes":""},"categories":[56],"semester":[129,23],"campus":[],"class_list":["post-308","page","type-page","status-publish","hentry","category-ulikooli-lopetamine","semester-end-of-the-semester-et","semester-end-of-the-semester"],"acf":[],"_links":{"self":[{"href":"https:\/\/students.ebs.ee\/et\/wp-json\/wp\/v2\/pages\/308","targetHints":{"allow":["GET"]}}],"collection":[{"href":"https:\/\/students.ebs.ee\/et\/wp-json\/wp\/v2\/pages"}],"about":[{"href":"https:\/\/students.ebs.ee\/et\/wp-json\/wp\/v2\/types\/page"}],"author":[{"embeddable":true,"href":"https:\/\/students.ebs.ee\/et\/wp-json\/wp\/v2\/users\/6"}],"replies":[{"embeddable":true,"href":"https:\/\/students.ebs.ee\/et\/wp-json\/wp\/v2\/comments?post=308"}],"version-history":[{"count":47,"href":"https:\/\/students.ebs.ee\/et\/wp-json\/wp\/v2\/pages\/308\/revisions"}],"predecessor-version":[{"id":8671,"href":"https:\/\/students.ebs.ee\/et\/wp-json\/wp\/v2\/pages\/308\/revisions\/8671"}],"up":[{"embeddable":true,"href":"https:\/\/students.ebs.ee\/et\/wp-json\/wp\/v2\/pages\/304"}],"wp:attachment":[{"href":"https:\/\/students.ebs.ee\/et\/wp-json\/wp\/v2\/media?parent=308"}],"wp:term":[{"taxonomy":"category","embeddable":true,"href":"https:\/\/students.ebs.ee\/et\/wp-json\/wp\/v2\/categories?post=308"},{"taxonomy":"semester","embeddable":true,"href":"https:\/\/students.ebs.ee\/et\/wp-json\/wp\/v2\/semester?post=308"},{"taxonomy":"campus","embeddable":true,"href":"https:\/\/students.ebs.ee\/et\/wp-json\/wp\/v2\/campus?post=308"}],"curies":[{"name":"wp","href":"https:\/\/api.w.org\/{rel}","templated":true}]}}