{"id":306,"date":"2018-08-10T13:53:09","date_gmt":"2018-08-10T13:53:09","guid":{"rendered":"http:\/\/students.ebs.ee\/\/?page_id=306"},"modified":"2026-03-09T12:24:52","modified_gmt":"2026-03-09T09:24:52","slug":"loputoo","status":"publish","type":"page","link":"https:\/\/students.ebs.ee\/et\/oppetoo\/ulikooli-lopetamine\/loputoo\/","title":{"rendered":"L\u00f5put\u00f6\u00f6"},"content":{"rendered":"\n<h3 class=\"wp-block-heading\"><\/h3>\n\n\n\n<p><\/p>\n\n\n\n<p><strong>L\u00f5put\u00f6\u00f6 teema ja juhendaja valimine<\/strong><\/p>\n\n\n\n<p>L\u00f5put\u00f6\u00f6 teema ja juhendaja valikuga tuleks alustada v\u00e4hemalt \u00fcks kuu enne kavandi esitamise t\u00e4htaega. Enne p\u00f6\u00f6rdumist v\u00f5imaliku juhendaja poole tuleks \u00fcli\u00f5pilasel l\u00e4bi m\u00f5elda j\u00e4rgmised punktid:<\/p>\n\n\n\n<ul class=\"wp-block-list\">\n<li>t\u00f6\u00f6 teema v\u00f5imalikult t\u00e4pne s\u00f5nastus;<\/li>\n\n\n\n<li>probleem, mida soovitakse lahendada;<\/li>\n\n\n\n<li>t\u00f6\u00f6 eesm\u00e4rgid;<\/li>\n\n\n\n<li>t\u00f6\u00f6 olulisus\/originaalsus;<\/li>\n<\/ul>\n\n\n\n<p><\/p>\n\n\n\n<p>V\u00f5imalike juhendajate ja teemavaldkondade leidmise jaoks saate kasutada uut tehisintellektil p\u00f5hinevat t\u00f6\u00f6riista (Google&#8217;i konto vajalik), et leida oma teemale ja keele-eelistustele k\u00f5ige sobivam juhendaja. Samuti saate ka k\u00fcsimusi esitada, et oma l\u00f5put\u00f6\u00f6 teemat t\u00e4psustada.<\/p>\n\n\n\n<p><a href=\"https:\/\/notebooklm.google.com\/notebook\/c7452372-a66d-4667-ac1c-12806997daec?pli=1\" data-type=\"link\" data-id=\"https:\/\/notebooklm.google.com\/notebook\/c7452372-a66d-4667-ac1c-12806997daec?pli=1\">TI-p\u00f5hinev juhendaja leidmise t\u00f6\u00f6riist<\/a><\/p>\n\n\n\n<p><strong><u>Palun tegele juhendaja otsimise ja l\u00f5put\u00f6\u00f6 kavandi esitamisega aegsasti.<\/u><\/strong><br><\/p>\n\n\n\n<p><br><strong>Abiks l\u00f5put\u00f6\u00f6 kirjutamisel<\/strong><\/p>\n\n\n\n<ul class=\"wp-block-list\">\n<li><a href=\"https:\/\/ebsee-my.sharepoint.com\/:b:\/g\/personal\/monika_siiraki_ebs_ee\/EUKmhSLeMM5NoXvqB4SxfugByQXHZq9zaoUYj07TnUrxrw?e=buIom9\" data-type=\"link\" data-id=\"https:\/\/ebsee-my.sharepoint.com\/:b:\/g\/personal\/monika_siiraki_ebs_ee\/EUKmhSLeMM5NoXvqB4SxfugByQXHZq9zaoUYj07TnUrxrw?e=buIom9\">Rubric and guidelines for EBS master\u2019s thesis writing and assessment<\/a><\/li>\n\n\n\n<li><a href=\"https:\/\/ebsee-my.sharepoint.com\/:b:\/g\/personal\/margit_kattai_ebs_ee\/IQDBp-YlS4SNQ5nVzB9RNehjAaZJjZuz7Q9Tm9T_ytP3Cj0?e=9qrgCi\">EBSi bakalaureuset\u00f6\u00f6 kirjutamise ja hindamise juhised<\/a><\/li>\n\n\n\n<li><a href=\"https:\/\/ebsee-my.sharepoint.com\/:b:\/g\/personal\/margit_kattai_ebs_ee\/EXqpBxm_aJ9CqvAbwXb0yFMBG6Jpmn2HGMw4vpgGcyTXmA?e=zhf6Vj\" data-type=\"URL\" data-id=\"https:\/\/students.ebs.ee\/et\/oppetoo\/oppeinfo\/kirjalike-toode-vormistamine\/\">EBSi kirjalike t\u00f6\u00f6de vormistamise juhend, 2025<\/a><\/li>\n\n\n\n<li>EBSi raamatukogu&nbsp;<a href=\"https:\/\/www.ebs.ee\/raamatukogu#Teemav%C3%A4rav\">teemav\u00e4rav<\/a>&nbsp;(vaba juurdep\u00e4\u00e4suga internetiallikad) ja&nbsp;<a href=\"https:\/\/www.ebs.ee\/raamatukogu#Andmebaasid\">andmebaasid<\/a>.<\/li>\n\n\n\n<li>EBSis kaitstud bakalaureuse-, magistri- ja doktorit\u00f6id leiad EBSi raamatukogu <a rel=\"noopener noreferrer\" href=\"http:\/\/u2.lugeja.ee\/Avalik\/otsing.jsp?otsi=1&amp;piirkond=0&amp;harukogu=411\" target=\"_blank\">e-kataloogist<\/a><br>E-kataloogi kasutusjuhendi leiab <a href=\"https:\/\/students.ebs.ee\/wp-content\/uploads\/2021\/01\/Loputoode-otsimise-juhend.pdf\">siit<\/a>.<\/li>\n\n\n\n<li><a href=\"https:\/\/ebsee-my.sharepoint.com\/:p:\/g\/personal\/monika_siiraki_ebs_ee\/EdL8OoqNtW9Bg4AY51xjjYYB5iLtDwn5coaVJAiQsFmI3g?e=daNfvd\" data-type=\"URL\" data-id=\"https:\/\/ebsee-my.sharepoint.com\/:p:\/g\/personal\/monika_siiraki_ebs_ee\/EdL8OoqNtW9Bg4AY51xjjYYB5iLtDwn5coaVJAiQsFmI3g?e=daNfvd\" target=\"_blank\" rel=\"noreferrer noopener\">EBS PowerPoint p\u00f5hi<\/a><\/li>\n<\/ul>\n\n\n\n<p><\/p>\n\n\n\n<p><strong><br>L\u00f5put\u00f6\u00f6 katkestamine<\/strong><\/p>\n\n\n\n<p>\u00dcli\u00f5pilasel on v\u00f5imalus l\u00f5put\u00f6\u00f6 katkestada <a rel=\"noopener noreferrer\" href=\"https:\/\/my.ebs.ee\/et\" target=\"_blank\">MyEBSis<\/a>. L\u00f5put\u00f6\u00f6 katkestamise tingimused ja t\u00e4htajad on toodud <a rel=\"noopener noreferrer\" href=\"https:\/\/students.ebs.ee\/et\/oppemaks-ja-stipendiumid\/oppeteenusest-loobumine\/\" target=\"_blank\">siin<\/a>.<\/p>\n\n\n\n<p><\/p>\n\n\n\n<p><\/p>\n\n\n\n<p><strong>Kontakt<br><\/strong><\/p>\n\n\n\n<p>L\u00f5petamisprotsessi koordinaator on <strong>Helena-Grethel Kask<\/strong>:<\/p>\n\n\n\n<p>epost:&nbsp;<a href=\"mailto:helena-grethel.kask@ebs.ee\">helena-grethel.kask@ebs.ee<\/a>&nbsp; tel: +372 665 1320<\/p>\n\n\n\n<p><br>\u00d5ppeosakonna kontaktid leiad <a rel=\"noreferrer noopener\" href=\"https:\/\/students.ebs.ee\/et\/kontaktid\/oppeosakond\/\" data-type=\"URL\" data-id=\"https:\/\/students.ebs.ee\/et\/kontaktid\/oppeosakond\/\" target=\"_blank\">siit.<\/a><\/p>\n","protected":false},"excerpt":{"rendered":"<p>L\u00f5put\u00f6\u00f6 teema ja juhendaja valimine L\u00f5put\u00f6\u00f6 teema ja juhendaja valikuga tuleks alustada v\u00e4hemalt \u00fcks kuu enne kavandi esitamise t\u00e4htaega. Enne p\u00f6\u00f6rdumist v\u00f5imaliku juhendaja poole tuleks \u00fcli\u00f5pilasel l\u00e4bi m\u00f5elda j\u00e4rgmised punktid: V\u00f5imalike juhendajate ja teemavaldkondade leidmise jaoks saate kasutada uut tehisintellektil p\u00f5hinevat t\u00f6\u00f6riista (Google&#8217;i konto vajalik), et leida oma teemale ja keele-eelistustele k\u00f5ige sobivam juhendaja. Samuti&#8230;<\/p>\n","protected":false},"author":6,"featured_media":0,"parent":304,"menu_order":1,"comment_status":"closed","ping_status":"closed","template":"","meta":{"_eb_attr":"","footnotes":""},"categories":[56],"semester":[23,129],"campus":[],"class_list":["post-306","page","type-page","status-publish","hentry","category-ulikooli-lopetamine","semester-end-of-the-semester","semester-end-of-the-semester-et"],"acf":[],"_links":{"self":[{"href":"https:\/\/students.ebs.ee\/et\/wp-json\/wp\/v2\/pages\/306","targetHints":{"allow":["GET"]}}],"collection":[{"href":"https:\/\/students.ebs.ee\/et\/wp-json\/wp\/v2\/pages"}],"about":[{"href":"https:\/\/students.ebs.ee\/et\/wp-json\/wp\/v2\/types\/page"}],"author":[{"embeddable":true,"href":"https:\/\/students.ebs.ee\/et\/wp-json\/wp\/v2\/users\/6"}],"replies":[{"embeddable":true,"href":"https:\/\/students.ebs.ee\/et\/wp-json\/wp\/v2\/comments?post=306"}],"version-history":[{"count":177,"href":"https:\/\/students.ebs.ee\/et\/wp-json\/wp\/v2\/pages\/306\/revisions"}],"predecessor-version":[{"id":12956,"href":"https:\/\/students.ebs.ee\/et\/wp-json\/wp\/v2\/pages\/306\/revisions\/12956"}],"up":[{"embeddable":true,"href":"https:\/\/students.ebs.ee\/et\/wp-json\/wp\/v2\/pages\/304"}],"wp:attachment":[{"href":"https:\/\/students.ebs.ee\/et\/wp-json\/wp\/v2\/media?parent=306"}],"wp:term":[{"taxonomy":"category","embeddable":true,"href":"https:\/\/students.ebs.ee\/et\/wp-json\/wp\/v2\/categories?post=306"},{"taxonomy":"semester","embeddable":true,"href":"https:\/\/students.ebs.ee\/et\/wp-json\/wp\/v2\/semester?post=306"},{"taxonomy":"campus","embeddable":true,"href":"https:\/\/students.ebs.ee\/et\/wp-json\/wp\/v2\/campus?post=306"}],"curies":[{"name":"wp","href":"https:\/\/api.w.org\/{rel}","templated":true}]}}