{"id":298,"date":"2018-08-10T13:50:14","date_gmt":"2018-08-10T13:50:14","guid":{"rendered":"http:\/\/students.ebs.ee\/\/?page_id=298"},"modified":"2022-09-28T13:59:28","modified_gmt":"2022-09-28T10:59:28","slug":"juhendid","status":"publish","type":"page","link":"https:\/\/students.ebs.ee\/et\/oppetoo\/praktika\/juhendid\/","title":{"rendered":"Juhendid"},"content":{"rendered":"<p><strong>Praktika juhendid alates 2020 \u00f5ppekavadele<\/strong><\/p>\n<p>\u00dclesanded kirjeldatud Canvases vastava kursuse all.<\/p>\n<p>\u00a0<\/p>\n<p>\u00a0<\/p>\n\n\n<p><em><strong>Praktika juhendid kuni 2020 \u00f5ppekavadele<\/strong><\/em><\/p>\n\n\n\n<p><a href=\"https:\/\/students.ebs.ee\/wp-content\/uploads\/2022\/05\/Praktikajuhend-BEB-tehnoloogiaettevotluse-suunal.docx\">Praktikajuhend (BEB) tehnoloogiaettev\u00f5tluse suunal<\/a><\/p>\n\n\n\n<p><a href=\"https:\/\/students.ebs.ee\/wp-content\/uploads\/2022\/05\/Praktikajuhend-BEB-loomemajanduse-suunal-5.doc\">Praktikajuhend (BEB) loomemajanduse suunal<\/a><\/p>\n\n\n\n<p><a href=\"https:\/\/students.ebs.ee\/wp-content\/uploads\/2022\/05\/Praktikajuhend-BEB-muugi-suunal.doc\">Praktikajuhend (BEB) m\u00fc\u00fcgi suunal<\/a><\/p>\n\n\n\n<p><a href=\"https:\/\/students.ebs.ee\/wp-content\/uploads\/2022\/05\/Ettevotluspraktika-juhend-2020-Juhendaja-K.Hansen.docx\">Praktikajuhend (BEB) ettev\u00f5tluse suunal<\/a><\/p>\n\n\n\n<p><a href=\"https:\/\/students.ebs.ee\/wp-content\/uploads\/2020\/01\/Ettev\u00f5tluspraktika-arvestamine-V\u00d5TA-taotluse-alusel.doc\">Ettev\u00f5tluspraktika arvestamine V\u00d5TA taotluse alusel<\/a><\/p>\n","protected":false},"excerpt":{"rendered":"<p>Praktika juhendid alates 2020 \u00f5ppekavadele \u00dclesanded kirjeldatud Canvases vastava kursuse all. \u00a0 \u00a0 Praktika juhendid kuni 2020 \u00f5ppekavadele Praktikajuhend (BEB) tehnoloogiaettev\u00f5tluse suunal Praktikajuhend (BEB) loomemajanduse suunal Praktikajuhend (BEB) m\u00fc\u00fcgi suunal Praktikajuhend (BEB) ettev\u00f5tluse suunal Ettev\u00f5tluspraktika arvestamine V\u00d5TA taotluse alusel<\/p>\n","protected":false},"author":6,"featured_media":0,"parent":296,"menu_order":8,"comment_status":"closed","ping_status":"closed","template":"","meta":{"_eb_attr":"","footnotes":""},"categories":[],"semester":[],"campus":[],"class_list":["post-298","page","type-page","status-publish","hentry"],"acf":[],"_links":{"self":[{"href":"https:\/\/students.ebs.ee\/et\/wp-json\/wp\/v2\/pages\/298","targetHints":{"allow":["GET"]}}],"collection":[{"href":"https:\/\/students.ebs.ee\/et\/wp-json\/wp\/v2\/pages"}],"about":[{"href":"https:\/\/students.ebs.ee\/et\/wp-json\/wp\/v2\/types\/page"}],"author":[{"embeddable":true,"href":"https:\/\/students.ebs.ee\/et\/wp-json\/wp\/v2\/users\/6"}],"replies":[{"embeddable":true,"href":"https:\/\/students.ebs.ee\/et\/wp-json\/wp\/v2\/comments?post=298"}],"version-history":[{"count":14,"href":"https:\/\/students.ebs.ee\/et\/wp-json\/wp\/v2\/pages\/298\/revisions"}],"predecessor-version":[{"id":8022,"href":"https:\/\/students.ebs.ee\/et\/wp-json\/wp\/v2\/pages\/298\/revisions\/8022"}],"up":[{"embeddable":true,"href":"https:\/\/students.ebs.ee\/et\/wp-json\/wp\/v2\/pages\/296"}],"wp:attachment":[{"href":"https:\/\/students.ebs.ee\/et\/wp-json\/wp\/v2\/media?parent=298"}],"wp:term":[{"taxonomy":"category","embeddable":true,"href":"https:\/\/students.ebs.ee\/et\/wp-json\/wp\/v2\/categories?post=298"},{"taxonomy":"semester","embeddable":true,"href":"https:\/\/students.ebs.ee\/et\/wp-json\/wp\/v2\/semester?post=298"},{"taxonomy":"campus","embeddable":true,"href":"https:\/\/students.ebs.ee\/et\/wp-json\/wp\/v2\/campus?post=298"}],"curies":[{"name":"wp","href":"https:\/\/api.w.org\/{rel}","templated":true}]}}