{"id":296,"date":"2018-08-10T13:49:48","date_gmt":"2018-08-10T13:49:48","guid":{"rendered":"http:\/\/students.ebs.ee\/\/?page_id=296"},"modified":"2022-03-03T15:53:25","modified_gmt":"2022-03-03T12:53:25","slug":"praktika","status":"publish","type":"page","link":"https:\/\/students.ebs.ee\/et\/oppetoo\/praktika\/","title":{"rendered":"Praktika"},"content":{"rendered":"<p>K\u00f5ikides bakalaureuse\u00f5ppe p\u00e4evastes \u00f5ppekavades on kohustuslik sooritada praktika. Praktikandid \u00f5pivad tundma ettev\u00f5tte toimimist ja rakendavad \u00f5pitut praktikaorganisatsioonis. Praktikandid viivad l\u00e4bi uuringu ja esitavad ettepanekud organisatsioonilise muutuse ellu kutsumiseks.<\/p>\n<p>Praktika raportite kirjutamine toetab ka \u00fcli\u00f5pilase ettevalmistust l\u00f5put\u00f6\u00f6 kirjutamiseks. Praktika on jaotatud kaheks.<\/p>\n<p><strong>Praktika I: <\/strong>Sissejuhatav \u00a0praktika organisatsiooni ning selle juhtimis- ja otsustusprotsesside tundma \u00f5ppimine. Toimub esimese \u00f5ppeaasta kevadel.<\/p>\n<p><strong>Praktika II: <\/strong>Valdkonnaspetsiifiliste probleemide lahendamine (nt turundus, m\u00fc\u00fcgi-, finants-, digitaliseerimise-, vm probleemi lahendamine). Toimub teise \u00f5ppeaasta kevadel.<\/p>\n<p>Praktikakoha valib \u00fcli\u00f5pilane ise l\u00e4htudes praktika eesm\u00e4rkidest. Konkreetne praktika sisu ja korraldus on kirjeldatud Canvases vastava kursuse all.<\/p>\n<p>&nbsp;<\/p>\n<p>Pikemaajalise vastava eriala t\u00f6\u00f6kogemusega \u00fcli\u00f5pilasel on v\u00f5imalik taotleda praktika sooritamist l\u00e4bi varasemate \u00f5pingute ja t\u00f6\u00f6kogemuse arvestamise (<a href=\"https:\/\/students.ebs.ee\/et\/oppetoo\/praktika\/praktika-votaga\/\" target=\"_blank\" rel=\"noopener noreferrer\">V\u00d5TA<\/a>).<\/p>\n<p>Varasema t\u00f6\u00f6kogemuse omamisel on tudengitel v\u00f5imalik ka kokkuleppel sooritada: h\u00fcbriid-, rotatsiooni- v\u00f5i meeskonnap\u00f5hist praktikat.<\/p>\n<p><strong>EBSi tudengitel on v\u00f5imalus sooritada praktika v\u00e4lismaal l\u00e4bi Erasmus+ prorgammi. Lisainfot leiad <a href=\"https:\/\/students.ebs.ee\/studying-abroad\/\" target=\"_blank\" rel=\"noopener noreferrer\">siit<\/a>.<br \/>\nTutvu ka <a href=\"https:\/\/students.ebs.ee\/et\/rahvusvaheline-karjaariportaal\/\">Higheredtalent portaali<\/a> pakkumiste ja veebiseminaridega<\/strong><\/p>\n","protected":false},"excerpt":{"rendered":"<p>K\u00f5ikides bakalaureuse\u00f5ppe p\u00e4evastes \u00f5ppekavades on kohustuslik sooritada praktika. Praktikandid \u00f5pivad tundma ettev\u00f5tte toimimist ja rakendavad \u00f5pitut praktikaorganisatsioonis. Praktikandid viivad l\u00e4bi uuringu ja esitavad ettepanekud organisatsioonilise muutuse ellu kutsumiseks. Praktika raportite kirjutamine toetab ka \u00fcli\u00f5pilase ettevalmistust l\u00f5put\u00f6\u00f6 kirjutamiseks. Praktika on jaotatud kaheks. Praktika I: Sissejuhatav \u00a0praktika organisatsiooni ning selle juhtimis- ja otsustusprotsesside tundma \u00f5ppimine. Toimub esimese&#8230;<\/p>\n","protected":false},"author":6,"featured_media":0,"parent":265,"menu_order":14,"comment_status":"closed","ping_status":"closed","template":"","meta":{"_eb_attr":"","footnotes":""},"categories":[],"semester":[],"campus":[],"class_list":["post-296","page","type-page","status-publish","hentry"],"acf":[],"_links":{"self":[{"href":"https:\/\/students.ebs.ee\/et\/wp-json\/wp\/v2\/pages\/296","targetHints":{"allow":["GET"]}}],"collection":[{"href":"https:\/\/students.ebs.ee\/et\/wp-json\/wp\/v2\/pages"}],"about":[{"href":"https:\/\/students.ebs.ee\/et\/wp-json\/wp\/v2\/types\/page"}],"author":[{"embeddable":true,"href":"https:\/\/students.ebs.ee\/et\/wp-json\/wp\/v2\/users\/6"}],"replies":[{"embeddable":true,"href":"https:\/\/students.ebs.ee\/et\/wp-json\/wp\/v2\/comments?post=296"}],"version-history":[{"count":13,"href":"https:\/\/students.ebs.ee\/et\/wp-json\/wp\/v2\/pages\/296\/revisions"}],"predecessor-version":[{"id":6663,"href":"https:\/\/students.ebs.ee\/et\/wp-json\/wp\/v2\/pages\/296\/revisions\/6663"}],"up":[{"embeddable":true,"href":"https:\/\/students.ebs.ee\/et\/wp-json\/wp\/v2\/pages\/265"}],"wp:attachment":[{"href":"https:\/\/students.ebs.ee\/et\/wp-json\/wp\/v2\/media?parent=296"}],"wp:term":[{"taxonomy":"category","embeddable":true,"href":"https:\/\/students.ebs.ee\/et\/wp-json\/wp\/v2\/categories?post=296"},{"taxonomy":"semester","embeddable":true,"href":"https:\/\/students.ebs.ee\/et\/wp-json\/wp\/v2\/semester?post=296"},{"taxonomy":"campus","embeddable":true,"href":"https:\/\/students.ebs.ee\/et\/wp-json\/wp\/v2\/campus?post=296"}],"curies":[{"name":"wp","href":"https:\/\/api.w.org\/{rel}","templated":true}]}}