{"id":294,"date":"2018-08-10T13:49:24","date_gmt":"2018-08-10T13:49:24","guid":{"rendered":"http:\/\/students.ebs.ee\/\/?page_id=294"},"modified":"2025-01-16T12:13:52","modified_gmt":"2025-01-16T09:13:52","slug":"jareleksamid","status":"publish","type":"page","link":"https:\/\/students.ebs.ee\/et\/oppetoo\/eksamid\/jareleksamid\/","title":{"rendered":"J\u00e4releksamid"},"content":{"rendered":"\n<p>Eksamite aegu n\u00e4ed TimeEdit\u00b4is ja Canvases.<\/p>\n\n\n\n<p>Kui \u00fcli\u00f5pilane ei osalenud kummalgi p\u00f5hieksamil, saab ta eksami tulemuseks mitterahuldava hinde.<br>Mitterahuldava eksamitulemuse korral v\u00f5i juhul, kui \u00fcli\u00f5pilane soovib p\u00f5hieksamil saadud tulemust parandada, v\u00f5ib ta sooritada j\u00e4releksami. Juhime siinkohal t\u00e4helepanu, et j\u00e4releksamit tehes j\u00e4\u00e4b kehtima viimasel eksamil saadav tulemus.<\/p>\n\n\n\n<p class=\"has-text-align-left\">J\u00e4releksamite ajakava leiate j\u00e4rgnevalt lingilt: <a href=\"https:\/\/cloud.timeedit.net\/ebs\/web\/public1\/ri167w3Q5QYZY5QYwZWQ946Xy757.html\" target=\"_blank\" rel=\"noreferrer noopener\">https:\/\/cloud.timeedit.net\/ebs\/web\/public1\/ri167w3Q5QYZY5QYwZWQ946Xy757.html<\/a><\/p>\n\n\n\n<p>Eksamile on kohustuslik ette registreeruda<strong> v\u00e4hemalt 3 t\u00f6\u00f6p\u00e4eva enne eksami kuup\u00e4eva<\/strong>. \u00dcli\u00f5pilase saab j\u00e4releksamile registreerida \u00fcksnes \u00f5ppekonsultant. Selleks tuleb \u00fcli\u00f5pilasel eelnevalt tasuda j\u00e4releksami tasu ning saata vastav maksekorraldus e-maili teel oma \u00f5ppekonsultandile v\u00f5i \u00fcldmeilile info@ebs.ee.<\/p>\n\n\n\n<ul class=\"wp-block-list\">\n<li>Eksam on tasuline: 100 \u20ac<\/li>\n\n\n\n<li>\u00dclekannet tehes m\u00e4rgi kindlasti oma nimi ja kursuse nimetus.<\/li>\n\n\n\n<li>Registreerumisel lisa maksekoopia<\/li>\n<\/ul>\n\n\n\n<p>Palun veenduge kindlasti enne eksamil osalemist, kas eksam toimub Canvases v\u00f5i klassiruumis.<\/p>\n\n\n\n<p>(SA Estonian Business School, EE43 1010 2202 6742 9223, SEB Pank)<\/p>\n","protected":false},"excerpt":{"rendered":"<p>Eksamite aegu n\u00e4ed TimeEdit\u00b4is ja Canvases. Kui \u00fcli\u00f5pilane ei osalenud kummalgi p\u00f5hieksamil, saab ta eksami tulemuseks mitterahuldava hinde.Mitterahuldava eksamitulemuse korral v\u00f5i juhul, kui \u00fcli\u00f5pilane soovib p\u00f5hieksamil saadud tulemust parandada, v\u00f5ib ta sooritada j\u00e4releksami. Juhime siinkohal t\u00e4helepanu, et j\u00e4releksamit tehes j\u00e4\u00e4b kehtima viimasel eksamil saadav tulemus. J\u00e4releksamite ajakava leiate j\u00e4rgnevalt lingilt: https:\/\/cloud.timeedit.net\/ebs\/web\/public1\/ri167w3Q5QYZY5QYwZWQ946Xy757.html Eksamile on kohustuslik ette&#8230;<\/p>\n","protected":false},"author":6,"featured_media":0,"parent":292,"menu_order":1,"comment_status":"closed","ping_status":"closed","template":"","meta":{"_eb_attr":"","footnotes":""},"categories":[55],"semester":[129],"campus":[],"class_list":["post-294","page","type-page","status-publish","hentry","category-eksamid","semester-end-of-the-semester-et"],"acf":[],"_links":{"self":[{"href":"https:\/\/students.ebs.ee\/et\/wp-json\/wp\/v2\/pages\/294","targetHints":{"allow":["GET"]}}],"collection":[{"href":"https:\/\/students.ebs.ee\/et\/wp-json\/wp\/v2\/pages"}],"about":[{"href":"https:\/\/students.ebs.ee\/et\/wp-json\/wp\/v2\/types\/page"}],"author":[{"embeddable":true,"href":"https:\/\/students.ebs.ee\/et\/wp-json\/wp\/v2\/users\/6"}],"replies":[{"embeddable":true,"href":"https:\/\/students.ebs.ee\/et\/wp-json\/wp\/v2\/comments?post=294"}],"version-history":[{"count":17,"href":"https:\/\/students.ebs.ee\/et\/wp-json\/wp\/v2\/pages\/294\/revisions"}],"predecessor-version":[{"id":10298,"href":"https:\/\/students.ebs.ee\/et\/wp-json\/wp\/v2\/pages\/294\/revisions\/10298"}],"up":[{"embeddable":true,"href":"https:\/\/students.ebs.ee\/et\/wp-json\/wp\/v2\/pages\/292"}],"wp:attachment":[{"href":"https:\/\/students.ebs.ee\/et\/wp-json\/wp\/v2\/media?parent=294"}],"wp:term":[{"taxonomy":"category","embeddable":true,"href":"https:\/\/students.ebs.ee\/et\/wp-json\/wp\/v2\/categories?post=294"},{"taxonomy":"semester","embeddable":true,"href":"https:\/\/students.ebs.ee\/et\/wp-json\/wp\/v2\/semester?post=294"},{"taxonomy":"campus","embeddable":true,"href":"https:\/\/students.ebs.ee\/et\/wp-json\/wp\/v2\/campus?post=294"}],"curies":[{"name":"wp","href":"https:\/\/api.w.org\/{rel}","templated":true}]}}