{"id":292,"date":"2018-08-10T13:49:11","date_gmt":"2018-08-10T13:49:11","guid":{"rendered":"http:\/\/students.ebs.ee\/\/?page_id=292"},"modified":"2022-08-15T15:05:22","modified_gmt":"2022-08-15T12:05:22","slug":"eksamid","status":"publish","type":"page","link":"https:\/\/students.ebs.ee\/et\/oppetoo\/eksamid\/","title":{"rendered":"Eksamid"},"content":{"rendered":"\n<p>\u00d5ppet\u00f6\u00f6 toimub \u00f5ppekorralduseeskirja ja aineprogrammi alusel.<\/p>\n\n\n\n<p>Aineprogramm kehtestab \u00f5ppeaine eeldusained, auditoorse t\u00f6\u00f6 ajakava ja teemade loetelu, iseseisva t\u00f6\u00f6 ajakava ja kirjelduse, hindamismeetodid ja \u2013kriteeriumid ning p\u00f5hilise \u00f5ppekirjanduse loetelu. Aineprogrammi leiab Canvasest.<br>Iga aine l\u00f5peb eksamiga v\u00f5i arvestatud\/mittearvestatud hindamisega.<\/p>\n\n\n\n<p>Palun tutvu eksamikorraldusega p\u00f5hjalikult ning planeeri oma aega vastavalt, sest eksameid saab sooritada vaid selleks etten\u00e4htud aegadel. EBS pakub kahte alternatiivset eksamiaega, mille vahel valida: <strong>p\u00f5hieksam 1<\/strong> ja <strong>p\u00f5hieksam 2<\/strong>. Viimase v\u00f5imalusena on j\u00e4releksam. <u>Kindlasti loe p\u00f5hjalikult l\u00e4bi k\u00f5ik aineprogrammid, et olla kindel, et saad eksamil osaleda ja k\u00f5ik eeldused eksamil osalemiseks on t\u00e4idetud.<\/u><\/p>\n\n\n\n<p><strong>Eksamikorralduse peamised punktid: <\/strong><\/p>\n\n\n\n<ul class=\"wp-block-list\"><li>Eksamitele registreerumine toimub Canvases.<\/li><li>Igal semesteril on ametlik eksamisessiooni aeg, k\u00fcll aga pakub enamik \u00f5ppej\u00f5ude esimese v\u00f5imaluse eksami sooritamiseks juba varem. P\u00f5hieksam 2 toimub eksamisessiooni ajal.<\/li><li>Eksamiformaadi (online\/klassiruumis) info on n\u00e4htav Canvase kalendris.<\/li><li>Online eksamitele \u00fcldjuhul registreerumist ei toimu. V\u00f5id osaleda, kas p\u00f5hieksam 1 v\u00f5i p\u00f5hieksam 2 ajal ega pea end selleks kuskil eraldi eelnevalt registreerima. Kui online eksamile on registreerumine n\u00f5utav, antakse sellest teada konkreetse kursuse alt Canvase teavituse kaudu.<\/li><li>Klassiruumi eksamite puhul on registreerumine vajalik. Klassiruumi eksamile registreerumise kohta saad samuti infot konkreetse kursuse alt Canvase teavituse kaudu.<\/li><li>Kui tudeng ei osale \u00fchelgi p\u00f5hieksamil, saab ta eksami eest kirja \u201cF\u201d.<\/li><li>Negatiivset eksamitulemust on v\u00f5imalik parandada j\u00e4releksamil. J\u00e4releksamid toimuvad p\u00e4rast eksamisessiooni, enne uue semestri algust. Rohkem infot siit: <a href=\"https:\/\/students.ebs.ee\/et\/oppetoo\/eksamid\/jareleksamid\/\">J\u00e4releksamid<\/a><\/li><\/ul>\n\n\n\n<p>Juhul kui aines on sooritatud eksam mitterahuldavale tulemusele ning m\u00f6\u00f6das on k\u00f5ik kolm eksamiaega, tuleb ainesse uuesti registreeruda. <strong>See t\u00e4hendab, et aine tuleb t\u00e4ies mahus uuesti l\u00e4bida ning selle eest ka uuesti tasuda.<\/strong> K\u00f5ik eksamite ajad on \u00fcli\u00f5pilastele n\u00e4htavad Canvases.<\/p>\n\n\n\n<p>Kursuse l\u00e4bimiseks on madalaim positiivne tulemus 51% 100st v\u00f5imalikust. EBSis loetavate kursuste hulgas leidub ka neid, kus aine sooritamiseks on n\u00f5utav v\u00e4hemalt 51%line eksami tulemus. Sageli ei p\u00e4\u00e4se aine l\u00f5pus eksamile, kui on sooritamata m\u00f5ni kodu- v\u00f5i kontrollt\u00f6\u00f6. M\u00f5ningatel ainetel (peamiselt p\u00e4eva\u00f5ppes) annab teatud osakaalu koondhindest ka osalemine loengutes\/seminarides. V\u00f5\u00f5rkeele aineid ei ole v\u00f5imalik l\u00e4bida, kui puudud rohkem kui 1\/3 tundidest. <strong>Seet\u00f5ttu on v\u00e4ga oluline tutvuda aineprogrammiga juba kursuse alguses!<\/strong><\/p>\n","protected":false},"excerpt":{"rendered":"<p>\u00d5ppet\u00f6\u00f6 toimub \u00f5ppekorralduseeskirja ja aineprogrammi alusel. Aineprogramm kehtestab \u00f5ppeaine eeldusained, auditoorse t\u00f6\u00f6 ajakava ja teemade loetelu, iseseisva t\u00f6\u00f6 ajakava ja kirjelduse, hindamismeetodid ja \u2013kriteeriumid ning p\u00f5hilise \u00f5ppekirjanduse loetelu. Aineprogrammi leiab Canvasest.Iga aine l\u00f5peb eksamiga v\u00f5i arvestatud\/mittearvestatud hindamisega. Palun tutvu eksamikorraldusega p\u00f5hjalikult ning planeeri oma aega vastavalt, sest eksameid saab sooritada vaid selleks etten\u00e4htud aegadel. EBS&#8230;<\/p>\n","protected":false},"author":6,"featured_media":0,"parent":265,"menu_order":9,"comment_status":"closed","ping_status":"closed","template":"","meta":{"_eb_attr":"","footnotes":""},"categories":[55],"semester":[23],"campus":[],"class_list":["post-292","page","type-page","status-publish","hentry","category-eksamid","semester-end-of-the-semester"],"acf":[],"_links":{"self":[{"href":"https:\/\/students.ebs.ee\/et\/wp-json\/wp\/v2\/pages\/292","targetHints":{"allow":["GET"]}}],"collection":[{"href":"https:\/\/students.ebs.ee\/et\/wp-json\/wp\/v2\/pages"}],"about":[{"href":"https:\/\/students.ebs.ee\/et\/wp-json\/wp\/v2\/types\/page"}],"author":[{"embeddable":true,"href":"https:\/\/students.ebs.ee\/et\/wp-json\/wp\/v2\/users\/6"}],"replies":[{"embeddable":true,"href":"https:\/\/students.ebs.ee\/et\/wp-json\/wp\/v2\/comments?post=292"}],"version-history":[{"count":14,"href":"https:\/\/students.ebs.ee\/et\/wp-json\/wp\/v2\/pages\/292\/revisions"}],"predecessor-version":[{"id":7729,"href":"https:\/\/students.ebs.ee\/et\/wp-json\/wp\/v2\/pages\/292\/revisions\/7729"}],"up":[{"embeddable":true,"href":"https:\/\/students.ebs.ee\/et\/wp-json\/wp\/v2\/pages\/265"}],"wp:attachment":[{"href":"https:\/\/students.ebs.ee\/et\/wp-json\/wp\/v2\/media?parent=292"}],"wp:term":[{"taxonomy":"category","embeddable":true,"href":"https:\/\/students.ebs.ee\/et\/wp-json\/wp\/v2\/categories?post=292"},{"taxonomy":"semester","embeddable":true,"href":"https:\/\/students.ebs.ee\/et\/wp-json\/wp\/v2\/semester?post=292"},{"taxonomy":"campus","embeddable":true,"href":"https:\/\/students.ebs.ee\/et\/wp-json\/wp\/v2\/campus?post=292"}],"curies":[{"name":"wp","href":"https:\/\/api.w.org\/{rel}","templated":true}]}}